{"id":407996,"date":"2021-03-31T11:08:46","date_gmt":"2021-03-31T18:08:46","guid":{"rendered":"https:\/\/www.genesys.com\/socios-de-canal"},"modified":"2025-12-16T18:25:41","modified_gmt":"2025-12-17T02:25:41","slug":"ascend-partners","status":"publish","type":"page","link":"https:\/\/www.genesys.com\/es-mx\/partners\/ascend-partners","title":{"rendered":"Socios Ascend"},"content":{"rendered":"<div class=\"wpb-content-wrapper\"><p>[vc_section sec_modern_width=&#8221;enable&#8221; background_color=&#8221;bgc-lgray&#8221; flair=&#8221;%5B%7B%22flair_type%22%3A%22f_type_image%22%7D%5D&#8221; vib=&#8221;enable&#8221; css=&#8221;.vc_custom_1762212280279{background-position: center !important;background-repeat: no-repeat !important;background-size: cover !important;}&#8221;][vc_row content_placement=&#8221;middle&#8221;][vc_column width=&#8221;1\/2&#8243;][vc_column_text css=&#8221;&#8221;]<\/p>\n<h1>Los socios Ascend se toman el negocio en serio<\/h1>\n<p>Genesys y nuestros socios Ascend ayudan a las organizaciones a maximizar el potencial de la experiencia del cliente con IA. Los proveedores de soluciones, los socios de referidos, los distribuidores de soluciones tecnol\u00f3gicas (solo en Am\u00e9rica del Norte) y los socios de servicios colaboran con Genesys para acelerar la transformaci\u00f3n, extender la innovaci\u00f3n y ofrecer resultados medibles. Juntos, creamos experiencias del cliente m\u00e1s inteligentes y conectadas que impulsan el crecimiento del negocio.[\/vc_column_text]<div class=\"btn-container  \"><a role=\"button\"  class=\"btn btn-primary\" href=\"\/partners\/genesys-partner-portal-login\" target=\"_blank\" rel=\"\">Convi\u00e9rtete en socio<\/a><a role=\"button\"  class=\"btn btn-ff-primary chevron\" href=\"\/partners\/partner-finder\" target=\"_blank\" rel=\"\">Encuentra a un socio<\/a><\/div>[\/vc_column][vc_column v_align=&#8221;flexend&#8221; width=&#8221;1\/2&#8243; offset=&#8221;vc_hidden-xs&#8221;][vc_single_image image=&#8221;603963&#8243; css=&#8221;&#8221; rounded_corners=&#8221;rounded-xs&#8221;][\/vc_column][\/vc_row][\/vc_section][vc_section][vc_row][vc_column width=&#8221;1\/2&#8243;][vc_column_text css=&#8221;&#8221;]<\/p>\n<h2 class=\"h3\">As\u00f3ciate con la mejor tecnolog\u00eda de su clase<\/h2>\n<p>Con un socio Ascend de Genesys, tu empresa recibir\u00e1 conocimiento, experiencia y tecnolog\u00eda de clase mundial. Estos socios combinan la potencia de Genesys Cloud CX con su amplio conocimiento del sector para dise\u00f1ar y ofrecer soluciones que se adaptan a tus necesidades. Desde integraciones totalmente fluidas hasta la optimizaci\u00f3n continua, los socios Ascend te ayudan a maximizar el retorno de la inversi\u00f3n, acelerar la transformaci\u00f3n y brindar experiencias del cliente excepcionales a escala.[\/vc_column_text][\/vc_column][\/vc_row][vc_row][vc_column width=&#8221;1\/3&#8243;][vc_column_text ct_style=&#8221;list-block&#8221; css=&#8221;&#8221;]<\/p>\n<h3 class=\"h5\">Liderazgo en CX con Genesys Cloud<\/h3>\n<p>Genesys Cloud es la plataforma de experiencia del cliente impulsada por IA l\u00edder en el mundo, en la que depositan su confianza tanto empresas de Fortune 2000 como marcas globales. Con la colaboraci\u00f3n de un socio Ascend, tu empresa estar\u00e1 a la altura de los l\u00edderes del sector que se diferencian de los dem\u00e1s por las experiencias que ofrecen y los resultados a escala que obtienen.[\/vc_column_text][\/vc_column][vc_column width=&#8221;1\/3&#8243;][vc_column_text ct_style=&#8221;list-block&#8221; css=&#8221;&#8221;]<\/p>\n<h3 class=\"h5\">Mayor acceso, mayor impacto<\/h3>\n<p>Genesys te conecta con socios sumamente id\u00f3neos que implementan, integran y optimizan las soluciones de Genesys. Con recursos de co-marketing, desarrollo conjunto, y habilitaci\u00f3n y capacitaci\u00f3n, los socios Ascend aportan no s\u00f3lo tecnolog\u00eda, sino tambi\u00e9n visibilidad, escala y oportunidades de crecimiento para tu negocio.[\/vc_column_text][\/vc_column][vc_column width=&#8221;1\/3&#8243;][vc_column_text ct_style=&#8221;list-block&#8221; css=&#8221;&#8221;]<\/p>\n<h3 class=\"h5\">Innovaci\u00f3n con impacto<\/h3>\n<p>Genesys tiene una amplia trayectoria profesional en lo que respecta a redefinir la experiencia del cliente, y los socios Ascend extienden esa innovaci\u00f3n a tu empresa. Juntos, ofrecemos soluciones a medida que te har\u00e1n superar las expectativas de los clientes.[\/vc_column_text][\/vc_column][\/vc_row][\/vc_section][vc_section][vc_row][vc_column width=&#8221;7\/12&#8243;][vc_column_text ct_style=&#8221;stat&#8221; css=&#8221;&#8221;]<\/p>\n<h2>Opini\u00f3n de los socios<\/h2>\n<p class=\"text-24\">\u201cNuestro trabajo junto a Genesys nos dio la posibilidad de brindar las mejores experiencias posibles; por eso una de las cosas que me viene a la mente es la capacidad que tiene el producto de adaptarse a cualquier industria y a todo tipo de empresa, independientemente de su tama\u00f1o\u201d.<\/p>\n<p>&#8211; Tiffany Moses Gschwendtner, l\u00edder global de Soluciones de CX en TTEC Digital[\/vc_column_text][\/vc_column][\/vc_row][\/vc_section][vc_section flair=&#8221;%5B%7B%22hide_mobile%22%3A%22yes%22%7D%5D&#8221; css=&#8221;.vc_custom_1711487617765{background-position: center !important;background-repeat: no-repeat !important;background-size: cover !important;}&#8221;][vc_row][vc_column width=&#8221;1\/2&#8243;][vc_column_text css=&#8221;&#8221;]<\/p>\n<h2 class=\"h3\">Elige el socio adecuado en funci\u00f3n de tus objetivos<\/h2>\n<p>El programa para socios Ascend de Genesys re\u00fane una red de expertos de confianza que ofrecen modelos de colaboraci\u00f3n flexibles y te proporcionan m\u00e1s opciones, conocimiento y experiencia, y acceso m\u00e1s r\u00e1pido a la soluci\u00f3n de Genesys que mejor se adapta a tus objetivos de negocio. [\/vc_column_text][\/vc_column][\/vc_row][vc_row equal_height=&#8221;yes&#8221;][vc_column width=&#8221;1\/2&#8243;][vc_column_text ct_style=&#8221;list-block&#8221; css=&#8221;&#8221;]<\/p>\n<h3 class=\"h5\">Proveedor de soluciones<\/h3>\n<p>Trabaja con un proveedor de soluciones que te ayudar\u00e1 en todo el ciclo de la implementaci\u00f3n de Genesys Cloud CX. Estos socios no se limitan a la reventa, sino que dise\u00f1an, implementan y gestionan soluciones completas de experiencia del cliente como parte de su cartera de servicios m\u00e1s amplia. Para tu empresa, eso significa que tendr\u00e1s un \u00fanico proveedor de confianza que integra Genesys a la perfecci\u00f3n en tus operaciones y brinda soporte para que tengas \u00e9xito a largo plazo.[\/vc_column_text][\/vc_column][vc_column width=&#8221;1\/2&#8243;][vc_column_text ct_style=&#8221;list-block&#8221; css=&#8221;&#8221;]<\/p>\n<h3 class=\"h5\">Socio de referidos<\/h3>\n<p>Los socios de referidos y los distribuidores de soluciones tecnol\u00f3gicas te conectan directamente con Genesys. Simplifican el proceso de compra y aportan una profunda experiencia a la cartera de Genesys, adem\u00e1s de ayudarte a reducir la complejidad e implementar la soluci\u00f3n adecuada con mayor rapidez. [\/vc_column_text][\/vc_column][\/vc_row][\/vc_section][vc_section flair=&#8221;%5B%7B%22flair_type%22%3A%22f_type_image%22%2C%22hide_mobile%22%3A%22yes%22%7D%5D&#8221;][vc_row content_placement=&#8221;middle&#8221;][vc_column width=&#8221;1\/2&#8243;][vc_column_text css=&#8221;&#8221;]<\/p>\n<h2 class=\"h3\">Encuentra a un socio<\/h2>\n<p>Investiga el ecosistema de socios de Genesys y descubre al que se adecua a tu negocio. Usa nuestro mapa interactivo para ponerte en contacto con nuestros socios, que siempre est\u00e1n dispuestos a ayudarte a implementar, ampliar e innovar con las soluciones de Genesys. [\/vc_column_text]<div class=\"btn-container  \"><a role=\"button\"  class=\"btn btn-secondary\" href=\"\/partners\/partner-finder\" target=\"_blank\" rel=\"\">Encuentra a un socio<\/a><\/div>[\/vc_column][vc_column width=&#8221;5\/12&#8243; offset=&#8221;vc_col-sm-offset-1&#8243;][vc_single_image image=&#8221;603964&#8243; css=&#8221;&#8221; rounded_corners=&#8221;rounded-lg&#8221;][\/vc_column][\/vc_row][\/vc_section][vc_section flair=&#8221;%5B%7B%22hide_mobile%22%3A%22yes%22%7D%5D&#8221;][vc_row][vc_column width=&#8221;1\/2&#8243;][vc_column_text css=&#8221;&#8221;]<\/p>\n<h2 class=\"h3\" style=\"text-align: left;\">Explora los recursos de Genesys<\/h2>\n<p>[\/vc_column_text][\/vc_column][\/vc_row][vc_row r_gutter_size=&#8221;gutter-small&#8221; equal_height=&#8221;yes&#8221;][vc_column]<div class=\"related-posts-container next-steps-module w-100\"><div class=\"inner-container scrollable-row-container\"><div class=\"row align-items-stretch gutter-small col-count-2 scrollable-row\"><div class=\"col-md-6 horizontal-cards grid-item card-col item-image grid_type-resources\"><a class=\"card w-100 h-100 bgc-lgray component horizontal text-start thumbnail chevron-only\" href=\"https:\/\/www.genesys.com\/es-mx\/resources\/contact-center-buyers-guide\"><div class=\"row align-items-center\"><div class=\"col-12 col-md-5 col-lg-6\"><div class=\"thumbnail-col thubmnail\"><img decoding=\"async\" src=\"https:\/\/www.genesys.com\/media\/820x464-Resource-Thumbnail-Ebook-Buyers-Guide-for-AI-and-CX.jpg\" height=\"464\" width=\"820\" alt=\"820&#215;464 resource thumbnail ebook buyers guide for ai and cx\"><\/div><\/div><div class=\"col-12 col-md-7 col-lg-6\"><div class=\"card-body text-col ps-0\"><p class=\"assettag\">Ebook<\/p><h3 class=\"item-title h6\">Gu\u00eda del comprador de contact center<\/h3><\/div><div class=\"card-footer text-end ps-0\"><div class=\"justify-content-end btn-container\"><div class=\"btn chevron small only btn-secondary\"><\/div><\/div><\/div><\/div><\/div><\/a><\/div><div class=\"col-md-6 horizontal-cards grid-item card-col item-image grid_type-page\"><a class=\"card w-100 h-100 bgc-lgray component horizontal text-start thumbnail chevron-only\" href=\"https:\/\/www.genesys.com\/es-mx\/partners\/appfoundry\"><div class=\"row align-items-center\"><div class=\"col-12 col-md-5 col-lg-6\"><div class=\"thumbnail-col thubmnail default-thumb\"><img decoding=\"async\" src=\"\/media\/default-resource-thumb-wave-1.jpg\" height=\"464\" width=\"820\" alt=\"Genesys wave default resource thumbnail 1\"><\/div><\/div><div class=\"col-12 col-md-7 col-lg-6\"><div class=\"card-body text-col ps-0\"><h3 class=\"item-title h6\">Portal AppFoundry<\/h3><\/div><div class=\"card-footer text-end ps-0\"><div class=\"justify-content-end btn-container\"><div class=\"btn chevron small only btn-secondary\"><\/div><\/div><\/div><\/div><\/div><\/a><\/div><\/div><\/div><\/div>[\/vc_column][\/vc_row][\/vc_section][vc_section][vc_row][vc_column width=&#8221;5\/6&#8243; offset=&#8221;vc_col-sm-offset-1&#8243;]<a class=\"component-cta-block card w-100 h-100 bgc-lgray centered cta-text-center \"  href=\"https:\/\/genesys.my.site.com\/GenesysPartner\/partnerNewUserRegistration?pageType=as\" target=\"_blank\" rel=\"noopener\"><div class=\"card-body text-center col-content\"><h2 class=\"h3\">Convi\u00e9rtete en socio<\/h2>\n<p>Tu conocimiento y experiencia para la red de socios y el ecosistema de Genesys es invalorable. S\u00fam\u00e1te al programa para socios de Genesys y encuentra las herramientas, la capacitaci\u00f3n y el soporte que necesitas para desarrollar tu negocio, aumentar la rentabilidad y los ingresos, impulsar las ventas y obtener reconocimiento. Da el primer paso para maximizar el potencial de tu marca. Convi\u00e9rtete en socio de canal de Genesys hoy mismo.<\/p>\n<div class=\" btn-container justify-content-center mt-2\"><div class=\"btn btn-primary\">Comenzar<\/div><\/div><\/div><\/a>[\/vc_column][\/vc_row][\/vc_section]<\/p>\n<\/div>","protected":false},"excerpt":{"rendered":"<p>[vc_section sec_modern_width=&#8221;enable&#8221; background_color=&#8221;bgc-lgray&#8221; flair=&#8221;%5B%7B%22flair_type%22%3A%22f_type_image%22%7D%5D&#8221; vib=&#8221;enable&#8221; css=&#8221;.vc_custom_1762212280279{background-position: center !important;background-repeat: no-repeat !important;background-size: cover !important;}&#8221;][vc_row content_placement=&#8221;middle&#8221;][vc_column width=&#8221;1\/2&#8243;][vc_column_text css=&#8221;&#8221;] Los socios Ascend se toman el negocio en serio Genesys y nuestros socios Ascend ayudan a las organizaciones a maximizar el potencial de la experiencia del cliente con IA. Los proveedores de soluciones, los socios de referidos, los distribuidores de [&hellip;]<\/p>\n","protected":false},"author":308,"featured_media":0,"parent":102850,"menu_order":0,"comment_status":"closed","ping_status":"closed","template":"","meta":{"_acf_changed":false,"footnotes":""},"class_list":["post-407996","page","type-page","status-publish","hentry"],"acf":[],"_links":{"self":[{"href":"https:\/\/www.genesys.com\/es-mx\/wp-json\/wp\/v2\/pages\/407996","targetHints":{"allow":["GET"]}}],"collection":[{"href":"https:\/\/www.genesys.com\/es-mx\/wp-json\/wp\/v2\/pages"}],"about":[{"href":"https:\/\/www.genesys.com\/es-mx\/wp-json\/wp\/v2\/types\/page"}],"author":[{"embeddable":true,"href":"https:\/\/www.genesys.com\/es-mx\/wp-json\/wp\/v2\/users\/308"}],"replies":[{"embeddable":true,"href":"https:\/\/www.genesys.com\/es-mx\/wp-json\/wp\/v2\/comments?post=407996"}],"version-history":[{"count":14,"href":"https:\/\/www.genesys.com\/es-mx\/wp-json\/wp\/v2\/pages\/407996\/revisions"}],"predecessor-version":[{"id":608786,"href":"https:\/\/www.genesys.com\/es-mx\/wp-json\/wp\/v2\/pages\/407996\/revisions\/608786"}],"up":[{"embeddable":true,"href":"https:\/\/www.genesys.com\/es-mx\/wp-json\/wp\/v2\/pages\/102850"}],"wp:attachment":[{"href":"https:\/\/www.genesys.com\/es-mx\/wp-json\/wp\/v2\/media?parent=407996"}],"curies":[{"name":"wp","href":"https:\/\/api.w.org\/{rel}","templated":true}]}}