{"id":320850,"date":"2020-07-06T13:55:05","date_gmt":"2020-07-06T20:55:05","guid":{"rendered":"https:\/\/www.genesys.com\/?page_id=320850"},"modified":"2024-07-08T10:59:13","modified_gmt":"2024-07-08T17:59:13","slug":"products","status":"publish","type":"page","link":"https:\/\/www.genesys.com\/es-mx\/products","title":{"rendered":"Productos"},"content":{"rendered":"<div class=\"wpb-content-wrapper\"><p>[vc_section vib=&#8221;enable&#8221; background_color=&#8221;bgc-lgray&#8221; flair=&#8221;%5B%7B%22hide_mobile%22%3A%22yes%22%7D%5D&#8221;][vc_row content_placement=&#8221;middle&#8221;][vc_column width=&#8221;5\/12&#8243;][vc_column_text]<\/p>\n<h1>Todo lo que usted necesita para brindar experiencias excepcionales a sus clientes<\/h1>\n<p>[\/vc_column_text][\/vc_column][vc_column v_align=&#8221;flexend&#8221; width=&#8221;7\/12&#8243;]<div class=\"genesys-image align-center\"><a class=\"video-lightbox\" href=\"https:\/\/www.youtube.com\/embed\/m4ZcS2UriOU?rel=0\"><img decoding=\"async\" src=\"https:\/\/www.genesys.com\/media\/All-Products-Page-video-Thumbnail.jpg\" alt=\"All products page video thumbnail\" width=\"600\" height=\"338\" class=\"rounded-xs\"\/><\/a><\/div>[\/vc_column][\/vc_row][\/vc_section][vc_section flair=&#8221;%5B%7B%22flair_left%22%3A%220%22%7D%5D&#8221;][vc_row][vc_column width=&#8221;5\/6&#8243; offset=&#8221;vc_col-sm-offset-1&#8243;][vc_column_text css=&#8221;&#8221;]<\/p>\n<h2 style=\"text-align: center;\">Mejores herramientas para mejores conversaciones<\/h2>\n<p style=\"text-align: center;\">Contar con el software en la nube correcto para su contact center facilita brindar experiencias excelentes a los clientes, ya sea mediante las funciones b\u00e1sicas del call center hasta las \u00faltimas innovaciones en CX. Con la tecnolog\u00eda de contact center de Genesys, usted obtiene las mejores y m\u00e1s variadas capacidades de experiencia del cliente y del empleado, y un socio que est\u00e1 con usted en todo momento.<\/p>\n<p>[\/vc_column_text][\/vc_column][\/vc_row][vc_row content_placement=&#8221;middle&#8221;][vc_column]<a class=\"component-cta-block card w-100 h-100 bgc-white centered cta-text-end \"  href=\"\/es-mx\/genesys-cloud\" target=\"\" rel=\"\"><div class=\"row align-items-center image-hide card-body\"><div class=\"col-image col-md-5 flex-column justify-content-center img-top-container sm-offset\"><img decoding=\"async\" width=\"1440\" height=\"1088\" class=\"rounded\" src=\"https:\/\/www.genesys.com\/media\/2024-homepage-gc-product-shot-v2.png\" alt=\"A digital dashboard displaying a user's schedule, task breakdown, and performance metrics, with visual elements like progress bars and point counts. some elements feature red highlights and arrows for emphasis.\" ><\/div><div class=\"col-content col-md-7 mt-1 mt-lg-0\"><div class=\"content-container\"><h3 class=\"d-block font-roboto mb-1 text-32 text-black\">Genesys <span class=\"text-orange\">Cloud CX<\/span>\u2122<\/h3>\n<p class=\"text-22 font-weight-normal\">Elija la soluci\u00f3n todo en uno de contact center en la nube<\/p>\n<p>Unifique las experiencias del cliente por tel\u00e9fono, correo electr\u00f3nico, chat, texto y redes sociales. Mantenga a los agentes productivos y comprometidos, sin importar d\u00f3nde se encuentren. La plataforma Genesys Cloud CX\u2122 lo hace todo.<\/p>\n<\/div><div class=\" btn-container mt-2\"><div class=\"btn btn-primary\">Conozca m\u00e1s<\/div><\/div><\/div><\/div><\/a>[\/vc_column][\/vc_row][vc_row content_placement=&#8221;middle&#8221;][vc_column]<a class=\"component-cta-block card w-100 h-100 bgc-white centered cta-text-end \"  href=\"\/es-mx\/genesys-cloud-ex\" target=\"\" rel=\"\"><div class=\"row align-items-center image-hide card-body\"><div class=\"col-image col-md-5 flex-column justify-content-center img-top-container sm-offset\"><img decoding=\"async\" width=\"574\" height=\"231\" class=\"rounded\" src=\"https:\/\/www.genesys.com\/media\/genesys-EX-product-image.svg\" alt=\"\" ><\/div><div class=\"col-content col-md-7 mt-1 mt-lg-0\"><div class=\"content-container\"><h3 class=\"d-block mb-1 text-32 text-black\">Genesys <span class=\"text-orange\">Cloud EX<\/span><\/h3>\n<p class=\"text-22 font-weight-normal\">Aumente la eficiencia y la eficacia de los empleados en el contact center y m\u00e1s all\u00e1.<\/p>\n<p>Los empleados altamente comprometidos y motivados ofrecen una mejor experiencia del cliente. Con la soluci\u00f3n Genesys Cloud EX\u2122, usted obtiene un \u00fanico sistema para administrar los recursos, la calidad y el cumplimiento, y la gesti\u00f3n del desempe\u00f1o, todo ello junto con su ACD.<\/p>\n<\/div><div class=\" btn-container mt-2\"><div class=\"btn btn-primary\">Conozca m\u00e1s<\/div><\/div><\/div><\/div><\/a>[\/vc_column][\/vc_row][vc_row content_placement=&#8221;middle&#8221;][vc_column]<a class=\"component-cta-block card w-100 h-100 bgc-white centered cta-text-end \"  href=\"https:\/\/www.genesys.com\/es-mx\/pointillist\" target=\"\" rel=\"\"><div class=\"row align-items-center image-hide card-body\"><div class=\"col-image col-md-5 flex-column justify-content-center img-top-container sm-offset\"><img decoding=\"async\" width=\"1731\" height=\"928\" class=\"rounded\" src=\"https:\/\/www.genesys.com\/media\/Pointillist-Bill-Journey-All-Products-Thumbnail.png\" alt=\"\" ><\/div><div class=\"col-content col-md-7 mt-1 mt-lg-0\"><div class=\"content-container\"><h3 class=\"d-block font-roboto mb-1 text-32 text-black\">Pointillist<sup>\u00ae<\/sup><\/h3>\n<p class=\"text-22 font-weight-normal\">Brinde experiencias conectadas, personalizadas y sin esfuerzo.<\/p>\n<p>Mida, supervise y orqueste los journeys del cliente con Pointillist\u00a0Customer\u00a0Journey\u00a0Management\u00a0Platform\u2122 para optimizar la CX y mejorar el contenci\u00f3n digital, el rendimiento del contact center y mucho m\u00e1s.<\/p>\n<\/div><div class=\" btn-container mt-2\"><div class=\"btn btn-primary\">Conozca m\u00e1s<\/div><\/div><\/div><\/div><\/a>[\/vc_column][\/vc_row][\/vc_section][vc_section flair=&#8221;%5B%5D&#8221;][vc_row equal_height=&#8221;yes&#8221;][vc_column width=&#8221;1\/3&#8243;]<a class=\"component card w-100 bgc-lgray vertical text-start nomedia   \" href=\"https:\/\/orchestrators.genesys.com\/home?product=pureconnect\" target=\"_blank\" rel=\"\" ><div class=\"card-body\"><p class=\"mb-0 h4\">\u00bfLe interesa PureConnect?<\/p>\n<\/div><div class=\"card-footer text-end\"><div class=\"btn-container \"><div class=\"small mt-0 chevron arrow arrow-primary \" href=\"#\" target=\"\" rel=\"\">Conozca m\u00e1s<\/div><\/div><\/div><\/a>[\/vc_column][vc_column width=&#8221;1\/3&#8243;]<a class=\"component card w-100 bgc-lgray vertical text-start nomedia   \" href=\"https:\/\/orchestrators.genesys.com\/home?product=genesys-engage-on-prem\" target=\"_blank\" rel=\"\" ><div class=\"card-body\"><p class=\"mb-0 h4\">\u00bfLe interesa Genesys Engage?<\/p>\n<\/div><div class=\"card-footer text-end\"><div class=\"btn-container \"><div class=\"small mt-0 chevron arrow arrow-primary \" href=\"#\" target=\"\" rel=\"\">Conozca m\u00e1s<\/div><\/div><\/div><\/a>[\/vc_column][vc_column width=&#8221;1\/3&#8243;]<a class=\"component card w-100 bgc-lgray vertical text-start nomedia   \" href=\"https:\/\/orchestrators.genesys.com\/home?product=genesys-multicloud-cx\" target=\"_blank\" rel=\"\" ><div class=\"card-body\"><p class=\"mb-0 h4\">\u00bfLe interesa Genesys Multicloud CX?<\/p>\n<\/div><div class=\"card-footer text-end\"><div class=\"btn-container \"><div class=\"small mt-0 chevron arrow arrow-primary \" href=\"#\" target=\"\" rel=\"\">Conozca m\u00e1s<\/div><\/div><\/div><\/a>[\/vc_column][\/vc_row][\/vc_section]<\/p>\n<\/div>","protected":false},"excerpt":{"rendered":"<p>[vc_section vib=&#8221;enable&#8221; background_color=&#8221;bgc-lgray&#8221; flair=&#8221;%5B%7B%22hide_mobile%22%3A%22yes%22%7D%5D&#8221;][vc_row content_placement=&#8221;middle&#8221;][vc_column width=&#8221;5\/12&#8243;][vc_column_text] Todo lo que usted necesita para brindar experiencias excepcionales a sus clientes [\/vc_column_text][\/vc_column][vc_column v_align=&#8221;flexend&#8221; width=&#8221;7\/12&#8243;][\/vc_column][\/vc_row][\/vc_section][vc_section flair=&#8221;%5B%7B%22flair_left%22%3A%220%22%7D%5D&#8221;][vc_row][vc_column width=&#8221;5\/6&#8243; offset=&#8221;vc_col-sm-offset-1&#8243;][vc_column_text css=&#8221;&#8221;] Mejores herramientas para mejores conversaciones Contar con el software en la nube correcto para su contact center facilita brindar experiencias excelentes a los clientes, ya sea mediante las funciones b\u00e1sicas [&hellip;]<\/p>\n","protected":false},"author":1,"featured_media":0,"parent":0,"menu_order":0,"comment_status":"closed","ping_status":"closed","template":"","meta":{"_acf_changed":false,"footnotes":""},"class_list":["post-320850","page","type-page","status-publish","hentry"],"acf":[],"_links":{"self":[{"href":"https:\/\/www.genesys.com\/es-mx\/wp-json\/wp\/v2\/pages\/320850","targetHints":{"allow":["GET"]}}],"collection":[{"href":"https:\/\/www.genesys.com\/es-mx\/wp-json\/wp\/v2\/pages"}],"about":[{"href":"https:\/\/www.genesys.com\/es-mx\/wp-json\/wp\/v2\/types\/page"}],"author":[{"embeddable":true,"href":"https:\/\/www.genesys.com\/es-mx\/wp-json\/wp\/v2\/users\/1"}],"replies":[{"embeddable":true,"href":"https:\/\/www.genesys.com\/es-mx\/wp-json\/wp\/v2\/comments?post=320850"}],"version-history":[{"count":16,"href":"https:\/\/www.genesys.com\/es-mx\/wp-json\/wp\/v2\/pages\/320850\/revisions"}],"predecessor-version":[{"id":527838,"href":"https:\/\/www.genesys.com\/es-mx\/wp-json\/wp\/v2\/pages\/320850\/revisions\/527838"}],"wp:attachment":[{"href":"https:\/\/www.genesys.com\/es-mx\/wp-json\/wp\/v2\/media?parent=320850"}],"curies":[{"name":"wp","href":"https:\/\/api.w.org\/{rel}","templated":true}]}}