{"id":241711,"date":"2020-07-06T13:58:05","date_gmt":"2020-07-06T20:58:05","guid":{"rendered":"https:\/\/www.genesys.com\/?page_id=241711"},"modified":"2020-07-06T13:58:05","modified_gmt":"2020-07-06T20:58:05","slug":"call-center-cloud-migration-overview","status":"publish","type":"page","link":"https:\/\/www.genesys.com\/es-mx\/call-center-cloud-migration-overview","title":{"rendered":"Descripci\u00f3n general de la migraci\u00f3n de call centers\u00a0a la nube"},"content":{"rendered":"<div class=\"wpb-content-wrapper\"><p>[vc_section][vc_row][vc_column]<div class=\"section-header   format-header-a has-title has-sub_title has-cta has-image has-bgcolor\" data-swidth=\"stretch\" data-bgcolor=\"bgc-plum\" data-bg-posx=\"center\" data-bg-posy=\"center\" data-text-theme=\"theme-dark\"><div class=\"text-col\"><h1>Migraci\u00f3n de call centers<\/h1><p>Cumpla con la promesa de su marca sin tener que enfrentarse a obst\u00e1culos.<\/p><div class=\"content-container\"><\/div><div class=\"cta-btn \"><a href=\"https:\/\/www.genesys.com\/es-mx\/collateral\/cumplimos-la-promesa-de-ofrecer-experiencias-omnicanal-de-primer-nivel-a-los-clientes\" target=\"_blank\" rel=\"\">Escuche los casos de \u00e9xito<\/a><\/div><\/div><div class=\"media-col image-wide\"><img decoding=\"async\" width=\"47\" height=\"43\" style=\"\" src=\"https:\/\/www.genesys.com\/media\/9162c06f-cloud-integrations-orange.svg\" alt=\"Cloud integrations orange\" \/><\/div><\/div>[\/vc_column][\/vc_row][\/vc_section][vc_section css=&#8221;.vc_custom_1566918234999{padding-top: 0px !important;padding-bottom: 0px !important;}&#8221;][vc_row][vc_column][\/vc_column][\/vc_row][\/vc_section][vc_section][vc_row][vc_column]<div class=\"section-grid has-title has-imageclr\" data-swidth=\"stretch\" data-column=\"grid-3x3\" data-format=\"grid-b\" data-cards=\"bgc-clear\" data-shadow=\"\" data-bgcolor=\"bgc-lgray\" data-bg-posx=\"center\" data-bg-posy=\"center\" data-text-theme=\"theme-light\"><div class=\"text-col\"><h3>Este es el mejor momento para actualizar la tecnolog\u00eda de su call center.<\/h3><\/div><div class=\"grid-container\" ><div class=\"grid-box grid-item has-title has-image\" data-col-span=\"colspan1\" data-row-span=\"rowspan1\"><div class=\"box-media image-wide\"><img decoding=\"async\" width=\"47\" height=\"32\" src=\"https:\/\/www.genesys.com\/media\/cloud.svg\"  alt=\"Moving to the cloud\" \/><\/div><div class=\"box-content\"><h4 class=\"text-18 font-weight-bold\">Experimente el estilo de vida en la nube<\/h4><p>Disfrute de un estilo de vida con agilidad continua y la capacidad de adaptarse al cambio. La plataforma en la nube adecuada le permite ampliar las capacidades r\u00e1pidamente, generar mejores resultados y ofrecer experiencias del cliente que superan las expectativas.<\/p>\n<\/div><\/div><div class=\"grid-box grid-item has-title has-image\" data-col-span=\"colspan1\" data-row-span=\"rowspan1\"><div class=\"box-media image-wide\"><img decoding=\"async\" width=\"47\" height=\"39\" src=\"https:\/\/www.genesys.com\/media\/Collaboration-Tools.svg\"  alt=\"Collaboration tools\" \/><\/div><div class=\"box-content\"><h4 class=\"text-18 font-weight-bold\">Acelere la transformaci\u00f3n digital<\/h4><p>Ad\u00e1ptese a las expectativas de los clientes en constante evoluci\u00f3n. Los journeys completos y realmente omnicanal de los clientes junto con los datos unificados en todos los canales le proporcionan a su empresa las herramientas para mejorar la experiencia del cliente.<\/p>\n<\/div><\/div><div class=\"grid-box grid-item has-title has-image\" data-col-span=\"colspan1\" data-row-span=\"rowspan1\"><div class=\"box-media image-wide\"><img decoding=\"async\" width=\"48\" height=\"36\" src=\"https:\/\/www.genesys.com\/media\/mobile-laptop-2.svg\"  alt=\"Intelligent automated routing\" \/><\/div><div class=\"box-content\"><h4 class=\"text-18 font-weight-bold\">Modern\u00edcese para innovar<\/h4><p>Est\u00e9 en el lugar donde est\u00e1n sus clientes. Evada los crecientes riesgos, costos y limitaciones de la tecnolog\u00eda heredada u obsoleta y disfrute de la libertad de crear una base para la innovaci\u00f3n.<\/p>\n<\/div><\/div>\n<\/div><\/div>[\/vc_column][\/vc_row][\/vc_section][vc_section][vc_row][vc_column]<div class=\"section-grid has-title\" data-swidth=\"stretch\" data-column=\"grid-1x1\" data-format=\"grid-d\" data-cards=\"bgc-clear\" data-shadow=\"\" data-bg-posx=\"center\" data-bg-posy=\"center\" data-text-theme=\"theme-light\"><div class=\"text-col\"><h3>Estamos listos cuando usted lo est\u00e9<\/h3><\/div><div class=\"grid-container\" ><div class=\"grid-box grid-item has-title has-image\" data-col-span=\"colspan1\" data-row-span=\"rowspan1\"><div class=\"box-media image-wide\"><img decoding=\"async\" width=\"47\" height=\"45\" src=\"https:\/\/www.genesys.com\/media\/chat-male.svg\"  alt=\"Chat male\" \/><\/div><div class=\"box-content\"><h4 class=\"text-18 font-weight-bold\">Alcance el \u00e9xito con la ayuda de expertos<\/h4><p>La experiencia importa. Existe una raz\u00f3n por la que m\u00e1s empresas de todos los tama\u00f1os y sectores le han confiado a Genesys sus migraciones de call centers. Saben que pueden contar con nuestra experiencia comprobada para transformar las experiencias que les ofrecen a sus clientes.<\/p>\n<\/div><\/div><div class=\"grid-box grid-item has-title has-image\" data-col-span=\"colspan1\" data-row-span=\"rowspan1\"><div class=\"box-media image-tall\"><img decoding=\"async\" width=\"45\" height=\"47\" src=\"https:\/\/www.genesys.com\/media\/Time-kills-all-deals.svg\"  alt=\"Get to the right prospect at the right time\" \/><\/div><div class=\"box-content\"><h4 class=\"text-18 font-weight-bold\">Acelere la obtenci\u00f3n de valor y minimice los costos y los riesgos<\/h4><p>Los proveedores m\u00e1s innovadores del momento tienen metodolog\u00edas comprobadas y repetibles que incluyen casos de uso y entregas \u00e1giles para reducir el riesgo, minimizar las interrupciones, disminuir el costo de implementaci\u00f3n y acelerar la obtenci\u00f3n de valor.<\/p>\n<\/div><\/div><div class=\"grid-box grid-item has-title has-image\" data-col-span=\"colspan1\" data-row-span=\"rowspan1\"><div class=\"box-media image-wide\"><img decoding=\"async\" width=\"47\" height=\"44\" src=\"https:\/\/www.genesys.com\/media\/handshake.svg\"  alt=\"Partner network\" \/><\/div><div class=\"box-content\"><h4 class=\"text-18 font-weight-bold\">Elija un socio tecnol\u00f3gico, no solo otro proveedor<\/h4><p>No todos los proveedores de servicios en la nube son iguales. Usted y sus clientes merecen un proveedor de tecnolog\u00eda que realice inversiones para garantizar su \u00e9xito y permitirle alcanzar sus objetivos empresariales. Seremos el socio que lo apoyar\u00e1 durante todo el proceso, antes, durante y despu\u00e9s de la implementaci\u00f3n, de modo que obtenga el valor esperado.<\/p>\n<\/div><\/div>\n<\/div><\/div>[\/vc_column][\/vc_row][\/vc_section][vc_section][vc_row][vc_column]<div class=\"section-grid has-title has-imageclr\" data-swidth=\"stretch\" data-column=\"grid-2x2\" data-format=\"grid-a\" data-cards=\"bgc-clear\" data-shadow=\"\" data-bgcolor=\"bgc-lgray\" data-bg-posx=\"center\" data-bg-posy=\"center\" data-text-theme=\"theme-light\"><div class=\"text-col\"><h3>Beneficios reales en el presente y en el futuro<\/h3><\/div><div class=\"grid-container\" ><div class=\"grid-box grid-item has-title\" data-col-span=\"colspan1\" data-row-span=\"rowspan1\"><div class=\"box-content\"><h4 class=\"text-18 font-weight-bold\">Exp\u00e1ndase hacia el mundo y crezca sin l\u00edmites: no permita que el tama\u00f1o o la geograf\u00eda lo detengan<\/h4><p>Elija un proveedor de soluciones en la nube con alcance mundial y gran escalabilidad para brindar una experiencia omnicanal consistente en cualquier lugar del mundo, con el respaldo de una iniciativa de data center mundial.<\/p>\n<\/div><\/div><div class=\"grid-box grid-item has-title\" data-col-span=\"colspan1\" data-row-span=\"rowspan1\"><div class=\"box-content\"><h4 class=\"text-18 font-weight-bold\">Utilice la tecnolog\u00eda de la manera que desee: no se sienta forzado a conformarse<\/h4><p>Obtenga la nube que necesita: p\u00fablica, privada o h\u00edbrida. Personalice las aplicaciones seg\u00fan sus necesidades y realice r\u00e1pidamente los cambios que mantengan la agilidad de su empresa.<\/p>\n<\/div><\/div><div class=\"grid-box grid-item has-title\" data-col-span=\"colspan1\" data-row-span=\"rowspan1\"><div class=\"box-content\"><h4 class=\"text-18 font-weight-bold\">Obtenga seguridad y confiabilidad de nivel empresarial: no se conforme con menos<\/h4><p>Disfrute de una seguridad de primer nivel en la nube con auditor\u00edas internas, certificaciones de la industria, cobertura mundial, alta disponibilidad y continuidad empresarial garantizadas. Obtenga una capacidad de recuperaci\u00f3n ante fallas fluida para proteger la empresa y la marca.<\/p>\n<\/div><\/div><div class=\"grid-box grid-item has-title\" data-col-span=\"colspan1\" data-row-span=\"rowspan1\"><div class=\"box-content\"><h4 class=\"text-18 font-weight-bold\">Aproveche el impulso de una nube de innovaci\u00f3n: mant\u00e9ngase a la vanguardia<\/h4><p>Aproveche el poder de la tecnolog\u00eda flexible y preparada para el futuro con un s\u00f3lido historial de innovaci\u00f3n. Est\u00e9 listo para disfrutar de la convergencia de la inteligencia artificial, del mundo digital y de la nube a fin de generar mejores resultados empresariales.<\/p>\n<\/div><\/div><div class=\"grid-box grid-item\" data-col-span=\"colspan1\" data-row-span=\"rowspan1\"><div class=\"box-content\"><\/div><\/div>\n<\/div><\/div>[\/vc_column][\/vc_row][\/vc_section][vc_section][vc_row][vc_column]<div class=\"section-grid has-title has-desc\" data-swidth=\"stretch\" data-column=\"grid-3x3\" data-format=\"grid-b\" data-cards=\"bgc-clear\" data-shadow=\"\" data-bg-posx=\"center\" data-bg-posy=\"center\" data-text-theme=\"theme-light\"><div class=\"text-col\"><h3>El futuro lo espera<\/h3><p>Sus necesidades son \u00fanicas, por lo que le ofrecemos opciones. Perm\u00edtanos ayudarlo a elegir el mejor camino hacia adelante. Seleccione la situaci\u00f3n con la que mejor se identifique para obtener m\u00e1s informaci\u00f3n:<\/p><\/div><div class=\"grid-container\" ><div class=\"grid-box grid-item has-title has-cta has-image\" data-col-span=\"colspan1\" data-row-span=\"rowspan1\"><div class=\"box-media image-square\"><img decoding=\"async\" width=\"48\" height=\"48\" src=\"https:\/\/www.genesys.com\/media\/72fa3c9a-purecloud-technology.svg\"  alt=\"Genesys cloud technology\" \/><\/div><div class=\"box-content\"><h4 class=\"text-18 font-weight-bold\">Cliente actual de Genesys<\/h4><div class=\"box-cta cta-btn\"><a role=\"button\" class=\"arrow arrow-primary\" href=\"https:\/\/www.genesys.com\/es-mx\/customer-migrations\" target=\"_blank\" rel=\"\">Descubra lo que la nube puede ofrecerle<\/a><\/div><\/div><\/div><div class=\"grid-box grid-item has-title has-cta has-image\" data-col-span=\"colspan1\" data-row-span=\"rowspan1\"><div class=\"box-media image-wide\"><img decoding=\"async\" width=\"48\" height=\"39\" src=\"https:\/\/www.genesys.com\/media\/90dccfa8-cloud-and-premise-orange.svg\"  alt=\"Cloud and premise orange\" \/><\/div><div class=\"box-content\"><h4 class=\"text-18 font-weight-bold\">Soluci\u00f3n SaaS para contact centers (con otro proveedor)<\/h4><div class=\"box-cta cta-btn\"><a role=\"button\" class=\"arrow arrow-primary\" href=\"https:\/\/www.genesys.com\/resources\/introducing-genesys-cloud\" target=\"_blank\" rel=\"\">Obtener m\u00e1s informaci\u00f3n acerca de Genesys\u00a0Cloud<\/a><\/div><\/div><\/div><div class=\"grid-box grid-item has-title has-cta has-image\" data-col-span=\"colspan1\" data-row-span=\"rowspan1\"><div class=\"box-media image-square\"><img decoding=\"async\" width=\"48\" height=\"48\" src=\"https:\/\/www.genesys.com\/media\/building.svg\"  alt=\"On premise solution\" \/><\/div><div class=\"box-content\"><h4 class=\"text-18 font-weight-bold\">Soluci\u00f3n para call centers locales (con otro proveedor)<\/h4><div class=\"box-cta cta-btn\"><a role=\"button\" class=\"arrow arrow-primary\" href=\"https:\/\/www.genesys.com\/es-mx\/call-center-cloud-migration\" target=\"_blank\" rel=\"\">De las instalaciones a la nube<\/a><\/div><\/div><\/div>\n<\/div><\/div>[\/vc_column][\/vc_row][\/vc_section]<\/p>\n<\/div>","protected":false},"excerpt":{"rendered":"<p>[vc_section][vc_row][vc_column][\/vc_column][\/vc_row][\/vc_section][vc_section css=&#8221;.vc_custom_1566918234999{padding-top: 0px !important;padding-bottom: 0px !important;}&#8221;][vc_row][vc_column][\/vc_column][\/vc_row][\/vc_section][vc_section][vc_row][vc_column][\/vc_column][\/vc_row][\/vc_section][vc_section][vc_row][vc_column][\/vc_column][\/vc_row][\/vc_section][vc_section][vc_row][vc_column][\/vc_column][\/vc_row][\/vc_section][vc_section][vc_row][vc_column][\/vc_column][\/vc_row][\/vc_section]<\/p>\n","protected":false},"author":308,"featured_media":0,"parent":0,"menu_order":0,"comment_status":"closed","ping_status":"closed","template":"","meta":{"_acf_changed":false,"footnotes":""},"class_list":["post-241711","page","type-page","status-publish","hentry"],"acf":[],"_links":{"self":[{"href":"https:\/\/www.genesys.com\/es-mx\/wp-json\/wp\/v2\/pages\/241711","targetHints":{"allow":["GET"]}}],"collection":[{"href":"https:\/\/www.genesys.com\/es-mx\/wp-json\/wp\/v2\/pages"}],"about":[{"href":"https:\/\/www.genesys.com\/es-mx\/wp-json\/wp\/v2\/types\/page"}],"author":[{"embeddable":true,"href":"https:\/\/www.genesys.com\/es-mx\/wp-json\/wp\/v2\/users\/308"}],"replies":[{"embeddable":true,"href":"https:\/\/www.genesys.com\/es-mx\/wp-json\/wp\/v2\/comments?post=241711"}],"version-history":[{"count":5,"href":"https:\/\/www.genesys.com\/es-mx\/wp-json\/wp\/v2\/pages\/241711\/revisions"}],"predecessor-version":[{"id":242518,"href":"https:\/\/www.genesys.com\/es-mx\/wp-json\/wp\/v2\/pages\/241711\/revisions\/242518"}],"wp:attachment":[{"href":"https:\/\/www.genesys.com\/es-mx\/wp-json\/wp\/v2\/media?parent=241711"}],"curies":[{"name":"wp","href":"https:\/\/api.w.org\/{rel}","templated":true}]}}