{"id":230122,"date":"2020-02-07T11:23:20","date_gmt":"2020-02-07T19:23:20","guid":{"rendered":"https:\/\/www.genesys.com\/?page_id=230122"},"modified":"2025-07-23T00:49:18","modified_gmt":"2025-07-23T07:49:18","slug":"genesys-cloud","status":"publish","type":"page","link":"https:\/\/www.genesys.com\/es-mx\/genesys-cloud","title":{"rendered":"Genesys Cloud CX"},"content":{"rendered":"<div class=\"wpb-content-wrapper\"><p>[vc_section background_color=&#8221;bgc-lgray&#8221; full_width=&#8221;stretch_row&#8221; flair=&#8221;%5B%5D&#8221; vib=&#8221;enable&#8221; css=&#8221;.vc_custom_1729185748658{background-position: center !important;background-repeat: no-repeat !important;background-size: cover !important;}&#8221;][vc_row content_placement=&#8221;middle&#8221;][vc_column width=&#8221;1\/2&#8243; el_class=&#8221;img-offset-right&#8221;][vc_column_text css=&#8221;&#8221;]<\/p>\n<h1 class=\"mb-2\">Genesys Cloud CX<\/h1>\n<p class=\"text-22 font-weight-regular mb-2\">Genesys Cloud CX orquesta las experiencias en cada interacci\u00f3n con los clientes y con los empleados<\/p>\n<p>[\/vc_column_text]<div class=\"btn-container   vc_custom_1748466305775\"><a role=\"button\"  class=\"btn btn-primary\" href=\"https:\/\/www.genesys.com\/es-mx\/campaign\/genesys-cloud-guided-tour\" target=\"\" rel=\"\">Haga el tour<\/a><a role=\"button\"  class=\"btn btn-ff-primary chevron\" href=\"https:\/\/www.genesys.com\/es-mx\/campaign\/request-a-demo\" target=\"\" rel=\"\">Vea la demo<\/a><\/div>[\/vc_column][vc_column width=&#8221;1\/2&#8243;]<div class=\"genesys-image align-right play-button\"><a class=\"video-lightbox\" href=\"https:\/\/www.youtube.com\/embed\/d_2QvnB-PR4?si=juTykf0D4-4KOAGJ\"><img decoding=\"async\" src=\"https:\/\/www.genesys.com\/media\/Genesys-Cloud-Hero-Video-Thumbnail-threads.png\" alt=\"Genesys cloud hero video thumbnail threads\" width=\"823\" height=\"480\" class=\"rounded-xs\"\/><div class=\"video-backdrop\"><\/div><div class=\"play-btn bgc-white rounded d-flex align-items-center justify-content-center\"><div class=\"play-icon d-flex align-items-center justify-content-center\"><i class=\"fa-kit fa-play\"><\/i><\/div><div class=\"play-label ms-1\"><p class=\"mb-0 play-title\">Genesys Cloud CX<\/p><\/div><\/div><\/a><\/div>[\/vc_column][\/vc_row][\/vc_section][vc_section background_color=&#8221;bgc-lgray&#8221; full_width=&#8221;stretch_row&#8221; flair=&#8221;%5B%5D&#8221; vib=&#8221;enable&#8221; css=&#8221;.vc_custom_1729185748658{background-position: center !important;background-repeat: no-repeat !important;background-size: cover !important;}&#8221;][vc_row content_placement=&#8221;middle&#8221;][vc_column offset=&#8221;vc_col-md-offset-3 vc_col-md-6&#8243;][vc_column_text css=&#8221;&#8221;]<\/p>\n<h2 class=\"h3\" style=\"text-align: center;\">Impulse experiencias personalizadas e integrales a escala<\/h2>\n<p style=\"text-align: center;\">Genesys Cloud CX<sup>\u00ae<\/sup> es una plataforma l\u00edder para la orquestaci\u00f3n de experiencias con tecnolog\u00eda de IA. Le permite coordinar cada paso de las experiencias del cliente y del empleado al adaptar los journeys a los momentos verdaderamente importantes.<\/p>\n<p style=\"text-align: center;\">Empresas de todos los tama\u00f1os en m\u00e1s de 100 pa\u00edses conf\u00edan en Genesys Cloud CX como la soluci\u00f3n l\u00edder de experiencia del cliente y del empleado. La plataforma le permite incrementar la lealtad del cliente y la retenci\u00f3n de empleados gracias a que la IA est\u00e1 incorporada en todas las funciones y potencia las interacciones omnicanal, el enrutamiento inteligente, el engagement de la fuerza de trabajo, la gesti\u00f3n de journeys de extremo a extremo, y mucho m\u00e1s. Utilice una sola plataforma para brindar experiencias m\u00e1s conectadas y significativas a todos los clientes, en todas las interacciones y en todo momento.<\/p>\n<p>[\/vc_column_text][\/vc_column][\/vc_row][vc_row content_placement=&#8221;middle&#8221;][vc_column offset=&#8221;vc_col-md-offset-1 vc_col-md-10&#8243;]<div class=\"genesys-image align-center play-button\"><a class=\"video-lightbox\" href=\"https:\/\/www.youtube.com\/embed\/Q7XwrZR9QV0?si=4KE2IIiGRVVO4cap\"><img decoding=\"async\" src=\"https:\/\/www.genesys.com\/media\/genesys-cloud-cx-platform-overview-2025.jpg\" alt=\"Genesys cloud cx platform overview 2025\" width=\"1330\" height=\"720\" class=\"rounded-xs\"\/><div class=\"video-backdrop\"><\/div><div class=\"play-btn bgc-white rounded d-flex align-items-center justify-content-center\"><div class=\"play-icon d-flex align-items-center justify-content-center\"><i class=\"fa-kit fa-play\"><\/i><\/div><div class=\"play-label ms-1\"><p class=\"mb-0 play-title\">Descripci\u00f3n de las soluciones<\/p><\/div><\/div><\/a><\/div>[\/vc_column][\/vc_row][vc_row equal_height=&#8221;yes&#8221;][vc_column width=&#8221;1\/3&#8243;][vc_single_image image=&#8221;567918&#8243; css=&#8221;.vc_custom_1744840181720{padding-bottom: 2rem !important;}&#8221; si_max_width=&#8221;64px&#8221;][vc_column_text css=&#8221;&#8221;]<\/p>\n<h3 class=\"h5\">Potenciada con IA<\/h3>\n<p>La IA nativa le permite obtener insights sobre sus clientes y empleados, anticipar las necesidades, identificar tendencias y tomar decisiones basadas en datos.[\/vc_column_text][\/vc_column][vc_column width=&#8221;1\/3&#8243;][vc_single_image image=&#8221;567917&#8243; css=&#8221;.vc_custom_1744840187547{padding-bottom: 2rem !important;}&#8221; si_max_width=&#8221;64px&#8221;][vc_column_text css=&#8221;&#8221;]<\/p>\n<h3 class=\"h5\">Creada en la nube<\/h3>\n<p>Nuestra plataforma en la nube, abierta y nativa, y con dise\u00f1o API-first le ofrece la agilidad, la escalabilidad y las innovaciones que necesita para el \u00e9xito de sus operaciones.[\/vc_column_text][\/vc_column][vc_column width=&#8221;1\/3&#8243;][vc_single_image image=&#8221;567916&#8243; css=&#8221;.vc_custom_1744840192859{padding-bottom: 2rem !important;}&#8221; si_max_width=&#8221;64px&#8221;][vc_column_text css=&#8221;&#8221;]<\/p>\n<h3 class=\"h5\">Plataforma integral<\/h3>\n<p>Combine la tecnolog\u00eda de engagement del cliente y de la fuerza de trabajo con las funciones para la gesti\u00f3n del journey en una sola plataforma unificada.[\/vc_column_text][\/vc_column][\/vc_row][\/vc_section][vc_section background_color=&#8221;bgc-white&#8221; flair=&#8221;%5B%7B%22flair_type%22%3A%22f_type_image%22%2C%22hide_mobile%22%3A%22yes%22%7D%5D&#8221; css=&#8221;.vc_custom_1744914341665{background-image: url(https:\/\/www.genesys.com\/media\/genesys-cloud-cx-bg-wave-2025.png?id=567907) !important;background-position: center !important;background-repeat: no-repeat !important;background-size: cover !important;}&#8221; el_class=&#8221;bg-cover bg-center bg-norepeat&#8221;][vc_row r_gutter_size=&#8221;gutter-small&#8221; background_color=&#8221;bgc-glass&#8221; equal_height=&#8221;yes&#8221; el_class=&#8221;py-3 px-1 px-lg-3 rounded mt-0&#8243;][vc_column offset=&#8221;vc_col-md-6&#8243;][vc_column_text css=&#8221;&#8221;]<\/p>\n<h2>Todas las herramientas que necesita, en un solo lugar<\/h2>\n<p>Orqueste todas las experiencias con una gama completa de funciones de voz, digitales, de IA, de an\u00e1lisis del journey, de engagement del cliente y de gesti\u00f3n de la fuerza de trabajo, todo desde una sola plataforma. [\/vc_column_text][\/vc_column][vc_column v_align=&#8221;flexend&#8221; elemental_order=&#8221;order-5&#8243; offset=&#8221;vc_col-md-offset-1 vc_col-md-5&#8243;]<div class=\"btn-container justify-content-lg-end justify-content-center\"><a role=\"button\"  class=\"btn chevron btn-secondary\" href=\"\/es-mx\/capabilities\" target=\"\" rel=\"\">Vea todas las capacidades<\/a><\/div>[\/vc_column][vc_column width=&#8221;1\/3&#8243;]<a class=\"component card w-100 bgc-glass vertical text-start nomedia  chevron-only  \" href=\"\/es-mx\/capabilities\/call-center-software\" target=\"\" rel=\"\" ><div class=\"card-body\"><p class=\"h5\">Software de contact center<\/p>\n<p>Dise\u00f1e experiencias de clientes y empleados para los momentos m\u00e1s importantes.<\/p>\n<\/div><div class=\"card-footer text-end\"><div class=\"btn-container justify-content-end\"><div class=\"small mt-0 chevron btn btn-secondary  only\"><\/div><\/div><\/div><\/a>[\/vc_column][vc_column width=&#8221;1\/3&#8243;]<a class=\"component card w-100 bgc-glass vertical text-start nomedia  chevron-only  \" href=\"\/es-mx\/capabilities\/digital\" target=\"\" rel=\"\" ><div class=\"card-body\"><p class=\"h5\">Canales digitales<\/p>\n<p>Optimice, conecte y personalice las experiencias entre canales.<\/p>\n<\/div><div class=\"card-footer text-end\"><div class=\"btn-container justify-content-end\"><div class=\"small mt-0 chevron btn btn-secondary  only\"><\/div><\/div><\/div><\/a>[\/vc_column][vc_column width=&#8221;1\/3&#8243;]<a class=\"component card w-100 bgc-glass vertical text-start nomedia  chevron-only  \" href=\"\/es-mx\/capabilities\/ai-and-automation\" target=\"\" rel=\"\" ><div class=\"card-body\"><p class=\"h5\">IA y automatizaci\u00f3n<\/p>\n<p>Potencie experiencias personalizadas y obtenga insights detallados sobre sus clientes, entre otras ventajas.<\/p>\n<\/div><div class=\"card-footer text-end\"><div class=\"btn-container justify-content-end\"><div class=\"small mt-0 chevron btn btn-secondary  only\"><\/div><\/div><\/div><\/a>[\/vc_column][vc_column width=&#8221;1\/3&#8243;]<a class=\"component card w-100 bgc-glass vertical text-start nomedia  chevron-only  \" href=\"\/es-mx\/capabilities\/wem-workforce-engagement-management\" target=\"\" rel=\"\" ><div class=\"card-body\"><p class=\"h5\">Gesti\u00f3n del engagement de la fuerza de trabajo<\/p>\n<p>Aumente la satisfacci\u00f3n y la productividad de los empleados a la vez que simplifica el proceso de gesti\u00f3n.<\/p>\n<\/div><div class=\"card-footer text-end\"><div class=\"btn-container justify-content-end\"><div class=\"small mt-0 chevron btn btn-secondary  only\"><\/div><\/div><\/div><\/a>[\/vc_column][vc_column width=&#8221;1\/3&#8243;]<a class=\"component card w-100 bgc-glass vertical text-start nomedia  chevron-only  \" href=\"\/es-mx\/capabilities\/customer-journey-management\" target=\"\" rel=\"\" ><div class=\"card-body\"><p class=\"h5\">Gesti\u00f3n del journey del cliente<\/p>\n<p>Unifique todos los datos, obtenga insights y orqueste journeys conectados.<\/p>\n<\/div><div class=\"card-footer text-end\"><div class=\"btn-container justify-content-end\"><div class=\"small mt-0 chevron btn btn-secondary  only\"><\/div><\/div><\/div><\/a>[\/vc_column][vc_column width=&#8221;1\/3&#8243;]<a class=\"component card w-100 bgc-glass vertical text-start nomedia  chevron-only  \" href=\"\/es-mx\/capabilities\/cloud-architecture-and-open-platform\" target=\"\" rel=\"\" ><div class=\"card-body\"><p class=\"h5\">Arquitectura en la nube y plataforma abierta<\/p>\n<p>Unifique la pila tecnol\u00f3gica de su contact center mediante una sola arquitectura en la nube que lo hace todo.<\/p>\n<\/div><div class=\"card-footer text-end\"><div class=\"btn-container justify-content-end\"><div class=\"small mt-0 chevron btn btn-secondary  only\"><\/div><\/div><\/div><\/a>[\/vc_column][\/vc_row][\/vc_section][vc_section full_width=&#8221;stretch_row&#8221;][vc_row content_placement=&#8221;middle&#8221;][vc_column offset=&#8221;vc_col-md-6&#8243;][vc_column_text css=&#8221;&#8221;]<\/p>\n<h3>Modernice su contact center con un l\u00edder en CCaaS<\/h3>\n<p>Genesys Cloud CX ofrece una verdadera orquestaci\u00f3n de experiencias impulsada por IA<\/p>\n<p>[\/vc_column_text][\/vc_column][\/vc_row][vc_row r_gutter_size=&#8221;gutter-small&#8221; equal_height=&#8221;yes&#8221;][vc_column width=&#8221;1\/2&#8243;][vc_single_image image=&#8221;567927&#8243; css=&#8221;&#8221; rounded_corners=&#8221;rounded-xs&#8221; si_max_width=&#8221;540px&#8221;][\/vc_column][vc_column width=&#8221;1\/2&#8243;][vc_column_text ct_style=&#8221;list-block&#8221; css=&#8221;&#8221;]<\/p>\n<h4 class=\"h5\">Una soluci\u00f3n vers\u00e1til e integral<\/h4>\n<p>Genesys Cloud CX es una soluci\u00f3n moderna y nativa en la nube que ofrece una escalabilidad inigualable, interfaces f\u00e1ciles de usar y listas para implementar, una sola herramienta para crear flujos de orquestaci\u00f3n, y una plataforma de datos de eventos que facilita la gesti\u00f3n por etapas del ciclo de vida de los datos.[\/vc_column_text][vc_column_text ct_style=&#8221;list-block&#8221; css=&#8221;&#8221;]<\/p>\n<h4 class=\"h5\">Seguridad. Resiliencia. Cumplimiento.<\/h4>\n<p>La plataforma Genesys Cloud\u2122 supera los est\u00e1ndares de seguridad modernos mediante pruebas de penetraci\u00f3n externa, automatizaci\u00f3n de la defensa contra ataques y cifrado TLS y AES-256. Puede tener la certeza de que todos los datos siempre ser\u00e1n confidenciales, pase lo que pase.[\/vc_column_text][vc_column_text ct_style=&#8221;list-block&#8221; css=&#8221;&#8221;]<\/p>\n<h4 class=\"h5\">Precios flexibles que se adaptan a sus necesidades<\/h4>\n<p>Compre solo las funciones que necesita. Excluir o agregar funciones es sencillo. Con Genesys, est\u00e1 invirtiendo en un socio de confianza y en un producto revolucionario.[\/vc_column_text][\/vc_column][\/vc_row][\/vc_section][vc_section background_color=&#8221;bgc-lgray&#8221; flair=&#8221;%5B%7B%22flair_type%22%3A%22f_type_image%22%2C%22hide_mobile%22%3A%22yes%22%7D%5D&#8221; css=&#8221;.vc_custom_1744842979224{background-position: center !important;background-repeat: no-repeat !important;background-size: cover !important;}&#8221;][vc_row][vc_column offset=&#8221;vc_col-md-5&#8243;][vc_column_text css=&#8221;&#8221;]<\/p>\n<h2 class=\"h3\">Transforme las experiencias de clientes y empleados con Genesys Cloud CX<\/h2>\n<p>Descubra c\u00f3mo los expertos en gesti\u00f3n crediticia de Lowell Norway obtuvieron grandes resultados al unificar las comunicaciones entrantes, salientes, de IVR, correo electr\u00f3nico y chat en una sola interfaz para agentes.[\/vc_column_text][\/vc_column][vc_column v_align=&#8221;flexend&#8221; offset=&#8221;vc_col-md-offset-1 vc_col-md-6&#8243;]<div class=\"btn-container justify-content-lg-end justify-content-center\"><a role=\"button\"  class=\"btn chevron btn-secondary\" href=\"\/customer-stories\/lowell-norway\" target=\"\" rel=\"\">Lea el caso de \u00e9xito<\/a><\/div>[\/vc_column][vc_column width=&#8221;1\/3&#8243;][vc_column_text ct_style=&#8221;stat&#8221; css=&#8221;&#8221;]<\/p>\n<h3 class=\"h2\">94%<\/h3>\n<p>de \u00edndices de respuesta promedio[\/vc_column_text][\/vc_column][vc_column width=&#8221;1\/3&#8243;][vc_column_text ct_style=&#8221;stat&#8221; css=&#8221;&#8221;]<\/p>\n<h3 class=\"h2\">90%<\/h3>\n<p>de resoluci\u00f3n en la primera llamada[\/vc_column_text][\/vc_column][vc_column width=&#8221;1\/3&#8243;][vc_column_text ct_style=&#8221;stat&#8221; css=&#8221;&#8221;]<\/p>\n<h3 class=\"h2\">20%<\/h3>\n<p>de mejora en la productividad de los agentes[\/vc_column_text][\/vc_column][\/vc_row][\/vc_section][vc_section background_color=&#8221;bgc-lgray&#8221; disable_element=&#8221;yes&#8221; flair=&#8221;%5B%7B%22flair_type%22%3A%22f_type_image%22%2C%22hide_mobile%22%3A%22yes%22%7D%5D&#8221;][vc_row][vc_column offset=&#8221;vc_col-md-5&#8243;][vc_column_text css=&#8221;&#8221;]<\/p>\n<h3>Descubra por qu\u00e9 los clientes adoran Genesys Cloud CX<\/h3>\n<p>[\/vc_column_text][\/vc_column][vc_column offset=&#8221;vc_col-md-offset-1 vc_col-md-6&#8243;]<div class=\"btn-container justify-content-lg-end justify-content-center\"><a role=\"button\"  class=\"btn chevron btn-secondary\" href=\"\/es-mx\/customer-stories\" target=\"\" rel=\"\">Lea todos los casos de \u00e9xito<\/a><\/div>[\/vc_column][vc_column]<div class=\"component-customer-carousel default-layout\" data-current-active=\"0\" data-layout=\"default\" data-count=\"2\"><div class=\"carousel-main-row\"><div class=\"carousel-logo-col\"><div class=\"logo-nav-item active\"><a class=\"logo-nav\" aria-label=\"View Northumbrian Water story\" title=\"Northumbrian Water\" href=\"#5235\"><img decoding=\"async\" class=\"company-logo\" alt=\"Northumbrian water x300\" src=\"https:\/\/www.genesys.com\/media\/Northumbrian-Water-x300.png\" width=\"300\" height=\"71\"><\/a><\/div><div class=\"logo-nav-item\"><a class=\"logo-nav\" aria-label=\"View AdaptHealth story\" title=\"AdaptHealth\" href=\"#497588\"><img decoding=\"async\" class=\"company-logo\" alt=\"Adapthealthx250\" src=\"https:\/\/www.genesys.com\/media\/AdaptHealthx250.png\" width=\"250\" height=\"37\"><\/a><\/div><\/div><div class=\"carousel-content-col\"><button aria-label=\"Previous panel\" title=\"Previous panel\" class=\"prev-control carousel-controls hidden\"><\/button><div class=\"customer-content active\" data-href=\"5235\" data-index=\"0\"><a class=\"content-row w-100 bgc-glass\" tabindex=\"-1\" href=\"https:\/\/www.genesys.com\/customer-stories\/northumbrian-water\"><div class=\"customer-image-col\"><img decoding=\"async\" class=\"header-image\" alt=\"Smiling businesswoman wearing headset at office\" src=\"https:\/\/www.genesys.com\/media\/Northumbrian_hero.jpg\" width=\"626\" height=\"353\"><\/div><div class=\"customer-quote-col\"><p class=\"quote-content mb-2 quote-size-lg\">\u201cUsing keyword searches, we\u2019re able to identify potentially vulnerable customers who might not be registered for priority services, or situations that require more understanding if discussing issues like credit score ratings.\u201d<\/p><p class=\"customer-name text-18 font-weight-bold mb-0\">Steven Johnson<\/p><p class=\"customer-title\">Workforce Optimization Manager, Northumbrian Water Limited<\/p><div class=\"btn-container\"><div class=\"btn btn-secondary small\">Lea el caso de \u00e9xito<\/div><\/div><\/div><\/a><\/div><div class=\"customer-content\" data-href=\"497588\" data-index=\"1\"><a class=\"content-row w-100 bgc-glass\" tabindex=\"-1\" href=\"https:\/\/www.genesys.com\/customer-stories\/adapthealth\"><div class=\"customer-image-col\"><img decoding=\"async\" class=\"header-image\" alt=\"Attentive pensioner looking at screen of tablet\" src=\"https:\/\/www.genesys.com\/media\/AdaptHealth_hero.jpg\" width=\"626\" height=\"352\"><\/div><div class=\"customer-quote-col\"><p class=\"quote-content mb-2 quote-size-lg\">\u201cMarch was our busiest month for call volumes and our service levels hit 92% compared to 77% the previous year. We\u2019ve also improved schedule adherence by 10% and achieved a 60% increase in agent productivity over 12 months.\u201d<\/p><p class=\"customer-name text-18 font-weight-bold mb-0\">Bill Lewis<\/p><p class=\"customer-title\">Senior Director, Infrastructure and Security Engineering, AdaptHealth<\/p><div class=\"btn-container\"><div class=\"btn btn-secondary small\">Lea el caso de \u00e9xito<\/div><\/div><\/div><\/a><\/div><button aria-label=\"Next panel\" title=\"Next panel\" class=\"next-control carousel-controls\"><\/button><\/div><\/div><\/div>[\/vc_column][\/vc_row][\/vc_section][vc_section flair=&#8221;%5B%7B%22flair_type%22%3A%22f_type_image%22%2C%22hide_mobile%22%3A%22yes%22%7D%5D&#8221; css=&#8221;.vc_custom_1744845135924{background-position: center !important;background-repeat: no-repeat !important;background-size: cover !important;}&#8221;][vc_row r_gutter_size=&#8221;gutter-small&#8221; content_placement=&#8221;middle&#8221;][vc_column][vc_column_text css=&#8221;.vc_custom_1744845242136{padding-bottom: 2rem !important;}&#8221;]<\/p>\n<h2 class=\"h3\">Descubra las novedades de Genesys<\/h2>\n<p>[\/vc_column_text]<a class=\"component-cta-block card w-100 h-100 bgc-lgray centered cta-text-end \"  href=\"\/resources\/genesys-cloud-cx-architecture-and-open-platform\/\" target=\"\" rel=\"\"><div class=\"row align-items-center image-stack cta-tiny-padding chevron-only card-body nospace\"><div class=\"col-image col-md-4 flex-column justify-content-center img-top-container no-offset\"><img decoding=\"async\" width=\"820\" height=\"464\" class=\"rounded\" src=\"https:\/\/www.genesys.com\/media\/cloud-architecture-2025-thumbnail.jpg\" alt=\"\" ><\/div><div class=\"col-content col-md-8 mt-1 mt-lg-0\"><div class=\"content-container\"><p class=\"assettag\">Informe<\/p>\n<h3 class=\"h4\">Arquitectura y plataforma abierta de Genesys Cloud<\/h3>\n<\/div><div class=\"justify-content-end btn-container mt-2\"><div class=\"btn chevron small only btn-secondary\"><\/div><\/div><\/div><\/div><\/a>[\/vc_column][vc_column width=&#8221;1\/3&#8243;]<a class=\"component card w-100 bgc-lgray vertical text-start thumbnail  chevron-only  \" href=\"\/es-mx\/resources\/contact-center-buyers-guide\" target=\"\" rel=\"\" ><div class=\"thumbnail-col   thumbnail\"><img decoding=\"async\" width=\"820\" height=\"464\" class=\"card-img-top thumbnail\" src=\"https:\/\/www.genesys.com\/media\/contact-centers-buyers-guide-2025-thumbnail.jpg\" alt=\"contact-centers-buyers-guide-2025-thumbnail\" ><\/div><div class=\"card-body\"><p class=\"assettag\">Gu\u00eda<\/p>\n<h4 class=\"h6\">Gu\u00eda del comprador de contact center<\/h4>\n<\/div><div class=\"card-footer text-end\"><div class=\"btn-container justify-content-end\"><div class=\"small mt-0 chevron btn btn-secondary  only\"><\/div><\/div><\/div><\/a>[\/vc_column][vc_column width=&#8221;1\/3&#8243;]<a class=\"component card w-100 bgc-lgray vertical text-start thumbnail  chevron-only  \" href=\"\/es-mx\/resources\/five-trendsetters-in-ai-innovation\" target=\"\" rel=\"\" ><div class=\"thumbnail-col   thumbnail\"><img decoding=\"async\" width=\"820\" height=\"464\" class=\"card-img-top thumbnail\" src=\"https:\/\/www.genesys.com\/media\/five-trendsetters-2025-thumbnail.jpg\" alt=\"five-trendsetters-2025-thumbnail\" ><\/div><div class=\"card-body\"><p class=\"assettag\">eBook<\/p>\n<h4 class=\"h6\">Cinco pioneros que est\u00e1n revolucionando la innovaci\u00f3n en IA<\/h4>\n<\/div><div class=\"card-footer text-end\"><div class=\"btn-container justify-content-end\"><div class=\"small mt-0 chevron btn btn-secondary  only\"><\/div><\/div><\/div><\/a>[\/vc_column][vc_column width=&#8221;1\/3&#8243;]<a class=\"component card w-100 bgc-lgray vertical text-start thumbnail  chevron-only  \" href=\"\/es-mx\/resources\/genesys-prescriptive-migration-simplfies-migration-to-the-cloud\/\" target=\"\" rel=\"\" ><div class=\"thumbnail-col   thumbnail\"><img decoding=\"async\" width=\"820\" height=\"464\" class=\"card-img-top thumbnail\" src=\"https:\/\/www.genesys.com\/media\/genesys-prescriptive-migration-2025-thumbnail.jpg\" alt=\"genesys-prescriptive-migration-2025-thumbnail\" ><\/div><div class=\"card-body\"><p class=\"assettag\">eBook<\/p>\n<h4 class=\"h6\">Migraci\u00f3n prescriptiva de Genesys<\/h4>\n<\/div><div class=\"card-footer text-end\"><div class=\"btn-container justify-content-end\"><div class=\"small mt-0 chevron btn btn-secondary  only\"><\/div><\/div><\/div><\/a>[\/vc_column][\/vc_row][\/vc_section][vc_section flair=&#8221;%5B%7B%22hide_mobile%22%3A%22yes%22%7D%5D&#8221; css=&#8221;.vc_custom_1714436749712{background-position: center !important;background-repeat: no-repeat !important;background-size: cover !important;}&#8221;][vc_row content_placement=&#8221;middle&#8221; el_class=&#8221;forced-modern&#8221;][vc_column]<a class=\"component-cta-block card w-100 h-100 bgc-glass centered cta-text-start  vc_custom_1744846593872\" role=\"button\" data-bs-toggle=\"modal\" aria-haspopup=\"true\" data-target=\"#getStartedBox\"  style=\"--ob-bg-mobile:url();\"  href=\"#getStartedBox\" target=\"\" rel=\"\"><div class=\"row align-items-center image-stack card-body\"><div class=\"col-content col-md-5\"><div class=\"content-container\"><h2 class=\"h3\">Explore todo lo que puede hacer con Genesys Cloud CX<\/h2>\n<p>Solicite una demo y descubra c\u00f3mo Genesys Cloud CX puede ayudarlo a orquestar una experiencia de principio a fin que permita que los clientes y empleados alcancen sus objetivos con m\u00e1s rapidez y que su empresa obtenga los resultados de negocio que desea.<\/p>\n<\/div><div class=\" btn-container mt-2\"><div class=\"btn btn-primary\">Comience<\/div><\/div><\/div><\/div><\/a><style type='text\/css'>\r .forced-modern .component-cta-block .card-body { padding: 1rem 2.5rem; } .forced-modern a { background-position: right !important; background-size: cover !important; }\r <\/style>[\/vc_column][\/vc_row][\/vc_section]<\/p>\n<\/div>","protected":false},"excerpt":{"rendered":"<p>[vc_section background_color=&#8221;bgc-lgray&#8221; full_width=&#8221;stretch_row&#8221; flair=&#8221;%5B%5D&#8221; vib=&#8221;enable&#8221; css=&#8221;.vc_custom_1729185748658{background-position: center !important;background-repeat: no-repeat !important;background-size: cover !important;}&#8221;][vc_row content_placement=&#8221;middle&#8221;][vc_column width=&#8221;1\/2&#8243; el_class=&#8221;img-offset-right&#8221;][vc_column_text css=&#8221;&#8221;] Genesys Cloud CX Genesys Cloud CX orquesta las experiencias en cada interacci\u00f3n con los clientes y con los empleados [\/vc_column_text][\/vc_column][vc_column width=&#8221;1\/2&#8243;][\/vc_column][\/vc_row][\/vc_section][vc_section background_color=&#8221;bgc-lgray&#8221; full_width=&#8221;stretch_row&#8221; flair=&#8221;%5B%5D&#8221; vib=&#8221;enable&#8221; css=&#8221;.vc_custom_1729185748658{background-position: center !important;background-repeat: no-repeat !important;background-size: cover !important;}&#8221;][vc_row content_placement=&#8221;middle&#8221;][vc_column offset=&#8221;vc_col-md-offset-3 vc_col-md-6&#8243;][vc_column_text css=&#8221;&#8221;] Impulse experiencias personalizadas [&hellip;]<\/p>\n","protected":false},"author":13,"featured_media":503675,"parent":0,"menu_order":0,"comment_status":"closed","ping_status":"closed","template":"","meta":{"_acf_changed":false,"footnotes":""},"class_list":["post-230122","page","type-page","status-publish","has-post-thumbnail","hentry"],"acf":[],"_links":{"self":[{"href":"https:\/\/www.genesys.com\/es-mx\/wp-json\/wp\/v2\/pages\/230122","targetHints":{"allow":["GET"]}}],"collection":[{"href":"https:\/\/www.genesys.com\/es-mx\/wp-json\/wp\/v2\/pages"}],"about":[{"href":"https:\/\/www.genesys.com\/es-mx\/wp-json\/wp\/v2\/types\/page"}],"author":[{"embeddable":true,"href":"https:\/\/www.genesys.com\/es-mx\/wp-json\/wp\/v2\/users\/13"}],"replies":[{"embeddable":true,"href":"https:\/\/www.genesys.com\/es-mx\/wp-json\/wp\/v2\/comments?post=230122"}],"version-history":[{"count":24,"href":"https:\/\/www.genesys.com\/es-mx\/wp-json\/wp\/v2\/pages\/230122\/revisions"}],"predecessor-version":[{"id":584771,"href":"https:\/\/www.genesys.com\/es-mx\/wp-json\/wp\/v2\/pages\/230122\/revisions\/584771"}],"wp:featuredmedia":[{"embeddable":true,"href":"https:\/\/www.genesys.com\/es-mx\/wp-json\/wp\/v2\/media\/503675"}],"wp:attachment":[{"href":"https:\/\/www.genesys.com\/es-mx\/wp-json\/wp\/v2\/media?parent=230122"}],"curies":[{"name":"wp","href":"https:\/\/api.w.org\/{rel}","templated":true}]}}