{"id":104779,"date":"2018-10-26T14:38:38","date_gmt":"2018-10-26T21:38:38","guid":{"rendered":"https:\/\/www.genesys.com\/?page_id=104779"},"modified":"2021-06-22T18:40:58","modified_gmt":"2021-06-23T01:40:58","slug":"purecloud-services-and-support","status":"publish","type":"page","link":"https:\/\/www.genesys.com\/es-mx\/platform\/purecloud\/purecloud-services-and-support","title":{"rendered":"Servicios y soporte de Genesys Cloud"},"content":{"rendered":"<div class=\"wpb-content-wrapper\"><p>[vc_section full_width=&#8221;stretch_row&#8221; el_class=&#8221;section_header&#8221; css=&#8221;.vc_custom_1532973566467{background-image: url(https:\/\/www.genesys.com\/media\/e2840feb-purecloud-v1.png?id=83898) !important;}&#8221;][vc_row equal_height=&#8221;yes&#8221; content_placement=&#8221;middle&#8221;][vc_column][vc_column_text]<\/p>\n<h1>Servicios<br \/>\ny soporte de Genesys Cloud<\/h1>\n<p>[\/vc_column_text][\/vc_column][\/vc_row][\/vc_section][vc_section full_width=&#8221;stretch_row&#8221; el_class=&#8221;cta-bar&#8221; css=&#8221;.vc_custom_1522458207688{padding-top: 0px !important;padding-bottom: 0px !important;}&#8221;][vc_row full_width=&#8221;stretch_row&#8221; css=&#8221;.vc_custom_1522458201976{padding-top: 0px !important;padding-bottom: 0px !important;}&#8221;][vc_column][\/vc_column][\/vc_row][\/vc_section][vc_section full_width=&#8221;stretch_row&#8221;][vc_row equal_height=&#8221;yes&#8221; el_class=&#8221;mobile-reverse&#8221;][vc_column][vc_column_text]<\/p>\n<h2 style=\"text-align: center;\">Garantice su satisfacci\u00f3n y \u00e9xito<\/h2>\n<p style=\"text-align: center;\">La plataforma de contact center Genesys Cloud\u00a0se prob\u00f3 y dise\u00f1\u00f3 para operar con los niveles m\u00e1s altos de rendimiento, junto con una arquitectura hecha para brindar estabilidad y una r\u00e1pida recuperaci\u00f3n. Sin embargo, si algo va mal, hay varias maneras de obtener la ayuda y el soporte que necesita.<\/p>\n<p style=\"text-align: center;\">Siga leyendo para obtener m\u00e1s informaci\u00f3n sobre c\u00f3mo comenzar a mejorar su Net Promoter Score.<\/p>\n<p>[\/vc_column_text][\/vc_column][\/vc_row][\/vc_section][vc_section full_width=&#8221;stretch_row&#8221;][vc_row][vc_column][vc_column_text]<\/p>\n<h3 style=\"text-align: center;\">Obtenga la ayuda que necesita<\/h3>\n<p>[\/vc_column_text][\/vc_column][\/vc_row][vc_row equal_height=&#8221;yes&#8221; content_placement=&#8221;middle&#8221; el_class=&#8221;mobile-reverse&#8221;][vc_column width=&#8221;1\/3&#8243;]<div class=\"gicon-container\" style=\"text-align:center;\"><\/div>[vc_column_text]<\/p>\n<h4 style=\"text-align: center;\">Ayuda en l\u00ednea<\/h4>\n<p style=\"text-align: center;\"><a href=\"https:\/\/help.genesys.cloud\/\" target=\"_blank\" rel=\"noopener noreferrer\">Help.MyPureCloud.com<\/a><\/p>\n<p>[\/vc_column_text][\/vc_column][vc_column width=&#8221;1\/3&#8243;]<div class=\"gicon-container\" style=\"text-align:center;\"><\/div>[vc_column_text]<\/p>\n<h4 style=\"text-align: center;\">Asistencia telef\u00f3nica<\/h4>\n<p style=\"text-align: center;\">1-866-353-6587<\/p>\n<p>[\/vc_column_text][\/vc_column][vc_column width=&#8221;1\/3&#8243;]<div class=\"gicon-container\" style=\"text-align:center;\"><\/div>[vc_column_text]<\/p>\n<h4 style=\"text-align: center;\">Soporte de portal web<\/h4>\n<p style=\"text-align: center;\"><a href=\"https:\/\/genesys.my.site.com\/customercare\/GenesysCommunityLogin\" target=\"_blank\" rel=\"noopener noreferrer\">Visitar el portal<\/a><\/p>\n<p>[\/vc_column_text][\/vc_column][\/vc_row][\/vc_section][vc_section full_width=&#8221;stretch_row&#8221; css=&#8221;.vc_custom_1533151923376{background-color: #f3f3f3 !important;}&#8221;][vc_row equal_height=&#8221;yes&#8221; content_placement=&#8221;middle&#8221;][vc_column][vc_column_text]<\/p>\n<h3 style=\"text-align: center;\">Respuesta de soporte y restauraci\u00f3n<\/h3>\n<p>[\/vc_column_text][vc_row_inner][vc_column_inner width=&#8221;1\/2&#8243;][vc_column_text]<\/p>\n<h4>Ajuste de los niveles de gravedad<\/h4>\n<p>Las llamadas para informar una interrupci\u00f3n de servicio se priorizan y gestionan seg\u00fan su nivel de gravedad, asignado por el equipo de Soporte t\u00e9cnico tras recibir una solicitud. El equipo de soporte responde a cada ticket dentro del per\u00edodo esperado de respuesta inicial y resolver\u00e1 el problema dentro del per\u00edodo esperado de restauraci\u00f3n.[\/vc_column_text][\/vc_column_inner][vc_column_inner width=&#8221;1\/2&#8243;][vc_column_text]<\/p>\n<h4>Garantizar la disponibilidad<\/h4>\n<p>El equipo de soporte est\u00e1 permanentemente disponible y recurre a los mejores m\u00e9todos comercialmente razonables para proporcionar un tiempo de actividad ininterrumpido, con la excepci\u00f3n de: (i) los tiempos ocasionales de inactividad programada en horas de actividad m\u00ednima (para los cuales recibir\u00e1 un aviso anticipado); o (ii) cualquier problema de disponibilidad causado por circunstancias m\u00e1s all\u00e1 de nuestro control razonable.[\/vc_column_text][\/vc_column_inner][\/vc_row_inner][vc_row_inner equal_height=&#8221;yes&#8221; gap=&#8221;10&#8243;][vc_column_inner][vc_column_text]<\/p>\n<h3 style=\"text-align: center;\">Niveles de gravedad y objetivos<\/h3>\n<p>[\/vc_column_text][\/vc_column_inner][\/vc_row_inner][vc_row_inner equal_height=&#8221;yes&#8221; gap=&#8221;20&#8243;][vc_column_inner width=&#8221;1\/4&#8243; css=&#8221;.vc_custom_1533151051930{border-top-width: 1px !important;border-right-width: 1px !important;border-bottom-width: 1px !important;border-left-width: 1px !important;padding-top: 0px !important;padding-right: 0px !important;padding-bottom: 0px !important;padding-left: 0px !important;background-color: #ffffff !important;border-left-color: #d3d3d4 !important;border-left-style: solid !important;border-right-color: #d3d3d4 !important;border-right-style: solid !important;border-top-color: #d3d3d4 !important;border-top-style: solid !important;border-bottom-color: #d3d3d4 !important;border-bottom-style: solid !important;}&#8221;][vc_column_text css=&#8221;.vc_custom_1533154313887{border-top-width: 30px !important;border-right-width: 0px !important;border-bottom-width: 0px !important;border-left-width: 0px !important;padding-right: 30px !important;padding-bottom: 20px !important;padding-left: 30px !important;border-left-color: #dd3333 !important;border-left-style: solid !important;border-right-color: #dd3333 !important;border-right-style: solid !important;border-top-color: #dd3333 !important;border-top-style: solid !important;border-bottom-color: #dd3333 !important;border-bottom-style: solid !important;}&#8221;]<\/p>\n<h4 style=\"text-align: center;\">Impacto cr\u00edtico (c\u00f3digo rojo)<\/h4>\n<p style=\"text-align: center;\">Est\u00e1 experimentando un problema grave, el cual da como resultado una incapacidad para realizar una funci\u00f3n comercial cr\u00edtica. No hay soluci\u00f3n.<\/p>\n<p>[\/vc_column_text]<span class=\"g_separator genesys-light-gray\" style=\"height:1px\"><\/span>[vc_column_text css=&#8221;.vc_custom_1533151418317{padding-right: 30px !important;padding-left: 30px !important;background-color: #ffffff !important;}&#8221;]<\/p>\n<p style=\"text-align: center;\"><strong>El tiempo promedio de restauraci\u00f3n de Genesys Cloud es de 4 horas.<\/strong><\/p>\n<p>[\/vc_column_text][\/vc_column_inner][vc_column_inner width=&#8221;1\/4&#8243; css=&#8221;.vc_custom_1533151528194{padding: 0px !important;background-color: #ffffff !important;border: 1px solid #d3d3d4 !important;}&#8221;][vc_column_text css=&#8221;.vc_custom_1533154452571{border-top-width: 30px !important;border-right-width: 0px !important;border-bottom-width: 0px !important;border-left-width: 0px !important;padding-right: 30px !important;padding-bottom: 80px !important;padding-left: 30px !important;border-left-color: #ff7070 !important;border-left-style: solid !important;border-right-color: #ff7070 !important;border-right-style: solid !important;border-top-color: #ff7070 !important;border-top-style: solid !important;border-bottom-color: #ff7070 !important;border-bottom-style: solid !important;}&#8221;]<\/p>\n<h4 style=\"text-align: center;\">Alto impacto<\/h4>\n<p style=\"text-align: center;\">Puede realizar sus funciones laborales, pero el rendimiento se ve disminuido o severamente limitado.<\/p>\n<p>[\/vc_column_text]<span class=\"g_separator genesys-light-gray\" style=\"height:1px\"><\/span>[vc_column_text css=&#8221;.vc_custom_1533160199554{padding-right: 30px !important;padding-left: 30px !important;}&#8221;]<\/p>\n<p style=\"text-align: center;\"><strong>El tiempo promedio de restauraci\u00f3n de la plataforma Genesys Cloud es de dos (2) d\u00edas.<\/strong><\/p>\n<p>[\/vc_column_text][\/vc_column_inner][vc_column_inner width=&#8221;1\/4&#8243; css=&#8221;.vc_custom_1533151545790{padding: 0px !important;background-color: #ffffff !important;border: 1px solid #d3d3d4 !important;}&#8221;][vc_column_text css=&#8221;.vc_custom_1533151663704{border-top-width: 30px !important;border-right-width: 0px !important;border-bottom-width: 0px !important;border-left-width: 0px !important;padding-right: 30px !important;padding-left: 30px !important;border-left-color: #fabb00 !important;border-left-style: solid !important;border-right-color: #fabb00 !important;border-right-style: solid !important;border-top-color: #fabb00 !important;border-top-style: solid !important;border-bottom-color: #fabb00 !important;border-bottom-style: solid !important;}&#8221;]<\/p>\n<h4 style=\"text-align: center;\">Impacto intermedio<\/h4>\n<p style=\"text-align: center;\">Su capacidad para desempe\u00f1ar funciones laborales apenas se ve afectada: no se pueden usar procedimientos ni funciones no cr\u00edticas, o bien son dif\u00edciles de utilizar. Hay una soluci\u00f3n disponible.<\/p>\n<p>[\/vc_column_text]<span class=\"g_separator genesys-light-gray\" style=\"height:1px\"><\/span>[vc_column_text css=&#8221;.vc_custom_1533152011359{padding-right: 30px !important;padding-left: 30px !important;}&#8221;]<\/p>\n<p style=\"text-align: center;\"><strong>El tiempo promedio de restauraci\u00f3n de la plataforma Genesys Cloud es de cinco (5) d\u00edas.<\/strong><\/p>\n<p>[\/vc_column_text][\/vc_column_inner][vc_column_inner width=&#8221;1\/4&#8243; css=&#8221;.vc_custom_1533151565151{padding: 0px !important;background-color: #ffffff !important;border: 1px solid #d3d3d4 !important;}&#8221;][vc_column_text css=&#8221;.vc_custom_1533154463032{border-top-width: 30px !important;border-right-width: 0px !important;border-bottom-width: 0px !important;border-left-width: 0px !important;padding-right: 30px !important;padding-bottom: 40px !important;padding-left: 30px !important;border-left-color: #a1d318 !important;border-left-style: solid !important;border-right-color: #a1d318 !important;border-right-style: solid !important;border-top-color: #a1d318 !important;border-top-style: solid !important;border-bottom-color: #a1d318 !important;border-bottom-style: solid !important;}&#8221;]<\/p>\n<h4 style=\"text-align: center;\">Bajo impacto<\/h4>\n<p style=\"text-align: center;\">Est\u00e1 experimentando un impacto m\u00ednimo en el sistema. Sus consultas incluyen solicitudes de funciones y otras dudas no cr\u00edticas.<\/p>\n<p>[\/vc_column_text]<span class=\"g_separator genesys-light-gray\" style=\"height:1px\"><\/span>[vc_column_text css=&#8221;.vc_custom_1533152021877{padding-right: 30px !important;padding-left: 30px !important;}&#8221;]<\/p>\n<p style=\"text-align: center;\"><strong>Actualizaciones continuas con un tiempo estimado de respuesta (ETA) cuando est\u00e9 disponible.<\/strong><\/p>\n<p>[\/vc_column_text][\/vc_column_inner][\/vc_row_inner][\/vc_column][\/vc_row][\/vc_section][vc_section full_width=&#8221;stretch_row&#8221;][vc_row][vc_column][vc_column_text]<\/p>\n<h3 style=\"text-align: center;\">Servicios profesionales para sus necesidades<\/h3>\n<p>[\/vc_column_text][vc_row_inner][vc_column_inner width=&#8221;1\/4&#8243;]<div class=\"gicon-container\" style=\"text-align:center;\"><\/div>[\/vc_column_inner][vc_column_inner width=&#8221;3\/4&#8243;][vc_column_text]<\/p>\n<h4>Inicio autom\u00e1tico con recursos en l\u00ednea<\/h4>\n<p>Si desea configurar y poner su sistema en marcha sin ayuda, los <a href=\"https:\/\/help.genesys.cloud\/articles\/self-start\/\">materiales de inicio autom\u00e1tico<\/a>, que incluyen m\u00f3dulos de capacitaci\u00f3n en l\u00ednea y eventos de desarrollo por Internet, pueden servir de ayuda.[\/vc_column_text][\/vc_column_inner][\/vc_row_inner][vc_row_inner][vc_column_inner width=&#8221;1\/4&#8243;]<div class=\"gicon-container\" style=\"text-align:center;align-items:center;\"><\/div>[\/vc_column_inner][vc_column_inner width=&#8221;3\/4&#8243;][vc_column_text]<\/p>\n<h4>Servicios Premier Success<\/h4>\n<p>No m\u00e1s preocupaciones gracias al soporte telef\u00f3nico permanente de emergencia, queuing de soporte de prioridad, eventos de desarrollo y seminarios web con sesiones en vivo de preguntas y respuestas. Trabaje con un administrador dedicado de servicios y un equipo asignado de soporte t\u00e9cnico.[\/vc_column_text][\/vc_column_inner][\/vc_row_inner][vc_row_inner][vc_column_inner width=&#8221;1\/4&#8243;]<div class=\"gicon-container\" style=\"text-align:center;align-items:center;\"><\/div>[\/vc_column_inner][vc_column_inner width=&#8221;3\/4&#8243;][vc_column_text]<\/p>\n<h4>Cat\u00e1logo de token de servicio<\/h4>\n<p>Adquiera paquetes de token directamente al interior de la plataforma Genesys Cloud y, luego, util\u00edcelos inmediatamente o gu\u00e1rdelos para futuras necesidades de servicio. Utilice el soporte en caso de cualquier problema: desde una consultor\u00eda de red hasta una configuraci\u00f3n de integraci\u00f3n.[\/vc_column_text][\/vc_column_inner][\/vc_row_inner][vc_row_inner][vc_column_inner width=&#8221;1\/4&#8243;]<div class=\"gicon-container\" style=\"text-align:center;align-items:center;\"><\/div>[\/vc_column_inner][vc_column_inner width=&#8221;3\/4&#8243;][vc_column_text]<\/p>\n<h4>Ecosistema de socios<\/h4>\n<p>Encuentre a su compa\u00f1ero perfecto entre los diversos socios de Genesys Cloud en el <a href=\"http:\/\/genesys.force.com\/Finderloc\">directorio de socios<\/a>. El proveedor adecuado puede ayudarlo a adquirir, implementar, dar mantenimiento y soporte, y agregar valor a su implementaci\u00f3n de Genesys Cloud.[\/vc_column_text][\/vc_column_inner][\/vc_row_inner][\/vc_column][\/vc_row][\/vc_section][vc_section][vc_row][vc_column][vc_column_text]<\/p>\n<h3 style=\"text-align: center;\">Explore las soluciones de Genesys para\u0085<\/h3>\n<p>[\/vc_column_text][\/vc_column][\/vc_row][\/vc_section]<\/p>\n<\/div>","protected":false},"excerpt":{"rendered":"<p>[vc_section full_width=&#8221;stretch_row&#8221; el_class=&#8221;section_header&#8221; css=&#8221;.vc_custom_1532973566467{background-image: url(https:\/\/www.genesys.com\/media\/e2840feb-purecloud-v1.png?id=83898) !important;}&#8221;][vc_row equal_height=&#8221;yes&#8221; content_placement=&#8221;middle&#8221;][vc_column][vc_column_text] Servicios y soporte de Genesys Cloud [\/vc_column_text][\/vc_column][\/vc_row][\/vc_section][vc_section full_width=&#8221;stretch_row&#8221; el_class=&#8221;cta-bar&#8221; css=&#8221;.vc_custom_1522458207688{padding-top: 0px !important;padding-bottom: 0px !important;}&#8221;][vc_row full_width=&#8221;stretch_row&#8221; css=&#8221;.vc_custom_1522458201976{padding-top: 0px !important;padding-bottom: 0px !important;}&#8221;][vc_column][\/vc_column][\/vc_row][\/vc_section][vc_section full_width=&#8221;stretch_row&#8221;][vc_row equal_height=&#8221;yes&#8221; el_class=&#8221;mobile-reverse&#8221;][vc_column][vc_column_text] Garantice su satisfacci\u00f3n y \u00e9xito La plataforma de contact center Genesys Cloud\u00a0se prob\u00f3 y dise\u00f1\u00f3 para operar con los niveles m\u00e1s altos de rendimiento, [&hellip;]<\/p>\n","protected":false},"author":13,"featured_media":84647,"parent":104772,"menu_order":0,"comment_status":"closed","ping_status":"closed","template":"","meta":{"_acf_changed":false,"footnotes":""},"class_list":["post-104779","page","type-page","status-publish","has-post-thumbnail","hentry"],"acf":[],"_links":{"self":[{"href":"https:\/\/www.genesys.com\/es-mx\/wp-json\/wp\/v2\/pages\/104779","targetHints":{"allow":["GET"]}}],"collection":[{"href":"https:\/\/www.genesys.com\/es-mx\/wp-json\/wp\/v2\/pages"}],"about":[{"href":"https:\/\/www.genesys.com\/es-mx\/wp-json\/wp\/v2\/types\/page"}],"author":[{"embeddable":true,"href":"https:\/\/www.genesys.com\/es-mx\/wp-json\/wp\/v2\/users\/13"}],"replies":[{"embeddable":true,"href":"https:\/\/www.genesys.com\/es-mx\/wp-json\/wp\/v2\/comments?post=104779"}],"version-history":[{"count":5,"href":"https:\/\/www.genesys.com\/es-mx\/wp-json\/wp\/v2\/pages\/104779\/revisions"}],"predecessor-version":[{"id":385225,"href":"https:\/\/www.genesys.com\/es-mx\/wp-json\/wp\/v2\/pages\/104779\/revisions\/385225"}],"up":[{"embeddable":true,"href":"https:\/\/www.genesys.com\/es-mx\/wp-json\/wp\/v2\/pages\/104772"}],"wp:featuredmedia":[{"embeddable":true,"href":"https:\/\/www.genesys.com\/es-mx\/wp-json\/wp\/v2\/media\/84647"}],"wp:attachment":[{"href":"https:\/\/www.genesys.com\/es-mx\/wp-json\/wp\/v2\/media?parent=104779"}],"curies":[{"name":"wp","href":"https:\/\/api.w.org\/{rel}","templated":true}]}}