{"id":102882,"date":"2018-10-26T14:39:15","date_gmt":"2018-10-26T21:39:15","guid":{"rendered":"https:\/\/www.genesys.com\/?page_id=102882"},"modified":"2024-10-31T11:32:27","modified_gmt":"2024-10-31T18:32:27","slug":"subscribe","status":"publish","type":"page","link":"https:\/\/www.genesys.com\/es-mx\/subscribe","title":{"rendered":"Plan de suscripci\u00f3n"},"content":{"rendered":"<div class=\"wpb-content-wrapper\"><p>[vc_section background_color=&#8221;bgc-lgray&#8221; flair=&#8221;%5B%7B%22hide_mobile%22%3A%22yes%22%7D%5D&#8221;][vc_row][vc_column][vc_column_text css=&#8221;&#8221;]<\/p>\n<h1 style=\"text-align: center;\">Suscr\u00edbete al bolet\u00edn<\/h1>\n<p>[\/vc_column_text][\/vc_column][\/vc_row][vc_row equal_height=&#8221;yes&#8221; content_placement=&#8221;middle&#8221;][vc_column width=&#8221;1\/2&#8243; offset=&#8221;vc_col-lg-5 vc_col-md-5 vc_col-xs-12&#8243;][vc_column_text css=&#8221;&#8221;]<\/p>\n<h2>La experiencia del blog Genesys<\/h2>\n<p>Suscr\u00edbase hoy para recibir los \u00faltimos conocimientos de Genesys sobre tendencias y tecnolog\u00edas de experiencia de clientes y empleados, directamente en su bandeja de entrada dos veces al mes.[\/vc_column_text][\/vc_column][vc_column width=&#8221;1\/2&#8243; offset=&#8221;vc_col-lg-offset-1 vc_col-md-offset-1 vc_col-sm-offset-0&#8243;]<div class=\"eloq_form elq-container gmkto_form_type_ gmkto_format_vertical\"><form method=\"post\" name=\"MasterLeadIntakeForm\" action=\"https:\/\/s1260946616.t.eloqua.com\/e\/f2\" data-proc=\"inline\" data-ppcount=\"5\" onsubmit=\"return proc_submit(this);\" class=\"beam-form elq-form init yesknown yesprefill yespp strict-check\"  data-target=\".thank-you\" ><div id=\"known_person\" style=\"display:none;\"><p class=\"welcome_user\"><span id=\"welcome_person\">Bienvenido de nuevo,<\/span> <span id=\"person_info\"><span class=\"person_first\"><\/span>&nbsp;<span class=\"person_last\"><\/span><\/span><\/p><p class=\"delete_button\"><a class=\"deletemyrecord\">\u00bfNo es usted?<\/a><\/p>\n    <div class=\"form-row cb_available white-box work-email el_field form-floating\">\n        <input type=\"email\" class=\"form-control el_field elq-item-input cb_available  required\" name=\"secondaryEmailAddress1\" id=\"fe644\" value=\"\" placeholder=\"Please provide your work email\">\n        <label for=\"fe644\">Please provide your work email<span class=\"required-asterisk\">*<\/span><\/label>\n    <\/div><\/div><input value=\"MasterLeadIntakeForm\" type=\"hidden\" name=\"elqFormName\"><input value=\"1260946616\" type=\"hidden\" name=\"elqSiteId\"><input name=\"elqCampaignId\" type=\"hidden\"><input type=\"hidden\" name=\"elqCustomerGUID\" value=\"\"><input type=\"hidden\" name=\"elqCookieWrite\" value=\"0\"><input type=\"hidden\" name=\"client_ip_address\" id=\"fe449\" value=\"\"><div class=\"fields\"><input type=\"hidden\" name=\"CID\" id=\"fe198\" value=\"701U0000000oq2SIAQ\"><input type=\"hidden\" name=\"CID_STATUS\" id=\"fe281\" value=\"\"><input type=\"hidden\" name=\"redirect_url\" id=\"fe217\" value=\"\"><input type=\"hidden\" name=\"landing_page_url\" id=\"fe204\" value=\"https:\/\/www.genesys.com\/es-mx\/wp-json\/wp\/v2\/pages\/102882\"><input type=\"hidden\" name=\"post_type\" id=\"fe448\" value=\"page\"><input type=\"hidden\" name=\"integration\" id=\"fe362\" value=\"\"><input type=\"hidden\" name=\"language_code\" id=\"fe479\" value=\"es-mx\"><input type=\"hidden\" name=\"full_url\" id=\"fe983\" value=\"https:\/\/www.genesys.com\/es-mx\/wp-json\/wp\/v2\/pages\/102882\"><input type=\"hidden\" name=\"post_id\" id=\"fe984\" value=\"102882\">\n    <div class=\"form-row row-email el_field form-floating\">\n        <input type=\"email\" class=\"form-control el_field elq-item-input required\" name=\"emailAddress\" id=\"fe192\" value=\"\" aria-label=\"Email Corporativo\" placeholder=\"Email Corporativo\">\n        <label for=\"fe192\">Email Corporativo<span class=\"required-asterisk\">*<\/span><\/label>\n    <\/div>\n    <div class=\"form-row cb_available el_field form-floating\">\n        <input type=\"text\" class=\"form-control el_field elq-item-input cb_available  required\" name=\"firstName\" id=\"fe190\" value=\"\" placeholder=\"Nombre\">\n        <label for=\"fe190\">Nombre<span class=\"required-asterisk\">*<\/span><\/label>\n    <\/div>\n    <div class=\"form-row cb_available el_field form-floating\">\n        <input type=\"text\" class=\"form-control el_field elq-item-input cb_available required\" name=\"lastName\" id=\"fe191\" value=\"\" placeholder=\"Apellido\">\n        <label for=\"fe191\">Apellido<span class=\"required-asterisk\">*<\/span><\/label>\n    <\/div>\n    <div class=\"form-row cb_available eloq_ppe el_field form-floating\">\n        <select class=\"form-select el_field elq-item-select cb_available required eloq_ppe\" id=\"fe219\" name=\"jobLevel1\" data-value=\"\">\n            <option selected=\"\" value=\"\"><\/option><option value=\"C-Level\">C-Level<\/option><option value=\"VP\">Vicepresidente<\/option><option value=\"Director\">Director<\/option><option value=\"Manager\">Gerente<\/option><option value=\"Principal\">Presidente<\/option><option value=\"Engineer \/ Architect\">Ingeniero \/ arquitecto<\/option><option value=\"Consultant\">Consultor<\/option><option value=\"Analyst\">Analista<\/option><option value=\"Partner\">Socio<\/option><option value=\"Staff\">Personal<\/option><option value=\"Unknown\">Desconocido<\/option>\n        <\/select>\n        <label for=\"fe219\">Nivel<span class=\"required-asterisk\">*<\/span><\/label>\n    <\/div>\n    <div class=\"form-row cb_available eloq_ppe el_field form-floating\">\n        <select class=\"form-select el_field elq-item-select cb_available required eloq_ppe\" id=\"fe218\" name=\"jobFunction1\" data-value=\"\">\n            <option selected=\"\" value=\"\"><\/option>\n            <option value=\"Claims\">Reclamos<\/option><option value=\"Collections\">Cobranzas<\/option><option value=\"Contact Center Management\">Gesti\u00f3n del centro de contacto<\/option><option value=\"Customer Experience\">Experiencia del cliente<\/option><option value=\"Customer Service\">Servicio al Cliente<\/option><option value=\"Ecommerce\/Digital Channels\">Canales digitales y de comercio electr\u00f3nico<\/option><option value=\"Finance\">Finanzas<\/option><option value=\"Human Resources\">Recursos Humanos<\/option><option value=\"Influencer\">Influenciador<\/option><option value=\"Information Technology\">Tecnolog\u00edas de la informaci\u00f3n<\/option><option value=\"IT Architecture\">Arquitectura de TI<\/option><option value=\"IT Infrastructure\">Infraestructura de TI<\/option><option value=\"IVR\">IVR<\/option><option value=\"Marketing\">Mercadeo<\/option><option value=\"Operations \/ Process Management\">Gesti\u00f3n de operaciones \/ procesos<\/option><option value=\"Production Management\">Gesti\u00f3n de la producci\u00f3n<\/option><option value=\"Purchasing\">Compras<\/option><option value=\"Sales\">Ventas<\/option><option value=\"Unknown\">Desconocido<\/option>\n        <\/select>\n        <label for=\"fe218\">Funci\u00f3n<span class=\"required-asterisk\">*<\/span><\/label>\n    <\/div>\n    <div class=\"form-row cb_available eloq_ppe el_field form-floating\">\n        <input type=\"text\" class=\"form-control el_field elq-item-input cb_available required eloq_ppe\" name=\"company\" id=\"fe193\" value=\"\" placeholder=\"Empresa\">\n        <label for=\"fe193\">Empresa<span class=\"required-asterisk\">*<\/span><\/label>\n    <\/div>\n    <div class=\"form-row cb_available eloq_ppe el_field form-floating\">\n        <input type=\"tel\" class=\"form-control el_field elq-item-input cb_available required eloq_ppe\" name=\"busPhone\" id=\"fe215\" value=\"\" placeholder=\"Tel\u00e9fono\">\n        <label for=\"fe215\">Tel\u00e9fono<span class=\"required-asterisk\">*<\/span><\/label>\n    <\/div>\n    <div class=\"form-row cb_available eloq_ppe el_field form-floating\">\n        <select class=\"form-select el_field elq-item-select cb_available required eloq_ppe\" id=\"fe194\" name=\"country\" data-value=\"\">\n            <option value=\"\"><\/option>\n            <!-- Add country options here -->\n        <\/select>\n        <label for=\"fe194\">Pa\u00eds\n<span class=\"required-asterisk\">*<\/span><\/label>\n    <\/div>\n    <div class=\"form-row cb_available country_dep el_field form-floating\">\n        <select class=\"form-select el_field elq-item-select cb_available required eloq_ppe\" id=\"fe214\" name=\"stateProv\" data-value=\"\">\n            <option selected=\"\" value=\"\"><\/option>\n        <\/select>\n        <label for=\"fe214\">Ciudad\/Estado<span class=\"required-asterisk\">*<\/span><\/label>\n    <\/div>\n    <div class=\"form-row cb_available eloq_ppe el_field form-floating\">\n        <input type=\"text\" class=\"form-control el_field elq-item-input cb_available required eloq_ppe\" name=\"website1\" id=\"fe801\" value=\"\" placeholder=\"Your Website\">\n        <label for=\"fe801\">Your Website<span class=\"required-asterisk\">*<\/span><\/label>\n    <\/div>\n    <div class=\"form-row cb_available eloq_ppe el_field form-floating\">\n        <input type=\"text\" class=\"form-control el_field elq-item-input cb_available required eloq_ppe\" name=\"city\" id=\"fe226\" value=\"\" placeholder=\"Ciudad\">\n        <label for=\"fe226\">Ciudad<span class=\"required-asterisk\">*<\/span><\/label>\n    <\/div>\n    <div class=\"form-row cb_available eloq_ppe el_field form-floating\">\n        <input type=\"text\" class=\"form-control el_field elq-item-input cb_available required eloq_ppe\" name=\"title\" id=\"fe220\" value=\"\" placeholder=\"Cargo\">\n        <label for=\"fe220\">Cargo<span class=\"required-asterisk\">*<\/span><\/label>\n    <\/div>\n    <div class=\"form-row cb_available eloq_ppe el_field form-floating\">\n        <select class=\"form-select el_field elq-item-select cb_available required eloq_ppe\" id=\"fe221\" name=\"industry1\" data-value=\"\">\n            <option value=\"\" ><\/option>\n            <option value=\"Banking\">Banca<\/option><option value=\"Business Services\">Servicios empresariales<\/option><option value=\"Capital Markets\">Mercado de Capitales<\/option><option value=\"Communications\">Comunicaciones<\/option><option value=\"Consumer Products\">Bienes de Consumo<\/option><option value=\"Defense & Intelligence\">Defensa e Inteligencia<\/option><option value=\"Education & Non-Profit\">Educaci\u00f3n y Sin \u00c1nimo de Lucro<\/option><option value=\"Energy & Utilities\">Energ\u00eda y Servicios P\u00fablicos<\/option><option value=\"Entertainment\">Entretenimiento<\/option><option value=\"Government\">Gobierno<\/option><option value=\"Insurance\">Seguros<\/option><option value=\"Life Sciences\">Biociencias<\/option><option value=\"Logistics\">Log\u00edstica<\/option><option value=\"Manufacturing\">Manufactura<\/option><option value=\"Payors\">Payors<\/option><option value=\"Providers\">Proveedores<\/option><option value=\"Retailers\">Retailers<\/option><option value=\"Technology\">Tecnolog\u00eda<\/option><option value=\"Travel & Hospitality\">Viajes & Hoteleria<\/option><option value=\"Retail Banking\">Banca de Retail<\/option><option value=\"Other\">Otro<\/option>\n        <\/select>\n        <label for=\"fe221\">Industria<span class=\"required-asterisk\">*<\/span><\/label>\n    <\/div>\n    <div class=\"form-row cb_available eloq_ppe el_field form-floating\">\n        <select class=\"form-select el_field elq-item-select cb_available required eloq_ppe\" id=\"fe222\" name=\"levelofInterest1\" data-value=\"\">\n            <option value=\"\"><\/option>\n            <option value=\"Just researching\">Apenas investigando<\/option><option value=\"Gathering business requirements\">Consolidando requisitos de negocio<\/option><option value=\"Comparing solutions\">Comparando soluciones<\/option><option value=\"Ready for a conversation\">Listo para una conversaci\u00f3n<\/option>\n        <\/select>\n        <label for=\"fe222\">Nivel de Inter\u00e9s<span class=\"required-asterisk\">*<\/span><\/label>\n    <\/div>\n    <div class=\"form-row cb_available eloq_ppe el_field form-floating\">\n        <select class=\"form-select el_field elq-item-select cb_available required eloq_ppe\" id=\"fe225\" name=\"numberofAgentsForm1\" data-value=\"\">\n            <option value=\"\"><\/option>\n            <option value=\"1-20\">De 1 a 20<\/option><option value=\"21-50\">Entre 21 y 50<\/option><option value=\"51-100\">Entre 50 y 100<\/option><option value=\"101-300\">Entre 101 y 300<\/option><option value=\"301-500\">Entre 301 y 500<\/option><option value=\"501-1000\">Entre 501 y 1000<\/option><option value=\">1000\">&gt;1000<\/option><option value=\"No Contact Center\">No tengo un Centro de Contacto<\/option><option value=\"Don't Know\">No lo s\u00e9<\/option>\n        <\/select>\n        <label for=\"fe225\">N\u00famero de Agentes<span class=\"required-asterisk\">*<\/span><\/label>\n    <\/div><div class=\"form-check single-checkbox-row form-row gdpr-field white-box \"><input type=\"checkbox\" class=\"el_field eloq_ppe\" name=\"explicitConsentEmailPhone\" id=\"fe224\" val=\"\"><label class=\"checkbox-aligned elq-item-label\" for=\"fe224\">S\u00ed. Deseo recibir informaci\u00f3n de Genesys por correo electr\u00f3nico o tel\u00e9fono.<\/label><\/div><div class=\"single-checkbox-row form-row white-box \"><input type=\"checkbox\" class=\"el_field eloq_ppe\" name=\"contactMe\" id=\"fe509\" val=\"\"><label class=\"checkbox-aligned elq-item-label\" for=\"fe509\">Quiero ser contactado por un especialista de CX.<\/label><\/div><input type=\"hidden\" data-query=\"utm_medium\" name=\"utm_medium\" id=\"fe199\" value=\"\"><input type=\"hidden\" data-query=\"utm_source\" name=\"utm_source\" id=\"fe200\" value=\"\"><input type=\"hidden\" data-query=\"utm_campaign\" name=\"utm_campaign\" id=\"fe201\" value=\"\"><input type=\"hidden\" data-query=\"utm_term\" name=\"utm_term\" id=\"fe202\" value=\"\"><input type=\"hidden\" data-query=\"utm_content\" name=\"utm_content\" id=\"fe203\" value=\"\"><input type=\"hidden\" data-query=\"ost_tool\" name=\"ost_tool\" id=\"fe293\" value=\"\"><input type=\"hidden\" data-query=\"ost_campaign\" name=\"ost_campaign\" id=\"fe294\" value=\"\"><input type=\"hidden\" data-query=\"ost_content\" name=\"ost_content\" id=\"fe295\" value=\"\"><input type=\"hidden\" data-query=\"blaid\" name=\"eloquaBLAID_c\" id=\"fe3099\" value=\"\"><input type=\"hidden\" data-query=\"gclid\" name=\"gCLID1\" id=\"fe283\" value=\"\"><input type=\"hidden\" data-query=\"mkwid\" name=\"mKWID1\" id=\"fe678\" value=\"\"><input type=\"hidden\" name=\"gAClientID1\" id=\"fe284\" value=\"\"><input type=\"hidden\" name=\"noteCreatorTitle1\" id=\"fe313\" value=\"\"><input type=\"hidden\" name=\"webContentAutoResponderDefault\" id=\"fe286\" value=\"OFF\"><input type=\"hidden\" name=\"webContentAutoResponderTitle\" id=\"fe287\" value=\"\"><input type=\"hidden\" name=\"webContentAutoResponderURL\" id=\"fe288\" value=\"\"><input type=\"hidden\" name=\"noteCreator2\" id=\"fe478\" value=\"\"><input type=\"hidden\" class=\"yesprefill\" name=\"neverbounceResult1\" id=\"fe640\" value=\"OFF\"><input type=\"hidden\" class=\"yesprefill\" name=\"neverbounceFlags1\" id=\"fe641\" value=\"OFF\"><input type=\"hidden\" class=\"yesprefill\" name=\"neverbounceSuggestedCorrection1\" id=\"fe642\" value=\"6sense\"><input type=\"hidden\" name=\"clearbitPersonID1\" id=\"fe630\" value=\"\"><input type=\"hidden\" name=\"clearbitFieldCount1\" id=\"fe633\" value=\"\"><input type=\"hidden\" name=\"clearbitTitle1\" id=\"fe646\" value=\"\"><input type=\"hidden\" name=\"clearbitRole1\" id=\"fe631\" value=\"\"><input type=\"hidden\" name=\"clearbitNumberofEmployees1\" id=\"fe647\" value=\"\"><input type=\"hidden\" name=\"clearbitNumberofEmployeesRange1\" id=\"fe648\" value=\"\"><input type=\"hidden\" name=\"clearbitWebsite1\" id=\"fe802\" value=\"\"><input type=\"hidden\" name=\"browserUserAgent\" id=\"fe3319\" value=\"\"><input type=\"text\" class=\"honeypp\" name=\"honeypp\" id=\"honeypp\" value=\"\" ><input role=\"button\" aria-label=\"Subscribe now\" type=\"Submit\" class=\"submit-button-style btn btn-primary \" value=\"Subscribe now\" id=\"fe195\"><div class=\"loading\"><\/div><div class=\"gdpr-field form-row white-box legal\"><span>Al proporcionar su informaci\u00f3n, usted acepta nuestra \n <a href=\"https:\/\/www.genesys.com\/company\/legal\/privacy-policy\" target=\"_blank\">pol\u00edtica de privacidad<\/a><\/span><\/div><\/div><\/form><\/div>[vc_column_text css=&#8221;&#8221; el_class=&#8221;thank-you&#8221;]<\/p>\n<p class=\"h3\">\u00a1Su suscripci\u00f3n al blog Genesys ha sido confirmada!<\/p>\n<p>Agregue <strong>genesys@email.genesys.com<\/strong> a su lista de remitentes seguros para asegurarse de recibir las notificaciones semanales del blog.[\/vc_column_text][\/vc_column][\/vc_row][\/vc_section][vc_section][vc_row][vc_column width=&#8221;1\/2&#8243; offset=&#8221;vc_col-lg-2 vc_col-md-3 vc_col-xs-12&#8243;][vc_column_text css=&#8221;&#8221;]<\/p>\n<h2 class=\"h3\">Tambi\u00e9n te puede gustar<\/h2>\n<p>[\/vc_column_text][\/vc_column][vc_column width=&#8221;1\/2&#8243; offset=&#8221;vc_col-lg-offset-1 vc_col-lg-3 vc_col-md-offset-0 vc_col-md-3 vc_col-sm-offset-0 vc_col-xs-12&#8243;]<a class=\"component card w-100 bgc-lgray vertical text-start nomedia  chevron-only  \" href=\"\/podcast\" target=\"\" rel=\"\" ><div class=\"card-body\"><p class=\"h5 p-0 m-0\">Podcasts<\/p>\n<\/div><div class=\"card-footer text-end\"><div class=\"btn-container justify-content-end\"><div class=\"small mt-0 chevron btn btn-secondary  only\"><\/div><\/div><\/div><\/a>[\/vc_column][vc_column width=&#8221;1\/2&#8243; offset=&#8221;vc_col-lg-3 vc_col-md-3 vc_col-xs-12&#8243;]<a class=\"component card w-100 bgc-lgray vertical text-start nomedia  chevron-only  \" href=\"\/company\/newsroom\/announcements\" target=\"\" rel=\"\" ><div class=\"card-body\"><p class=\"h5 p-0 m-0\">Anuncios<\/p>\n<\/div><div class=\"card-footer text-end\"><div class=\"btn-container justify-content-end\"><div class=\"small mt-0 chevron btn btn-secondary  only\"><\/div><\/div><\/div><\/a>[\/vc_column][vc_column width=&#8221;1\/2&#8243; offset=&#8221;vc_col-lg-3 vc_col-md-3 vc_col-xs-12&#8243;]<a class=\"component card w-100 bgc-lgray vertical text-start nomedia  chevron-only  \" href=\"\/es-mx\/resources\" target=\"\" rel=\"\" ><div class=\"card-body\"><p class=\"h5 p-0 m-0\">Todos los recursos<\/p>\n<\/div><div class=\"card-footer text-end\"><div class=\"btn-container justify-content-end\"><div class=\"small mt-0 chevron btn btn-secondary  only\"><\/div><\/div><\/div><\/a>[\/vc_column][\/vc_row][\/vc_section]<\/p>\n<\/div>","protected":false},"excerpt":{"rendered":"<p>[vc_section background_color=&#8221;bgc-lgray&#8221; flair=&#8221;%5B%7B%22hide_mobile%22%3A%22yes%22%7D%5D&#8221;][vc_row][vc_column][vc_column_text css=&#8221;&#8221;] Suscr\u00edbete al bolet\u00edn [\/vc_column_text][\/vc_column][\/vc_row][vc_row equal_height=&#8221;yes&#8221; content_placement=&#8221;middle&#8221;][vc_column width=&#8221;1\/2&#8243; offset=&#8221;vc_col-lg-5 vc_col-md-5 vc_col-xs-12&#8243;][vc_column_text css=&#8221;&#8221;] La experiencia del blog Genesys Suscr\u00edbase hoy para recibir los \u00faltimos conocimientos de Genesys sobre tendencias y tecnolog\u00edas de experiencia de clientes y empleados, directamente en su bandeja de entrada dos veces al mes.[\/vc_column_text][\/vc_column][vc_column width=&#8221;1\/2&#8243; offset=&#8221;vc_col-lg-offset-1 vc_col-md-offset-1 vc_col-sm-offset-0&#8243;][vc_column_text css=&#8221;&#8221; el_class=&#8221;thank-you&#8221;] [&hellip;]<\/p>\n","protected":false},"author":15,"featured_media":0,"parent":0,"menu_order":1,"comment_status":"closed","ping_status":"closed","template":"","meta":{"_acf_changed":false,"footnotes":""},"class_list":["post-102882","page","type-page","status-publish","hentry"],"acf":[],"_links":{"self":[{"href":"https:\/\/www.genesys.com\/es-mx\/wp-json\/wp\/v2\/pages\/102882","targetHints":{"allow":["GET"]}}],"collection":[{"href":"https:\/\/www.genesys.com\/es-mx\/wp-json\/wp\/v2\/pages"}],"about":[{"href":"https:\/\/www.genesys.com\/es-mx\/wp-json\/wp\/v2\/types\/page"}],"author":[{"embeddable":true,"href":"https:\/\/www.genesys.com\/es-mx\/wp-json\/wp\/v2\/users\/15"}],"replies":[{"embeddable":true,"href":"https:\/\/www.genesys.com\/es-mx\/wp-json\/wp\/v2\/comments?post=102882"}],"version-history":[{"count":6,"href":"https:\/\/www.genesys.com\/es-mx\/wp-json\/wp\/v2\/pages\/102882\/revisions"}],"predecessor-version":[{"id":545277,"href":"https:\/\/www.genesys.com\/es-mx\/wp-json\/wp\/v2\/pages\/102882\/revisions\/545277"}],"wp:attachment":[{"href":"https:\/\/www.genesys.com\/es-mx\/wp-json\/wp\/v2\/media?parent=102882"}],"curies":[{"name":"wp","href":"https:\/\/api.w.org\/{rel}","templated":true}]}}