{"id":102854,"date":"2018-10-26T14:39:48","date_gmt":"2018-10-26T21:39:48","guid":{"rendered":"https:\/\/www.genesys.com\/?page_id=102854"},"modified":"2025-09-16T13:11:29","modified_gmt":"2025-09-16T20:11:29","slug":"login","status":"publish","type":"page","link":"https:\/\/www.genesys.com\/es-mx\/login","title":{"rendered":"Login"},"content":{"rendered":"<div class=\"wpb-content-wrapper\"><p>[vc_section sec_modern_width=&#8221;enable&#8221; background_color=&#8221;bgc-lgray&#8221; flair=&#8221;%5B%7B%22flair_type%22%3A%22f_type_image%22%2C%22hide_mobile%22%3A%22yes%22%7D%5D&#8221;][vc_row][vc_column][vc_column_text]<\/p>\n<h1>Login en Genesys<\/h1>\n<p>[\/vc_column_text][\/vc_column][\/vc_row][\/vc_section][vc_section full_width=&#8221;stretch_row&#8221;][vc_row][vc_column width=&#8221;2\/3&#8243;][vc_column_text]<\/p>\n<h3>Inicio de sesi\u00f3n para los productos en la nube<\/h3>\n<p>El portal de inicio de sesi\u00f3n para los productos de nube de Genesys le permite ingresar en cualquiera de estos productos: CX Builder, EchoSystem Manager, Engage: Account Manager, Engage: Enterprise Manager, Insight, Mobile Messaging Manager, Mobile Site Builder, y Social Analytics.[\/vc_column_text]<div class=\"btn-container  \"><a role=\"button\"  class=\"btn btn-primary\" href=\"https:\/\/login.mypurecloud.com\/\" target=\"_blank\" rel=\"noopener\">Log in to your product<\/a><a role=\"button\"  class=\"btn btn-ff-primary chevron\" href=\"https:\/\/genesys.my.site.com\/customercare\/GenesysCommunityLogin\" target=\"_blank\" rel=\"noopener\">Support portal<\/a><\/div>[\/vc_column][\/vc_row][vc_row][vc_column width=&#8221;2\/3&#8243;][vc_column_text]<\/p>\n<h3>Genesys Knowledge Network<\/h3>\n<p>Este es el punto de acceso &#8220;todo en uno&#8221; a lo que necesita para brindar una mejor experiencia del cliente. Ingrese a la biblioteca con informaci\u00f3n espec\u00edfica de productos y a los debates en el sitio p\u00fablico, o inicie sesi\u00f3n con sus credenciales personales para acceder a una experiencia completa y personalizada. Los clientes y socios designados de Genesys pueden iniciar sesi\u00f3n.[\/vc_column_text]<div class=\"btn-container  \"><a role=\"button\"  class=\"btn btn-primary\" href=\"http:\/\/orchestrators.genesys.com\/\" target=\"\" rel=\"\">Go to Genesys Knowledge Network<\/a><\/div>[\/vc_column][\/vc_row][\/vc_section]<\/p>\n<\/div>","protected":false},"excerpt":{"rendered":"<p>[vc_section sec_modern_width=&#8221;enable&#8221; background_color=&#8221;bgc-lgray&#8221; flair=&#8221;%5B%7B%22flair_type%22%3A%22f_type_image%22%2C%22hide_mobile%22%3A%22yes%22%7D%5D&#8221;][vc_row][vc_column][vc_column_text] Login en Genesys [\/vc_column_text][\/vc_column][\/vc_row][\/vc_section][vc_section full_width=&#8221;stretch_row&#8221;][vc_row][vc_column width=&#8221;2\/3&#8243;][vc_column_text] Inicio de sesi\u00f3n para los productos en la nube El portal de inicio de sesi\u00f3n para los productos de nube de Genesys le permite ingresar en cualquiera de estos productos: CX Builder, EchoSystem Manager, Engage: Account Manager, Engage: Enterprise Manager, Insight, Mobile Messaging Manager, Mobile [&hellip;]<\/p>\n","protected":false},"author":1,"featured_media":0,"parent":0,"menu_order":9,"comment_status":"closed","ping_status":"closed","template":"","meta":{"_acf_changed":false,"footnotes":""},"class_list":["post-102854","page","type-page","status-publish","hentry"],"acf":[],"_links":{"self":[{"href":"https:\/\/www.genesys.com\/es-mx\/wp-json\/wp\/v2\/pages\/102854","targetHints":{"allow":["GET"]}}],"collection":[{"href":"https:\/\/www.genesys.com\/es-mx\/wp-json\/wp\/v2\/pages"}],"about":[{"href":"https:\/\/www.genesys.com\/es-mx\/wp-json\/wp\/v2\/types\/page"}],"author":[{"embeddable":true,"href":"https:\/\/www.genesys.com\/es-mx\/wp-json\/wp\/v2\/users\/1"}],"replies":[{"embeddable":true,"href":"https:\/\/www.genesys.com\/es-mx\/wp-json\/wp\/v2\/comments?post=102854"}],"version-history":[{"count":9,"href":"https:\/\/www.genesys.com\/es-mx\/wp-json\/wp\/v2\/pages\/102854\/revisions"}],"predecessor-version":[{"id":593866,"href":"https:\/\/www.genesys.com\/es-mx\/wp-json\/wp\/v2\/pages\/102854\/revisions\/593866"}],"wp:attachment":[{"href":"https:\/\/www.genesys.com\/es-mx\/wp-json\/wp\/v2\/media?parent=102854"}],"curies":[{"name":"wp","href":"https:\/\/api.w.org\/{rel}","templated":true}]}}