{"id":102850,"date":"2018-04-11T20:14:34","date_gmt":"2018-04-11T20:14:34","guid":{"rendered":"https:\/\/www.genesys.com\/?page_id=102850"},"modified":"2025-12-16T18:27:08","modified_gmt":"2025-12-17T02:27:08","slug":"partners","status":"publish","type":"page","link":"https:\/\/www.genesys.com\/es-mx\/partners","title":{"rendered":"Descripci\u00f3n de socios"},"content":{"rendered":"<div class=\"wpb-content-wrapper\"><p>[vc_section sec_modern_width=&#8221;enable&#8221; background_color=&#8221;bgc-lgray&#8221; flair=&#8221;%5B%7B%22flair_type%22%3A%22f_type_image%22%2C%22hide_mobile%22%3A%22yes%22%7D%5D&#8221; vib=&#8221;enable&#8221; css=&#8221;.vc_custom_1760042427123{background-position: center !important;background-repeat: no-repeat !important;background-size: cover !important;}&#8221;][vc_row equal_height=&#8221;yes&#8221; content_placement=&#8221;middle&#8221;][vc_column width=&#8221;1\/2&#8243;][vc_column_text css=&#8221;&#8221;]<\/p>\n<h1>Potencia la orquestaci\u00f3n de experiencias a trav\u00e9s de los socios de Genesys<\/h1>\n<p class=\"text-balance\">Nuestro ecosistema global de socios, que est\u00e1 compuesto por los socios del programa Ascend de Genesys, los socios del portal AppFoundry, los integradores de sistemas globales y los socios tecnol\u00f3gicos estrat\u00e9gicos, est\u00e1 dise\u00f1ado para ayudar a los clientes a acelerar la transformaci\u00f3n y aprovechar el m\u00e1ximo potencial de la plataforma Genesys Cloud.<\/p>\n<p>[\/vc_column_text][\/vc_column][vc_column width=&#8221;5\/12&#8243; offset=&#8221;vc_col-sm-offset-1&#8243;][vc_single_image image=&#8221;601671&#8243; css=&#8221;&#8221; rounded_corners=&#8221;rounded&#8221;][\/vc_column][\/vc_row][\/vc_section][vc_section][vc_row][vc_column width=&#8221;1\/2&#8243;][vc_column_text css=&#8221;&#8221;]<\/p>\n<h2>Acelera la transformaci\u00f3n de tu negocio con socios de confianza<\/h2>\n<p>Los socios del programa Ascend de Genesys, los socios del portal AppFoundry, los integradores de sistemas globales y los socios tecnol\u00f3gicos estrat\u00e9gicos aportan idoneidad demostrada y conocimientos locales, as\u00ed como integraciones potentes que funcionan a la perfecci\u00f3n con Genesys AI para que puedas llevar tu estrategia de CX a un nivel superior.[\/vc_column_text][\/vc_column][vc_column width=&#8221;1\/2&#8243;][\/vc_column][\/vc_row][vc_row][vc_column width=&#8221;1\/3&#8243;][vc_column_text ct_style=&#8221;list-block&#8221; css=&#8221;&#8221;]<\/p>\n<h3 class=\"h5\">Innovadores<\/h3>\n<p>Mediante la introducci\u00f3n de funciones nuevas, herramientas avanzadas y tecnolog\u00edas emergentes, nuestros socios ampl\u00edan el ecosistema de Genesys con funcionalidad, integraciones inteligentes y soluciones de vanguardia que a\u00f1aden valor.[\/vc_column_text][\/vc_column][vc_column width=&#8221;1\/3&#8243;][vc_column_text ct_style=&#8221;list-block&#8221; css=&#8221;&#8221;]<\/p>\n<h3 class=\"h5\">Integrados<\/h3>\n<p>Los socios son una extensi\u00f3n del equipo de Genesys y del equipo del cliente, y est\u00e1n alineados con los objetivos del cliente y conectados con los nuestros. Las integraciones son fluidas y mejoran los flujos de datos, simplifican las operaciones y potencian a los equipos, de modo que puedan ofrecer experiencias proactivas, unificadas y personalizadas a escala.[\/vc_column_text][\/vc_column][vc_column width=&#8221;1\/3&#8243;][vc_column_text ct_style=&#8221;list-block&#8221; css=&#8221;&#8221;]<\/p>\n<h3 class=\"h5\">Impulsados por el valor<\/h3>\n<p>Entregamos a los socios las herramientas y los procesos que necesitan para optimizar cada paso del journey del cliente, desde la evaluaci\u00f3n inicial hasta la implementaci\u00f3n y la optimizaci\u00f3n continua. De esta manera, puedan obtener resultados medibles y garantizar el \u00e9xito del cliente a largo plazo.[\/vc_column_text][\/vc_column][\/vc_row][\/vc_section][vc_section flair=&#8221;%5B%7B%22hide_mobile%22%3A%22yes%22%7D%5D&#8221; css=&#8221;.vc_custom_1714456937508{background-position: center !important;background-repeat: no-repeat !important;background-size: cover !important;}&#8221;][vc_row equal_height=&#8221;yes&#8221; content_placement=&#8221;middle&#8221;][vc_column width=&#8221;5\/12&#8243; offset=&#8221;vc_hidden-xs&#8221;][vc_single_image image=&#8221;601672&#8243; css=&#8221;&#8221; rounded_corners=&#8221;rounded&#8221;][\/vc_column][vc_column width=&#8221;1\/2&#8243; offset=&#8221;vc_col-sm-offset-1&#8243;][vc_column_text css=&#8221;&#8221;]<\/p>\n<h2 class=\"h3\">Abre la puerta a una CX escalable con IA<\/h2>\n<p>Genesys desarroll\u00f3 un marco sencillo que describe los niveles de orquestaci\u00f3n de experiencias con el fin de ayudar a las organizaciones a atravesar el proceso de transici\u00f3n hacia experiencias del cliente con IA. Este marco te ayuda a trazar un camino claro que te permite saber lo que es posible realizar con la IA, as\u00ed como identificar d\u00f3nde te encuentras actualmente y dar los siguientes pasos estrat\u00e9gicos para modernizar los journey del cliente, aumentar el valor y brindar interacciones m\u00e1s conectadas y personalizadas.<\/p>\n<p>Nuestro ecosistema de socios desempe\u00f1a un papel fundamental a la hora de dar vida a este marco. Ya sea que reci\u00e9n est\u00e9s empezando a considerar la automatizaci\u00f3n o que est\u00e9s buscando ampliar la IA a toda la empresa, los socios de Genesys te ofrecen conocimiento especializado, experiencia en el sector y soporte en la implementaci\u00f3n para que puedas avanzar m\u00e1s r\u00e1pidamente.<br \/>\n[\/vc_column_text][\/vc_column][\/vc_row][\/vc_section][vc_section sec_modern_width=&#8221;enable&#8221; background_color=&#8221;bgc-lgray&#8221; flair=&#8221;%5B%7B%22flair_type%22%3A%22f_type_image%22%2C%22hide_mobile%22%3A%22yes%22%7D%5D&#8221; css=&#8221;.vc_custom_1749627756591{background-image: url(https:\/\/www.genesys.com\/media\/Genesys_Threads_209.png?id=569364) !important;}&#8221; el_class=&#8221;bg-cover bg-150-md bg-center bg-norepeat&#8221;][vc_row r_gutter_size=&#8221;gutter-small&#8221; background_color=&#8221;bgc-glass&#8221; equal_height=&#8221;yes&#8221; el_class=&#8221;py-3 px-1 px-lg-3 rounded mt-0&#8243;][vc_column offset=&#8221;vc_col-md-7&#8243; el_class=&#8221;mb-1&#8243;][vc_column_text css=&#8221;&#8221;]<\/p>\n<h2 class=\"h3\">El ecosistema de socios de Genesys<\/h2>\n<p>Los socios de Genesys adoptan diversas formas, pero comparten un mismo objetivo: ayudarte a crear experiencias del cliente de primer nivel con menos riesgos y un retorno de la inversi\u00f3n m\u00e1s r\u00e1pido.[\/vc_column_text][\/vc_column][vc_column elemental_order=&#8221;order-5&#8243; offset=&#8221;vc_col-md-5&#8243; el_class=&#8221;mt-2 mt-lg-0&#8243;][\/vc_column][vc_column width=&#8221;1\/2&#8243;]<a class=\"component card w-100 bgc-lgray vertical text-start nomedia   \" href=\"\/es-mx\/partners\/ascend-partners\" target=\"\" rel=\"\" ><div class=\"card-body\"><h3 class=\"h5\">Socios Ascend<\/h3>\n<p>Socios que aceleran el crecimiento mediante sus conocimientos especializados y que te ayudan a a obtener mejores resultados y generar un mayor impacto empresarial:<\/p>\n<ul>\n<li>Proveedores de soluciones que revenden las soluciones de Genesys<\/li>\n<li>Socios de referidos o distribuidores de soluciones tecnol\u00f3gicas (solo en Am\u00e9rica del Norte) que remiten oportunidades directamente a Genesys.<\/li>\n<li>Socios de servicios que implementan las soluciones de Genesys<\/li>\n<\/ul>\n<\/div><div class=\"card-footer text-end\"><div class=\"btn-container \"><div class=\"small mt-0 chevron arrow arrow-primary \" href=\"#\" target=\"\" rel=\"\">Obtener m\u00e1s informaci\u00f3n<\/div><\/div><\/div><\/a>[\/vc_column][vc_column width=&#8221;1\/2&#8243;]<a class=\"component card w-100 bgc-lgray vertical text-start nomedia   \" href=\"\/es-mx\/global-system-integrators\" target=\"\" rel=\"\" ><div class=\"card-body\"><h3 class=\"h5\">Integradores de sistemas globales<\/h3>\n<p>Expertos en transformaci\u00f3n de la CX que aportan:<\/p>\n<ul>\n<li>Profundo conocimiento y experiencia del sector<\/li>\n<li>Idoneidad en gesti\u00f3n del cambio<\/li>\n<li>Metodolog\u00edas comprobadas para conectar personas, procesos y tecnolog\u00eda<\/li>\n<\/ul>\n<\/div><div class=\"card-footer text-end\"><div class=\"btn-container \"><div class=\"small mt-0 chevron arrow arrow-primary \" href=\"#\" target=\"\" rel=\"\">Obtener m\u00e1s informaci\u00f3n<\/div><\/div><\/div><\/a>[\/vc_column][vc_column width=&#8221;1\/2&#8243;]<a class=\"component card w-100 bgc-lgray vertical text-start nomedia   \" href=\"\/es-mx\/partners\/global-strategic-alliances\" target=\"\" rel=\"\" ><div class=\"card-body\"><h3 class=\"h5\">Socios tecnol\u00f3gicos estrat\u00e9gicos<\/h3>\n<p>Empresas l\u00edderes a nivel mundial que:<\/p>\n<ul>\n<li>Cuentan con tecnolog\u00edas de vanguardia para impulsar la transformaci\u00f3n digital.<\/li>\n<li>Crean integraciones fluidas entre plataformas, procesos y experiencias del cliente.<\/li>\n<li>Ayudan a los clientes en la nube a crecer de forma eficiente y obtener m\u00e1s valor a partir de sus inversiones.<\/li>\n<\/ul>\n<\/div><div class=\"card-footer text-end\"><div class=\"btn-container \"><div class=\"small mt-0 chevron arrow arrow-primary \" href=\"#\" target=\"\" rel=\"\">Obtener m\u00e1s informaci\u00f3n<\/div><\/div><\/div><\/a>[\/vc_column][vc_column width=&#8221;1\/2&#8243;]<a class=\"component card w-100 bgc-lgray vertical text-start nomedia   \" href=\"\/es-mx\/partners\/appfoundry\" target=\"\" rel=\"\" ><div class=\"card-body\"><h3 class=\"h5\">Socios de AppFoundry<\/h3>\n<p>Ampl\u00edan la plataforma de Genesys para:<\/p>\n<ul>\n<li>Satisfacer las necesidades espec\u00edficas de los clientes<\/li>\n<li>Elevar y enriquecer las experiencias de los clientes<\/li>\n<li>Llegar a nuevos clientes a trav\u00e9s de Genesys AppFoundry\u00ae, nuestro portal de aplicaciones empresariales<\/li>\n<\/ul>\n<\/div><div class=\"card-footer text-end\"><div class=\"btn-container \"><div class=\"small mt-0 chevron arrow arrow-primary \" href=\"#\" target=\"\" rel=\"\">Obtener m\u00e1s informaci\u00f3n<\/div><\/div><\/div><\/a>[\/vc_column][\/vc_row][\/vc_section][vc_section][vc_row][vc_column offset=&#8221;vc_col-md-offset-1 vc_col-md-10&#8243;]<a class=\"component-cta-block card w-100 h-100 bgc-lgray centered cta-text-start \"  href=\"\/es-mx\/blog\/post\/deliver-the-next-level-of-experience-with-genesys-cloud-ai-studio-and-ai-guides\" target=\"\" rel=\"\"><div class=\"row align-items-center image-stack card-body\"><div class=\"col-content col-md-7\"><div class=\"content-container\"><h2 class=\"text-balance\">Una CX construida para tu negocio<\/h2>\n<p>Con Genesys Cloud AI Studio y AI Guides, nuestros socios te ayudan a escalar la IA en tu ecosistema de CX a trav\u00e9s de flujos de trabajo inteligentes que detectan, comprenden y responden en el momento, de modo que puedas generar m\u00e1s valor con menos esfuerzo manual.<\/p>\n<\/div><div class=\" btn-container mt-2\"><div class=\"btn btn-secondary\">Obtener m\u00e1s informaci\u00f3n<\/div><\/div><\/div><div class=\"col-image col-md-5 flex-column justify-content-center mt-1 mt-lg-0 img-top-container no-offset\"><img decoding=\"async\" width=\"818\" height=\"547\" src=\"https:\/\/www.genesys.com\/media\/AI-Guide-Blog-Hero-1071x716-F-e1750784463547.png\" alt=\"\" class=\"rounded\"><\/div><\/div><\/a>[\/vc_column][\/vc_row][\/vc_section][vc_section flair=&#8221;%5B%7B%22hide_mobile%22%3A%22yes%22%7D%5D&#8221; css=&#8221;.vc_custom_1714457585759{background-position: center !important;background-repeat: no-repeat !important;background-size: cover !important;}&#8221; el_id=&#8221;findapartner&#8221;][vc_row][vc_column width=&#8221;1\/2&#8243;][vc_column_text css=&#8221;&#8221;]<\/p>\n<h2 class=\"h3\">Encuentra a un socio<\/h2>\n<p>Nuestro ecosistema cuenta con miles de empresas en todo el abanico de socios. Analiza las soluciones que ofrecen o consigue tus propios recursos a trav\u00e9s de nuestro mapa de socios, portal de aplicaciones y portal de recursos.[\/vc_column_text][\/vc_column][vc_column width=&#8221;1\/2&#8243;][\/vc_column][\/vc_row][vc_row r_gutter_size=&#8221;gutter-small&#8221; equal_height=&#8221;yes&#8221;][vc_column width=&#8221;1\/3&#8243;]<a class=\"component card w-100 bgc-lgray vertical text-start nomedia   \" href=\"\/partners\/partner-finder\" target=\"_blank\" rel=\"\" ><div class=\"card-body\"><h3 class=\"h5\">Buscador de socios<\/h3>\n<p>Explora el mapa de socios de nuestro ecosistema global.<\/p>\n<\/div><div class=\"card-footer text-end\"><div class=\"btn-container \"><div class=\"small mt-0 chevron arrow arrow-primary \" href=\"#\" target=\"\" rel=\"\">Ver el mapa de socios<\/div><\/div><\/div><\/a>[\/vc_column][vc_column width=&#8221;1\/3&#8243;]<a class=\"component card w-100 bgc-lgray vertical text-start nomedia   \" href=\"https:\/\/appfoundry.genesys.com\/\" target=\"_blank\" rel=\"\" ><div class=\"card-body\"><h3 class=\"h5\">Portal AppFoundry<\/h3>\n<p>Explora las aplicaciones e integraciones cuidadosamente seleccionadas que AppFoundry ofrece.<\/p>\n<\/div><div class=\"card-footer text-end\"><div class=\"btn-container \"><div class=\"small mt-0 chevron arrow arrow-primary \" href=\"#\" target=\"\" rel=\"\">Visitar AppFoundry<\/div><\/div><\/div><\/a>[\/vc_column][vc_column width=&#8221;1\/3&#8243;]<a class=\"component card w-100 bgc-lgray vertical text-start nomedia   \" href=\"https:\/\/genesys.my.site.com\/GenesysPartner\/PartnerLogin\" target=\"_blank\" rel=\"noopener\" ><div class=\"card-body\"><h3 class=\"h5\">Inicio de sesi\u00f3n en el portal<\/h3>\n<p>Los socios actuales pueden iniciar sesi\u00f3n en el portal.<\/p>\n<\/div><div class=\"card-footer text-end\"><div class=\"btn-container \"><div class=\"small mt-0 chevron arrow arrow-primary \" href=\"#\" target=\"\" rel=\"\">Iniciar sesi\u00f3n<\/div><\/div><\/div><\/a>[\/vc_column][\/vc_row][\/vc_section][vc_section flair=&#8221;%5B%7B%22hide_mobile%22%3A%22yes%22%7D%5D&#8221; el_class=&#8221;z-index-2&#8243;][vc_row][vc_column width=&#8221;1\/2&#8243;][vc_column_text css=&#8221;&#8221;]<\/p>\n<h2 class=\"h3\">Recursos<\/h2>\n<p>[\/vc_column_text][\/vc_column][vc_column width=&#8221;1\/2&#8243;][\/vc_column][\/vc_row][vc_row r_gutter_size=&#8221;gutter-small&#8221; equal_height=&#8221;yes&#8221;][vc_column]<div class=\"related-posts-container next-steps-module w-100\"><div class=\"inner-container scrollable-row-container\"><div class=\"row align-items-stretch gutter-small col-count-6 scrollable-row\"><div class=\"col-12 primary-item item-image grid-item card-col item-image grid_type-\"><a class=\"card w-100 h-100 bgc-lgray component-cta-block centered cta-text-end\" href=\"\/es-mx\/company\/newsroom\/announcements\/genesys-earns-spot-on-crns-cloud-100-list-for-2025\"><div class=\"row align-items-stretch image-stack chevron-only card-body\"><div class=\"col-image col-md-5 flex-column justify-content-center img-top-container no-offset\"><img decoding=\"async\" class=\"rounded\" src=\"https:\/\/www.genesys.com\/media\/pr-genesys-earns-spot-on-crns-cloud-100-list-for-2025-thumbnail.png\" height=\"463\" width=\"792\" alt=\"Pr genesys earns spot on crns cloud 100 list for 2025 thumbnail\"><\/div><div class=\"col-content col-md-7 mt-lg-0\"><div class=\"content-container align-self-start align-self-md-center\"><p class=\"assettag\">Anuncio<\/p><h3 class=\"item-title mb-0\">Genesys entra en la lista Cloud 100 de CRN para 2025<\/h3><\/div><div class=\"justify-content-end btn-container\"><div class=\"btn chevron small only btn-secondary\"><\/div><\/div><\/div><\/div><\/a><\/div><div class=\"col-md-4 vertical-cards grid-item card-col item-image grid_type-resources\"><a class=\"card w-100 h-100 bgc-lgray component vertical text-start thumbnail chevron-only\" href=\"https:\/\/www.genesys.com\/es-mx\/resources\/contact-center-buyers-guide\"><div class=\"thumbnail-col thubmnail\"><img decoding=\"async\" src=\"https:\/\/www.genesys.com\/media\/820x464-Resource-Thumbnail-Ebook-Buyers-Guide-for-AI-and-CX.jpg\" height=\"464\" width=\"820\" alt=\"820&#215;464 resource thumbnail ebook buyers guide for ai and cx\"><\/div><div class=\"card-body text-col\"><p class=\"assettag\">Ebook<\/p><h3 class=\"item-title h6\">Gu\u00eda del comprador de contact center<\/h3><\/div><div class=\"card-footer text-end\"><div class=\"justify-content-end btn-container\"><div class=\"btn chevron small only btn-secondary\"><\/div><\/div><\/div><\/a><\/div><div class=\"col-md-4 vertical-cards grid-item card-col item-image grid_type-blog\"><a class=\"card w-100 h-100 bgc-lgray component vertical text-start thumbnail chevron-only\" href=\"https:\/\/www.genesys.com\/es-mx\/blog\/post\/ai-for-the-experience-economy-how-to-deliver-the-next-level-of-experience\"><div class=\"thumbnail-col thubmnail\"><img decoding=\"async\" src=\"https:\/\/www.genesys.com\/media\/2560x1707-Blog-Image-AI-for-the-Experience-Economy-e1751340246402.png\" height=\"547\" width=\"820\" alt=\"\"><\/div><div class=\"card-body text-col\"><p class=\"assettag\">Blog<\/p><h3 class=\"item-title h6\">Vamos al siguiente nivel: Inteligencia artificial para la Econom\u00eda de la experiencia.<\/h3><\/div><div class=\"card-footer text-end\"><div class=\"justify-content-end btn-container\"><div class=\"btn chevron small only btn-secondary\"><\/div><\/div><\/div><\/a><\/div><div class=\"col-md-4 vertical-cards grid-item card-col item-image grid_type-blog\"><a class=\"card w-100 h-100 bgc-lgray component vertical text-start thumbnail chevron-only\" href=\"https:\/\/www.genesys.com\/es-mx\/blog\/post\/the-levels-of-experience-orchestration\"><div class=\"thumbnail-col thubmnail\"><img decoding=\"async\" src=\"https:\/\/www.genesys.com\/media\/Levels-of-Experience-Orchestration-blog-image-820-x-548.webp\" height=\"547\" width=\"820\" alt=\"\"><\/div><div class=\"card-body text-col\"><p class=\"assettag\">Blog<\/p><h3 class=\"item-title h6\">Los niveles de orquestaci\u00f3n de la experiencia<\/h3><\/div><div class=\"card-footer text-end\"><div class=\"justify-content-end btn-container\"><div class=\"btn chevron small only btn-secondary\"><\/div><\/div><\/div><\/a><\/div><div class=\"col-md-6 horizontal-cards item-image grid-item card-col item-image grid_type-\"><div class=\"card w-100 h-100 bgc-lgray component horizontal text-start thumbnail chevron-only\"><div class=\"row align-items-center\"><div class=\"col-12 col-md-5 col-lg-6\"><div class=\"thumbnail-col thubmnail\"><img decoding=\"async\" src=\"https:\/\/www.genesys.com\/media\/820x464-Resource-Thumbnail-Ebook-Deliver-the-next-level-of-experience-with-an-AI-powered-CX-ecosystem.jpg\" height=\"464\" width=\"820\" alt=\"820&#215;464 resource thumbnail ebook deliver the next level of experience with an ai powered cx ecosystem\"><\/div><\/div><div class=\"col-12 col-md-7 col-lg-6\"><div class=\"card-body text-col ps-0\"><p class=\"assettag\">eBook<\/p><h3 class=\"item-title h6\">eBook sobre el ecosistema de socios<\/h3><\/div><\/div><\/div><\/div><\/div><div class=\"col-md-6 horizontal-cards item-image grid-item card-col item-image grid_type-\"><a class=\"card w-100 h-100 bgc-lgray component horizontal text-start thumbnail chevron-only\" href=\"https:\/\/www.genesys.com\/es-mx\/resources\/five-trendsetters-in-ai-innovation\"><div class=\"row align-items-center\"><div class=\"col-12 col-md-5 col-lg-6\"><div class=\"thumbnail-col thubmnail\"><img decoding=\"async\" src=\"https:\/\/www.genesys.com\/media\/five-trendsetters-in-ai-innovation.jpg\" height=\"464\" width=\"820\" alt=\"Five trendsetters in ai innovation\"><\/div><\/div><div class=\"col-12 col-md-7 col-lg-6\"><div class=\"card-body text-col ps-0\"><p class=\"assettag\">eBook<\/p><h3 class=\"item-title h6\">Descubre c\u00f3mo los l\u00edderes del sector est\u00e1n redefiniendo la CX mediante la IA<\/h3><\/div><div class=\"card-footer text-end ps-0\"><div class=\"justify-content-end btn-container\"><div class=\"btn chevron small only btn-secondary\"><\/div><\/div><\/div><\/div><\/div><\/a><\/div><\/div><\/div><\/div>[\/vc_column][\/vc_row][\/vc_section][vc_section][vc_row][vc_column]<a class=\"component-cta-block card w-100 h-100 bgc-lgray centered cta-text-center \"  href=\"\/partners\/genesys-partner-portal-login\" target=\"\" rel=\"\"><div class=\"card-body text-center col-content\"><h2 class=\"h3\">Convi\u00e9rtete en socio de Genesys<\/h2>\n<p>Tu conocimiento y experiencia para la red de socios y el ecosistema de Genesys es invalorable. S\u00fam\u00e1te al programa para socios de Genesys y encuentra las herramientas, la capacitaci\u00f3n y el soporte que necesitas para desarrollar tu negocio, aumentar la rentabilidad y los ingresos, impulsar las ventas y obtener reconocimiento. Da el primer paso para maximizar el potencial de tu marca. Convi\u00e9rtete en socio de Genesys hoy mismo.<\/p>\n<div class=\" btn-container justify-content-center mt-2\"><div class=\"btn btn-primary\">Comenzar<\/div><\/div><\/div><\/a>[\/vc_column][\/vc_row][\/vc_section]<\/p>\n<\/div>","protected":false},"excerpt":{"rendered":"<p>[vc_section sec_modern_width=&#8221;enable&#8221; background_color=&#8221;bgc-lgray&#8221; flair=&#8221;%5B%7B%22flair_type%22%3A%22f_type_image%22%2C%22hide_mobile%22%3A%22yes%22%7D%5D&#8221; vib=&#8221;enable&#8221; css=&#8221;.vc_custom_1760042427123{background-position: center !important;background-repeat: no-repeat !important;background-size: cover !important;}&#8221;][vc_row equal_height=&#8221;yes&#8221; content_placement=&#8221;middle&#8221;][vc_column width=&#8221;1\/2&#8243;][vc_column_text css=&#8221;&#8221;] Potencia la orquestaci\u00f3n de experiencias a trav\u00e9s de los socios de Genesys Nuestro ecosistema global de socios, que est\u00e1 compuesto por los socios del programa Ascend de Genesys, los socios del portal AppFoundry, los integradores de sistemas globales y [&hellip;]<\/p>\n","protected":false},"author":1,"featured_media":0,"parent":0,"menu_order":11,"comment_status":"closed","ping_status":"closed","template":"","meta":{"_acf_changed":false,"footnotes":""},"class_list":["post-102850","page","type-page","status-publish","hentry"],"acf":[],"_links":{"self":[{"href":"https:\/\/www.genesys.com\/es-mx\/wp-json\/wp\/v2\/pages\/102850","targetHints":{"allow":["GET"]}}],"collection":[{"href":"https:\/\/www.genesys.com\/es-mx\/wp-json\/wp\/v2\/pages"}],"about":[{"href":"https:\/\/www.genesys.com\/es-mx\/wp-json\/wp\/v2\/types\/page"}],"author":[{"embeddable":true,"href":"https:\/\/www.genesys.com\/es-mx\/wp-json\/wp\/v2\/users\/1"}],"replies":[{"embeddable":true,"href":"https:\/\/www.genesys.com\/es-mx\/wp-json\/wp\/v2\/comments?post=102850"}],"version-history":[{"count":20,"href":"https:\/\/www.genesys.com\/es-mx\/wp-json\/wp\/v2\/pages\/102850\/revisions"}],"predecessor-version":[{"id":608787,"href":"https:\/\/www.genesys.com\/es-mx\/wp-json\/wp\/v2\/pages\/102850\/revisions\/608787"}],"wp:attachment":[{"href":"https:\/\/www.genesys.com\/es-mx\/wp-json\/wp\/v2\/media?parent=102850"}],"curies":[{"name":"wp","href":"https:\/\/api.w.org\/{rel}","templated":true}]}}