{"id":102836,"date":"2018-10-26T14:39:32","date_gmt":"2018-10-26T21:39:32","guid":{"rendered":"https:\/\/www.genesys.com\/?page_id=102836"},"modified":"2026-01-07T20:24:11","modified_gmt":"2026-01-08T04:24:11","slug":"company","status":"publish","type":"page","link":"https:\/\/www.genesys.com\/es-mx\/company","title":{"rendered":"Empresa"},"content":{"rendered":"<div class=\"wpb-content-wrapper\"><p>[vc_section sec_modern_width=&#8221;enable&#8221; background_color=&#8221;bgc-lgray&#8221; flair=&#8221;%5B%7B%22flair_type%22%3A%22f_type_image%22%2C%22flair_image%22%3A%22561577%22%2C%22flair_width%22%3A%221220px%22%2C%22flair_right%22%3A%22-10%25%22%2C%22flair_bottom%22%3A%220%22%7D%5D&#8221; vib=&#8221;enable&#8221;][vc_row content_placement=&#8221;middle&#8221;][vc_column background_color=&#8221;bgc-glass&#8221; width=&#8221;2\/3&#8243; el_class=&#8221;px-md-3 py-md-5&#8243; offset=&#8221;vc_col-md-5&#8243;][vc_column_text css=&#8221;&#8221;]<\/p>\n<h1>Acerca de Genesys<\/h1>\n<p>Genesys potencia a m\u00e1s de 8000 organizaciones en m\u00e1s de 100 pa\u00edses y redefine el futuro de la experiencia del cliente, de modo que puedan brindar experiencias emp\u00e1ticas y personalizadas a escala.[\/vc_column_text][\/vc_column][\/vc_row][\/vc_section][vc_section background_color=&#8221;bgc-lgray&#8221; flair=&#8221;%5B%7B%22flair_type%22%3A%22f_type_image%22%2C%22hide_mobile%22%3A%22yes%22%7D%5D&#8221; el_class=&#8221;mt-2 mt-lg-5&#8243;][vc_row][vc_column width=&#8221;1\/2&#8243;][vc_column_text css=&#8221;&#8221;]<\/p>\n<h2>Qui\u00e9nes somos<\/h2>\n<p>A trav\u00e9s de nuestra innovadora plataforma de orquestaci\u00f3n de experiencias impulsada por IA, ayudamos a organizaciones de todos los tama\u00f1os a mejorar la lealtad y los resultados comerciales mediante la creaci\u00f3n de las mejores experiencias para clientes y empleados.[\/vc_column_text][\/vc_column][\/vc_row][vc_row r_gutter_size=&#8221;gutter-small&#8221; r_scrollable=&#8221;yes&#8221; equal_height=&#8221;yes&#8221;][vc_column width=&#8221;1\/3&#8243;]<a class=\"component card w-100 bgc-glass vertical text-start nomedia   \" href=\"\/company\/leadership\" target=\"\" rel=\"\" ><div class=\"card-body\"><h3 class=\"h5\">los puestos de liderazgo<\/h3>\n<p>Nuestro equipo de liderazgo cuenta con una vasta experiencia en el sector y una visi\u00f3n en la que la empat\u00eda es el motor de la tecnolog\u00eda. A trav\u00e9s de una perspectiva estrat\u00e9gica y un abordaje centrado en los clientes, nuestros directivos impulsan a Genesys a ofrecer valor y resultados excepcionales.<\/p>\n<\/div><div class=\"card-footer text-end\"><div class=\"btn-container \"><div class=\"small mt-0 chevron arrow arrow-primary \" href=\"#\" target=\"\" rel=\"\">Obtenga m\u00e1s informaci\u00f3n<\/div><\/div><\/div><\/a>[\/vc_column][vc_column width=&#8221;1\/3&#8243;]<a class=\"component card w-100 bgc-glass vertical text-start nomedia   \" href=\"\/es-mx\/company\/sustainability\" target=\"\" rel=\"\" ><div class=\"card-body\"><h3 class=\"h5\">Sostenibilidad<\/h3>\n<p>La sostenibilidad es fundamental para nuestra misi\u00f3n, por lo que constantemente nos\u00a0esforzamos por reducir nuestro impacto ambiental a nivel mundial. Genesys tiene un fuerte compromiso con las pr\u00e1cticas empresariales responsables, desde las operaciones diarias hasta los objetivos de sostenibilidad m\u00e1s amplios.<\/p>\n<\/div><div class=\"card-footer text-end\"><div class=\"btn-container \"><div class=\"small mt-0 chevron arrow arrow-primary \" href=\"#\" target=\"\" rel=\"\">Obtenga m\u00e1s informaci\u00f3n<\/div><\/div><\/div><\/a>[\/vc_column][vc_column width=&#8221;1\/3&#8243;]<a class=\"component card w-100 bgc-glass vertical text-start nomedia   \" href=\"\/es-mx\/company\/newsroom\/awards-and-recognitions\" target=\"\" rel=\"\" ><div class=\"card-body\"><h3 class=\"h5\">Premios y reconocimiento<\/h3>\n<p>Durante m\u00e1s de tres d\u00e9cadas, nos hemos dedicado a ofrecer experiencias transformadoras y significativas que nos ha hecho merecedores de numerosos premios en las \u00e1reas de experiencia del cliente, liderazgo en IA e engagement de empleados.<\/p>\n<\/div><div class=\"card-footer text-end\"><div class=\"btn-container \"><div class=\"small mt-0 chevron arrow arrow-primary \" href=\"#\" target=\"\" rel=\"\">Obtenga m\u00e1s informaci\u00f3n<\/div><\/div><\/div><\/a>[\/vc_column][\/vc_row][\/vc_section][vc_section][vc_row][vc_column width=&#8221;1\/2&#8243;][vc_column_text css=&#8221;&#8221;]<\/p>\n<h2>Lo que hacemos<\/h2>\n<p>En Genesys, ofrecemos IA para la actual econom\u00eda de la experiencia a trav\u00e9s de soluciones eficaces, servicios especializados y colaboraciones estrat\u00e9gicas que ayudan a las organizaciones a orquestar interacciones m\u00e1s inteligentes a escala.[\/vc_column_text][\/vc_column][\/vc_row][vc_row][vc_column width=&#8221;1\/2&#8243;]<div class=\"genesys-image align-center play-button\"><a class=\"video-lightbox\" href=\"https:\/\/www.youtube.com\/embed\/SpQlpPLK_H8?rel=0\"><img decoding=\"async\" src=\"https:\/\/www.genesys.com\/media\/genesys-experience-economy-video.png\" alt=\"Genesys experience economy video\" width=\"824\" height=\"600\" class=\"rounded-xs\"\/><div class=\"video-backdrop\"><\/div><div class=\"play-btn bgc-white rounded d-flex align-items-center justify-content-center\"><div class=\"play-icon d-flex align-items-center justify-content-center\"><i class=\"fa-kit fa-play\"><\/i><\/div><div class=\"play-label ms-1\"><p class=\"mb-0 play-title\">Play<\/p><\/div><\/div><\/a><\/div>[\/vc_column][vc_column width=&#8221;1\/2&#8243;]<a class=\"component card w-100 bgc-lgray vertical text-start nomedia  chevron-only  \" href=\"\/es-mx\/genesys-cloud\" target=\"\" rel=\"\" ><div class=\"card-body\"><h3 class=\"h4\">Soluciones<\/h3>\n<p>Brindamos soluciones potenciadas con IA que permiten ofrecer experiencias personalizadas en todos los puntos de contacto. Desde los contact centers hasta la IA conversacional, nuestras soluciones garantizan que cada interacci\u00f3n sea fluida y satisfaga las necesidades reales de los clientes.<\/p>\n<\/div><div class=\"card-footer text-end\"><div class=\"btn-container justify-content-end\"><div class=\"small mt-0 chevron btn btn-secondary  only\"><\/div><\/div><\/div><\/a><a class=\"component card w-100 bgc-lgray vertical text-start nomedia  chevron-only  \" href=\"\/es-mx\/customer-success\/professional-services\" target=\"\" rel=\"\" ><div class=\"card-body\"><h3 class=\"h4\">Servicios<\/h3>\n<p>Nuestros servicios profesionales apoyan a las empresas en cada paso, desde el proceso de incorporaci\u00f3n y capacitaci\u00f3n hasta la asistencia en consultor\u00eda estrat\u00e9gica. Nuestros expertos t\u00e9cnicos y estrat\u00e9gicos ayudan a los equipos a optimizar las experiencias y utilizar nuestras herramientas para alcanzar sus objetivos de una manera concreta y cuantificable.<\/p>\n<\/div><div class=\"card-footer text-end\"><div class=\"btn-container justify-content-end\"><div class=\"small mt-0 chevron btn btn-secondary  only\"><\/div><\/div><\/div><\/a><a class=\"component card w-100 bgc-lgray vertical text-start nomedia  chevron-only  \" href=\"\/es-mx\/partners\" target=\"\" rel=\"\" ><div class=\"card-body\"><h3 class=\"h4\">Socios<\/h3>\n<p>Nuestra red global de colaboradores combina la experiencia y el conocimiento de Genesys con una amplia gama de socios l\u00edderes en tecnolog\u00eda. Juntos creamos experiencias enriquecidas y personalizadas que agregan valor a nuestros clientes en todos los sectores y en todo el mundo.<\/p>\n<\/div><div class=\"card-footer text-end\"><div class=\"btn-container justify-content-end\"><div class=\"small mt-0 chevron btn btn-secondary  only\"><\/div><\/div><\/div><\/a>[\/vc_column][\/vc_row][\/vc_section][vc_section][vc_row][vc_column width=&#8221;1\/2&#8243;][vc_column_text css=&#8221;&#8221;]<\/p>\n<h2>Las personas est\u00e1n en el centro de todo lo que hacemos<\/h2>\n<p>[\/vc_column_text][\/vc_column][\/vc_row][vc_row r_scrollable=&#8221;yes&#8221; equal_height=&#8221;yes&#8221;][vc_column width=&#8221;1\/3&#8243;]<a class=\"component card w-100 bgc-lgray vertical text-start nomedia  chevron-only  \" href=\"\/es-mx\/company\/careers\" target=\"\" rel=\"\" ><div class=\"card-body\"><h3>Carreras<\/h3>\n<p>Ayude a definir el futuro de la experiencia del cliente. \u00danase a un equipo diverso que cree en la sinceridad, la diversi\u00f3n y el apoyo mutuo.<\/p>\n<\/div><div class=\"card-footer text-end\"><div class=\"btn-container justify-content-end\"><div class=\"small mt-0 chevron btn btn-secondary  only\"><\/div><\/div><\/div><\/a>[\/vc_column][vc_column width=&#8221;1\/3&#8243;]<a class=\"component card w-100 bgc-lgray vertical text-start nomedia  chevron-only  \" href=\"\/company\/diversity\" target=\"\" rel=\"\" ><div class=\"card-body\"><h3>Inclusi\u00f3n<\/h3>\n<p>Creemos que la inclusi\u00f3n es esencial para forjar una cultura pr\u00f3spera y creativa de la que todos se sienten parte.<\/p>\n<\/div><div class=\"card-footer text-end\"><div class=\"btn-container justify-content-end\"><div class=\"small mt-0 chevron btn btn-secondary  only\"><\/div><\/div><\/div><\/a>[\/vc_column][vc_column width=&#8221;1\/3&#8243;]<a class=\"component card w-100 bgc-lgray vertical text-start nomedia  chevron-only  \" href=\"https:\/\/www.genesys.com\/es-mx\/contact-us\" target=\"\" rel=\"\" ><div class=\"card-body\"><h3>Oficinas<\/h3>\n<p>Genesys cuenta con un equipo global de miles de personas con una misi\u00f3n com\u00fan y que colaboran en oficinas ubicadas en todo el mundo.<\/p>\n<\/div><div class=\"card-footer text-end\"><div class=\"btn-container justify-content-end\"><div class=\"small mt-0 chevron btn btn-secondary  only\"><\/div><\/div><\/div><\/a>[\/vc_column][\/vc_row][\/vc_section][vc_section background_color=&#8221;bgc-lgray&#8221; flair=&#8221;%5B%7B%22flair_type%22%3A%22f_type_image%22%2C%22hide_mobile%22%3A%22yes%22%7D%5D&#8221;][vc_row][vc_column width=&#8221;1\/2&#8243;][vc_column_text css=&#8221;&#8221;]<\/p>\n<h2 class=\"h3\">Genesys es l\u00edder mundial en soluciones de experiencia del cliente y contact centers en la nube<\/h2>\n<p>[\/vc_column_text][\/vc_column][\/vc_row][vc_row][vc_column width=&#8221;1\/3&#8243;][vc_column_text ct_style=&#8221;stat&#8221; css=&#8221;&#8221;]<\/p>\n<p class=\"h2\">Desde 1990<\/p>\n<p>Hemos ayudado a miles de peque\u00f1as, medianas y grandes empresas. Actualmente, prestamos servicio a m\u00e1s de 8000.[\/vc_column_text][\/vc_column][vc_column width=&#8221;1\/3&#8243;][vc_column_text ct_style=&#8221;stat&#8221; css=&#8221;&#8221;]<\/p>\n<p class=\"h2\">M\u00e1s de 100 pa\u00edses<\/p>\n<p>Organizaciones en m\u00e1s de 100 pa\u00edses y seis continentes depositan su confianza en las soluciones de Genesys, por lo que nuestra cobertura es verdaderamente global.[\/vc_column_text][\/vc_column][vc_column width=&#8221;1\/3&#8243;][vc_column_text ct_style=&#8221;stat&#8221; css=&#8221;&#8221;]<\/p>\n<p class=\"h2\">M\u00e1s de 6000 empleados<\/p>\n<p>Los empleados de Genesys trabajan juntos para crear las mejores experiencias del cliente.[\/vc_column_text][\/vc_column][\/vc_row][\/vc_section][vc_section][vc_row][vc_column]<a class=\"component-cta-block card w-100 h-100 bgc-glass centered cta-text-start  vc_custom_1741988229723\"  style=\"--ob-bg-mobile:url(https:\/\/www.genesys.com\/media\/Discover-the-Genesys-Experience-Index-mobile.png);\"  href=\"https:\/\/www.genesys.com\/experience-index\" target=\"\" rel=\"\"><div class=\"row align-items-center image-stack card-body\"><div class=\"col-content col-md-4\"><div class=\"content-container\"><h2 class=\"h3 text-balance\">Descubra Genesys\u00a0Experience\u00a0Index<\/h2>\n<p>Sepa qu\u00e9 es importante para sus clientes y empleados, y mejore los programas Voz del cliente y Voz del empleado, a trav\u00e9s de la metodolog\u00eda Genesys Experience Index\u2122.<\/p>\n<\/div><div class=\" btn-container mt-2\"><div class=\"btn btn-primary\">Obtenga m\u00e1s informaci\u00f3n<\/div><\/div><\/div><\/div><\/a>[\/vc_column][\/vc_row][\/vc_section]<\/p>\n<\/div>","protected":false},"excerpt":{"rendered":"<p>[vc_section sec_modern_width=&#8221;enable&#8221; background_color=&#8221;bgc-lgray&#8221; flair=&#8221;%5B%7B%22flair_type%22%3A%22f_type_image%22%2C%22flair_image%22%3A%22561577%22%2C%22flair_width%22%3A%221220px%22%2C%22flair_right%22%3A%22-10%25%22%2C%22flair_bottom%22%3A%220%22%7D%5D&#8221; vib=&#8221;enable&#8221;][vc_row content_placement=&#8221;middle&#8221;][vc_column background_color=&#8221;bgc-glass&#8221; width=&#8221;2\/3&#8243; el_class=&#8221;px-md-3 py-md-5&#8243; offset=&#8221;vc_col-md-5&#8243;][vc_column_text css=&#8221;&#8221;] Acerca de Genesys Genesys potencia a m\u00e1s de 8000 organizaciones en m\u00e1s de 100 pa\u00edses y redefine el futuro de la experiencia del cliente, de modo que puedan brindar experiencias emp\u00e1ticas y personalizadas a escala.[\/vc_column_text][\/vc_column][\/vc_row][\/vc_section][vc_section background_color=&#8221;bgc-lgray&#8221; flair=&#8221;%5B%7B%22flair_type%22%3A%22f_type_image%22%2C%22hide_mobile%22%3A%22yes%22%7D%5D&#8221; el_class=&#8221;mt-2 mt-lg-5&#8243;][vc_row][vc_column width=&#8221;1\/2&#8243;][vc_column_text css=&#8221;&#8221;] Qui\u00e9nes somos [&hellip;]<\/p>\n","protected":false},"author":1,"featured_media":0,"parent":0,"menu_order":8,"comment_status":"closed","ping_status":"closed","template":"","meta":{"_acf_changed":false,"footnotes":""},"class_list":["post-102836","page","type-page","status-publish","hentry"],"acf":[],"_links":{"self":[{"href":"https:\/\/www.genesys.com\/es-mx\/wp-json\/wp\/v2\/pages\/102836","targetHints":{"allow":["GET"]}}],"collection":[{"href":"https:\/\/www.genesys.com\/es-mx\/wp-json\/wp\/v2\/pages"}],"about":[{"href":"https:\/\/www.genesys.com\/es-mx\/wp-json\/wp\/v2\/types\/page"}],"author":[{"embeddable":true,"href":"https:\/\/www.genesys.com\/es-mx\/wp-json\/wp\/v2\/users\/1"}],"replies":[{"embeddable":true,"href":"https:\/\/www.genesys.com\/es-mx\/wp-json\/wp\/v2\/comments?post=102836"}],"version-history":[{"count":17,"href":"https:\/\/www.genesys.com\/es-mx\/wp-json\/wp\/v2\/pages\/102836\/revisions"}],"predecessor-version":[{"id":610812,"href":"https:\/\/www.genesys.com\/es-mx\/wp-json\/wp\/v2\/pages\/102836\/revisions\/610812"}],"wp:attachment":[{"href":"https:\/\/www.genesys.com\/es-mx\/wp-json\/wp\/v2\/media?parent=102836"}],"curies":[{"name":"wp","href":"https:\/\/api.w.org\/{rel}","templated":true}]}}