{"id":102820,"date":"2018-10-26T14:38:56","date_gmt":"2018-10-26T21:38:56","guid":{"rendered":"https:\/\/www.genesys.com\/?page_id=102820"},"modified":"2021-02-09T23:53:20","modified_gmt":"2021-02-10T07:53:20","slug":"purebridge-for-individuals","status":"publish","type":"page","link":"https:\/\/www.genesys.com\/es-mx\/better-results\/purebridge-for-individuals","title":{"rendered":"PureBridge para individuos"},"content":{"rendered":"<div class=\"wpb-content-wrapper\"><p>[vc_section full_width=&#8221;stretch_row&#8221; el_class=&#8221;section_header&#8221; css=&#8221;.vc_custom_1524059717904{background-image: url(https:\/\/www.genesys.com\/media\/Customer-Experience-Achieve-Better-Results.jpg?id=8346) !important;}&#8221;][vc_row equal_height=&#8221;yes&#8221; content_placement=&#8221;middle&#8221;][vc_column][vc_column_text]<\/p>\n<h1>Convi\u00e9rtase en un campe\u00f3n de la experiencia del cliente<\/h1>\n<p>[\/vc_column_text][\/vc_column][\/vc_row][\/vc_section][vc_section full_width=&#8221;stretch_row&#8221; el_class=&#8221;cta-bar&#8221; css=&#8221;.vc_custom_1522458207688{padding-top: 0px !important;padding-bottom: 0px !important;}&#8221;][vc_row full_width=&#8221;stretch_row&#8221; css=&#8221;.vc_custom_1522458201976{padding-top: 0px !important;padding-bottom: 0px !important;}&#8221;][vc_column][\/vc_column][\/vc_row][\/vc_section][vc_section full_width=&#8221;stretch_row&#8221;][vc_row][vc_column][vc_column_text]<\/p>\n<h2 style=\"text-align: center;\">Obtenga las habilidades que necesita<\/h2>\n<p style=\"text-align: center;\">En el mercado actual impulsado por el servicio y los datos, las habilidades de la experiencia del cliente son m\u00e1s codiciadas que nunca. Los consumidores tienen m\u00e1s libertad de movimiento, esperan facilidad de uso y la capacidad de conectarse con empresas cu\u00e1ndo y c\u00f3mo ellos lo desean.<\/p>\n<p style=\"text-align: center;\">Aproveche los cursos gratuitos en l\u00ednea de Genesys para mantenerse al d\u00eda con las tendencias del negocio y los avances en la tecnolog\u00eda para la experiencia del cliente (CX). Explore las sesiones cortas e interactivas de la <a href=\"https:\/\/purebridge.genesys.com\/cx-masters-series\/\">Serie maestra de CX<\/a>, mientras nuestros expertos lo gu\u00edan a trav\u00e9s de diversas situaciones. Revise tambi\u00e9n el <a href=\"\/campaign\/take-the-course-today\">Curso de acreditaci\u00f3n profesional CX<\/a> para aprender acerca de la asignaci\u00f3n de recorridos, el desarrollo personal y qu\u00e9 significa realmente la opini\u00f3n del cliente para su estrategia de CX.<\/p>\n<p>[\/vc_column_text][\/vc_column][\/vc_row][\/vc_section][vc_section full_width=&#8221;stretch_row&#8221;][vc_row full_width=&#8221;stretch_row&#8221;][vc_column]<div class=\"db_cta_dynamic align-center style-dark\" data-offset=\"0\" data-section-bg=\"https:\/\/www.genesys.com\/media\/V2-CTA-BANNER.jpg\" data-limit=\"1\" data-result=\"%5B%5D\"><h3>Tome el \u00faltimo curso maestro de CX<\/h3><div class=\"genesys-button medium align-center genesys-white \"><a href=\"https:\/\/purebridge.genesys.com\/cx-masters-series\/\" target=\"_blank\" rel=\"\">Start now<\/a><\/div><\/div>[\/vc_column][\/vc_row][\/vc_section][vc_section full_width=&#8221;stretch_row&#8221;][vc_row equal_height=&#8221;yes&#8221; content_placement=&#8221;middle&#8221;][vc_column][vc_column_text]<\/p>\n<h2 style=\"text-align: center;\">Check your customer experience expertise<\/h2>\n<p>[\/vc_column_text][\/vc_column][\/vc_row][vc_row el_class=&#8221;no-bg&#8221;][vc_column width=&#8221;1\/3&#8243;]<div class=\"box-cta\"><div class=\"box-focus overlay-default\" style=\"background-image:url('')\"><a class=\"box-link\" href=\"\/campaign\/take-the-course-today\" target=\"\" rel=\"\"><div class=\"box-space\"><div class=\"box-equal\"><img decoding=\"async\" class=\"box-image\" src=\"https:\/\/www.genesys.com\/media\/trophy-award.svg\" alt=\"Awards & recognitions\"><div class=\"box-content\"><h4>Become a customer experience champion<\/h4>\n<p>Take the FREE CX Professional Accreditation course and get the foundation to create an excellent customer experience.<\/p>\n<\/div><div class=\"box-cta-button\">Start now<\/div><\/div><\/div><\/a><\/div><\/div>[\/vc_column][\/vc_row][\/vc_section]<\/p>\n<\/div>","protected":false},"excerpt":{"rendered":"<p>[vc_section full_width=&#8221;stretch_row&#8221; el_class=&#8221;section_header&#8221; css=&#8221;.vc_custom_1524059717904{background-image: url(https:\/\/www.genesys.com\/media\/Customer-Experience-Achieve-Better-Results.jpg?id=8346) !important;}&#8221;][vc_row equal_height=&#8221;yes&#8221; content_placement=&#8221;middle&#8221;][vc_column][vc_column_text] Convi\u00e9rtase en un campe\u00f3n de la experiencia del cliente [\/vc_column_text][\/vc_column][\/vc_row][\/vc_section][vc_section full_width=&#8221;stretch_row&#8221; el_class=&#8221;cta-bar&#8221; css=&#8221;.vc_custom_1522458207688{padding-top: 0px !important;padding-bottom: 0px !important;}&#8221;][vc_row full_width=&#8221;stretch_row&#8221; css=&#8221;.vc_custom_1522458201976{padding-top: 0px !important;padding-bottom: 0px !important;}&#8221;][vc_column][\/vc_column][\/vc_row][\/vc_section][vc_section full_width=&#8221;stretch_row&#8221;][vc_row][vc_column][vc_column_text] Obtenga las habilidades que necesita En el mercado actual impulsado por el servicio y los datos, las habilidades de la experiencia del cliente [&hellip;]<\/p>\n","protected":false},"author":15,"featured_media":11515,"parent":102789,"menu_order":0,"comment_status":"closed","ping_status":"closed","template":"","meta":{"_acf_changed":false,"footnotes":""},"class_list":["post-102820","page","type-page","status-publish","has-post-thumbnail","hentry"],"acf":[],"_links":{"self":[{"href":"https:\/\/www.genesys.com\/es-mx\/wp-json\/wp\/v2\/pages\/102820","targetHints":{"allow":["GET"]}}],"collection":[{"href":"https:\/\/www.genesys.com\/es-mx\/wp-json\/wp\/v2\/pages"}],"about":[{"href":"https:\/\/www.genesys.com\/es-mx\/wp-json\/wp\/v2\/types\/page"}],"author":[{"embeddable":true,"href":"https:\/\/www.genesys.com\/es-mx\/wp-json\/wp\/v2\/users\/15"}],"replies":[{"embeddable":true,"href":"https:\/\/www.genesys.com\/es-mx\/wp-json\/wp\/v2\/comments?post=102820"}],"version-history":[{"count":5,"href":"https:\/\/www.genesys.com\/es-mx\/wp-json\/wp\/v2\/pages\/102820\/revisions"}],"predecessor-version":[{"id":363676,"href":"https:\/\/www.genesys.com\/es-mx\/wp-json\/wp\/v2\/pages\/102820\/revisions\/363676"}],"up":[{"embeddable":true,"href":"https:\/\/www.genesys.com\/es-mx\/wp-json\/wp\/v2\/pages\/102789"}],"wp:featuredmedia":[{"embeddable":true,"href":"https:\/\/www.genesys.com\/es-mx\/wp-json\/wp\/v2\/media\/11515"}],"wp:attachment":[{"href":"https:\/\/www.genesys.com\/es-mx\/wp-json\/wp\/v2\/media?parent=102820"}],"curies":[{"name":"wp","href":"https:\/\/api.w.org\/{rel}","templated":true}]}}