{"id":102803,"date":"2018-10-26T14:38:51","date_gmt":"2018-10-26T21:38:51","guid":{"rendered":"https:\/\/www.genesys.com\/?page_id=102803"},"modified":"2019-08-05T17:11:13","modified_gmt":"2019-08-06T00:11:13","slug":"increasing-sales-conversions","status":"publish","type":"page","link":"https:\/\/www.genesys.com\/es-mx\/better-results\/increasing-sales-conversions","title":{"rendered":"Aumentar las conversiones de ventas"},"content":{"rendered":"<div class=\"wpb-content-wrapper\"><p>[vc_section full_width=&#8221;stretch_row&#8221; el_class=&#8221;section_header&#8221; css=&#8221;.vc_custom_1530114037030{background-image: url(https:\/\/www.genesys.com\/media\/0618-Customer-Experience-Achieve-Better-Results.jpg?id=16689) !important;}&#8221;][vc_row equal_height=&#8221;yes&#8221; content_placement=&#8221;middle&#8221;][vc_column width=&#8221;2\/3&#8243;][vc_column_text]<\/p>\n<h1>Aumente las conversiones de ventas con herramientas avanzadas de interacci\u00f3n con el cliente<\/h1>\n<p>[\/vc_column_text][\/vc_column][vc_column width=&#8221;1\/3&#8243;][\/vc_column][\/vc_row][\/vc_section][vc_section full_width=&#8221;stretch_row&#8221; el_class=&#8221;cta-bar&#8221; css=&#8221;.vc_custom_1522458207688{padding-top: 0px !important;padding-bottom: 0px !important;}&#8221;][vc_row full_width=&#8221;stretch_row&#8221; css=&#8221;.vc_custom_1522458201976{padding-top: 0px !important;padding-bottom: 0px !important;}&#8221;][vc_column][\/vc_column][\/vc_row][\/vc_section][vc_section full_width=&#8221;stretch_row&#8221;][vc_row equal_height=&#8221;yes&#8221; el_class=&#8221;mobile-reverse&#8221;][vc_column width=&#8221;1\/2&#8243;][vc_column_text]<\/p>\n<h2>Conecte clientes potenciales calificados con el vendedor adecuado<\/h2>\n<p>Su capacidad para cerrar contratos r\u00e1pidamente con los clientes potenciales depende de la calidad de su interacci\u00f3n con el cliente. Debe entender en forma integral el recorrido del cliente. As\u00ed, podr\u00e1 ofrecer asistencia en el momento adecuado. Lo que usted desea es guiar un cliente potencial calificado hacia el representante adecuado y la informaci\u00f3n correcta en el momento correcto. Ya sea se trate de una adquisici\u00f3n, una venta mejorada o una recuperaci\u00f3n, proporcione a su equipo los detalles del cliente, las t\u00e9cnicas de interacci\u00f3n y los comentarios para cerrar m\u00e1s contratos.<br \/>\n[\/vc_column_text][\/vc_column][vc_column width=&#8221;1\/2&#8243;][vc_video link=&#8221;https:\/\/youtu.be\/-SyWsS5vvkM&#8221; css=&#8221;.vc_custom_1526703580242{margin-bottom: 2em !important;}&#8221;][\/vc_column][\/vc_row][\/vc_section][vc_section full_width=&#8221;stretch_row&#8221; el_class=&#8221;section_light-gray&#8221;][vc_row][vc_column][vc_column_text]<\/p>\n<h3 style=\"text-align: center;\">Conozca m\u00e1s sobre<\/h3>\n<p>[\/vc_column_text]<div class=\"vc_grid-container-wrapper vc_clearfix grid_type-page-features wrapper_style_colored-boxes\"><div class=\"vc_grid-container vc_clearfix wpb_content_element vc_basic_grid\"><div class=\"vc_grid vc_row vc_grid-gutter-35px vc_pageable-wrapper vc_hook_hover gen_text-center\" data-vc-pageable-content=\"true\"><div class=\"vc_pageable-slide-wrapper vc_clearfix\" data-vc-grid-content=\"true\"><div data-type=\"capability\" ><\/div><div class=\"vc_grid-item vc_clearfix style_colored-boxes vc_col-sm-3 vc_grid-item-zone-c-bottom vc_visible-item fadeIn animated\"><a href=\"https:\/\/www.genesys.com\/es-mx\/capabilities\/automated-routing\"><div class=\"overlay\"><h4>Enrutamiento predictivo<\/h4><\/div><div class=\"content\"><h4>Enrutamiento predictivo<\/h4><p>Utiliza la IA para conectar a los clientes con los empleados que puedan brindar el mejor servicio y optimizar los KPI en tiempo real.<\/p><div class=\"genesys-button medium  genesys-orange\"><span>Conozca m\u00e1s<\/span><\/div><\/div><\/a><\/div><div class=\"vc_grid-item vc_clearfix style_colored-boxes vc_col-sm-3 vc_grid-item-zone-c-bottom vc_visible-item fadeIn animated\"><a href=\"https:\/\/www.genesys.com\/es-mx\/capabilities\/voice-services\"><div class=\"overlay\"><h4>Servicios de voz<\/h4><\/div><div class=\"content\"><h4>Servicios de voz<\/h4><p>Apoya a los clientes que prefieran soporte telef\u00f3nico. Obt\u00e9n servicios de voz eficaces para tu empresa. <\/p><div class=\"genesys-button medium  genesys-orange\"><span>Conozca m\u00e1s<\/span><\/div><\/div><\/a><\/div><div class=\"vc_grid-item vc_clearfix style_colored-boxes vc_col-sm-3 vc_grid-item-zone-c-bottom vc_visible-item fadeIn animated\"><a href=\"https:\/\/www.genesys.com\/es-mx\/capabilities\/forecasting-and-decisions\"><div class=\"overlay\"><h4>Previsi\u00f3n y decisiones<\/h4><\/div><div class=\"content\"><h4>Previsi\u00f3n y decisiones<\/h4><p>Planifique mejor con Decisions, un sistema de planificaci\u00f3n de presupuesto y personal, y de an\u00e1lisis de escenarios hipot\u00e9ticos para contact centers que no depende de ning\u00fan proveedor.<\/p><div class=\"genesys-button medium  genesys-orange\"><span>Conozca m\u00e1s<\/span><\/div><\/div><\/a><\/div><div class=\"vc_grid-item vc_clearfix style_colored-boxes vc_col-sm-3 vc_grid-item-zone-c-bottom vc_visible-item fadeIn animated\"><a href=\"https:\/\/www.genesys.com\/es-mx\/capabilities\/inbound\"><div class=\"overlay\"><h4>Comunicaci\u00f3n inbound<\/h4><\/div><div class=\"content\"><h4>Comunicaci\u00f3n inbound<\/h4><p>Facilita el contacto con su empresa. Brinde soporte y supere las expectativas en todos los canales.<\/p><div class=\"genesys-button medium  genesys-orange\"><span>Conozca m\u00e1s<\/span><\/div><\/div><\/a><\/div><\/div><\/div><\/div><\/div>[\/vc_column][\/vc_row][\/vc_section][vc_section full_width=&#8221;stretch_row&#8221;][vc_row equal_height=&#8221;yes&#8221; content_placement=&#8221;middle&#8221; el_class=&#8221;mobile-reverse&#8221;][vc_column width=&#8221;2\/3&#8243;][vc_column_text]<\/p>\n<h2>Aumente las conversiones con campa\u00f1as multicanal<\/h2>\n<p>La actualizaci\u00f3n de su estrategia de salida para incluir comunicaciones automatizadas a trav\u00e9s de varios canales aumenta notablemente las tasas de conversi\u00f3n. Comun\u00edquese de forma proactiva con los clientes potenciales y clientes existentes de una manera oportuna, personalizada y contextual. Mantener a los clientes informados y compartir notificaciones a trav\u00e9s de sus canales preferidos tambi\u00e9n abre nuevas oportunidades de ventas mejoradas.[\/vc_column_text][\/vc_column][vc_column width=&#8221;1\/3&#8243;]<div class=\"gicon-container\" style=\"max-width:80%;margin:0 auto 2em;\"><\/div>[\/vc_column][\/vc_row][\/vc_section][vc_row][vc_column]<span class=\"g_separator genesys-light-gray\" style=\"height:1px\"><\/span>[\/vc_column][\/vc_row][vc_section full_width=&#8221;stretch_row&#8221; el_class=&#8221;section_light-gray&#8221; css=&#8221;.vc_custom_1524594801390{background-color: #ffffff !important;}&#8221;][vc_row equal_height=&#8221;yes&#8221; content_placement=&#8221;middle&#8221;][vc_column width=&#8221;1\/2&#8243; offset=&#8221;vc_hidden-xs&#8221;][vc_single_image image=&#8221;10695&#8243; img_size=&#8221;full&#8221;][\/vc_column][vc_column width=&#8221;1\/2&#8243;][vc_column_text]<\/p>\n<h2>Convierta visitantes en clientes con una interacci\u00f3n proactiva<\/h2>\n<p>Si entiende el recorrido en l\u00ednea o la b\u00fasqueda de conocimiento de los clientes, puede interactuar de forma proactiva con ellos con chat web, devoluci\u00f3n de llamadas y notificaci\u00f3n proactiva. Proporcione a los representantes de ventas el contexto completo del cliente para reducir el abandono y resolver problemas de compra del cliente sin tener que cambiar los canales. Mejore la precisi\u00f3n de la atribuci\u00f3n de las campa\u00f1as a medida que los clientes se mueven entre canales. Extienda los comentarios que obtiene del recorrido en l\u00ednea que ellos hacen hacia los canales sin conexi\u00f3n para impulsar el \u00e9xito de ventas.[\/vc_column_text][\/vc_column][\/vc_row][\/vc_section][vc_section full_width=&#8221;stretch_row&#8221; el_class=&#8221;section_dynamic-quote&#8221; css=&#8221;.vc_custom_1524594514422{background-color: #f3f3f3 !important;}&#8221;][vc_row][vc_column][vc_column_text]Estamos teniendo conversaciones que, de otro modo, no habr\u00edamos podido tener. \u00a0Estas son nuevas conversaciones: en el pasado, los clientes navegaban por el sitio y lo abandonaban\u0094.<\/p>\n<p>Paul Cahill,\u00a0Jefe de Digital y Directo de\u00a0Cooperativa de Ahorro y Cr\u00e9dito de Australia[\/vc_column_text][\/vc_column][\/vc_row][\/vc_section][vc_section full_width=&#8221;stretch_row&#8221;][vc_row equal_height=&#8221;yes&#8221; content_placement=&#8221;middle&#8221; el_class=&#8221;mobile-reverse&#8221;][vc_column width=&#8221;2\/3&#8243;][vc_column_text]<\/p>\n<h2>Obtenga comentarios viables a partir de los datos de sus clientes<\/h2>\n<p>Su equipo necesita comentarios precisos y en tiempo real de las tendencias y los comportamientos del cliente. Entr\u00e9gueselos con an\u00e1lisis de las interacciones. Grabe autom\u00e1ticamente todas las interacciones con el cliente, incluidas las pantallas, luego extraiga esos datos. Proporcione a sus representantes la informaci\u00f3n que necesitan para interactuar mejor con el cliente en conversaciones sobre adquisiciones, ventas mejoradas o recuperaciones.[\/vc_column_text][\/vc_column][vc_column width=&#8221;1\/3&#8243;]<div class=\"gicon-container\" style=\"max-width:65%;margin:0 auto 2em;\"><\/div>[\/vc_column][\/vc_row][\/vc_section][vc_section full_width=&#8221;stretch_row&#8221; el_class=&#8221;section_light-gray&#8221; css=&#8221;.vc_custom_1525990085299{background-color: #f3f3f3 !important;}&#8221;][vc_row equal_height=&#8221;yes&#8221; content_placement=&#8221;middle&#8221;][vc_column width=&#8221;1\/2&#8243; offset=&#8221;vc_hidden-xs&#8221;][vc_single_image image=&#8221;10696&#8243; img_size=&#8221;full&#8221;][\/vc_column][vc_column width=&#8221;1\/2&#8243;][vc_column_text]<\/p>\n<h2>Distribuya a clientes potenciales de alto valor hacia su equipo de ventas al instante<\/h2>\n<p>Los clientes potenciales calificados pierden su valor si no se distribuyen r\u00e1pidamente hacia el vendedor correcto. Utilice la automatizaci\u00f3n comercial para priorizar y distribuir a los clientes potenciales seg\u00fan su valor y conveniencia. Gu\u00edelos autom\u00e1ticamente hacia el representante correcto para un r\u00e1pido seguimiento. Utilice la automatizaci\u00f3n para recuperar y priorizar oportunidades de ventas en l\u00ednea que se perdieron, de forma tal que un representante pueda convertir los abandonos en ventas.[\/vc_column_text][\/vc_column][\/vc_row][\/vc_section][vc_section full_width=&#8221;stretch_row&#8221;][vc_row][vc_column][vc_column_text]<\/p>\n<h3 style=\"text-align: center;\">Explore las soluciones de Genesys para<\/h3>\n<p>[\/vc_column_text]<div class=\"vc_grid-container-wrapper vc_clearfix grid_type-page-relative wrapper_style_list\"><div class=\"vc_grid-container vc_clearfix wpb_content_element vc_basic_grid\"><div class=\"vc_grid vc_row vc_grid-gutter-35px vc_pageable-wrapper vc_hook_hover gen_text-center\" data-vc-pageable-content=\"true\"><div class=\"vc_pageable-slide-wrapper vc_clearfix siblinglist w-100 d-flex flex-wrap justify-content-center\" data-vc-grid-content=\"true\"><div class=\"vc_grid-item vc_clearfix col-lg-3 vc_grid-item-zone-c-bottom vc_visible-item fadeIn animated style_list itemclass-241709\"><a href=\"https:\/\/www.genesys.com\/es-mx\/call-center-cloud-migration\"><h5>Migraci\u00f3n del call center a la nube<\/h5><\/a><\/div><div class=\"vc_grid-item vc_clearfix col-lg-3 vc_grid-item-zone-c-bottom vc_visible-item fadeIn animated style_list itemclass-619721\"><a href=\"https:\/\/www.genesys.com\/es-mx\/majesticks\"><h5>Majesticks<\/h5><\/a><\/div><div class=\"vc_grid-item vc_clearfix col-lg-3 vc_grid-item-zone-c-bottom vc_visible-item fadeIn animated style_list itemclass-617887\"><a href=\"https:\/\/www.genesys.com\/es-mx\/cx-in-focus\"><h5>CX in Focus<\/h5><\/a><\/div><div class=\"vc_grid-item vc_clearfix col-lg-3 vc_grid-item-zone-c-bottom vc_visible-item fadeIn animated style_list itemclass-616104\"><a href=\"https:\/\/www.genesys.com\/es-mx\/tour\"><h5>Tour<\/h5><\/a><\/div><div class=\"vc_grid-item vc_clearfix col-lg-3 vc_grid-item-zone-c-bottom vc_visible-item fadeIn animated style_list itemclass-604133\"><a href=\"https:\/\/www.genesys.com\/es-mx\/digital-customer-experience\"><h5>Experiencia digital del cliente<\/h5><\/a><\/div><div class=\"vc_grid-item vc_clearfix col-lg-3 vc_grid-item-zone-c-bottom vc_visible-item fadeIn animated style_list itemclass-602351\"><a href=\"https:\/\/www.genesys.com\/es-mx\/genesys-charitable-discount-program\"><h5>Programa de descuentos de Genesys para organizaciones de beneficencia<\/h5><\/a><\/div><div class=\"vc_grid-item vc_clearfix col-lg-3 vc_grid-item-zone-c-bottom vc_visible-item fadeIn animated style_list itemclass-588835\"><a href=\"https:\/\/www.genesys.com\/es-mx\/responsible-ai\"><h5>IA responsable<\/h5><\/a><\/div><div class=\"vc_grid-item vc_clearfix col-lg-3 vc_grid-item-zone-c-bottom vc_visible-item fadeIn animated style_list itemclass-589145\"><a href=\"https:\/\/www.genesys.com\/es-mx\/workforce-management-software\"><h5>Software de gesti\u00f3n de la fuerza de trabajo<\/h5><\/a><\/div><div class=\"vc_grid-item vc_clearfix col-lg-3 vc_grid-item-zone-c-bottom vc_visible-item fadeIn animated style_list itemclass-598267\"><a href=\"https:\/\/www.genesys.com\/es-mx\/ai-contact-center\"><h5>Contact center con IA<\/h5><\/a><\/div><div class=\"vc_grid-item vc_clearfix col-lg-3 vc_grid-item-zone-c-bottom vc_visible-item fadeIn animated style_list itemclass-579214\"><a href=\"https:\/\/www.genesys.com\/es-mx\/customer-journey-management\"><h5>Gesti\u00f3n del journey del cliente<\/h5><\/a><\/div><div class=\"vc_grid-item vc_clearfix col-lg-3 vc_grid-item-zone-c-bottom vc_visible-item fadeIn animated style_list itemclass-571972\"><a href=\"https:\/\/www.genesys.com\/es-mx\/scuderiaferrari\"><h5>Ferrari<\/h5><\/a><\/div><div class=\"vc_grid-item vc_clearfix col-lg-3 vc_grid-item-zone-c-bottom vc_visible-item fadeIn animated style_list itemclass-577987\"><a href=\"https:\/\/www.genesys.com\/es-mx\/guide-to-copilots\"><h5>Copilotos<\/h5><\/a><\/div><div class=\"vc_grid-item vc_clearfix col-lg-3 vc_grid-item-zone-c-bottom vc_visible-item fadeIn animated style_list itemclass-555863\"><a href=\"https:\/\/www.genesys.com\/es-mx\/contact-center-software\"><h5>Software de contact center<\/h5><\/a><\/div><div class=\"vc_grid-item vc_clearfix col-lg-3 vc_grid-item-zone-c-bottom vc_visible-item fadeIn animated style_list itemclass-575938\"><a href=\"https:\/\/www.genesys.com\/es-mx\/lavercup\"><h5>Copa\u00a0Laver<\/h5><\/a><\/div><div class=\"vc_grid-item vc_clearfix col-lg-3 vc_grid-item-zone-c-bottom vc_visible-item fadeIn animated style_list itemclass-439559\"><a href=\"https:\/\/www.genesys.com\/es-mx\/genesys-cloud-crb-eng\"><h5>Genesys Cloud &#8211; CRB ENG<\/h5><\/a><\/div><div class=\"vc_grid-item vc_clearfix col-lg-3 vc_grid-item-zone-c-bottom vc_visible-item fadeIn animated style_list itemclass-527830\"><a href=\"https:\/\/www.genesys.com\/es-mx\/genesys-cloud-ex\"><h5>Genesys Cloud EX<\/h5><\/a><\/div><div class=\"vc_grid-item vc_clearfix col-lg-3 vc_grid-item-zone-c-bottom vc_visible-item fadeIn animated style_list itemclass-527810\"><a href=\"https:\/\/www.genesys.com\/es-mx\/experience-orchestration\"><h5>Orquestaci\u00f3n de experiencias<\/h5><\/a><\/div><div class=\"vc_grid-item vc_clearfix col-lg-3 vc_grid-item-zone-c-bottom vc_visible-item fadeIn animated style_list itemclass-512675\"><a href=\"https:\/\/www.genesys.com\/es-mx\/genesys-vs-nice\"><h5>Genesys vs NICE<\/h5><\/a><\/div><div class=\"vc_grid-item vc_clearfix col-lg-3 vc_grid-item-zone-c-bottom vc_visible-item fadeIn animated style_list itemclass-491462\"><a href=\"https:\/\/www.genesys.com\/es-mx\/thank-you-page-landing-cx\"><h5>Thank You Page<\/h5><\/a><\/div><div class=\"vc_grid-item vc_clearfix col-lg-3 vc_grid-item-zone-c-bottom vc_visible-item fadeIn animated style_list itemclass-117002\"><a href=\"https:\/\/www.genesys.com\/es-mx\/blog\"><h5>Blog<\/h5><\/a><\/div><div class=\"vc_grid-item vc_clearfix col-lg-3 vc_grid-item-zone-c-bottom vc_visible-item fadeIn animated style_list itemclass-462359\"><a href=\"https:\/\/www.genesys.com\/es-mx\/pointillist\"><h5>Pointillist<\/h5><\/a><\/div><div class=\"vc_grid-item vc_clearfix col-lg-3 vc_grid-item-zone-c-bottom vc_visible-item fadeIn animated style_list itemclass-262909\"><a href=\"https:\/\/www.genesys.com\/es-mx\/pricing\"><h5>Precios<\/h5><\/a><\/div><div class=\"vc_grid-item vc_clearfix col-lg-3 vc_grid-item-zone-c-bottom vc_visible-item fadeIn animated style_list itemclass-230122\"><a href=\"https:\/\/www.genesys.com\/es-mx\/genesys-cloud\"><h5>Genesys Cloud CX<\/h5><\/a><\/div><div class=\"vc_grid-item vc_clearfix col-lg-3 vc_grid-item-zone-c-bottom vc_visible-item fadeIn animated style_list itemclass-230130\"><a href=\"https:\/\/www.genesys.com\/es-mx\/cloud-platform\"><h5>Plataforma Genesys Cloud<\/h5><\/a><\/div><div class=\"vc_grid-item vc_clearfix col-lg-3 vc_grid-item-zone-c-bottom vc_visible-item fadeIn animated style_list itemclass-252669\"><a href=\"https:\/\/www.genesys.com\/es-mx\/emergency-response\"><h5>Respuesta ante emergencias<\/h5><\/a><\/div><div class=\"vc_grid-item vc_clearfix col-lg-3 vc_grid-item-zone-c-bottom vc_visible-item fadeIn animated style_list itemclass-258973\"><a href=\"https:\/\/www.genesys.com\/es-mx\/cx-blueprint\"><h5>Dise\u00f1o de la CX<\/h5><\/a><\/div><div class=\"vc_grid-item vc_clearfix col-lg-3 vc_grid-item-zone-c-bottom vc_visible-item fadeIn animated style_list itemclass-320850\"><a href=\"https:\/\/www.genesys.com\/es-mx\/products\"><h5>Productos<\/h5><\/a><\/div><div class=\"vc_grid-item vc_clearfix col-lg-3 vc_grid-item-zone-c-bottom vc_visible-item fadeIn animated style_list itemclass-619892\"><a href=\"https:\/\/www.genesys.com\/es-mx\/xperience-on-tour-mexico\"><h5>Xperience On Tour Mexico City<\/h5><\/a><\/div><div class=\"vc_grid-item vc_clearfix col-lg-3 vc_grid-item-zone-c-bottom vc_visible-item fadeIn animated style_list itemclass-241711\"><a href=\"https:\/\/www.genesys.com\/es-mx\/call-center-cloud-migration-overview\"><h5>Descripci\u00f3n general de la migraci\u00f3n de call centers\u00a0a la nube<\/h5><\/a><\/div><div class=\"vc_grid-item vc_clearfix col-lg-3 vc_grid-item-zone-c-bottom vc_visible-item fadeIn animated style_list itemclass-241707\"><a href=\"https:\/\/www.genesys.com\/es-mx\/customer-migrations\"><h5>Migraciones de clientes<\/h5><\/a><\/div><div class=\"vc_grid-item vc_clearfix col-lg-3 vc_grid-item-zone-c-bottom vc_visible-item fadeIn animated style_list itemclass-325269\"><a href=\"https:\/\/www.genesys.com\/es-mx\/zoom\"><h5>Asociaci\u00f3n con Zoom<\/h5><\/a><\/div><div class=\"vc_grid-item vc_clearfix col-lg-3 vc_grid-item-zone-c-bottom vc_visible-item fadeIn animated style_list itemclass-292140\"><a href=\"https:\/\/www.genesys.com\/es-mx\/microsoft\"><h5>Asociaci\u00f3n con Microsoft<\/h5><\/a><\/div><div class=\"vc_grid-item vc_clearfix col-lg-3 vc_grid-item-zone-c-bottom vc_visible-item fadeIn animated style_list itemclass-363108\"><a href=\"https:\/\/www.genesys.com\/es-mx\/superhuman\"><h5>Super Human Service<\/h5><\/a><\/div><div class=\"vc_grid-item vc_clearfix col-lg-3 vc_grid-item-zone-c-bottom vc_visible-item fadeIn animated style_list itemclass-371635\"><a href=\"https:\/\/www.genesys.com\/es-mx\/fedramp\"><h5>Maximus\u00a0Genesys\u00a0Engagement\u00a0Platform<\/h5><\/a><\/div><div class=\"vc_grid-item vc_clearfix col-lg-3 vc_grid-item-zone-c-bottom vc_visible-item fadeIn animated style_list itemclass-432059\"><a href=\"https:\/\/www.genesys.com\/es-mx\/genesys-dx\"><h5>Genesys&nbsp;DX<\/h5><\/a><\/div><div class=\"vc_grid-item vc_clearfix col-lg-3 vc_grid-item-zone-c-bottom vc_visible-item fadeIn animated style_list itemclass-621376\"><a href=\"https:\/\/www.genesys.com\/es-mx\/customer-awards\"><h5>Customer Awards<\/h5><\/a><\/div><div class=\"vc_grid-item vc_clearfix col-lg-3 vc_grid-item-zone-c-bottom vc_visible-item fadeIn animated style_list itemclass-102882\"><a href=\"https:\/\/www.genesys.com\/es-mx\/subscribe\"><h5>Plan de suscripci\u00f3n<\/h5><\/a><\/div><div class=\"vc_grid-item vc_clearfix col-lg-3 vc_grid-item-zone-c-bottom vc_visible-item fadeIn animated style_list itemclass-102786\"><a href=\"https:\/\/www.genesys.com\/es-mx\/innovations\"><h5>Innovaciones<\/h5><p>Innove con menos riesgos y m\u00e1s beneficios<\/p><\/a><\/div><div class=\"vc_grid-item vc_clearfix col-lg-3 vc_grid-item-zone-c-bottom vc_visible-item fadeIn animated style_list itemclass-104839\"><a href=\"https:\/\/www.genesys.com\/es-mx\"><h5>Inicio<\/h5><\/a><\/div><div class=\"vc_grid-item vc_clearfix col-lg-3 vc_grid-item-zone-c-bottom vc_visible-item fadeIn animated style_list itemclass-102903\"><a href=\"https:\/\/www.genesys.com\/es-mx\/customer-success\"><h5>Customer Success<\/h5><\/a><\/div><div class=\"vc_grid-item vc_clearfix col-lg-3 vc_grid-item-zone-c-bottom vc_visible-item fadeIn animated style_list itemclass-104777\"><a href=\"https:\/\/www.genesys.com\/es-mx\/googlecloud\"><h5>Contact Center AI de Google Cloud<\/h5><p>Brinde experiencias excepcionales a sus clientes mediante la asociaci\u00f3n de Genesys y Google.<\/p><\/a><\/div><div class=\"vc_grid-item vc_clearfix col-lg-3 vc_grid-item-zone-c-bottom vc_visible-item fadeIn animated style_list itemclass-102780\"><a href=\"https:\/\/www.genesys.com\/es-mx\/solutions\"><h5>Soluciones<\/h5><\/a><\/div><div class=\"vc_grid-item vc_clearfix col-lg-3 vc_grid-item-zone-c-bottom vc_visible-item fadeIn animated style_list itemclass-102794\"><a href=\"https:\/\/www.genesys.com\/es-mx\/platform\"><h5>Plataforma<\/h5><p>Potencie experiencias del cliente excepcionales con Genesys Customer Experience Platform<\/p><\/a><\/div><div class=\"vc_grid-item vc_clearfix col-lg-3 vc_grid-item-zone-c-bottom vc_visible-item fadeIn animated style_list itemclass-104835\"><a href=\"https:\/\/www.genesys.com\/es-mx\/contact-us\"><h5>Comun\u00edquese con nosotros<\/h5><\/a><\/div><div class=\"vc_grid-item vc_clearfix col-lg-3 vc_grid-item-zone-c-bottom vc_visible-item fadeIn animated style_list itemclass-104831\"><a href=\"https:\/\/www.genesys.com\/es-mx\/request-a-demo\"><h5>Solicite una demo<\/h5><\/a><\/div><div class=\"vc_grid-item vc_clearfix col-lg-3 vc_grid-item-zone-c-bottom vc_visible-item fadeIn animated style_list itemclass-103631\"><a href=\"https:\/\/www.genesys.com\/es-mx\/resources\"><h5>Recursos<\/h5><\/a><\/div><div class=\"vc_grid-item vc_clearfix col-lg-3 vc_grid-item-zone-c-bottom vc_visible-item fadeIn animated style_list itemclass-102872\"><a href=\"https:\/\/www.genesys.com\/es-mx\/events\"><h5>Eventos<\/h5><\/a><\/div><div class=\"vc_grid-item vc_clearfix col-lg-3 vc_grid-item-zone-c-bottom vc_visible-item fadeIn animated style_list itemclass-102895\"><a href=\"https:\/\/www.genesys.com\/es-mx\/webinars\"><h5>Webinars<\/h5><\/a><\/div><div class=\"vc_grid-item vc_clearfix col-lg-3 vc_grid-item-zone-c-bottom vc_visible-item fadeIn animated style_list itemclass-102836\"><a href=\"https:\/\/www.genesys.com\/es-mx\/company\"><h5>Empresa<\/h5><\/a><\/div><div class=\"vc_grid-item vc_clearfix col-lg-3 vc_grid-item-zone-c-bottom vc_visible-item fadeIn animated style_list itemclass-102905\"><a href=\"https:\/\/www.genesys.com\/es-mx\/customer-stories\"><h5>Casos de \u00e9xito<\/h5><\/a><\/div><div class=\"vc_grid-item vc_clearfix col-lg-3 vc_grid-item-zone-c-bottom vc_visible-item fadeIn animated style_list itemclass-102854\"><a href=\"https:\/\/www.genesys.com\/es-mx\/login\"><h5>Login<\/h5><\/a><\/div><div class=\"vc_grid-item vc_clearfix col-lg-3 vc_grid-item-zone-c-bottom vc_visible-item fadeIn animated style_list itemclass-103010\"><a href=\"https:\/\/www.genesys.com\/es-mx\/definitions\"><h5>Definiciones<\/h5><\/a><\/div><div class=\"vc_grid-item vc_clearfix col-lg-3 vc_grid-item-zone-c-bottom vc_visible-item fadeIn animated style_list itemclass-104837\"><a href=\"https:\/\/www.genesys.com\/es-mx\/select-region\"><h5>Seleccione la regi\u00f3n<\/h5><\/a><\/div><div class=\"vc_grid-item vc_clearfix col-lg-3 vc_grid-item-zone-c-bottom vc_visible-item fadeIn animated style_list itemclass-102850\"><a href=\"https:\/\/www.genesys.com\/es-mx\/partners\"><h5>Descripci\u00f3n de socios<\/h5><p>Los socios de Genesys tienen acceso a las tecnolog\u00edas y oportunidades para aumentar su cuota de mercado, mientras que los clientes pueden trabajar con la red de socios de Genesys para hacer crecer su negocio.<\/p><\/a><\/div><div class=\"vc_grid-item vc_clearfix col-lg-3 vc_grid-item-zone-c-bottom vc_visible-item fadeIn animated style_list itemclass-102914\"><a href=\"https:\/\/www.genesys.com\/es-mx\/capabilities\"><h5>Capacidades<\/h5><\/a><\/div><\/div><\/div><\/div><\/div>[\/vc_column][\/vc_row][\/vc_section]<\/p>\n<\/div>","protected":false},"excerpt":{"rendered":"<p>[vc_section full_width=&#8221;stretch_row&#8221; el_class=&#8221;section_header&#8221; css=&#8221;.vc_custom_1530114037030{background-image: url(https:\/\/www.genesys.com\/media\/0618-Customer-Experience-Achieve-Better-Results.jpg?id=16689) !important;}&#8221;][vc_row equal_height=&#8221;yes&#8221; content_placement=&#8221;middle&#8221;][vc_column width=&#8221;2\/3&#8243;][vc_column_text] Aumente las conversiones de ventas con herramientas avanzadas de interacci\u00f3n con el cliente [\/vc_column_text][\/vc_column][vc_column width=&#8221;1\/3&#8243;][\/vc_column][\/vc_row][\/vc_section][vc_section full_width=&#8221;stretch_row&#8221; el_class=&#8221;cta-bar&#8221; css=&#8221;.vc_custom_1522458207688{padding-top: 0px !important;padding-bottom: 0px !important;}&#8221;][vc_row full_width=&#8221;stretch_row&#8221; css=&#8221;.vc_custom_1522458201976{padding-top: 0px !important;padding-bottom: 0px !important;}&#8221;][vc_column][\/vc_column][\/vc_row][\/vc_section][vc_section full_width=&#8221;stretch_row&#8221;][vc_row equal_height=&#8221;yes&#8221; el_class=&#8221;mobile-reverse&#8221;][vc_column width=&#8221;1\/2&#8243;][vc_column_text] Conecte clientes potenciales calificados con el vendedor adecuado Su capacidad para cerrar contratos r\u00e1pidamente [&hellip;]<\/p>\n","protected":false},"author":1,"featured_media":11492,"parent":102789,"menu_order":2,"comment_status":"closed","ping_status":"closed","template":"","meta":{"_acf_changed":false,"footnotes":""},"class_list":["post-102803","page","type-page","status-publish","has-post-thumbnail","hentry"],"acf":[],"_links":{"self":[{"href":"https:\/\/www.genesys.com\/es-mx\/wp-json\/wp\/v2\/pages\/102803","targetHints":{"allow":["GET"]}}],"collection":[{"href":"https:\/\/www.genesys.com\/es-mx\/wp-json\/wp\/v2\/pages"}],"about":[{"href":"https:\/\/www.genesys.com\/es-mx\/wp-json\/wp\/v2\/types\/page"}],"author":[{"embeddable":true,"href":"https:\/\/www.genesys.com\/es-mx\/wp-json\/wp\/v2\/users\/1"}],"replies":[{"embeddable":true,"href":"https:\/\/www.genesys.com\/es-mx\/wp-json\/wp\/v2\/comments?post=102803"}],"version-history":[{"count":5,"href":"https:\/\/www.genesys.com\/es-mx\/wp-json\/wp\/v2\/pages\/102803\/revisions"}],"predecessor-version":[{"id":162818,"href":"https:\/\/www.genesys.com\/es-mx\/wp-json\/wp\/v2\/pages\/102803\/revisions\/162818"}],"up":[{"embeddable":true,"href":"https:\/\/www.genesys.com\/es-mx\/wp-json\/wp\/v2\/pages\/102789"}],"wp:featuredmedia":[{"embeddable":true,"href":"https:\/\/www.genesys.com\/es-mx\/wp-json\/wp\/v2\/media\/11492"}],"wp:attachment":[{"href":"https:\/\/www.genesys.com\/es-mx\/wp-json\/wp\/v2\/media?parent=102803"}],"curies":[{"name":"wp","href":"https:\/\/api.w.org\/{rel}","templated":true}]}}