{"id":102801,"date":"2018-10-26T14:38:49","date_gmt":"2018-10-26T21:38:49","guid":{"rendered":"https:\/\/www.genesys.com\/?page_id=102801"},"modified":"2018-11-01T09:56:03","modified_gmt":"2018-11-01T16:56:03","slug":"improving-agent-performance","status":"publish","type":"page","link":"https:\/\/www.genesys.com\/es-mx\/better-results\/improving-agent-performance","title":{"rendered":"Mejorar el desempe\u00f1o de los agentes"},"content":{"rendered":"<div class=\"wpb-content-wrapper\"><p>[vc_section full_width=&#8221;stretch_row&#8221; el_class=&#8221;section_header&#8221; css=&#8221;.vc_custom_1530113572660{background-image: url(https:\/\/www.genesys.com\/media\/0618-Customer-Experience-Achieve-Better-Results.jpg?id=16689) !important;}&#8221;][vc_row equal_height=&#8221;yes&#8221; content_placement=&#8221;middle&#8221;][vc_column width=&#8221;3\/5&#8243;][vc_column_text]<\/p>\n<h1>Mejore el rendimiento de los agentes del centro de contacto<\/h1>\n<p>[\/vc_column_text][\/vc_column][vc_column width=&#8221;2\/5&#8243;][\/vc_column][\/vc_row][\/vc_section][vc_section full_width=&#8221;stretch_row&#8221; el_class=&#8221;cta-bar&#8221; css=&#8221;.vc_custom_1522458207688{padding-top: 0px !important;padding-bottom: 0px !important;}&#8221;][vc_row full_width=&#8221;stretch_row&#8221; css=&#8221;.vc_custom_1522458201976{padding-top: 0px !important;padding-bottom: 0px !important;}&#8221;][vc_column][\/vc_column][\/vc_row][\/vc_section][vc_section full_width=&#8221;stretch_row&#8221;][vc_row][vc_column][vc_column_text]<\/p>\n<h2 style=\"text-align: center;\">Establezca un equipo m\u00e1s eficaz para el centro de contacto<\/h2>\n<p style=\"text-align: center;\">Aumentar el rendimiento de los agentes es esencial para hacer funcionar su centro de contactos de forma m\u00e1s eficiente, adem\u00e1s de cumplir las metas en forma diaria, mensual y trimestral. El mejoramiento comienza con la visibilidad de cada interacci\u00f3n y los an\u00e1lisis para obtener comentarios valiosos y viables. Tambi\u00e9n es importante reducir el tiempo de resoluci\u00f3n y mejorar la colaboraci\u00f3n entre los miembros de su equipo. La capacitaci\u00f3n tambi\u00e9n aumenta el rendimiento, lo que permite a cada agente prestar servicio a una mayor gama de clientes y entregar eficientemente una gran experiencia para cada interacci\u00f3n.<\/p>\n<p>[\/vc_column_text][\/vc_column][\/vc_row][\/vc_section][vc_section full_width=&#8221;stretch_row&#8221; el_class=&#8221;section_light-gray&#8221;][vc_row][vc_column][vc_column_text]<\/p>\n<h3 style=\"text-align: center;\">Conozca m\u00e1s sobre\u0085<\/h3>\n<p>[\/vc_column_text]<div class=\"vc_grid-container-wrapper vc_clearfix grid_type-page-features wrapper_style_colored-boxes\"><div class=\"vc_grid-container vc_clearfix wpb_content_element vc_basic_grid\"><div class=\"vc_grid vc_row vc_grid-gutter-35px vc_pageable-wrapper vc_hook_hover gen_text-center\" data-vc-pageable-content=\"true\"><div class=\"vc_pageable-slide-wrapper vc_clearfix\" data-vc-grid-content=\"true\"><div data-type=\"capability\" ><\/div><div class=\"vc_grid-item vc_clearfix style_colored-boxes vc_col-sm-3 vc_grid-item-zone-c-bottom vc_visible-item fadeIn animated\"><a href=\"https:\/\/www.genesys.com\/es-mx\/capabilities\/automated-routing\"><div class=\"overlay\"><h4>Enrutamiento predictivo<\/h4><\/div><div class=\"content\"><h4>Enrutamiento predictivo<\/h4><p>Utiliza la IA para conectar a los clientes con los empleados que puedan brindar el mejor servicio y optimizar los KPI en tiempo real.<\/p><div class=\"genesys-button medium  genesys-orange\"><span>Conozca m\u00e1s<\/span><\/div><\/div><\/a><\/div><div class=\"vc_grid-item vc_clearfix style_colored-boxes vc_col-sm-3 vc_grid-item-zone-c-bottom vc_visible-item fadeIn animated\"><a href=\"https:\/\/www.genesys.com\/es-mx\/capabilities\/voice-services\"><div class=\"overlay\"><h4>Servicios de voz<\/h4><\/div><div class=\"content\"><h4>Servicios de voz<\/h4><p>Apoya a los clientes que prefieran soporte telef\u00f3nico. Obt\u00e9n servicios de voz eficaces para tu empresa. <\/p><div class=\"genesys-button medium  genesys-orange\"><span>Conozca m\u00e1s<\/span><\/div><\/div><\/a><\/div><div class=\"vc_grid-item vc_clearfix style_colored-boxes vc_col-sm-3 vc_grid-item-zone-c-bottom vc_visible-item fadeIn animated\"><a href=\"https:\/\/www.genesys.com\/es-mx\/capabilities\/forecasting-and-decisions\"><div class=\"overlay\"><h4>Previsi\u00f3n y decisiones<\/h4><\/div><div class=\"content\"><h4>Previsi\u00f3n y decisiones<\/h4><p>Planifique mejor con Decisions, un sistema de planificaci\u00f3n de presupuesto y personal, y de an\u00e1lisis de escenarios hipot\u00e9ticos para contact centers que no depende de ning\u00fan proveedor.<\/p><div class=\"genesys-button medium  genesys-orange\"><span>Conozca m\u00e1s<\/span><\/div><\/div><\/a><\/div><div class=\"vc_grid-item vc_clearfix style_colored-boxes vc_col-sm-3 vc_grid-item-zone-c-bottom vc_visible-item fadeIn animated\"><a href=\"https:\/\/www.genesys.com\/es-mx\/capabilities\/inbound\"><div class=\"overlay\"><h4>Comunicaci\u00f3n inbound<\/h4><\/div><div class=\"content\"><h4>Comunicaci\u00f3n inbound<\/h4><p>Facilita el contacto con su empresa. Brinde soporte y supere las expectativas en todos los canales.<\/p><div class=\"genesys-button medium  genesys-orange\"><span>Conozca m\u00e1s<\/span><\/div><\/div><\/a><\/div><\/div><\/div><\/div><\/div>[\/vc_column][\/vc_row][\/vc_section][vc_section full_width=&#8221;stretch_row&#8221; disable_element=&#8221;yes&#8221; el_class=&#8221;cta-bar&#8221;][vc_row][vc_column]<div class=\"db_cta_dynamic align-center style-dark\" data-offset=\"0\" data-section-bg=\"https:\/\/www.genesys.com\/media\/1600-Charcoal-Right.jpg\" data-limit=\"1\" data-result=\"%5B%5D\"><h3>RCB transforma el desempe\u00f1o de los agentes, y logra optimizar el customer engagement y triplicar los ingresos.<\/h3><div class=\"genesys-button medium align-center genesys-white \"><a href=\"\/customer-stories\/rcb\" target=\"\" rel=\"\">Vea el caso de \u00e9xito<\/a><\/div><\/div>[\/vc_column][\/vc_row][\/vc_section][vc_section full_width=&#8221;stretch_row&#8221;][vc_row equal_height=&#8221;yes&#8221; content_placement=&#8221;middle&#8221; el_class=&#8221;mobile-reverse&#8221;][vc_column width=&#8221;2\/3&#8243;][vc_column_text]<\/p>\n<h2>Colabore a trav\u00e9s de los equipos para una mayor productividad<\/h2>\n<p>Mejore la eficiencia de su equipo con herramientas de colaboraci\u00f3n que les permitan compartir ideas y trabajar m\u00e1s f\u00e1cilmente. Con colaboraci\u00f3n instant\u00e1nea en tiempo real, los agentes pueden brindar un servicio mucho mejor a sus clientes, resolver r\u00e1pidamente sus problemas y comunicarse con miembros de otros equipos. La colaboraci\u00f3n tambi\u00e9n simplifica el trabajo en las diversas ubicaciones y zonas horarias. Cuando mejora la comunicaci\u00f3n de su equipo, tambi\u00e9n mejora la soluci\u00f3n de problemas, el desarrollo de habilidades y los \u00e9xitos compartidos.[\/vc_column_text][\/vc_column][vc_column width=&#8221;1\/3&#8243;]<div class=\"gicon-container\" style=\"max-width:60%;margin:0 auto 2em;text-align:center;align-items:center;\"><\/div>[\/vc_column][\/vc_row][\/vc_section][vc_section full_width=&#8221;stretch_row&#8221; el_class=&#8221;section_light-gray&#8221;][vc_row equal_height=&#8221;yes&#8221; content_placement=&#8221;middle&#8221;][vc_column width=&#8221;1\/2&#8243; offset=&#8221;vc_hidden-xs&#8221;][vc_single_image image=&#8221;10663&#8243; img_size=&#8221;full&#8221;][\/vc_column][vc_column width=&#8221;1\/2&#8243;][vc_column_text]<\/p>\n<h2>Entregue un mejor servicio a sus clientes con comentarios sobre la calidad<\/h2>\n<p>La capacidad de grabar las llamadas y pantallas de todas las interacciones es un punto de inflexi\u00f3n a la hora de obtener insights sobre el comportamiento del cliente y el desempe\u00f1o del equipo. Utilice el an\u00e1lisis de interacciones para automatizar la escucha y el an\u00e1lisis de las conversaciones. El resultado: insights sobre tendencias, problemas y desempe\u00f1o que pueden utilizarse para mejorar la calidad de las interacciones, tomar mejores decisiones y aumentar la eficiencia de sus agentes.[\/vc_column_text][\/vc_column][\/vc_row][\/vc_section][vc_section full_width=&#8221;stretch_row&#8221; disable_element=&#8221;yes&#8221; el_class=&#8221;cta-bar&#8221;][vc_row][vc_column]<div class=\"db_cta_dynamic align-center style-dark\" data-offset=\"0\" data-section-bg=\"https:\/\/www.genesys.com\/media\/1600-WarmRed-Right.jpg\" data-limit=\"1\" data-result=\"%5B%5D\"><h3>Touring Club Suisse mejora el desempe\u00f1o del agente a raz\u00f3n de 40 minutos por d\u00eda.<\/h3><div class=\"genesys-button medium align-center genesys-white \"><a href=\"\/customer-stories\/tcs\" target=\"\" rel=\"\">Vea el caso de \u00e9xito<\/a><\/div><\/div>[\/vc_column][\/vc_row][\/vc_section][vc_section full_width=&#8221;stretch_row&#8221;][vc_row equal_height=&#8221;yes&#8221; content_placement=&#8221;middle&#8221; el_class=&#8221;mobile-reverse&#8221;][vc_column width=&#8221;2\/3&#8243;][vc_column_text]<\/p>\n<h2>Convierta a cada agente en un empleado de rendimiento superior<\/h2>\n<p>La gesti\u00f3n del desempe\u00f1o es lo que permite comprender las habilidades, el conocimiento y otros atributos que hacen que los mejores empleados sean tan exitosos. Con esta funci\u00f3n, usted tiene un plan para mejorar las habilidades, el conocimiento y otros atributos de los agentes. Utilice los datos de desempe\u00f1o para establecer, por funci\u00f3n, cu\u00e1l es el nivel de desempe\u00f1o \u00f3ptimo e identificar lo que cada empleado tiene por mejorar. Usted cuenta con los insights necesarios para personalizar el coaching y la capacitaci\u00f3n y elevar el desempe\u00f1o de su equipo.[\/vc_column_text][\/vc_column][vc_column width=&#8221;1\/3&#8243;]<div class=\"gicon-container\" style=\"max-width:60%;margin:0 auto 2em;text-align:center;align-items:center;\"><\/div>[\/vc_column][\/vc_row][\/vc_section][vc_section][vc_row][vc_column]<span class=\"g_separator genesys-light-gray\" style=\"height:1px\"><\/span>[vc_column_text]<\/p>\n<h3 style=\"text-align: center;\">Explore las soluciones de Genesys para\u0085<\/h3>\n<p>[\/vc_column_text]<div class=\"vc_grid-container-wrapper vc_clearfix grid_type-page-relative wrapper_style_list\"><div class=\"vc_grid-container vc_clearfix wpb_content_element vc_basic_grid\"><div class=\"vc_grid vc_row vc_grid-gutter-35px vc_pageable-wrapper vc_hook_hover gen_text-center\" data-vc-pageable-content=\"true\"><div class=\"vc_pageable-slide-wrapper vc_clearfix siblinglist w-100 d-flex flex-wrap justify-content-center\" data-vc-grid-content=\"true\"><div class=\"vc_grid-item vc_clearfix col-lg-2 vc_grid-item-zone-c-bottom vc_visible-item fadeIn animated style_list itemclass-241709\"><a href=\"https:\/\/www.genesys.com\/es-mx\/call-center-cloud-migration\"><h5>Migraci\u00f3n del call center a la nube<\/h5><\/a><\/div><div class=\"vc_grid-item vc_clearfix col-lg-2 vc_grid-item-zone-c-bottom vc_visible-item fadeIn animated style_list itemclass-619721\"><a href=\"https:\/\/www.genesys.com\/es-mx\/majesticks\"><h5>Majesticks<\/h5><\/a><\/div><div class=\"vc_grid-item vc_clearfix col-lg-2 vc_grid-item-zone-c-bottom vc_visible-item fadeIn animated style_list itemclass-617887\"><a href=\"https:\/\/www.genesys.com\/es-mx\/cx-in-focus\"><h5>CX in Focus<\/h5><\/a><\/div><div class=\"vc_grid-item vc_clearfix col-lg-2 vc_grid-item-zone-c-bottom vc_visible-item fadeIn animated style_list itemclass-616104\"><a href=\"https:\/\/www.genesys.com\/es-mx\/tour\"><h5>Tour<\/h5><\/a><\/div><div class=\"vc_grid-item vc_clearfix col-lg-2 vc_grid-item-zone-c-bottom vc_visible-item fadeIn animated style_list itemclass-604133\"><a href=\"https:\/\/www.genesys.com\/es-mx\/digital-customer-experience\"><h5>Experiencia digital del cliente<\/h5><\/a><\/div><div class=\"vc_grid-item vc_clearfix col-lg-2 vc_grid-item-zone-c-bottom vc_visible-item fadeIn animated style_list itemclass-602351\"><a href=\"https:\/\/www.genesys.com\/es-mx\/genesys-charitable-discount-program\"><h5>Programa de descuentos de Genesys para organizaciones de beneficencia<\/h5><\/a><\/div><div class=\"vc_grid-item vc_clearfix col-lg-2 vc_grid-item-zone-c-bottom vc_visible-item fadeIn animated style_list itemclass-588835\"><a href=\"https:\/\/www.genesys.com\/es-mx\/responsible-ai\"><h5>IA responsable<\/h5><\/a><\/div><div class=\"vc_grid-item vc_clearfix col-lg-2 vc_grid-item-zone-c-bottom vc_visible-item fadeIn animated style_list itemclass-589145\"><a href=\"https:\/\/www.genesys.com\/es-mx\/workforce-management-software\"><h5>Software de gesti\u00f3n de la fuerza de trabajo<\/h5><\/a><\/div><div class=\"vc_grid-item vc_clearfix col-lg-2 vc_grid-item-zone-c-bottom vc_visible-item fadeIn animated style_list itemclass-598267\"><a href=\"https:\/\/www.genesys.com\/es-mx\/ai-contact-center\"><h5>Contact center con IA<\/h5><\/a><\/div><div class=\"vc_grid-item vc_clearfix col-lg-2 vc_grid-item-zone-c-bottom vc_visible-item fadeIn animated style_list itemclass-579214\"><a href=\"https:\/\/www.genesys.com\/es-mx\/customer-journey-management\"><h5>Gesti\u00f3n del journey del cliente<\/h5><\/a><\/div><div class=\"vc_grid-item vc_clearfix col-lg-2 vc_grid-item-zone-c-bottom vc_visible-item fadeIn animated style_list itemclass-571972\"><a href=\"https:\/\/www.genesys.com\/es-mx\/scuderiaferrari\"><h5>Ferrari<\/h5><\/a><\/div><div class=\"vc_grid-item vc_clearfix col-lg-2 vc_grid-item-zone-c-bottom vc_visible-item fadeIn animated style_list itemclass-577987\"><a href=\"https:\/\/www.genesys.com\/es-mx\/guide-to-copilots\"><h5>Copilotos<\/h5><\/a><\/div><div class=\"vc_grid-item vc_clearfix col-lg-2 vc_grid-item-zone-c-bottom vc_visible-item fadeIn animated style_list itemclass-555863\"><a href=\"https:\/\/www.genesys.com\/es-mx\/contact-center-software\"><h5>Software de contact center<\/h5><\/a><\/div><div class=\"vc_grid-item vc_clearfix col-lg-2 vc_grid-item-zone-c-bottom vc_visible-item fadeIn animated style_list itemclass-575938\"><a href=\"https:\/\/www.genesys.com\/es-mx\/lavercup\"><h5>Copa\u00a0Laver<\/h5><\/a><\/div><div class=\"vc_grid-item vc_clearfix col-lg-2 vc_grid-item-zone-c-bottom vc_visible-item fadeIn animated style_list itemclass-439559\"><a href=\"https:\/\/www.genesys.com\/es-mx\/genesys-cloud-crb-eng\"><h5>Genesys Cloud &#8211; CRB ENG<\/h5><\/a><\/div><div class=\"vc_grid-item vc_clearfix col-lg-2 vc_grid-item-zone-c-bottom vc_visible-item fadeIn animated style_list itemclass-527830\"><a href=\"https:\/\/www.genesys.com\/es-mx\/genesys-cloud-ex\"><h5>Genesys Cloud EX<\/h5><\/a><\/div><div class=\"vc_grid-item vc_clearfix col-lg-2 vc_grid-item-zone-c-bottom vc_visible-item fadeIn animated style_list itemclass-527810\"><a href=\"https:\/\/www.genesys.com\/es-mx\/experience-orchestration\"><h5>Orquestaci\u00f3n de experiencias<\/h5><\/a><\/div><div class=\"vc_grid-item vc_clearfix col-lg-2 vc_grid-item-zone-c-bottom vc_visible-item fadeIn animated style_list itemclass-512675\"><a href=\"https:\/\/www.genesys.com\/es-mx\/genesys-vs-nice\"><h5>Genesys vs NICE<\/h5><\/a><\/div><div class=\"vc_grid-item vc_clearfix col-lg-2 vc_grid-item-zone-c-bottom vc_visible-item fadeIn animated style_list itemclass-491462\"><a href=\"https:\/\/www.genesys.com\/es-mx\/thank-you-page-landing-cx\"><h5>Thank You Page<\/h5><\/a><\/div><div class=\"vc_grid-item vc_clearfix col-lg-2 vc_grid-item-zone-c-bottom vc_visible-item fadeIn animated style_list itemclass-117002\"><a href=\"https:\/\/www.genesys.com\/es-mx\/blog\"><h5>Blog<\/h5><\/a><\/div><div class=\"vc_grid-item vc_clearfix col-lg-2 vc_grid-item-zone-c-bottom vc_visible-item fadeIn animated style_list itemclass-462359\"><a href=\"https:\/\/www.genesys.com\/es-mx\/pointillist\"><h5>Pointillist<\/h5><\/a><\/div><div class=\"vc_grid-item vc_clearfix col-lg-2 vc_grid-item-zone-c-bottom vc_visible-item fadeIn animated style_list itemclass-262909\"><a href=\"https:\/\/www.genesys.com\/es-mx\/pricing\"><h5>Precios<\/h5><\/a><\/div><div class=\"vc_grid-item vc_clearfix col-lg-2 vc_grid-item-zone-c-bottom vc_visible-item fadeIn animated style_list itemclass-230122\"><a href=\"https:\/\/www.genesys.com\/es-mx\/genesys-cloud\"><h5>Genesys Cloud CX<\/h5><\/a><\/div><div class=\"vc_grid-item vc_clearfix col-lg-2 vc_grid-item-zone-c-bottom vc_visible-item fadeIn animated style_list itemclass-230130\"><a href=\"https:\/\/www.genesys.com\/es-mx\/cloud-platform\"><h5>Plataforma Genesys Cloud<\/h5><\/a><\/div><div class=\"vc_grid-item vc_clearfix col-lg-2 vc_grid-item-zone-c-bottom vc_visible-item fadeIn animated style_list itemclass-252669\"><a href=\"https:\/\/www.genesys.com\/es-mx\/emergency-response\"><h5>Respuesta ante emergencias<\/h5><\/a><\/div><div class=\"vc_grid-item vc_clearfix col-lg-2 vc_grid-item-zone-c-bottom vc_visible-item fadeIn animated style_list itemclass-258973\"><a href=\"https:\/\/www.genesys.com\/es-mx\/cx-blueprint\"><h5>Dise\u00f1o de la CX<\/h5><\/a><\/div><div class=\"vc_grid-item vc_clearfix col-lg-2 vc_grid-item-zone-c-bottom vc_visible-item fadeIn animated style_list itemclass-320850\"><a href=\"https:\/\/www.genesys.com\/es-mx\/products\"><h5>Productos<\/h5><\/a><\/div><div class=\"vc_grid-item vc_clearfix col-lg-2 vc_grid-item-zone-c-bottom vc_visible-item fadeIn animated style_list itemclass-619892\"><a href=\"https:\/\/www.genesys.com\/es-mx\/xperience-on-tour-mexico\"><h5>Xperience On Tour Mexico City<\/h5><\/a><\/div><div class=\"vc_grid-item vc_clearfix col-lg-2 vc_grid-item-zone-c-bottom vc_visible-item fadeIn animated style_list itemclass-241711\"><a href=\"https:\/\/www.genesys.com\/es-mx\/call-center-cloud-migration-overview\"><h5>Descripci\u00f3n general de la migraci\u00f3n de call centers\u00a0a la nube<\/h5><\/a><\/div><div class=\"vc_grid-item vc_clearfix col-lg-2 vc_grid-item-zone-c-bottom vc_visible-item fadeIn animated style_list itemclass-241707\"><a href=\"https:\/\/www.genesys.com\/es-mx\/customer-migrations\"><h5>Migraciones de clientes<\/h5><\/a><\/div><div class=\"vc_grid-item vc_clearfix col-lg-2 vc_grid-item-zone-c-bottom vc_visible-item fadeIn animated style_list itemclass-325269\"><a href=\"https:\/\/www.genesys.com\/es-mx\/zoom\"><h5>Asociaci\u00f3n con Zoom<\/h5><\/a><\/div><div class=\"vc_grid-item vc_clearfix col-lg-2 vc_grid-item-zone-c-bottom vc_visible-item fadeIn animated style_list itemclass-292140\"><a href=\"https:\/\/www.genesys.com\/es-mx\/microsoft\"><h5>Asociaci\u00f3n con Microsoft<\/h5><\/a><\/div><div class=\"vc_grid-item vc_clearfix col-lg-2 vc_grid-item-zone-c-bottom vc_visible-item fadeIn animated style_list itemclass-363108\"><a href=\"https:\/\/www.genesys.com\/es-mx\/superhuman\"><h5>Super Human Service<\/h5><\/a><\/div><div class=\"vc_grid-item vc_clearfix col-lg-2 vc_grid-item-zone-c-bottom vc_visible-item fadeIn animated style_list itemclass-371635\"><a href=\"https:\/\/www.genesys.com\/es-mx\/fedramp\"><h5>Maximus\u00a0Genesys\u00a0Engagement\u00a0Platform<\/h5><\/a><\/div><div class=\"vc_grid-item vc_clearfix col-lg-2 vc_grid-item-zone-c-bottom vc_visible-item fadeIn animated style_list itemclass-432059\"><a href=\"https:\/\/www.genesys.com\/es-mx\/genesys-dx\"><h5>Genesys&nbsp;DX<\/h5><\/a><\/div><div class=\"vc_grid-item vc_clearfix col-lg-2 vc_grid-item-zone-c-bottom vc_visible-item fadeIn animated style_list itemclass-621376\"><a href=\"https:\/\/www.genesys.com\/es-mx\/customer-awards\"><h5>Customer Awards<\/h5><\/a><\/div><div class=\"vc_grid-item vc_clearfix col-lg-2 vc_grid-item-zone-c-bottom vc_visible-item fadeIn animated style_list itemclass-102882\"><a href=\"https:\/\/www.genesys.com\/es-mx\/subscribe\"><h5>Plan de suscripci\u00f3n<\/h5><\/a><\/div><div class=\"vc_grid-item vc_clearfix col-lg-2 vc_grid-item-zone-c-bottom vc_visible-item fadeIn animated style_list itemclass-102786\"><a href=\"https:\/\/www.genesys.com\/es-mx\/innovations\"><h5>Innovaciones<\/h5><p>Innove con menos riesgos y m\u00e1s beneficios<\/p><\/a><\/div><div class=\"vc_grid-item vc_clearfix col-lg-2 vc_grid-item-zone-c-bottom vc_visible-item fadeIn animated style_list itemclass-104839\"><a href=\"https:\/\/www.genesys.com\/es-mx\"><h5>Inicio<\/h5><\/a><\/div><div class=\"vc_grid-item vc_clearfix col-lg-2 vc_grid-item-zone-c-bottom vc_visible-item fadeIn animated style_list itemclass-102903\"><a href=\"https:\/\/www.genesys.com\/es-mx\/customer-success\"><h5>Customer Success<\/h5><\/a><\/div><div class=\"vc_grid-item vc_clearfix col-lg-2 vc_grid-item-zone-c-bottom vc_visible-item fadeIn animated style_list itemclass-104777\"><a href=\"https:\/\/www.genesys.com\/es-mx\/googlecloud\"><h5>Contact Center AI de Google Cloud<\/h5><p>Brinde experiencias excepcionales a sus clientes mediante la asociaci\u00f3n de Genesys y Google.<\/p><\/a><\/div><div class=\"vc_grid-item vc_clearfix col-lg-2 vc_grid-item-zone-c-bottom vc_visible-item fadeIn animated style_list itemclass-102780\"><a href=\"https:\/\/www.genesys.com\/es-mx\/solutions\"><h5>Soluciones<\/h5><\/a><\/div><div class=\"vc_grid-item vc_clearfix col-lg-2 vc_grid-item-zone-c-bottom vc_visible-item fadeIn animated style_list itemclass-102794\"><a href=\"https:\/\/www.genesys.com\/es-mx\/platform\"><h5>Plataforma<\/h5><p>Potencie experiencias del cliente excepcionales con Genesys Customer Experience Platform<\/p><\/a><\/div><div class=\"vc_grid-item vc_clearfix col-lg-2 vc_grid-item-zone-c-bottom vc_visible-item fadeIn animated style_list itemclass-104835\"><a href=\"https:\/\/www.genesys.com\/es-mx\/contact-us\"><h5>Comun\u00edquese con nosotros<\/h5><\/a><\/div><div class=\"vc_grid-item vc_clearfix col-lg-2 vc_grid-item-zone-c-bottom vc_visible-item fadeIn animated style_list itemclass-104831\"><a href=\"https:\/\/www.genesys.com\/es-mx\/request-a-demo\"><h5>Solicite una demo<\/h5><\/a><\/div><div class=\"vc_grid-item vc_clearfix col-lg-2 vc_grid-item-zone-c-bottom vc_visible-item fadeIn animated style_list itemclass-103631\"><a href=\"https:\/\/www.genesys.com\/es-mx\/resources\"><h5>Recursos<\/h5><\/a><\/div><div class=\"vc_grid-item vc_clearfix col-lg-2 vc_grid-item-zone-c-bottom vc_visible-item fadeIn animated style_list itemclass-102872\"><a href=\"https:\/\/www.genesys.com\/es-mx\/events\"><h5>Eventos<\/h5><\/a><\/div><div class=\"vc_grid-item vc_clearfix col-lg-2 vc_grid-item-zone-c-bottom vc_visible-item fadeIn animated style_list itemclass-102895\"><a href=\"https:\/\/www.genesys.com\/es-mx\/webinars\"><h5>Webinars<\/h5><\/a><\/div><div class=\"vc_grid-item vc_clearfix col-lg-2 vc_grid-item-zone-c-bottom vc_visible-item fadeIn animated style_list itemclass-102836\"><a href=\"https:\/\/www.genesys.com\/es-mx\/company\"><h5>Empresa<\/h5><\/a><\/div><div class=\"vc_grid-item vc_clearfix col-lg-2 vc_grid-item-zone-c-bottom vc_visible-item fadeIn animated style_list itemclass-102905\"><a href=\"https:\/\/www.genesys.com\/es-mx\/customer-stories\"><h5>Casos de \u00e9xito<\/h5><\/a><\/div><div class=\"vc_grid-item vc_clearfix col-lg-2 vc_grid-item-zone-c-bottom vc_visible-item fadeIn animated style_list itemclass-102854\"><a href=\"https:\/\/www.genesys.com\/es-mx\/login\"><h5>Login<\/h5><\/a><\/div><div class=\"vc_grid-item vc_clearfix col-lg-2 vc_grid-item-zone-c-bottom vc_visible-item fadeIn animated style_list itemclass-103010\"><a href=\"https:\/\/www.genesys.com\/es-mx\/definitions\"><h5>Definiciones<\/h5><\/a><\/div><div class=\"vc_grid-item vc_clearfix col-lg-2 vc_grid-item-zone-c-bottom vc_visible-item fadeIn animated style_list itemclass-104837\"><a href=\"https:\/\/www.genesys.com\/es-mx\/select-region\"><h5>Seleccione la regi\u00f3n<\/h5><\/a><\/div><div class=\"vc_grid-item vc_clearfix col-lg-2 vc_grid-item-zone-c-bottom vc_visible-item fadeIn animated style_list itemclass-102850\"><a href=\"https:\/\/www.genesys.com\/es-mx\/partners\"><h5>Descripci\u00f3n de socios<\/h5><p>Los socios de Genesys tienen acceso a las tecnolog\u00edas y oportunidades para aumentar su cuota de mercado, mientras que los clientes pueden trabajar con la red de socios de Genesys para hacer crecer su negocio.<\/p><\/a><\/div><div class=\"vc_grid-item vc_clearfix col-lg-2 vc_grid-item-zone-c-bottom vc_visible-item fadeIn animated style_list itemclass-102914\"><a href=\"https:\/\/www.genesys.com\/es-mx\/capabilities\"><h5>Capacidades<\/h5><\/a><\/div><\/div><\/div><\/div><\/div>[\/vc_column][\/vc_row][\/vc_section]<\/p>\n<\/div>","protected":false},"excerpt":{"rendered":"<p>[vc_section full_width=&#8221;stretch_row&#8221; el_class=&#8221;section_header&#8221; css=&#8221;.vc_custom_1530113572660{background-image: url(https:\/\/www.genesys.com\/media\/0618-Customer-Experience-Achieve-Better-Results.jpg?id=16689) !important;}&#8221;][vc_row equal_height=&#8221;yes&#8221; content_placement=&#8221;middle&#8221;][vc_column width=&#8221;3\/5&#8243;][vc_column_text] Mejore el rendimiento de los agentes del centro de contacto [\/vc_column_text][\/vc_column][vc_column width=&#8221;2\/5&#8243;][\/vc_column][\/vc_row][\/vc_section][vc_section full_width=&#8221;stretch_row&#8221; el_class=&#8221;cta-bar&#8221; css=&#8221;.vc_custom_1522458207688{padding-top: 0px !important;padding-bottom: 0px !important;}&#8221;][vc_row full_width=&#8221;stretch_row&#8221; css=&#8221;.vc_custom_1522458201976{padding-top: 0px !important;padding-bottom: 0px !important;}&#8221;][vc_column][\/vc_column][\/vc_row][\/vc_section][vc_section full_width=&#8221;stretch_row&#8221;][vc_row][vc_column][vc_column_text] Establezca un equipo m\u00e1s eficaz para el centro de contacto Aumentar el rendimiento de los agentes es esencial para hacer [&hellip;]<\/p>\n","protected":false},"author":1,"featured_media":10446,"parent":102789,"menu_order":1,"comment_status":"closed","ping_status":"closed","template":"","meta":{"_acf_changed":false,"footnotes":""},"class_list":["post-102801","page","type-page","status-publish","has-post-thumbnail","hentry"],"acf":[],"_links":{"self":[{"href":"https:\/\/www.genesys.com\/es-mx\/wp-json\/wp\/v2\/pages\/102801","targetHints":{"allow":["GET"]}}],"collection":[{"href":"https:\/\/www.genesys.com\/es-mx\/wp-json\/wp\/v2\/pages"}],"about":[{"href":"https:\/\/www.genesys.com\/es-mx\/wp-json\/wp\/v2\/types\/page"}],"author":[{"embeddable":true,"href":"https:\/\/www.genesys.com\/es-mx\/wp-json\/wp\/v2\/users\/1"}],"replies":[{"embeddable":true,"href":"https:\/\/www.genesys.com\/es-mx\/wp-json\/wp\/v2\/comments?post=102801"}],"version-history":[{"count":4,"href":"https:\/\/www.genesys.com\/es-mx\/wp-json\/wp\/v2\/pages\/102801\/revisions"}],"predecessor-version":[{"id":110815,"href":"https:\/\/www.genesys.com\/es-mx\/wp-json\/wp\/v2\/pages\/102801\/revisions\/110815"}],"up":[{"embeddable":true,"href":"https:\/\/www.genesys.com\/es-mx\/wp-json\/wp\/v2\/pages\/102789"}],"wp:featuredmedia":[{"embeddable":true,"href":"https:\/\/www.genesys.com\/es-mx\/wp-json\/wp\/v2\/media\/10446"}],"wp:attachment":[{"href":"https:\/\/www.genesys.com\/es-mx\/wp-json\/wp\/v2\/media?parent=102801"}],"curies":[{"name":"wp","href":"https:\/\/api.w.org\/{rel}","templated":true}]}}