{"id":102799,"date":"2018-10-26T14:39:11","date_gmt":"2018-10-26T21:39:11","guid":{"rendered":"https:\/\/www.genesys.com\/?page_id=102799"},"modified":"2018-11-01T09:56:23","modified_gmt":"2018-11-01T16:56:23","slug":"innovations-altocloud","status":"publish","type":"page","link":"https:\/\/www.genesys.com\/es-mx\/innovations\/innovations-altocloud","title":{"rendered":"Altocloud"},"content":{"rendered":"<div class=\"wpb-content-wrapper\"><p>[vc_section full_width=&#8221;stretch_row&#8221; el_class=&#8221;section_header&#8221; css=&#8221;.vc_custom_1530124845360{background-image: url(https:\/\/www.genesys.com\/media\/0618-Customer-Experience-Innovations.jpg?id=16690) !important;}&#8221;][vc_row equal_height=&#8221;yes&#8221; content_placement=&#8221;middle&#8221;][vc_column width=&#8221;1\/2&#8243;][vc_column_text]<\/p>\n<h1>Determine los recorridos de los clientes con el an\u00e1lisis predictivo en tiempo real<\/h1>\n<p>[\/vc_column_text][\/vc_column][vc_column width=&#8221;1\/2&#8243;][\/vc_column][\/vc_row][\/vc_section][vc_section full_width=&#8221;stretch_row&#8221; el_class=&#8221;cta-bar&#8221; css=&#8221;.vc_custom_1522458207688{padding-top: 0px !important;padding-bottom: 0px !important;}&#8221;][vc_row full_width=&#8221;stretch_row&#8221; css=&#8221;.vc_custom_1522458201976{padding-top: 0px !important;padding-bottom: 0px !important;}&#8221;][vc_column][\/vc_column][\/vc_row][\/vc_section][vc_section full_width=&#8221;stretch_row&#8221;][vc_row][vc_column][vc_column_text]<\/p>\n<h2 style=\"text-align: center;\">Conecte los puntos en los patrones del cliente<\/h2>\n<p style=\"text-align: center;\">Incremente las relaciones con sus clientes a trav\u00e9s del an\u00e1lisis predictivo y aprenda a impulsar autom\u00e1ticamente y de forma m\u00e1s inteligente la interacci\u00f3n con el cliente. Genesys Altocloud combina inteligencia artificial con datos procedentes de varias fuentes para predecir la probabilidad de que un cliente alcance un hito espec\u00edfico dentro de su recorrido. Si ese hito es hacer un pedido de un producto, solicitar una cotizaci\u00f3n de un seguro o reservar un vuelo en un sitio web, la visualizaci\u00f3n en tiempo real del comportamiento digital le entrega el contexto detr\u00e1s del paso completo. Identifique r\u00e1pidamente los puntos d\u00e9biles de los clientes para convertir cualquier interacci\u00f3n en una experiencia positiva y aumentar el valor del cliente de por vida.<\/p>\n<p>[\/vc_column_text][\/vc_column][\/vc_row][\/vc_section][vc_section full_width=&#8221;stretch_row&#8221; el_class=&#8221;section_light-gray&#8221;][vc_row][vc_column]<div class=\"db_cta_dynamic align-center style-dark\" data-offset=\"0\" data-section-bg=\"https:\/\/www.genesys.com\/media\/Website-CTA-Backgrounds-Plum-Right.png\" data-limit=\"1\" data-result=\"%5B%5D\"><h3>An\u00e1lisis y redefinici\u00f3n del journey del cliente<\/h3><div class=\"genesys-button medium align-center genesys-white \"><a href=\"\/resources\/analyzing-and-shaping-customer-journeys\" target=\"\" rel=\"\">Lea el documento<\/a><\/div><\/div>[\/vc_column][\/vc_row][\/vc_section][vc_section full_width=&#8221;stretch_row&#8221;][vc_row equal_height=&#8221;yes&#8221; content_placement=&#8221;middle&#8221;][vc_column][vc_column_text]<\/p>\n<h3 style=\"text-align: center;\">Recopile los datos adecuados y fortalezca las relaciones con sus clientes<\/h3>\n<p>[\/vc_column_text][\/vc_column][\/vc_row][vc_row gap=&#8221;15&#8243;][vc_column width=&#8221;1\/3&#8243; offset=&#8221;vc_hidden-xs&#8221;][vc_single_image image=&#8221;10728&#8243; add_caption=&#8221;yes&#8221; alignment=&#8221;center&#8221; img_size=&#8221;full&#8221;][\/vc_column][vc_column width=&#8221;1\/3&#8243;][vc_column_text]<\/p>\n<h4>Cree un gran impacto con contexto enriquecido de cliente<\/h4>\n<p>Un m\u00ednimo dato puede marcar la diferencia en materia de conversi\u00f3n de clientes. Recopile informaci\u00f3n valiosa, como el historial de navegaci\u00f3n, los eventos a lo largo del journey que llevaron al cliente a hacer una llamada o la resoluci\u00f3n de problemas similares. Altocloud analiza todo este contexto en tiempo real a fin de maximizar el ciclo de vida del cliente.[\/vc_column_text][\/vc_column][vc_column width=&#8221;1\/3&#8243;][vc_column_text]<\/p>\n<h4>Personalice los recorridos a trav\u00e9s de comentarios de an\u00e1lisis<\/h4>\n<p>Aplique el an\u00e1lisis para comprender mejor a los clientes y personalizar su journey. Utilice la segmentaci\u00f3n y los cl\u00fasters para entender mejor los patrones de comportamiento del cliente. Luego, utilice estos datos para predecir si un lead podr\u00e1 convertirse en un cliente nuevo, sobre la base del aprendizaje autom\u00e1tico de clientes anteriores. Usted tambi\u00e9n puede determinar la cantidad de segmentos que quiere conformar y las caracter\u00edsticas del cliente para cada uno.[\/vc_column_text][\/vc_column][\/vc_row][\/vc_section][vc_section full_width=&#8221;stretch_row&#8221; css=&#8221;.vc_custom_1526431368706{background-color: #f3f3f3 !important;}&#8221;][vc_row equal_height=&#8221;yes&#8221; content_placement=&#8221;middle&#8221;][vc_column][vc_column_text]<\/p>\n<h3 style=\"text-align: center;\">Aplique el an\u00e1lisis predictivo para el recorrido del cliente<\/h3>\n<p>[\/vc_column_text][\/vc_column][\/vc_row][vc_row gap=&#8221;30&#8243;][vc_column width=&#8221;1\/3&#8243;][vc_column_text]<\/p>\n<h4>Sepa qu\u00e9 piensa su cliente<\/h4>\n<p>El an\u00e1lisis predictivo le permite predecir el comportamiento de los usuarios, los cambios en sus intereses o la probabilidad de eventos. Anticipe cu\u00e1ndo puede ofrecer la asistencia de un agente a un cliente que est\u00e9 navegando en su sitio web. Mejore la experiencia de clientes actuales y potenciales identificando y generando engagement con ellos en el momento indicado y en el canal m\u00e1s adecuado \u0096autoservicio o servicio asistido\u0096 antes de que ellos se pongan en contacto con usted.[\/vc_column_text][\/vc_column][vc_column width=&#8221;1\/3&#8243;][vc_column_text]<\/p>\n<h4>Refine los an\u00e1lisis con comentarios<\/h4>\n<p>El comportamiento y las necesidades de los clientes cambian r\u00e1pidamente; las presuposiciones de ayer, bien podr\u00edan no aplicarse hoy. Genesys Altocloud utiliza tanto opiniones impl\u00edcitas como expl\u00edcitas para aplicar el an\u00e1lisis predictivo a los journeys din\u00e1micos del cliente. Automatice las respuestas que optimizan el journey y aplique los recursos correctos a las necesidades m\u00e1s importantes del cliente. De este modo, mejorar\u00e1 el nivel satisfacci\u00f3n de sus clientes y los resultados de la empresa.[\/vc_column_text][\/vc_column][vc_column width=&#8221;1\/3&#8243; offset=&#8221;vc_hidden-xs&#8221;][vc_single_image image=&#8221;10729&#8243; add_caption=&#8221;yes&#8221; alignment=&#8221;center&#8221; img_size=&#8221;full&#8221;][\/vc_column][\/vc_row][\/vc_section][vc_section full_width=&#8221;stretch_row&#8221; disable_element=&#8221;yes&#8221; css=&#8221;.vc_custom_1539640181527{background-image: url(https:\/\/www.genesys.com\/media\/Website-CTA-Backgrounds-Gradient-Bar.png?id=16908) !important;}&#8221; el_class=&#8221;section_white&#8221;][vc_row][vc_column]<div class=\"db_cta_dynamic align-center style-dark\" data-offset=\"0\" data-section-bg=\"\" data-limit=\"1\" data-result=\"%5B%5D\"><h3>With Genesys Altocloud, Polycom realized a 72% savings in cost per chat, and a 62% savings in cost per lead. Get your own results with a free trial.<\/h3><div class=\"genesys-button medium align-center genesys-white \"><a href=\"https:\/\/www.genesys.com\/campaign\/try-altocloud-free?cid=7010B000001SXSv\" target=\"\" rel=\"\">Try for free<\/a><\/div><\/div>[\/vc_column][\/vc_row][\/vc_section][vc_section][vc_row][vc_column][vc_column_text]<\/p>\n<h3 style=\"text-align: center;\">Explore las innovaciones de Genesys\u0085<\/h3>\n<p>[\/vc_column_text]<div class=\"vc_grid-container-wrapper vc_clearfix grid_type-page-relative wrapper_style_list\"><div class=\"vc_grid-container vc_clearfix wpb_content_element vc_basic_grid\"><div class=\"vc_grid vc_row vc_grid-gutter-35px vc_pageable-wrapper vc_hook_hover gen_text-center\" data-vc-pageable-content=\"true\"><div class=\"vc_pageable-slide-wrapper vc_clearfix siblinglist w-100 d-flex flex-wrap justify-content-center\" data-vc-grid-content=\"true\"><div class=\"vc_grid-item vc_clearfix col-lg-3 vc_grid-item-zone-c-bottom vc_visible-item fadeIn animated style_list itemclass-102792\"><a href=\"https:\/\/www.genesys.com\/es-mx\/innovations\/automation\"><h5>Automatizaci\u00f3n<\/h5><\/a><\/div><div class=\"vc_grid-item vc_clearfix col-lg-3 vc_grid-item-zone-c-bottom vc_visible-item fadeIn animated style_list itemclass-102814\"><a href=\"https:\/\/www.genesys.com\/es-mx\/innovations\/omnichannel\"><h5>Omnicanal<\/h5><\/a><\/div><div class=\"vc_grid-item vc_clearfix col-lg-3 vc_grid-item-zone-c-bottom vc_visible-item fadeIn animated style_list itemclass-102817\"><a href=\"https:\/\/www.genesys.com\/es-mx\/innovations\/messaging\"><h5>Mensajer\u00eda asincr\u00f3nica<\/h5><\/a><\/div><\/div><\/div><\/div><\/div>[\/vc_column][\/vc_row][\/vc_section]<\/p>\n<\/div>","protected":false},"excerpt":{"rendered":"<p>[vc_section full_width=&#8221;stretch_row&#8221; el_class=&#8221;section_header&#8221; css=&#8221;.vc_custom_1530124845360{background-image: url(https:\/\/www.genesys.com\/media\/0618-Customer-Experience-Innovations.jpg?id=16690) !important;}&#8221;][vc_row equal_height=&#8221;yes&#8221; content_placement=&#8221;middle&#8221;][vc_column width=&#8221;1\/2&#8243;][vc_column_text] Determine los recorridos de los clientes con el an\u00e1lisis predictivo en tiempo real [\/vc_column_text][\/vc_column][vc_column width=&#8221;1\/2&#8243;][\/vc_column][\/vc_row][\/vc_section][vc_section full_width=&#8221;stretch_row&#8221; el_class=&#8221;cta-bar&#8221; css=&#8221;.vc_custom_1522458207688{padding-top: 0px !important;padding-bottom: 0px !important;}&#8221;][vc_row full_width=&#8221;stretch_row&#8221; css=&#8221;.vc_custom_1522458201976{padding-top: 0px !important;padding-bottom: 0px !important;}&#8221;][vc_column][\/vc_column][\/vc_row][\/vc_section][vc_section full_width=&#8221;stretch_row&#8221;][vc_row][vc_column][vc_column_text] Conecte los puntos en los patrones del cliente Incremente las relaciones con sus clientes a trav\u00e9s del [&hellip;]<\/p>\n","protected":false},"author":15,"featured_media":81928,"parent":102786,"menu_order":4,"comment_status":"closed","ping_status":"closed","template":"","meta":{"_acf_changed":false,"footnotes":""},"class_list":["post-102799","page","type-page","status-publish","has-post-thumbnail","hentry"],"acf":[],"_links":{"self":[{"href":"https:\/\/www.genesys.com\/es-mx\/wp-json\/wp\/v2\/pages\/102799","targetHints":{"allow":["GET"]}}],"collection":[{"href":"https:\/\/www.genesys.com\/es-mx\/wp-json\/wp\/v2\/pages"}],"about":[{"href":"https:\/\/www.genesys.com\/es-mx\/wp-json\/wp\/v2\/types\/page"}],"author":[{"embeddable":true,"href":"https:\/\/www.genesys.com\/es-mx\/wp-json\/wp\/v2\/users\/15"}],"replies":[{"embeddable":true,"href":"https:\/\/www.genesys.com\/es-mx\/wp-json\/wp\/v2\/comments?post=102799"}],"version-history":[{"count":4,"href":"https:\/\/www.genesys.com\/es-mx\/wp-json\/wp\/v2\/pages\/102799\/revisions"}],"predecessor-version":[{"id":110826,"href":"https:\/\/www.genesys.com\/es-mx\/wp-json\/wp\/v2\/pages\/102799\/revisions\/110826"}],"up":[{"embeddable":true,"href":"https:\/\/www.genesys.com\/es-mx\/wp-json\/wp\/v2\/pages\/102786"}],"wp:featuredmedia":[{"embeddable":true,"href":"https:\/\/www.genesys.com\/es-mx\/wp-json\/wp\/v2\/media\/81928"}],"wp:attachment":[{"href":"https:\/\/www.genesys.com\/es-mx\/wp-json\/wp\/v2\/media?parent=102799"}],"curies":[{"name":"wp","href":"https:\/\/api.w.org\/{rel}","templated":true}]}}