{"id":102794,"date":"2018-10-26T14:38:35","date_gmt":"2018-10-26T21:38:35","guid":{"rendered":"https:\/\/www.genesys.com\/?page_id=102794"},"modified":"2021-06-28T01:33:31","modified_gmt":"2021-06-28T08:33:31","slug":"platform","status":"publish","type":"page","link":"https:\/\/www.genesys.com\/es-mx\/platform","title":{"rendered":"Plataforma"},"content":{"rendered":"<div class=\"wpb-content-wrapper\"><p>[vc_section full_width=&#8221;stretch_row&#8221; el_class=&#8221;section_header&#8221; css=&#8221;.vc_custom_1533841032237{background-image: url(https:\/\/www.genesys.com\/media\/7c342731-v4-platform.jpg?id=86383) !important;}&#8221;][vc_row equal_height=&#8221;yes&#8221; content_placement=&#8221;middle&#8221;][vc_column width=&#8221;3\/5&#8243;][vc_column_text]<\/p>\n<h1>Plataforma de experiencia del cliente omnicanal<\/h1>\n<p>[\/vc_column_text][\/vc_column][vc_column width=&#8221;2\/5&#8243;][\/vc_column][\/vc_row][\/vc_section][vc_section full_width=&#8221;stretch_row&#8221; el_class=&#8221;cta-bar&#8221; css=&#8221;.vc_custom_1522458207688{padding-top: 0px !important;padding-bottom: 0px !important;}&#8221;][vc_row full_width=&#8221;stretch_row&#8221; css=&#8221;.vc_custom_1522458201976{padding-top: 0px !important;padding-bottom: 0px !important;}&#8221;][vc_column][\/vc_column][\/vc_row][\/vc_section][vc_section full_width=&#8221;stretch_row&#8221;][vc_row][vc_column][vc_column_text]<\/p>\n<h2 style=\"text-align: center;\">Convierta la experiencia del cliente en un diferenciador estrat\u00e9gico<\/h2>\n<p style=\"text-align: center;\">El negocio es cada d\u00eda m\u00e1s competitivo, al igual que el aumento de las exigencias de los clientes. Supere sus objetivos del negocio y las expectativas de los clientes con la plataforma de experiencia del cliente de Genesys.<\/p>\n<p style=\"text-align: center;\">La gran experiencia del cliente (CX) impulsa los resultados del negocio y la lealtad de los clientes. Genesys le proporciona las herramientas para administrar los recorridos a trav\u00e9s de uno o varios canales. Usted sabr\u00e1 qui\u00e9n se est\u00e1 comunicando con usted y c\u00f3mo llegar a la mejor resoluci\u00f3n posible apenas inicien una interacci\u00f3n. Adem\u00e1s, sus equipos tendr\u00e1n la informaci\u00f3n y las aplicaciones que necesita justo al alcance de su mano.<\/p>\n<p style=\"text-align: center;\">Empresas de todo el mundo cuentan con Genesys para entregar la interacci\u00f3n con el cliente, la interacci\u00f3n con los empleados y las capacidades de optimizaci\u00f3n de negocios que impulsan relaciones duraderas y producen excelentes resultados comerciales.<\/p>\n<p>[\/vc_column_text][\/vc_column][\/vc_row][\/vc_section][vc_section full_width=&#8221;stretch_row&#8221; el_class=&#8221;section_light-gray&#8221;][vc_row][vc_column][vc_column_text]<\/p>\n<h3 style=\"text-align: center;\">Explore la plataforma Genesys<\/h3>\n<p>[\/vc_column_text]<div class=\"child-pages vc_grid-container-wrapper vc_clearfix grid_type-page-relative wrapper_style_colored-boxes\"><div class=\"vc_grid-container vc_clearfix wpb_content_element vc_basic_grid\"><div class=\"grid vc_grid vc_row vc_grid-gutter-35px vc_pageable-wrapper vc_hook_hover gen_text-center\" data-vc-pageable-content=\"true\"><div class=\"vc_pageable-slide-wrapper vc_clearfix d-flex flex-wrap justify-content-center w-100\" data-vc-grid-content=\"true\"><div class=\"vc_grid-item vc_clearfix style_colored-boxes col-lg-3 vc_grid-item-zone-c-bottom vc_visible-item fadeIn animated itemclass-102782\"><a href=\"https:\/\/www.genesys.com\/es-mx\/platform\/pureconnect\"><div class=\"overlay\"><h4 class=\"item-title\">PureConnect<\/h4><\/div><div class=\"content\"><h4 class=\"item-title\">PureConnect<\/h4><p>Aumente el customer engagement con la plataforma de experiencia del cliente PureConnect flexible y \"todo en uno\"<\/p><div class=\"genesys-button medium  genesys-orange\"><span>Conozca m\u00e1s<\/span><\/div><\/div><\/a><\/div><div class=\"vc_grid-item vc_clearfix style_colored-boxes col-lg-3 vc_grid-item-zone-c-bottom vc_visible-item fadeIn animated itemclass-104772\"><a href=\"https:\/\/www.genesys.com\/es-mx\/platform\/purecloud\"><div class=\"overlay\"><h4 class=\"item-title\">PureCloud<\/h4><\/div><div class=\"content\"><h4 class=\"item-title\">PureCloud<\/h4><p>Potencie su negocio para proporcionar un excelente servicio durante todo el journey del cliente<\/p><div class=\"genesys-button medium  genesys-orange\"><span>Conozca m\u00e1s<\/span><\/div><\/div><\/a><\/div><div class=\"vc_grid-item vc_clearfix style_colored-boxes col-lg-3 vc_grid-item-zone-c-bottom vc_visible-item fadeIn animated itemclass-156321\"><a href=\"https:\/\/www.genesys.com\/es-mx\/platform\/genesys-cloud\"><div class=\"overlay\"><h4 class=\"item-title\">Genesys Cloud CX<\/h4><\/div><div class=\"content\"><h4 class=\"item-title\">Genesys Cloud CX<\/h4><div class=\"genesys-button medium  genesys-orange\"><span>Conozca m\u00e1s<\/span><\/div><\/div><\/a><\/div><div class=\"vc_grid-item vc_clearfix style_colored-boxes col-lg-3 vc_grid-item-zone-c-bottom vc_visible-item fadeIn animated itemclass-102784\"><a href=\"https:\/\/www.genesys.com\/es-mx\/platform\/pureengage\"><div class=\"overlay\"><h4 class=\"item-title\">PureEngage<\/h4><\/div><div class=\"content\"><h4 class=\"item-title\">PureEngage<\/h4><p>Impulse el \u00e9xito de la experiencia del cliente y la transformaci\u00f3n digital con la plataforma PureEngage de Genesys <\/p><div class=\"genesys-button medium  genesys-orange\"><span>Conozca m\u00e1s<\/span><\/div><\/div><\/a><\/div><\/div><\/div><\/div><\/div>[\/vc_column][\/vc_row][\/vc_section][vc_section full_width=&#8221;stretch_row&#8221;][vc_row equal_height=&#8221;yes&#8221; content_placement=&#8221;middle&#8221; el_class=&#8221;mobile-reverse&#8221;][vc_column width=&#8221;2\/3&#8243;][vc_column_text]<\/p>\n<h3>Plataforma Genesys Cloud<\/h3>\n<p>Avance hacia el futuro con la plataforma Genesys Cloud\u2122, una soluci\u00f3n de software \u201ctodo en uno\u201d que unifica el customer engagement y la gesti\u00f3n de empleados, que es f\u00e1cil de usar, de r\u00e1pida implementaci\u00f3n y espec\u00edficamente dise\u00f1ada para la innovaci\u00f3n. Gracias a las capacidades ciento por ciento omnicanal y a la excepcional confiabilidad de Genesys Cloud, usted puede conectarse e interactuar con sus clientes en cualquier lugar y en cualquier momento. Esta plataforma se adapta f\u00e1cilmente a empresas peque\u00f1as y medianas, y a cada vez m\u00e1s clientes de mayor envergadura. Gracias a su gran funcionalidad y verdadera arquitectura en la nube que ofrece mejoras continuas, Genesys Cloud satisface sus necesidades de hoy y de ma\u00f1ana.[\/vc_column_text]<div class=\"btn-container justify-content-start \"><a class=\"btn small btn-primary\" href=\"\/es-mx\/platform\/purecloud\" target=\"\" style=\"width:auto;\" rel=\"\" >Conozca m\u00e1s<\/a><\/div>[\/vc_column][vc_column width=&#8221;1\/3&#8243;][vc_single_image image=&#8221;382403&#8243; img_size=&#8221;full&#8221; css=&#8221;.vc_custom_1624869165307{margin-bottom: 2em !important;}&#8221;][\/vc_column][\/vc_row][\/vc_section][vc_row][vc_column]<span class=\"g_separator genesys-light-gray\" style=\"height:1px\"><\/span>[\/vc_column][\/vc_row][vc_section full_width=&#8221;stretch_row&#8221;][vc_row equal_height=&#8221;yes&#8221; content_placement=&#8221;middle&#8221;][vc_column width=&#8221;1\/3&#8243;][vc_single_image image=&#8221;12944&#8243; img_size=&#8221;full&#8221; css=&#8221;.vc_custom_1525984984575{margin-bottom: 2em !important;}&#8221;][\/vc_column][vc_column width=&#8221;2\/3&#8243;][vc_column_text]<\/p>\n<h3>Plataforma PureConnect de Genesys<\/h3>\n<p>El cliente es el que \u201cmanda\u201d, y usted debe contactarlo a trav\u00e9s del canal de su preferencia. La plataforma PureConnect\u0099, disponible tanto on-premise como en la nube, es una soluci\u00f3n omnicanal de centro de contacto para empresas medianas y grandes. Con una tecnolog\u00eda comprobada como PureConnect, que orienta la comunicaci\u00f3n de forma ininterrumpida a trav\u00e9s de canales digitales y de voz, usted puede conectarse con el cliente por tel\u00e9fono, chat, mensajes de texto o redes sociales; y todo ello desde una \u00fanica y poderosa aplicaci\u00f3n. Debido a que es simple de administrar y que est\u00e1 concebida para integrarse con otros sistemas, tambi\u00e9n puede adaptarla a sus necesidades espec\u00edficas y aprovechar funciones adicionales con licencias por suscripci\u00f3n.[\/vc_column_text]<div class=\"btn-container justify-content-start \"><a class=\"btn small btn-primary\" href=\"\/es-mx\/platform\/pureconnect\" target=\"\" style=\"width:auto;\" rel=\"\" >Conozca m\u00e1s<\/a><\/div>[\/vc_column][\/vc_row][\/vc_section][vc_row][vc_column]<span class=\"g_separator genesys-light-gray\" style=\"height:1px\"><\/span>[\/vc_column][\/vc_row][vc_section full_width=&#8221;stretch_row&#8221;][vc_row equal_height=&#8221;yes&#8221; content_placement=&#8221;middle&#8221; el_class=&#8221;mobile-reverse&#8221;][vc_column width=&#8221;2\/3&#8243;][vc_column_text]<\/p>\n<h3>Plataforma Genesys<\/h3>\n<p>Brinde experiencias superiores e impulse la transformaci\u00f3n digital con Genesys\u2122, la suite omnicanal de customer engagement para grandes empresas. Esta plataforma combina journeys con contexto en tiempo real, enrutamiento inteligente de clase mundial y transformaci\u00f3n digital para hacer que la experiencia del cliente sea un elemento diferenciador. Con robustas herramientas f\u00e1ciles de usar al alcance de la mano, sus equipos pueden hacer frente a las crecientes expectativas de los clientes que demandan interacciones personalizadas e ininterrumpidas. La plataforma Genesys ofrece eficiencia operativa y brinda al cliente una experiencia superior, y adem\u00e1s, admite una amplia capacidad de personalizaci\u00f3n a trav\u00e9s de API abiertas y est\u00e1ndares web.[\/vc_column_text]<div class=\"btn-container justify-content-start \"><a class=\"btn small btn-primary\" href=\"\/es-mx\/platform\/pureengage\" target=\"\" style=\"width:auto;\" rel=\"\" >Conozca m\u00e1s<\/a><\/div>[\/vc_column][vc_column width=&#8221;1\/3&#8243;][vc_single_image image=&#8221;382419&#8243; img_size=&#8221;full&#8221; css=&#8221;.vc_custom_1624869185090{margin-bottom: 2em !important;}&#8221;][\/vc_column][\/vc_row][\/vc_section][vc_section full_width=&#8221;stretch_row&#8221; css=&#8221;.vc_custom_1524350271998{background-color: #f3f3f3 !important;}&#8221;][vc_row equal_height=&#8221;yes&#8221; content_placement=&#8221;middle&#8221;][vc_column width=&#8221;1\/2&#8243; el_class=&#8221;hide-on-mobile&#8221; offset=&#8221;vc_hidden-xs&#8221;][vc_single_image image=&#8221;9168&#8243; alignment=&#8221;center&#8221; img_size=&#8221;full&#8221;][\/vc_column][vc_column width=&#8221;1\/2&#8243;][vc_column_text]<\/p>\n<h3>Posici\u00f3nese para satisfacer las necesidades de los clientes a medida que evolucionan<\/h3>\n<p>Cuente con Genesys para grandes experiencias del cliente: ahora y en el futuro. \u00a0B\u00fasquenos para obtener las capacidades y conocimientos que definen la pr\u00f3xima generaci\u00f3n de experiencia del cliente.<\/p>\n<ul>\n<li>Inteligencia artificial y bots<\/li>\n<li>Integraciones de Internet de las cosas (IoT) con Google, Amazon y Business Chat de Apple<\/li>\n<li>An\u00e1lisis de palabras clave y tono<\/li>\n<li>Enrutamiento predictivo basado en el aprendizaje autom\u00e1tico<\/li>\n<li>Realidad virtual y aumentada, incluido video de atenci\u00f3n al cliente<\/li>\n<li>Gran almacenamiento de datos y an\u00e1lisis para una mejor utilizaci\u00f3n de datos dentro de sus propios sistemas<\/li>\n<\/ul>\n<p>[\/vc_column_text]<div class=\"btn-container justify-content-start \"><a class=\"btn small btn-primary\" href=\"\/es-mx\/customer-experience\/innovations\" target=\"\" style=\"width:auto;\" rel=\"\" >Conozca m\u00e1s<\/a><\/div>[\/vc_column][\/vc_row][\/vc_section][vc_section full_width=&#8221;stretch_row&#8221;][vc_row][vc_column][vc_column_text]<\/p>\n<h3 style=\"text-align: center;\">Explore la plataforma Genesys<\/h3>\n<p>[\/vc_column_text][\/vc_column][\/vc_row][\/vc_section]<\/p>\n<\/div>","protected":false},"excerpt":{"rendered":"<p>[vc_section full_width=&#8221;stretch_row&#8221; el_class=&#8221;section_header&#8221; css=&#8221;.vc_custom_1533841032237{background-image: url(https:\/\/www.genesys.com\/media\/7c342731-v4-platform.jpg?id=86383) !important;}&#8221;][vc_row equal_height=&#8221;yes&#8221; content_placement=&#8221;middle&#8221;][vc_column width=&#8221;3\/5&#8243;][vc_column_text] Plataforma de experiencia del cliente omnicanal [\/vc_column_text][\/vc_column][vc_column width=&#8221;2\/5&#8243;][\/vc_column][\/vc_row][\/vc_section][vc_section full_width=&#8221;stretch_row&#8221; el_class=&#8221;cta-bar&#8221; css=&#8221;.vc_custom_1522458207688{padding-top: 0px !important;padding-bottom: 0px !important;}&#8221;][vc_row full_width=&#8221;stretch_row&#8221; css=&#8221;.vc_custom_1522458201976{padding-top: 0px !important;padding-bottom: 0px !important;}&#8221;][vc_column][\/vc_column][\/vc_row][\/vc_section][vc_section full_width=&#8221;stretch_row&#8221;][vc_row][vc_column][vc_column_text] Convierta la experiencia del cliente en un diferenciador estrat\u00e9gico El negocio es cada d\u00eda m\u00e1s competitivo, al igual que el aumento de las exigencias [&hellip;]<\/p>\n","protected":false},"author":1,"featured_media":0,"parent":0,"menu_order":3,"comment_status":"closed","ping_status":"closed","template":"","meta":{"_acf_changed":false,"footnotes":""},"class_list":["post-102794","page","type-page","status-publish","hentry"],"acf":[],"_links":{"self":[{"href":"https:\/\/www.genesys.com\/es-mx\/wp-json\/wp\/v2\/pages\/102794","targetHints":{"allow":["GET"]}}],"collection":[{"href":"https:\/\/www.genesys.com\/es-mx\/wp-json\/wp\/v2\/pages"}],"about":[{"href":"https:\/\/www.genesys.com\/es-mx\/wp-json\/wp\/v2\/types\/page"}],"author":[{"embeddable":true,"href":"https:\/\/www.genesys.com\/es-mx\/wp-json\/wp\/v2\/users\/1"}],"replies":[{"embeddable":true,"href":"https:\/\/www.genesys.com\/es-mx\/wp-json\/wp\/v2\/comments?post=102794"}],"version-history":[{"count":6,"href":"https:\/\/www.genesys.com\/es-mx\/wp-json\/wp\/v2\/pages\/102794\/revisions"}],"predecessor-version":[{"id":386368,"href":"https:\/\/www.genesys.com\/es-mx\/wp-json\/wp\/v2\/pages\/102794\/revisions\/386368"}],"wp:attachment":[{"href":"https:\/\/www.genesys.com\/es-mx\/wp-json\/wp\/v2\/media?parent=102794"}],"curies":[{"name":"wp","href":"https:\/\/api.w.org\/{rel}","templated":true}]}}