{"id":102786,"date":"2018-10-26T14:38:59","date_gmt":"2018-10-26T21:38:59","guid":{"rendered":"https:\/\/www.genesys.com\/?page_id=102786"},"modified":"2021-02-14T22:00:10","modified_gmt":"2021-02-15T06:00:10","slug":"innovations","status":"publish","type":"page","link":"https:\/\/www.genesys.com\/es-mx\/innovations","title":{"rendered":"Innovaciones"},"content":{"rendered":"<div class=\"wpb-content-wrapper\"><p>[vc_section full_width=&#8221;stretch_row&#8221; el_class=&#8221;section_header&#8221; css=&#8221;.vc_custom_1530121222390{background-image: url(https:\/\/www.genesys.com\/media\/0618-Customer-Experience-Innovations.jpg?id=16690) !important;}&#8221;][vc_row equal_height=&#8221;yes&#8221; content_placement=&#8221;middle&#8221;][vc_column width=&#8221;1\/2&#8243;][vc_column_text]<\/p>\n<h1>Innovaci\u00f3n en experiencia del cliente: el futuro es ahora<\/h1>\n<p>[\/vc_column_text][\/vc_column][vc_column width=&#8221;1\/2&#8243;][\/vc_column][\/vc_row][\/vc_section][vc_section full_width=&#8221;stretch_row&#8221; el_class=&#8221;cta-bar&#8221; css=&#8221;.vc_custom_1522458207688{padding-top: 0px !important;padding-bottom: 0px !important;}&#8221;][vc_row full_width=&#8221;stretch_row&#8221; css=&#8221;.vc_custom_1522458201976{padding-top: 0px !important;padding-bottom: 0px !important;}&#8221;][vc_column][\/vc_column][\/vc_row][\/vc_section][vc_section full_width=&#8221;stretch_row&#8221;][vc_row][vc_column][vc_column_text]<\/p>\n<h2 style=\"text-align: center;\">Innove con menos riesgos y mayor recompensa<\/h2>\n<p style=\"text-align: center;\">Hist\u00f3ricamente, la innovaci\u00f3n en la experiencia del cliente se ha visto limitada por sistemas patentados que no se adaptan al cambio. Ya se fueron aquellos d\u00edas en que uno implementaba una soluci\u00f3n de experiencia del cliente y se retiraba. En Genesys, nos acercamos a la innovaci\u00f3n a trav\u00e9s del mantenimiento de est\u00e1ndares abiertos, con un entendimiento de c\u00f3mo implementar nuevas tecnolog\u00edas que ofrezcan experiencias fluidas y personalizadas.<\/p>\n<p>[\/vc_column_text][\/vc_column][\/vc_row][\/vc_section][vc_section full_width=&#8221;stretch_row&#8221; el_class=&#8221;section_light-gray&#8221;][vc_row][vc_column][vc_column_text]<\/p>\n<h3 style=\"text-align: center;\">Explore las innovaciones de Genesys<\/h3>\n<p>[\/vc_column_text]<div class=\"child-pages vc_grid-container-wrapper vc_clearfix grid_type-page-relative wrapper_style_colored-boxes\"><div class=\"vc_grid-container vc_clearfix wpb_content_element vc_basic_grid\"><div class=\"grid vc_grid vc_row vc_grid-gutter-35px vc_pageable-wrapper vc_hook_hover gen_text-center\" data-vc-pageable-content=\"true\"><div class=\"vc_pageable-slide-wrapper vc_clearfix d-flex flex-wrap justify-content-center w-100\" data-vc-grid-content=\"true\"><div class=\"vc_grid-item vc_clearfix style_colored-boxes col-lg-4 vc_grid-item-zone-c-bottom vc_visible-item fadeIn animated itemclass-102792\"><a href=\"https:\/\/www.genesys.com\/es-mx\/innovations\/automation\"><div class=\"overlay\"><h4 class=\"item-title\">Automatizaci\u00f3n<\/h4><\/div><div class=\"content\"><h4 class=\"item-title\">Automatizaci\u00f3n<\/h4><div class=\"genesys-button medium  genesys-orange\"><span>Conozca m\u00e1s<\/span><\/div><\/div><\/a><\/div><div class=\"vc_grid-item vc_clearfix style_colored-boxes col-lg-4 vc_grid-item-zone-c-bottom vc_visible-item fadeIn animated itemclass-102814\"><a href=\"https:\/\/www.genesys.com\/es-mx\/innovations\/omnichannel\"><div class=\"overlay\"><h4 class=\"item-title\">Omnicanal<\/h4><\/div><div class=\"content\"><h4 class=\"item-title\">Omnicanal<\/h4><div class=\"genesys-button medium  genesys-orange\"><span>Conozca m\u00e1s<\/span><\/div><\/div><\/a><\/div><div class=\"vc_grid-item vc_clearfix style_colored-boxes col-lg-4 vc_grid-item-zone-c-bottom vc_visible-item fadeIn animated itemclass-102817\"><a href=\"https:\/\/www.genesys.com\/es-mx\/innovations\/messaging\"><div class=\"overlay\"><h4 class=\"item-title\">Mensajer\u00eda asincr\u00f3nica<\/h4><\/div><div class=\"content\"><h4 class=\"item-title\">Mensajer\u00eda asincr\u00f3nica<\/h4><div class=\"genesys-button medium  genesys-orange\"><span>Conozca m\u00e1s<\/span><\/div><\/div><\/a><\/div><div class=\"vc_grid-item vc_clearfix style_colored-boxes col-lg-4 vc_grid-item-zone-c-bottom vc_visible-item fadeIn animated itemclass-102799\"><a href=\"https:\/\/www.genesys.com\/es-mx\/innovations\/innovations-altocloud\"><div class=\"overlay\"><h4 class=\"item-title\">Altocloud<\/h4><\/div><div class=\"content\"><h4 class=\"item-title\">Altocloud<\/h4><p>Obtenga insights del journey del cliente con an\u00e1lisis predictivo<\/p><div class=\"genesys-button medium  genesys-orange\"><span>Conozca m\u00e1s<\/span><\/div><\/div><\/a><\/div><\/div><\/div><\/div><\/div>[\/vc_column][\/vc_row][\/vc_section][vc_section full_width=&#8221;stretch_row&#8221;][vc_row equal_height=&#8221;yes&#8221; content_placement=&#8221;middle&#8221; el_class=&#8221;mobile-reverse&#8221;][vc_column width=&#8221;2\/3&#8243;][vc_column_text]<\/p>\n<h2>Inteligencia artificial + inteligencia humana = negocios inteligentes<\/h2>\n<p>Las empresas de todos los sectores est\u00e1n analizando la forma de aplicar la IA para mejorar la rentabilidad y gestionar eficazmente la mayor cantidad de canales e interacciones. A la hora de brindar una buena experiencia, los seres humanos siguen desempe\u00f1ando un papel fundamental porque zanjan la brecha entre lo que promete la IA y lo que cumple en la realidad. Si usted combina la IA con la intervenci\u00f3n humana, podr\u00e1 ofrecer experiencias personalizadas, proactivas y predictivas que le permitir\u00e1n alcanzar sus objetivos de negocio.[\/vc_column_text][\/vc_column][vc_column width=&#8221;1\/3&#8243;][vc_single_image image=&#8221;9306&#8243; alignment=&#8221;center&#8221; img_size=&#8221;medium&#8221; css=&#8221;.vc_custom_1526702751623{margin-bottom: 2em !important;}&#8221;][\/vc_column][\/vc_row][\/vc_section][vc_section full_width=&#8221;stretch_row&#8221; el_class=&#8221;section_light-gray&#8221; css=&#8221;.vc_custom_1526424879067{background-color: #f3f3f3 !important;}&#8221;][vc_row equal_height=&#8221;yes&#8221; content_placement=&#8221;middle&#8221;][vc_column width=&#8221;1\/2&#8243; offset=&#8221;vc_hidden-xs&#8221;][vc_single_image image=&#8221;10714&#8243; img_size=&#8221;full&#8221;][\/vc_column][vc_column width=&#8221;1\/2&#8243;][vc_column_text]<\/p>\n<h2>A sus clientes y empleados les encantar\u00e1 la automatizaci\u00f3n<\/h2>\n<p>El beneficio de la automatizaci\u00f3n es doble: la optimizaci\u00f3n de los procesos administrativos y las mejoras en el autoservicio generan una mejor experiencia del cliente. Automatice los procesos de negocio para ver los resultados. Mejore el autoservicio y libere a los agentes utilizando bots que automatizan las interacciones con el cliente.[\/vc_column_text]<div class=\"btn-container justify-content-start \"><a class=\"btn small btn-secondary\" href=\"\/es-mx\/customer-experience\/innovations\/automation\" target=\"\" style=\"width:auto;\" rel=\"\" >Conozca m\u00e1s acerca de la automatizaci\u00f3n empresarial<\/a><\/div>[\/vc_column][\/vc_row][\/vc_section][vc_section full_width=&#8221;stretch_row&#8221;][vc_row equal_height=&#8221;yes&#8221; content_placement=&#8221;middle&#8221; el_class=&#8221;mobile-reverse&#8221;][vc_column width=&#8221;2\/3&#8243;][vc_column_text]<\/p>\n<h2>Conecte las experiencias de los clientes en todos los canales<\/h2>\n<p>Las experiencias omnicanal unifican las comunicaciones entrantes y salientes para que las interacciones sean proactivas y contextuales. Los clientes tienen una experiencia sin esfuerzo cada vez que se contactan y los agentes y representantes de ventas, por su parte, pueden acceder a las aplicaciones m\u00e1s importantes desde un \u00fanico escritorio omnicanal. Este es el camino hacia la innovaci\u00f3n y el mejoramiento del customer engagement que propone Genesys.[\/vc_column_text]<div class=\"btn-container justify-content-start \"><a class=\"btn small btn-secondary\" href=\"\/es-mx\/customer-experience\/innovations\/omnichannel\" target=\"\" style=\"width:auto;\" rel=\"\" >Conozca m\u00e1s acerca de c\u00f3mo crear un customer engagement omnicanal<\/a><\/div>[\/vc_column][vc_column width=&#8221;1\/3&#8243;]<div class=\"gicon-container\" style=\"max-width:70%;margin:0 auto 2em;text-align:center;\"><\/div>[\/vc_column][\/vc_row][\/vc_section][vc_section full_width=&#8221;stretch_row&#8221; el_class=&#8221;section_light-gray&#8221; css=&#8221;.vc_custom_1526424931711{background-color: #f3f3f3 !important;}&#8221;][vc_row equal_height=&#8221;yes&#8221; content_placement=&#8221;middle&#8221;][vc_column width=&#8221;1\/2&#8243;][vc_single_image image=&#8221;11417&#8243; alignment=&#8221;center&#8221; img_size=&#8221;full&#8221; css=&#8221;.vc_custom_1526424915201{margin-bottom: 2em !important;}&#8221;][\/vc_column][vc_column width=&#8221;1\/2&#8243;][vc_column_text]<\/p>\n<h2>Permita que sus clientes retomen el trabajo donde lo dejaron<\/h2>\n<p>Para que la experiencia del cliente sea un factor de diferenciaci\u00f3n, las conversaciones deben ser intuitivas y naturales. La mensajer\u00eda asincr\u00f3nica lo hace posible. Integre las aplicaciones de mensajer\u00eda nativas con los mensajes asincr\u00f3nicos. Agregue automatizaci\u00f3n, IA y servicio asistido para que las conversaciones sean sin esfuerzo, intuitivas y abarquen todo el journey del cliente. Aproveche los dispositivos inteligentes de los clientes para que las conversaciones con su empresa sean inteligentes tambi\u00e9n.[\/vc_column_text]<div class=\"btn-container justify-content-start \"><a class=\"btn small btn-secondary\" href=\"\/es-mx\/customer-experience\/innovations\/messaging\" target=\"\" style=\"width:auto;\" rel=\"\" >Conozca m\u00e1s acerca de la mensajer\u00eda asincr\u00f3nica<\/a><\/div>[\/vc_column][\/vc_row][\/vc_section][vc_section full_width=&#8221;stretch_row&#8221;][vc_row][vc_column][vc_column_text]<\/p>\n<h3 style=\"text-align: center;\">Explore las innovaciones de Genesys<\/h3>\n<p>[\/vc_column_text][\/vc_column][\/vc_row][\/vc_section]<\/p>\n<\/div>","protected":false},"excerpt":{"rendered":"<p>[vc_section full_width=&#8221;stretch_row&#8221; el_class=&#8221;section_header&#8221; css=&#8221;.vc_custom_1530121222390{background-image: url(https:\/\/www.genesys.com\/media\/0618-Customer-Experience-Innovations.jpg?id=16690) !important;}&#8221;][vc_row equal_height=&#8221;yes&#8221; content_placement=&#8221;middle&#8221;][vc_column width=&#8221;1\/2&#8243;][vc_column_text] Innovaci\u00f3n en experiencia del cliente: el futuro es ahora [\/vc_column_text][\/vc_column][vc_column width=&#8221;1\/2&#8243;][\/vc_column][\/vc_row][\/vc_section][vc_section full_width=&#8221;stretch_row&#8221; el_class=&#8221;cta-bar&#8221; css=&#8221;.vc_custom_1522458207688{padding-top: 0px !important;padding-bottom: 0px !important;}&#8221;][vc_row full_width=&#8221;stretch_row&#8221; css=&#8221;.vc_custom_1522458201976{padding-top: 0px !important;padding-bottom: 0px !important;}&#8221;][vc_column][\/vc_column][\/vc_row][\/vc_section][vc_section full_width=&#8221;stretch_row&#8221;][vc_row][vc_column][vc_column_text] Innove con menos riesgos y mayor recompensa Hist\u00f3ricamente, la innovaci\u00f3n en la experiencia del cliente se ha visto limitada por sistemas [&hellip;]<\/p>\n","protected":false},"author":1,"featured_media":9006,"parent":0,"menu_order":1,"comment_status":"closed","ping_status":"closed","template":"","meta":{"_acf_changed":false,"footnotes":""},"class_list":["post-102786","page","type-page","status-publish","has-post-thumbnail","hentry"],"acf":[],"_links":{"self":[{"href":"https:\/\/www.genesys.com\/es-mx\/wp-json\/wp\/v2\/pages\/102786","targetHints":{"allow":["GET"]}}],"collection":[{"href":"https:\/\/www.genesys.com\/es-mx\/wp-json\/wp\/v2\/pages"}],"about":[{"href":"https:\/\/www.genesys.com\/es-mx\/wp-json\/wp\/v2\/types\/page"}],"author":[{"embeddable":true,"href":"https:\/\/www.genesys.com\/es-mx\/wp-json\/wp\/v2\/users\/1"}],"replies":[{"embeddable":true,"href":"https:\/\/www.genesys.com\/es-mx\/wp-json\/wp\/v2\/comments?post=102786"}],"version-history":[{"count":6,"href":"https:\/\/www.genesys.com\/es-mx\/wp-json\/wp\/v2\/pages\/102786\/revisions"}],"predecessor-version":[{"id":364328,"href":"https:\/\/www.genesys.com\/es-mx\/wp-json\/wp\/v2\/pages\/102786\/revisions\/364328"}],"wp:featuredmedia":[{"embeddable":true,"href":"https:\/\/www.genesys.com\/es-mx\/wp-json\/wp\/v2\/media\/9006"}],"wp:attachment":[{"href":"https:\/\/www.genesys.com\/es-mx\/wp-json\/wp\/v2\/media?parent=102786"}],"curies":[{"name":"wp","href":"https:\/\/api.w.org\/{rel}","templated":true}]}}