{"id":522691,"date":"2024-06-06T02:51:42","date_gmt":"2024-06-06T09:51:42","guid":{"rendered":"https:\/\/www.genesys.com\/?page_id=522691"},"modified":"2024-06-06T02:51:42","modified_gmt":"2024-06-06T09:51:42","slug":"contact-us-blog","status":"publish","type":"page","link":"https:\/\/www.genesys.com\/es-es\/contact-us-blog","title":{"rendered":"Contact Us (ES_ES) &#8211; Blogs"},"content":{"rendered":"<div class=\"wpb-content-wrapper\"><p>[vc_section vib=&#8221;enable&#8221; background_color=&#8221;bgc-navy&#8221; m_background_color=&#8221;bgc-navy&#8221; flair=&#8221;%5B%7B%22hide_mobile%22%3A%22yes%22%7D%5D&#8221; el_class=&#8221;nds bg-blue-gray&#8221;][vc_row full_width=&#8221;stretch_row&#8221; equal_height=&#8221;yes&#8221;][vc_column offset=&#8221;vc_col-lg-offset-2 vc_col-lg-8 vc_col-md-offset-0 vc_col-md-12 vc_col-sm-offset-0&#8243;][vc_column_text]<\/p>\n<h1 style=\"text-align: center;\">Contacta con nuestros expertos<\/h1>\n<p>[\/vc_column_text][vc_column_text css=&#8221;.vc_custom_1681749281804{padding-bottom: 25px !important;}&#8221;]<\/p>\n<p class=\"text-white\" style=\"text-align: center;\">\u00bfTienes alguna duda sobre innovaci\u00f3n en contact centers, experiencia del cliente, IA, migraci\u00f3n a la nube, optimizaci\u00f3n del customer journey\u2026?<\/p>\n<p>[\/vc_column_text]<div class=\"eloq_form elq-container gmkto_form_type_contact gmkto_format_horizontal\"><form method=\"post\" name=\"MasterLeadIntakeForm\" action=\"https:\/\/s1260946616.t.eloqua.com\/e\/f2\" data-proc=\"inline\" data-ppcount=\"5\" onsubmit=\"return proc_submit(this);\" class=\"beam-form elq-form init yesknown yesprefill yespp strict-check\"  data-target=\".thank-you\" ><div id=\"known_person\" style=\"display:none;\"><p class=\"welcome_user\"><span id=\"welcome_person\">Welcome back<\/span> <span id=\"person_info\"><span class=\"person_first\"><\/span>&nbsp;<span class=\"person_last\"><\/span><\/span><\/p><p class=\"delete_button\"><a class=\"deletemyrecord\">Not You?<\/a><\/p><\/div><input value=\"MasterLeadIntakeForm\" type=\"hidden\" name=\"elqFormName\"><input value=\"1260946616\" type=\"hidden\" name=\"elqSiteId\"><input name=\"elqCampaignId\" type=\"hidden\"><input type=\"hidden\" name=\"elqCustomerGUID\" value=\"\"><input type=\"hidden\" name=\"elqCookieWrite\" value=\"0\"><input type=\"hidden\" name=\"client_ip_address\" id=\"fe449\" value=\"\"><div class=\"fields\"><input type=\"hidden\" name=\"CID\" id=\"fe198\" value=\"7014X000003AeWBQA0\"><input type=\"hidden\" name=\"CID_STATUS\" id=\"fe281\" value=\"\"><input type=\"hidden\" name=\"redirect_url\" id=\"fe217\" value=\"\"><input type=\"hidden\" name=\"landing_page_url\" id=\"fe204\" value=\"https:\/\/www.genesys.com\/es-es\/wp-json\/wp\/v2\/pages\/522691\"><input type=\"hidden\" name=\"post_type\" id=\"fe448\" value=\"page\"><input type=\"hidden\" name=\"integration\" id=\"fe362\" value=\"\"><input type=\"hidden\" name=\"language_code\" id=\"fe479\" value=\"es-es\"><input type=\"hidden\" name=\"full_url\" id=\"fe983\" value=\"https:\/\/www.genesys.com\/es-es\/wp-json\/wp\/v2\/pages\/522691\"><input type=\"hidden\" name=\"post_id\" id=\"fe984\" value=\"522691\">\n    <div class=\"form-row row-email el_field form-floating\">\n        <input type=\"email\" class=\"form-control el_field elq-item-input required\" name=\"emailAddress\" id=\"fe192\" value=\"\" aria-label=\"Correo electr\u00f3nico profesional\" placeholder=\"Correo electr\u00f3nico profesional\">\n        <label for=\"fe192\">Correo electr\u00f3nico profesional<span class=\"required-asterisk\">*<\/span><\/label>\n    <\/div>\n    <div class=\"form-row cb_available el_field form-floating\">\n        <input type=\"text\" class=\"form-control el_field elq-item-input cb_available  required\" name=\"firstName\" id=\"fe190\" value=\"\" placeholder=\"Nombre\">\n        <label for=\"fe190\">Nombre<span class=\"required-asterisk\">*<\/span><\/label>\n    <\/div>\n    <div class=\"form-row cb_available el_field form-floating\">\n        <input type=\"text\" class=\"form-control el_field elq-item-input cb_available required\" name=\"lastName\" id=\"fe191\" value=\"\" placeholder=\"Apellidos\">\n        <label for=\"fe191\">Apellidos<span class=\"required-asterisk\">*<\/span><\/label>\n    <\/div>\n    <div class=\"form-row form-floating el_field\">\n        <input type=\"tel\" class=\"form-control el_field elq-item-input required pre-exclude\" name=\"busPhone\" id=\"fe215\" value=\"\" placeholder=\"Tel\u00e9fono\">\n        <label for=\"fe215\">Tel\u00e9fono<span class=\"required-asterisk\">*<\/span><\/label>\n    <\/div>\n    <div class=\"form-row cb_available eloq_ppe el_field form-floating\">\n        <select class=\"form-select el_field elq-item-select cb_available required eloq_ppe\" id=\"fe219\" name=\"jobLevel1\" data-value=\"\">\n            <option selected=\"\" value=\"\"><\/option><option value=\"C-Level\">Nivel C<\/option><option value=\"VP\">Vicepresidente<\/option><option value=\"Director\">Director<\/option><option value=\"Manager\">Gerente<\/option><option value=\"Principal\">Principal<\/option><option value=\"Engineer \/ Architect\">Ingeniero\/Arquitecto<\/option><option value=\"Consultant\">Consultor<\/option><option value=\"Analyst\">Analista<\/option><option value=\"Partner\">Partner<\/option><option value=\"Staff\">Personal<\/option><option value=\"Unknown\">Desconocido<\/option>\n        <\/select>\n        <label for=\"fe219\">Nivel<span class=\"required-asterisk\">*<\/span><\/label>\n    <\/div>\n    <div class=\"form-row cb_available eloq_ppe el_field form-floating\">\n        <select class=\"form-select el_field elq-item-select cb_available required eloq_ppe\" id=\"fe218\" name=\"jobFunction1\" data-value=\"\">\n            <option selected=\"\" value=\"\"><\/option>\n            <option value=\"Claims\">Reclamaciones<\/option><option value=\"Collections\">Colecciones<\/option><option value=\"Contact Center Management\">Gesti\u00f3n de contact centers<\/option><option value=\"Customer Experience\">Experiencia de cliente<\/option><option value=\"Customer Service\">Atenci\u00f3n al cliente<\/option><option value=\"Ecommerce\/Digital Channels\">Comercio electr\u00f3nico\/Canales digitales<\/option><option value=\"Finance\">Finanzas<\/option><option value=\"Human Resources\">Recursos humanos<\/option><option value=\"Influencer\">Influencer<\/option><option value=\"Information Technology\">Tecnolog\u00edas de la informaci\u00f3n<\/option><option value=\"IT Architecture\">Arquitectura de TI<\/option><option value=\"IT Infrastructure\">Infraestructura de TI<\/option><option value=\"IVR\">Respuesta de voz interactiva (IVR)<\/option><option value=\"Marketing\">Marketing<\/option><option value=\"Operations \/ Process Management\">Gesti\u00f3n de procesos y operaciones<\/option><option value=\"Production Management\">Gesti\u00f3n de la producci\u00f3n<\/option><option value=\"Purchasing\">Compras<\/option><option value=\"Sales\">Ventas<\/option><option value=\"Unknown\">Desconocido<\/option>\n        <\/select>\n        <label for=\"fe218\">Funci\u00f3n<span class=\"required-asterisk\">*<\/span><\/label>\n    <\/div>\n    <div class=\"form-row cb_available eloq_ppe el_field form-floating\">\n        <input type=\"text\" class=\"form-control el_field elq-item-input cb_available required eloq_ppe\" name=\"company\" id=\"fe193\" value=\"\" placeholder=\"Nombre de la empresa\">\n        <label for=\"fe193\">Nombre de la empresa<span class=\"required-asterisk\">*<\/span><\/label>\n    <\/div>\n    <div class=\"form-row cb_available eloq_ppe el_field form-floating\">\n        <select class=\"form-select el_field elq-item-select cb_available required eloq_ppe\" id=\"fe194\" name=\"country\" data-value=\"\">\n            <option value=\"\"><\/option>\n            <!-- Add country options here -->\n        <\/select>\n        <label for=\"fe194\">Pa\u00eds<span class=\"required-asterisk\">*<\/span><\/label>\n    <\/div>\n    <div class=\"form-row cb_available country_dep el_field form-floating\">\n        <select class=\"form-select el_field elq-item-select cb_available required eloq_ppe\" id=\"fe214\" name=\"stateProv\" data-value=\"\">\n            <option selected=\"\" value=\"\"><\/option>\n        <\/select>\n        <label for=\"fe214\">Estado\/Provincia<span class=\"required-asterisk\">*<\/span><\/label>\n    <\/div>\n    <div class=\"form-row cb_available eloq_ppe el_field form-floating\">\n        <input type=\"text\" class=\"form-control el_field elq-item-input cb_available required eloq_ppe\" name=\"website1\" id=\"fe801\" value=\"\" placeholder=\"Your Website\">\n        <label for=\"fe801\">Your Website<span class=\"required-asterisk\">*<\/span><\/label>\n    <\/div>\n    <div class=\"form-row cb_available eloq_ppe el_field form-floating\">\n        <input type=\"text\" class=\"form-control el_field elq-item-input cb_available required eloq_ppe\" name=\"city\" id=\"fe226\" value=\"\" placeholder=\"Ciudad\">\n        <label for=\"fe226\">Ciudad<span class=\"required-asterisk\">*<\/span><\/label>\n    <\/div>\n    <div class=\"form-row cb_available eloq_ppe el_field form-floating\">\n        <input type=\"text\" class=\"form-control el_field elq-item-input cb_available required eloq_ppe\" name=\"title\" id=\"fe220\" value=\"\" placeholder=\"Cargo\">\n        <label for=\"fe220\">Cargo<span class=\"required-asterisk\">*<\/span><\/label>\n    <\/div>\n    <div class=\"form-row cb_available eloq_ppe el_field form-floating\">\n        <select class=\"form-select el_field elq-item-select cb_available required eloq_ppe\" id=\"fe221\" name=\"industry1\" data-value=\"\">\n            <option value=\"\" ><\/option>\n            <option value=\"Banking\">Banca<\/option><option value=\"Business Services\">Servicios empresariales<\/option><option value=\"Capital Markets\">Capital Markets<\/option><option value=\"Communications\">Communications<\/option><option value=\"Consumer Products\">Consumer Products<\/option><option value=\"Defense & Intelligence\">Defense & Intelligence<\/option><option value=\"Education & Non-Profit\">Education & Non-Profit<\/option><option value=\"Energy & Utilities\">Energ\u00eda y servicios p\u00fablicos<\/option><option value=\"Entertainment\">Entretenimiento<\/option><option value=\"Government\">Gobierno<\/option><option value=\"Insurance\">Seguros<\/option><option value=\"Life Sciences\">Life Sciences<\/option><option value=\"Logistics\">Logistics<\/option><option value=\"Manufacturing\">Manufacturing<\/option><option value=\"Payors\">Payors<\/option><option value=\"Providers\">Providers<\/option><option value=\"Retailers\">Retailers<\/option><option value=\"Technology\">Tecnolog\u00eda<\/option><option value=\"Travel & Hospitality\">Travel & Hospitality<\/option><option value=\"Retail Banking\">Retail Banking<\/option><option value=\"Other\">Otros<\/option>\n        <\/select>\n        <label for=\"fe221\">Sector<span class=\"required-asterisk\">*<\/span><\/label>\n    <\/div>\n    <div class=\"form-row cb_available eloq_ppe el_field form-floating\">\n        <select class=\"form-select el_field elq-item-select cb_available required eloq_ppe\" id=\"fe222\" name=\"levelofInterest1\" data-value=\"\">\n            <option value=\"\"><\/option>\n            <option value=\"Just researching\">Solo investigando<\/option><option value=\"Gathering business requirements\">Recopilando requisitos empresariales<\/option><option value=\"Comparing solutions\">Comparando soluciones<\/option><option value=\"Ready for a conversation\">Listo para una conversaci\u00f3n<\/option>\n        <\/select>\n        <label for=\"fe222\">Nivel de inter\u00e9s<span class=\"required-asterisk\">*<\/span><\/label>\n    <\/div>\n    <div class=\"form-row cb_available eloq_ppe el_field form-floating\">\n        <select class=\"form-select el_field elq-item-select cb_available required eloq_ppe\" id=\"fe225\" name=\"numberofAgentsForm1\" data-value=\"\">\n            <option value=\"\"><\/option>\n            <option value=\"1-20\">1-20<\/option><option value=\"21-50\">21-50<\/option><option value=\"51-100\">51-100<\/option><option value=\"101-300\">101-300<\/option><option value=\"301-500\">301-500<\/option><option value=\"501-1000\">501-1000<\/option><option value=\">1000\">> 1000<\/option><option value=\"No Contact Center\">Sin contact center<\/option><option value=\"Don't Know\">No lo s\u00e9<\/option>\n        <\/select>\n        <label for=\"fe225\">N\u00famero de puestos de agente<span class=\"required-asterisk\">*<\/span><\/label>\n    <\/div>\n    <div class=\"form-row row-textarea el_field form-floating\">\n        <textarea name=\"noteCreator1\" id=\"fe285\" style=\"height: 100px\" rows=\"2\" class=\"form-control el_field elq-item-input required\" placeholder=\"\u00bfCu\u00e1les son sus necesidades?\"><\/textarea>\n        <label for=\"fe285\">\u00bfCu\u00e1les son sus necesidades?<span class=\"required-asterisk\">*<\/span><\/label>\n    <\/div><div class=\"form-check single-checkbox-row form-row gdpr-field white-box \"><input type=\"checkbox\" class=\"el_field eloq_ppe\" name=\"explicitConsentEmailPhone\" id=\"fe224\" val=\"\"><label class=\"checkbox-aligned elq-item-label\" for=\"fe224\">S\u00ed. Deseo recibir informaci\u00f3n de Genesys por correo electr\u00f3nico o tel\u00e9fono.<\/label><\/div><input type=\"hidden\" data-query=\"utm_medium\" name=\"utm_medium\" id=\"fe199\" value=\"\"><input type=\"hidden\" data-query=\"utm_source\" name=\"utm_source\" id=\"fe200\" value=\"\"><input type=\"hidden\" data-query=\"utm_campaign\" name=\"utm_campaign\" id=\"fe201\" value=\"\"><input type=\"hidden\" data-query=\"utm_term\" name=\"utm_term\" id=\"fe202\" value=\"\"><input type=\"hidden\" data-query=\"utm_content\" name=\"utm_content\" id=\"fe203\" value=\"\"><input type=\"hidden\" data-query=\"ost_tool\" name=\"ost_tool\" id=\"fe293\" value=\"\"><input type=\"hidden\" data-query=\"ost_campaign\" name=\"ost_campaign\" id=\"fe294\" value=\"\"><input type=\"hidden\" data-query=\"ost_content\" name=\"ost_content\" id=\"fe295\" value=\"\"><input type=\"hidden\" data-query=\"blaid\" name=\"eloquaBLAID_c\" id=\"fe3099\" value=\"\"><input type=\"hidden\" data-query=\"gclid\" name=\"gCLID1\" id=\"fe283\" value=\"\"><input type=\"hidden\" data-query=\"mkwid\" name=\"mKWID1\" id=\"fe678\" value=\"\"><input type=\"hidden\" name=\"gAClientID1\" id=\"fe284\" value=\"\"><input type=\"hidden\" name=\"noteCreatorTitle1\" id=\"fe313\" value=\"\"><input type=\"hidden\" name=\"webContentAutoResponderDefault\" id=\"fe286\" value=\"Hot Lead\"><input type=\"hidden\" name=\"webContentAutoResponderTitle\" id=\"fe287\" value=\"\"><input type=\"hidden\" name=\"webContentAutoResponderURL\" id=\"fe288\" value=\"\"><input type=\"hidden\" name=\"noteCreator2\" id=\"fe478\" value=\"\"><input type=\"hidden\" class=\"yesprefill\" name=\"neverbounceResult1\" id=\"fe640\" value=\"OFF\"><input type=\"hidden\" class=\"yesprefill\" name=\"neverbounceFlags1\" id=\"fe641\" value=\"OFF\"><input type=\"hidden\" class=\"yesprefill\" name=\"neverbounceSuggestedCorrection1\" id=\"fe642\" value=\"6sense\"><input type=\"hidden\" name=\"clearbitPersonID1\" id=\"fe630\" value=\"\"><input type=\"hidden\" name=\"clearbitFieldCount1\" id=\"fe633\" value=\"\"><input type=\"hidden\" name=\"clearbitTitle1\" id=\"fe646\" value=\"\"><input type=\"hidden\" name=\"clearbitRole1\" id=\"fe631\" value=\"\"><input type=\"hidden\" name=\"clearbitNumberofEmployees1\" id=\"fe647\" value=\"\"><input type=\"hidden\" name=\"clearbitNumberofEmployeesRange1\" id=\"fe648\" value=\"\"><input type=\"hidden\" name=\"clearbitWebsite1\" id=\"fe802\" value=\"\"><input type=\"hidden\" name=\"browserUserAgent\" id=\"fe3319\" value=\"\"><input type=\"text\" class=\"honeypp\" name=\"honeypp\" id=\"honeypp\" value=\"\" ><input role=\"button\" aria-label=\"Hablemos\" type=\"Submit\" class=\"submit-button-style btn btn-primary \" value=\"Hablemos\" id=\"fe195\"><div class=\"loading\"><\/div><div class=\"gdpr-field form-row white-box legal\"><span>Al proporcionar esta informaci\u00f3n, aceptas nuestra <a href=\"https:\/\/www.genesys.com\/company\/legal\/privacy-policy\" target=\"_blank\">pol\u00edtica de privacidad<\/a><\/span><\/div><\/div><\/form><\/div>[vc_column_text el_class=&#8221;thank-you&#8221;]<\/p>\n<h3 class=\"text-white\" style=\"text-align: center;\">Gracias por tu inter\u00e9s.<\/h3>\n<p class=\"text-white\" style=\"text-align: center;\">Un representante de Genesys te contactar\u00e1 en breve.<\/p>\n<p>[\/vc_column_text][\/vc_column][\/vc_row][\/vc_section][vc_section g_section_text=&#8221;white&#8221; background_color=&#8221;bgc-teal&#8221; m_background_color=&#8221;bgc-teal&#8221; flair=&#8221;%5B%7B%22hide_mobile%22%3A%22yes%22%7D%5D&#8221;][vc_row][vc_column][vc_column_text]<\/p>\n<h2 class=\"h3\" style=\"text-align: center;\">Enlaces \u00fatiles<\/h2>\n<p style=\"text-align: center;\">\u00bfC\u00f3mo podemos ayudarte?<\/p>\n<p>[\/vc_column_text]<style type='text\/css'>\r @media (max-width: 992px) { .section_wrapper .row.links .wpb_column+.wpb_column {margin-top: 0;} .section_wrapper .row.links .wpb_column {margin-bottom: 60px;} }\r <\/style>[\/vc_column][\/vc_row][vc_row equal_height=&#8221;yes&#8221; el_class=&#8221;links&#8221;][vc_column width=&#8221;1\/2&#8243; offset=&#8221;vc_col-lg-3 vc_col-md-3&#8243;]<a class=\"component card w-100 bgc-white vertical text-center nomedia  chevron-only  \" href=\"\/cloud-login\" target=\"\" rel=\"\" ><div class=\"card-body\"><p style=\"text-align: center;\"><strong>Genesys Cloud Login<\/strong><\/p>\n<\/div><div class=\"card-footer text-end\"><div class=\"btn-container justify-content-end\"><div class=\"small mt-0 chevron btn btn-secondary  only\"><\/div><\/div><\/div><\/a>[\/vc_column][vc_column width=&#8221;1\/2&#8243; offset=&#8221;vc_col-lg-3 vc_col-md-3&#8243;]<a class=\"component card w-100 bgc-white vertical text-center nomedia  chevron-only  \" href=\"https:\/\/orchestrators.genesys.com\/\" target=\"\" rel=\"\" ><div class=\"card-body\"><p style=\"text-align: center;\"><strong>Genesys Knowledge Network<\/strong><\/p>\n<\/div><div class=\"card-footer text-end\"><div class=\"btn-container justify-content-end\"><div class=\"small mt-0 chevron btn btn-secondary  only\"><\/div><\/div><\/div><\/a>[\/vc_column][vc_column width=&#8221;1\/2&#8243; offset=&#8221;vc_col-lg-3 vc_col-md-3&#8243;]<a class=\"component card w-100 bgc-white vertical text-center nomedia  chevron-only  \" href=\"https:\/\/genesys.my.site.com\/customercare\/GenesysCommunityLogin\" target=\"\" rel=\"\" ><div class=\"card-body\"><p style=\"text-align: center;\"><strong>Customer Support Portal<\/strong><\/p>\n<\/div><div class=\"card-footer text-end\"><div class=\"btn-container justify-content-end\"><div class=\"small mt-0 chevron btn btn-secondary  only\"><\/div><\/div><\/div><\/a>[\/vc_column][vc_column width=&#8221;1\/2&#8243; offset=&#8221;vc_col-lg-3 vc_col-md-3&#8243;]<a class=\"component card w-100 bgc-white vertical text-center nomedia  chevron-only  \" href=\"https:\/\/www.genesys.com\/company\/careers\" target=\"\" rel=\"\" ><div class=\"card-body\"><p style=\"text-align: center;\"><strong>Trabaja con nosotros<\/strong><\/p>\n<\/div><div class=\"card-footer text-end\"><div class=\"btn-container justify-content-end\"><div class=\"small mt-0 chevron btn btn-secondary  only\"><\/div><\/div><\/div><\/a>[\/vc_column][\/vc_row][\/vc_section][vc_section][vc_row][vc_column width=&#8221;1\/2&#8243;][vc_single_image image=&#8221;181590&#8243; si_max_width=&#8221;621&#8243; el_class=&#8221;genesys-hq-single&#8221;][\/vc_column][vc_column width=&#8221;5\/12&#8243; el_class=&#8221;hq-description-col&#8221; offset=&#8221;vc_col-lg-offset-1 vc_col-md-offset-1&#8243;][vc_column_text]<\/p>\n<h2>Espa\u00f1a<\/h2>\n<p><strong>GENESYS IBERIA<\/strong><\/p>\n<p>Torre Realia<br \/>\nPaseo de la Castellana, 216 Pl. 21<br \/>\n28046, Madrid, Espa\u00f1a<br \/>\n+34 917 403 877<br \/>\n<a href=\"mailto:info-iberia@genesys.com\">info-iberia@genesys.com<\/a><\/p>\n<p id=\"office-link\"><a href=\"https:\/\/www.genesys.com\/global-offices\">Conoce todas nuestras ubicaciones<\/a><\/p>\n<p>[\/vc_column_text][\/vc_column][\/vc_row][\/vc_section]<\/p>\n<\/div>","protected":false},"excerpt":{"rendered":"<p>[vc_section vib=&#8221;enable&#8221; background_color=&#8221;bgc-navy&#8221; m_background_color=&#8221;bgc-navy&#8221; flair=&#8221;%5B%7B%22hide_mobile%22%3A%22yes%22%7D%5D&#8221; el_class=&#8221;nds bg-blue-gray&#8221;][vc_row full_width=&#8221;stretch_row&#8221; equal_height=&#8221;yes&#8221;][vc_column offset=&#8221;vc_col-lg-offset-2 vc_col-lg-8 vc_col-md-offset-0 vc_col-md-12 vc_col-sm-offset-0&#8243;][vc_column_text] Contacta con nuestros expertos [\/vc_column_text][vc_column_text css=&#8221;.vc_custom_1681749281804{padding-bottom: 25px !important;}&#8221;] \u00bfTienes alguna duda sobre innovaci\u00f3n en contact centers, experiencia del cliente, IA, migraci\u00f3n a la nube, optimizaci\u00f3n del customer journey\u2026? [\/vc_column_text][vc_column_text el_class=&#8221;thank-you&#8221;] Gracias por tu inter\u00e9s. Un representante de Genesys te contactar\u00e1 en [&hellip;]<\/p>\n","protected":false},"author":744,"featured_media":0,"parent":0,"menu_order":3,"comment_status":"closed","ping_status":"closed","template":"","meta":{"_acf_changed":false,"footnotes":""},"class_list":["post-522691","page","type-page","status-publish","hentry"],"acf":[],"_links":{"self":[{"href":"https:\/\/www.genesys.com\/es-es\/wp-json\/wp\/v2\/pages\/522691","targetHints":{"allow":["GET"]}}],"collection":[{"href":"https:\/\/www.genesys.com\/es-es\/wp-json\/wp\/v2\/pages"}],"about":[{"href":"https:\/\/www.genesys.com\/es-es\/wp-json\/wp\/v2\/types\/page"}],"author":[{"embeddable":true,"href":"https:\/\/www.genesys.com\/es-es\/wp-json\/wp\/v2\/users\/744"}],"replies":[{"embeddable":true,"href":"https:\/\/www.genesys.com\/es-es\/wp-json\/wp\/v2\/comments?post=522691"}],"version-history":[{"count":1,"href":"https:\/\/www.genesys.com\/es-es\/wp-json\/wp\/v2\/pages\/522691\/revisions"}],"predecessor-version":[{"id":522692,"href":"https:\/\/www.genesys.com\/es-es\/wp-json\/wp\/v2\/pages\/522691\/revisions\/522692"}],"wp:attachment":[{"href":"https:\/\/www.genesys.com\/es-es\/wp-json\/wp\/v2\/media?parent=522691"}],"curies":[{"name":"wp","href":"https:\/\/api.w.org\/{rel}","templated":true}]}}