{"id":98319,"date":"2018-10-04T10:01:33","date_gmt":"2018-10-04T17:01:33","guid":{"rendered":"https:\/\/www.genesys.com\/?page_id=98319"},"modified":"2024-03-04T11:53:25","modified_gmt":"2024-03-04T19:53:25","slug":"purecloud-services-and-support","status":"publish","type":"page","link":"https:\/\/www.genesys.com\/de-de\/platform\/purecloud-services-and-support","title":{"rendered":"Genesys Cloud-Services und -Support"},"content":{"rendered":"<div class=\"wpb-content-wrapper\"><p>[vc_section full_width=&#8220;stretch_row&#8220; el_class=&#8220;section_header&#8220; css=&#8220;.vc_custom_1532973566467{background-image: url(https:\/\/www.genesys.com\/media\/e2840feb-purecloud-v1.png?id=83898) !important;}&#8220;][vc_row equal_height=&#8220;yes&#8220; content_placement=&#8220;middle&#8220;][vc_column][vc_column_text]<\/p>\n<h1>Genesys Cloud-Services<br \/>\nund -Support<\/h1>\n<p>[\/vc_column_text][\/vc_column][\/vc_row][\/vc_section][vc_section full_width=&#8220;stretch_row&#8220; el_class=&#8220;cta-bar&#8220; css=&#8220;.vc_custom_1522458207688{padding-top: 0px !important;padding-bottom: 0px !important;}&#8220;][vc_row full_width=&#8220;stretch_row&#8220; css=&#8220;.vc_custom_1522458201976{padding-top: 0px !important;padding-bottom: 0px !important;}&#8220;][vc_column][\/vc_column][\/vc_row][\/vc_section][vc_section full_width=&#8220;stretch_row&#8220;][vc_row equal_height=&#8220;yes&#8220; el_class=&#8220;mobile-reverse&#8220;][vc_column][vc_column_text]<\/p>\n<h2 style=\"text-align: center;\">Ensure your satisfaction and success<\/h2>\n<p style=\"text-align: center;\">The Genesys Cloud contact center platform is designed and tested to perform at the highest levels\u2014with an architecture built for stability and quick recovery. But if something does go wrong, there are several ways for you to get the help and support you need.<\/p>\n<p style=\"text-align: center;\">Keep reading for more details on how to begin improving your Net Promoter Score.<\/p>\n<p>[\/vc_column_text][\/vc_column][\/vc_row][\/vc_section][vc_section full_width=&#8220;stretch_row&#8220;][vc_row][vc_column][vc_column_text]<\/p>\n<h3 style=\"text-align: center;\">Erhalten Sie die Hilfe, die Sie ben\u00f6tigen<\/h3>\n<p>[\/vc_column_text][\/vc_column][\/vc_row][vc_row equal_height=&#8220;yes&#8220; content_placement=&#8220;middle&#8220; el_class=&#8220;mobile-reverse&#8220;][vc_column width=&#8220;1\/3&#8243;]<div class=\"gicon-container\" style=\"text-align:center;\"><\/div>[vc_column_text]<\/p>\n<h4 style=\"text-align: center;\">Online-Hilfe<\/h4>\n<p style=\"text-align: center;\"><a href=\"https:\/\/Help.MyPureCloud.com\" target=\"_blank\" rel=\"noopener noreferrer\">Help.MyPureCloud.com<\/a><\/p>\n<p>[\/vc_column_text][\/vc_column][vc_column width=&#8220;1\/3&#8243;]<div class=\"gicon-container\" style=\"text-align:center;\"><\/div>[vc_column_text]<\/p>\n<h4 style=\"text-align: center;\">Telefonischer Support<\/h4>\n<p style=\"text-align: center;\">1-866-353-6587<\/p>\n<p>[\/vc_column_text][\/vc_column][vc_column width=&#8220;1\/3&#8243;]<div class=\"gicon-container\" style=\"text-align:center;\"><\/div>[vc_column_text]<\/p>\n<h4 style=\"text-align: center;\">Webportal-Support<\/h4>\n<p style=\"text-align: center;\"><a href=\"https:\/\/genesys.my.site.com\/customercare\/GenesysCommunityLogin\" target=\"_blank\" rel=\"noopener noreferrer\">Zum Portal<\/a><\/p>\n<p>[\/vc_column_text][\/vc_column][\/vc_row][\/vc_section][vc_section full_width=&#8220;stretch_row&#8220; css=&#8220;.vc_custom_1533151923376{background-color: #f3f3f3 !important;}&#8220;][vc_row equal_height=&#8220;yes&#8220; content_placement=&#8220;middle&#8220;][vc_column][vc_column_text]<\/p>\n<h3 style=\"text-align: center;\">Reaktion und Wiederherstellung durch den Support<\/h3>\n<p>[\/vc_column_text][vc_row_inner][vc_column_inner width=&#8220;1\/2&#8243;][vc_column_text]<\/p>\n<h4>Festlegung des Schweregrads<\/h4>\n<p>Ausfallmeldungen werden priorisiert und entsprechend ihrem Schweregrad behandelt, den das technische Support-Team nach Eingang einer Anfrage zuweist. Das Support-Team reagiert innerhalb der angestrebten Erstreaktionszeit auf jedes Ticket und findet innerhalb der angestrebten Wiederherstellungszeit eine L\u00f6sung.[\/vc_column_text][\/vc_column_inner][vc_column_inner width=&#8220;1\/2&#8243;][vc_column_text]<\/p>\n<h4>Sicherstellung der Verf\u00fcgbarkeit<\/h4>\n<p>Der Support ist rund um die Uhr verf\u00fcgbar und ist in wirtschaftlich angemessenem Ma\u00dfe bestrebt, eine 100%ige Verf\u00fcgbarkeit zu gew\u00e4hrleisten. Als Ausnahmen gelten hierbei: (i)\u00a0gelegentliche geplante Ausfallzeiten au\u00dferhalb der Sto\u00dfzeiten (f\u00fcr die Sie im Vorfeld benachrichtigt werden) sowie (ii)\u00a0jede Nichtverf\u00fcgbarkeit aufgrund von Umst\u00e4nden, die au\u00dferhalb des Einflussbereichs des Unternehmens liegen.[\/vc_column_text][\/vc_column_inner][\/vc_row_inner][vc_row_inner equal_height=&#8220;yes&#8220; gap=&#8220;10&#8243;][vc_column_inner][vc_column_text]<\/p>\n<h3 style=\"text-align: center;\">Schweregrade und Ziele<\/h3>\n<p>[\/vc_column_text][\/vc_column_inner][\/vc_row_inner][vc_row_inner equal_height=&#8220;yes&#8220; gap=&#8220;20&#8243;][vc_column_inner width=&#8220;1\/4&#8243; css=&#8220;.vc_custom_1533151051930{border-top-width: 1px !important;border-right-width: 1px !important;border-bottom-width: 1px !important;border-left-width: 1px !important;padding-top: 0px !important;padding-right: 0px !important;padding-bottom: 0px !important;padding-left: 0px !important;background-color: #ffffff !important;border-left-color: #d3d3d4 !important;border-left-style: solid !important;border-right-color: #d3d3d4 !important;border-right-style: solid !important;border-top-color: #d3d3d4 !important;border-top-style: solid !important;border-bottom-color: #d3d3d4 !important;border-bottom-style: solid !important;}&#8220;][vc_column_text css=&#8220;.vc_custom_1533154313887{border-top-width: 30px !important;border-right-width: 0px !important;border-bottom-width: 0px !important;border-left-width: 0px !important;padding-right: 30px !important;padding-bottom: 20px !important;padding-left: 30px !important;border-left-color: #dd3333 !important;border-left-style: solid !important;border-right-color: #dd3333 !important;border-right-style: solid !important;border-top-color: #dd3333 !important;border-top-style: solid !important;border-bottom-color: #dd3333 !important;border-bottom-style: solid !important;}&#8220;]<\/p>\n<h4 style=\"text-align: center;\">Kritische Auswirkung (roter Code)<\/h4>\n<p style=\"text-align: center;\">Sie stehen vor einem schwerwiegenden Problem, das dazu f\u00fchrt, dass eine wichtige gesch\u00e4ftliche Funktion nicht erf\u00fcllt werden kann. Das Problem kann nicht umgangen werden.<\/p>\n<p>[\/vc_column_text]<span class=\"g_separator genesys-light-gray\" style=\"height:1px\"><\/span>[vc_column_text css=&#8220;.vc_custom_1605696039291{padding-right: 30px !important;padding-left: 30px !important;background-color: #ffffff !important;}&#8220;]<\/p>\n<p style=\"text-align: center;\"><strong>Die durchschnittliche Wiederherstellungszeit der Genesys Cloud betr\u00e4gt 4 Stunden.<\/strong><\/p>\n<p>[\/vc_column_text][\/vc_column_inner][vc_column_inner width=&#8220;1\/4&#8243; css=&#8220;.vc_custom_1533151528194{padding: 0px !important;background-color: #ffffff !important;border: 1px solid #d3d3d4 !important;}&#8220;][vc_column_text css=&#8220;.vc_custom_1533154452571{border-top-width: 30px !important;border-right-width: 0px !important;border-bottom-width: 0px !important;border-left-width: 0px !important;padding-right: 30px !important;padding-bottom: 80px !important;padding-left: 30px !important;border-left-color: #ff7070 !important;border-left-style: solid !important;border-right-color: #ff7070 !important;border-right-style: solid !important;border-top-color: #ff7070 !important;border-top-style: solid !important;border-bottom-color: #ff7070 !important;border-bottom-style: solid !important;}&#8220;]<\/p>\n<h4 style=\"text-align: center;\">Hohe Auswirkung<\/h4>\n<p style=\"text-align: center;\">Sie k\u00f6nnen gesch\u00e4ftliche Funktionen erf\u00fcllen, die Leistung ist jedoch beeintr\u00e4chtigt oder stark eingeschr\u00e4nkt.<\/p>\n<p>[\/vc_column_text]<span class=\"g_separator genesys-light-gray\" style=\"height:1px\"><\/span>[vc_column_text css=&#8220;.vc_custom_1605696051440{padding-right: 30px !important;padding-left: 30px !important;}&#8220;]<\/p>\n<p style=\"text-align: center;\"><strong>Die durchschnittliche Wiederherstellungszeit der Genesys Cloud-Plattform betr\u00e4gt zwei (2) Tage.<\/strong><\/p>\n<p>[\/vc_column_text][\/vc_column_inner][vc_column_inner width=&#8220;1\/4&#8243; css=&#8220;.vc_custom_1533151545790{padding: 0px !important;background-color: #ffffff !important;border: 1px solid #d3d3d4 !important;}&#8220;][vc_column_text css=&#8220;.vc_custom_1533151663704{border-top-width: 30px !important;border-right-width: 0px !important;border-bottom-width: 0px !important;border-left-width: 0px !important;padding-right: 30px !important;padding-left: 30px !important;border-left-color: #fabb00 !important;border-left-style: solid !important;border-right-color: #fabb00 !important;border-right-style: solid !important;border-top-color: #fabb00 !important;border-top-style: solid !important;border-bottom-color: #fabb00 !important;border-bottom-style: solid !important;}&#8220;]<\/p>\n<h4 style=\"text-align: center;\">Mittlere Auswirkung<\/h4>\n<p style=\"text-align: center;\">Sie k\u00f6nnen gesch\u00e4ftliche Funktionen gr\u00f6\u00dftenteils weiter ausf\u00fchren\u00a0\u0096 nicht-kritische Funktionen oder Prozesse sind nicht verf\u00fcgbar oder ihre Verwendung ist mit Problemen verbunden. Das Problem kann umgangen werden.<\/p>\n<p>[\/vc_column_text]<span class=\"g_separator genesys-light-gray\" style=\"height:1px\"><\/span>[vc_column_text css=&#8220;.vc_custom_1605696061590{padding-right: 30px !important;padding-left: 30px !important;}&#8220;]<\/p>\n<p style=\"text-align: center;\"><strong>Die durchschnittliche Wiederherstellungszeit der Genesys Cloud-Plattform betr\u00e4gt f\u00fcnf (5) Tage.<\/strong><\/p>\n<p>[\/vc_column_text][\/vc_column_inner][vc_column_inner width=&#8220;1\/4&#8243; css=&#8220;.vc_custom_1533151565151{padding: 0px !important;background-color: #ffffff !important;border: 1px solid #d3d3d4 !important;}&#8220;][vc_column_text css=&#8220;.vc_custom_1533154463032{border-top-width: 30px !important;border-right-width: 0px !important;border-bottom-width: 0px !important;border-left-width: 0px !important;padding-right: 30px !important;padding-bottom: 40px !important;padding-left: 30px !important;border-left-color: #a1d318 !important;border-left-style: solid !important;border-right-color: #a1d318 !important;border-right-style: solid !important;border-top-color: #a1d318 !important;border-top-style: solid !important;border-bottom-color: #a1d318 !important;border-bottom-style: solid !important;}&#8220;]<\/p>\n<h4 style=\"text-align: center;\">Niedrige Auswirkung<\/h4>\n<p style=\"text-align: center;\">Ihre Systeme sind geringf\u00fcgig beeintr\u00e4chtigt. Das Anliegen betrifft eine Funktionsanfrage oder eine andere nichtkritische Frage.<\/p>\n<p>[\/vc_column_text]<span class=\"g_separator genesys-light-gray\" style=\"height:1px\"><\/span>[vc_column_text css=&#8220;.vc_custom_1533152021877{padding-right: 30px !important;padding-left: 30px !important;}&#8220;]<\/p>\n<p style=\"text-align: center;\"><strong>Fortlaufende Aktualisierungen mit Angabe der voraussichtlichen Reaktionszeit, sofern verf\u00fcgbar.<\/strong><\/p>\n<p>[\/vc_column_text][\/vc_column_inner][\/vc_row_inner][\/vc_column][\/vc_row][\/vc_section][vc_section full_width=&#8220;stretch_row&#8220;][vc_row][vc_column][vc_column_text]<\/p>\n<h3 style=\"text-align: center;\">Professional Services, auf Ihre Anforderungen zugeschnitten<\/h3>\n<p>[\/vc_column_text][vc_row_inner][vc_column_inner width=&#8220;1\/4&#8243;]<div class=\"gicon-container\" style=\"text-align:center;\"><\/div>[\/vc_column_inner][vc_column_inner width=&#8220;3\/4&#8243;][vc_column_text]<\/p>\n<h4>Eigenst\u00e4ndiger Einstieg mit Online-Ressourcen<\/h4>\n<p>Wenn Sie es sich zutrauen, Ihre Probleme ohne Hilfe von au\u00dfen zu l\u00f6sen, helfen Ihnen m\u00f6glicherweise diese Materialien, darunter Online-Schulungsmodule und Web-basierte Lernveranstaltungen.[\/vc_column_text][\/vc_column_inner][\/vc_row_inner][vc_row_inner][vc_column_inner width=&#8220;1\/4&#8243;]<div class=\"gicon-container\" style=\"text-align:center;align-items:center;\"><\/div>[\/vc_column_inner][vc_column_inner width=&#8220;3\/4&#8243;][vc_column_text]<\/p>\n<h4>Premium-Services f\u00fcr Ihren Erfolg<\/h4>\n<p>Lehnen Sie sich entspannt zur\u00fcck mit unserem rund um die Uhr verf\u00fcgbaren Notfall-Telefonsupport und Priorit\u00e4ts-Support sowie Lernveranstaltungen und Webinaren mit Live-Fragerunden. Arbeiten Sie mit engagierten Service-Managern und einem Team von ausgewiesenen Technikexperten zusammen.[\/vc_column_text][\/vc_column_inner][\/vc_row_inner][vc_row_inner][vc_column_inner width=&#8220;1\/4&#8243;]<div class=\"gicon-container\" style=\"text-align:center;align-items:center;\"><\/div>[\/vc_column_inner][vc_column_inner width=&#8220;3\/4&#8243;][vc_column_text]<\/p>\n<h4>Service-Token-Katalog<\/h4>\n<p>Erwerben Sie Token-Pakete direkt auf der Genesys Cloud-Plattform und verwenden Sie diese dann unmittelbar oder speichern sie f\u00fcr zuk\u00fcnftige Serviceanforderungen. Nutzen Sie unseren Support f\u00fcr jedes Problem \u0096 von der Netzwerkberatung bis hin zur Integration.[\/vc_column_text][\/vc_column_inner][\/vc_row_inner][vc_row_inner][vc_column_inner width=&#8220;1\/4&#8243;]<div class=\"gicon-container\" style=\"text-align:center;align-items:center;\"><\/div>[\/vc_column_inner][vc_column_inner width=&#8220;3\/4&#8243;][vc_column_text]<\/p>\n<h4>Partner-\u00d6kosystem<\/h4>\n<p>Finden Sie im umfangreichen\u00a0<a href=\"http:\/\/genesys.force.com\/Finderloc\">Partner-Verzeichnis<\/a> den Genesys Cloud-Partner, der am besten zu Ihnen passt. Der richtige Anbieter kann Sie beim Kauf und bei der Implementierung unterst\u00fctzen und er ber\u00e4t und hilft Ihnen, Ihre Genesys Cloud-Implementierung gewinnbringend einzusetzen.[\/vc_column_text][\/vc_column_inner][\/vc_row_inner][\/vc_column][\/vc_row][\/vc_section][vc_section][vc_row][vc_column][vc_column_text]<\/p>\n<h3 style=\"text-align: center;\">Erfahren Sie mehr \u00fcber das L\u00f6sungsangebot von Genesys f\u00fcr\u00a0&#8230;<\/h3>\n<p>[\/vc_column_text]<div class=\"vc_grid-container-wrapper vc_clearfix grid_type-page-relative wrapper_style_list\"><div class=\"vc_grid-container vc_clearfix wpb_content_element vc_basic_grid\"><div class=\"vc_grid vc_row vc_grid-gutter-35px vc_pageable-wrapper vc_hook_hover gen_text-center\" data-vc-pageable-content=\"true\"><div class=\"vc_pageable-slide-wrapper vc_clearfix siblinglist w-100 d-flex flex-wrap justify-content-center\" data-vc-grid-content=\"true\"><div class=\"vc_grid-item vc_clearfix col-lg-3 vc_grid-item-zone-c-bottom vc_visible-item fadeIn animated style_list itemclass-87323\"><a href=\"https:\/\/www.genesys.com\/de-de\/platform\/pureconnect\"><h5>Genesys Connect<\/h5><p>Verbessern Sie die Kommunikation mit Ihren Kunden durch die flexible Genesys Connect All-in-One Customer Experience Plattform<\/p><\/a><\/div><div class=\"vc_grid-item vc_clearfix col-lg-3 vc_grid-item-zone-c-bottom vc_visible-item fadeIn animated style_list itemclass-157566\"><a href=\"https:\/\/www.genesys.com\/de-de\/platform\/genesys-cloud\"><h5>Genesys Cloud CX<\/h5><\/a><\/div><\/div><\/div><\/div><\/div>[\/vc_column][\/vc_row][\/vc_section]<\/p>\n<\/div>","protected":false},"excerpt":{"rendered":"<p>[vc_section full_width=&#8220;stretch_row&#8220; el_class=&#8220;section_header&#8220; css=&#8220;.vc_custom_1532973566467{background-image: url(https:\/\/www.genesys.com\/media\/e2840feb-purecloud-v1.png?id=83898) !important;}&#8220;][vc_row equal_height=&#8220;yes&#8220; content_placement=&#8220;middle&#8220;][vc_column][vc_column_text] Genesys Cloud-Services und -Support [\/vc_column_text][\/vc_column][\/vc_row][\/vc_section][vc_section full_width=&#8220;stretch_row&#8220; el_class=&#8220;cta-bar&#8220; css=&#8220;.vc_custom_1522458207688{padding-top: 0px !important;padding-bottom: 0px !important;}&#8220;][vc_row full_width=&#8220;stretch_row&#8220; css=&#8220;.vc_custom_1522458201976{padding-top: 0px !important;padding-bottom: 0px !important;}&#8220;][vc_column][\/vc_column][\/vc_row][\/vc_section][vc_section full_width=&#8220;stretch_row&#8220;][vc_row equal_height=&#8220;yes&#8220; el_class=&#8220;mobile-reverse&#8220;][vc_column][vc_column_text] Ensure your satisfaction and success The Genesys Cloud contact center platform is designed and tested to perform at the highest levels\u2014with an architecture built for stability [&hellip;]<\/p>\n","protected":false},"author":13,"featured_media":84647,"parent":87299,"menu_order":0,"comment_status":"closed","ping_status":"closed","template":"","meta":{"_acf_changed":false,"footnotes":""},"class_list":["post-98319","page","type-page","status-publish","has-post-thumbnail","hentry"],"acf":[],"_links":{"self":[{"href":"https:\/\/www.genesys.com\/de-de\/wp-json\/wp\/v2\/pages\/98319","targetHints":{"allow":["GET"]}}],"collection":[{"href":"https:\/\/www.genesys.com\/de-de\/wp-json\/wp\/v2\/pages"}],"about":[{"href":"https:\/\/www.genesys.com\/de-de\/wp-json\/wp\/v2\/types\/page"}],"author":[{"embeddable":true,"href":"https:\/\/www.genesys.com\/de-de\/wp-json\/wp\/v2\/users\/13"}],"replies":[{"embeddable":true,"href":"https:\/\/www.genesys.com\/de-de\/wp-json\/wp\/v2\/comments?post=98319"}],"version-history":[{"count":6,"href":"https:\/\/www.genesys.com\/de-de\/wp-json\/wp\/v2\/pages\/98319\/revisions"}],"predecessor-version":[{"id":508415,"href":"https:\/\/www.genesys.com\/de-de\/wp-json\/wp\/v2\/pages\/98319\/revisions\/508415"}],"up":[{"embeddable":true,"href":"https:\/\/www.genesys.com\/de-de\/wp-json\/wp\/v2\/pages\/87299"}],"wp:featuredmedia":[{"embeddable":true,"href":"https:\/\/www.genesys.com\/de-de\/wp-json\/wp\/v2\/media\/84647"}],"wp:attachment":[{"href":"https:\/\/www.genesys.com\/de-de\/wp-json\/wp\/v2\/media?parent=98319"}],"curies":[{"name":"wp","href":"https:\/\/api.w.org\/{rel}","templated":true}]}}