{"id":87384,"date":"2018-04-11T20:14:34","date_gmt":"2018-04-11T20:14:34","guid":{"rendered":"https:\/\/www.genesys.com\/?page_id=87384"},"modified":"2025-12-09T00:30:30","modified_gmt":"2025-12-09T08:30:30","slug":"partners","status":"publish","type":"page","link":"https:\/\/www.genesys.com\/de-de\/partners","title":{"rendered":"Partnerseite"},"content":{"rendered":"<div class=\"wpb-content-wrapper\"><p>[vc_section sec_modern_width=&#8220;enable&#8220; background_color=&#8220;bgc-lgray&#8220; flair=&#8220;%5B%7B%22flair_type%22%3A%22f_type_image%22%2C%22hide_mobile%22%3A%22yes%22%7D%5D&#8220; vib=&#8220;enable&#8220; css=&#8220;.vc_custom_1760042427123{background-position: center !important;background-repeat: no-repeat !important;background-size: cover !important;}&#8220;][vc_row equal_height=&#8220;yes&#8220; content_placement=&#8220;middle&#8220;][vc_column width=&#8220;1\/2&#8243;][vc_column_text css=&#8220;&#8220;]<\/p>\n<h1>Unterst\u00fctzung bei der Experience Orchestration durch Genesys-Partner<\/h1>\n<p class=\"text-balance\">Unser globales Partner-\u00d6kosystem aus Genesys Ascend-Partnern, AppFoundry Marketplace, globalen Systemintegratoren und strategischen Technologiepartnern wurde entwickelt, um Kunden zu helfen, ihre Transformation zu beschleunigen und das volle Potenzial der Genesys Cloud-Plattform auszusch\u00f6pfen.<\/p>\n<p>[\/vc_column_text][\/vc_column][vc_column width=&#8220;5\/12&#8243; offset=&#8220;vc_col-sm-offset-1&#8243;][vc_single_image image=&#8220;601671&#8243; css=&#8220;&#8220; rounded_corners=&#8220;rounded&#8220;][\/vc_column][\/vc_row][\/vc_section][vc_section][vc_row][vc_column width=&#8220;1\/2&#8243;][vc_column_text css=&#8220;&#8220;]<\/p>\n<h2>Beschleunigen Sie Ihre Transformation mit vertrauensw\u00fcrdigen Partnern<\/h2>\n<p>Genesys Ascend-Partner, AppFoundry Marketplace, globale Systemintegratoren und strategische Technologiepartner stehen f\u00fcr tiefgreifendes Fachwissen, regionale Kompetenz und leistungsstarke Integrationen, die KI von Genesys nutzen. Das Ziel? Die Optimierung Ihrer CX-Strategie.[\/vc_column_text][\/vc_column][vc_column width=&#8220;1\/2&#8243;][\/vc_column][\/vc_row][vc_row][vc_column width=&#8220;1\/3&#8243;][vc_column_text ct_style=&#8220;list-block&#8220; css=&#8220;&#8220;]<\/p>\n<h3 class=\"h5\">Innovativ<\/h3>\n<p>Mit wegweisenden Funktionen, modernsten Tools und f\u00fchrenden Technologien erweitern unsere Partner das Genesys-\u00d6kosystem um neue Funktionalit\u00e4t, intelligente Integrationen und innovative L\u00f6sungen, die Mehrwert schaffen.[\/vc_column_text][\/vc_column][vc_column width=&#8220;1\/3&#8243;][vc_column_text ct_style=&#8220;list-block&#8220; css=&#8220;&#8220;]<\/p>\n<h3 class=\"h5\">Integriert<\/h3>\n<p>Wir sehen unsere Partner als eine Erweiterung des Genesys-Teams und der Teams unserer Kunden. Sie sind auf Kundenziele und unsere Werte ausgerichtet. Nahtlose Integrationen verbessern den Datenfluss, vereinfachen den Betrieb und erm\u00f6glichen es Kundenteams, proaktive, einheitliche und personalisierte Erlebnisse im gro\u00dfen Ma\u00dfstab bereitzustellen.[\/vc_column_text][\/vc_column][vc_column width=&#8220;1\/3&#8243;][vc_column_text ct_style=&#8220;list-block&#8220; css=&#8220;&#8220;]<\/p>\n<h3 class=\"h5\">Wertorientiert<\/h3>\n<p>Wir unterst\u00fctzen Partner mit Tools und Prozessen, die jeden Schritt der Customer Journey von der ersten Bewertung \u00fcber die Implementierung bis hin zur kontinuierlichen Optimierung straffen und so messbare Gesch\u00e4ftsergebnisse erm\u00f6glichen und den langfristigen Kundenerfolg sicherstellen.[\/vc_column_text][\/vc_column][\/vc_row][\/vc_section][vc_section flair=&#8220;%5B%7B%22hide_mobile%22%3A%22yes%22%7D%5D&#8220; css=&#8220;.vc_custom_1714456937508{background-position: center !important;background-repeat: no-repeat !important;background-size: cover !important;}&#8220;][vc_row equal_height=&#8220;yes&#8220; content_placement=&#8220;middle&#8220;][vc_column width=&#8220;5\/12&#8243; offset=&#8220;vc_hidden-xs&#8220;][vc_single_image image=&#8220;601672&#8243; css=&#8220;&#8220; rounded_corners=&#8220;rounded&#8220;][\/vc_column][vc_column width=&#8220;1\/2&#8243; offset=&#8220;vc_col-sm-offset-1&#8243;][vc_column_text css=&#8220;&#8220;]<\/p>\n<h2 class=\"h3\">Eine skalierbare CX mit KI<\/h2>\n<p>Genesys hat mit den Stufen der Experience Orchestration ein benutzerfreundliches Framework entwickelt, um Unternehmen bei der Umstellung auf KI-gest\u00fctzte Kundenerlebnisse zu unterst\u00fctzen. Dieses Konzept beschreibt einen klaren Weg, der Ihnen hilft, zu verstehen, was mit KI m\u00f6glich ist. So erkennen Sie, wo Sie sich heute befinden und mit welchen strategischen Schritten Sie Ihre Customer Journeys modernisieren, Mehrwert schaffen und st\u00e4rker vernetzte, personalisierte Interaktionen erm\u00f6glichen k\u00f6nnen.<\/p>\n<p>Unser Partner-\u00d6kosystem spielt eine entscheidende Rolle dabei, dieses Framework in der Praxis umzusetzen. Unabh\u00e4ngig davon, ob Sie gerade erst die Welt der Automatisierung entdecken oder bestehende KI-Ans\u00e4tze unternehmensweit skalieren m\u00f6chten\u00a0\u2013 Genesys-Partner helfen Ihnen mit Fachwissen, Branchen-Know-how und Unterst\u00fctzung bei der Implementierung, schneller voranzukommen.<br \/>\n[\/vc_column_text][\/vc_column][\/vc_row][\/vc_section][vc_section sec_modern_width=&#8220;enable&#8220; background_color=&#8220;bgc-lgray&#8220; flair=&#8220;%5B%7B%22flair_type%22%3A%22f_type_image%22%2C%22hide_mobile%22%3A%22yes%22%7D%5D&#8220; css=&#8220;.vc_custom_1749627756591{background-image: url(https:\/\/www.genesys.com\/media\/Genesys_Threads_209.png?id=569364) !important;}&#8220; el_class=&#8220;bg-cover bg-150-md bg-center bg-norepeat&#8220;][vc_row r_gutter_size=&#8220;gutter-small&#8220; background_color=&#8220;bgc-glass&#8220; equal_height=&#8220;yes&#8220; el_class=&#8220;py-3 px-1 px-lg-3 rounded mt-0&#8243;][vc_column offset=&#8220;vc_col-md-7&#8243; el_class=&#8220;mb-1&#8243;][vc_column_text css=&#8220;&#8220;]<\/p>\n<h2 class=\"h3\">Das \u00d6kosystem der Genesys-Partner<\/h2>\n<p>Genesys unterst\u00fctzt verschiedene Partnerprogramme. Aber alle Partner haben ein gemeinsames Ziel: Ihnen zu helfen, erstklassige Kundenerlebnisse zu bieten, Risiken zu minimieren und Ihren ROI zu beschleunigen.[\/vc_column_text][\/vc_column][vc_column elemental_order=&#8220;order-5&#8243; offset=&#8220;vc_col-md-5&#8243; el_class=&#8220;mt-2 mt-lg-0&#8243;][\/vc_column][vc_column width=&#8220;1\/2&#8243;]<a class=\"component card w-100 bgc-lgray vertical text-start nomedia   \" href=\"\/de-de\/partners\/channel-partners\" target=\"\" rel=\"\" ><div class=\"card-body\"><h3 class=\"h5\">Ascend-Partner<\/h3>\n<p>Partner, die Ihr Wachstum mit Fachwissen beschleunigen, um Ihren Kundenerfolg und die Gesch\u00e4ftsleistung zu steigern:<\/p>\n<ul>\n<li>L\u00f6sungsanbieter, die Genesys-L\u00f6sungen vertreiben<\/li>\n<li>Vertriebspartner f\u00fcr die Lead-Generierung oder Distributoren f\u00fcr Technologiel\u00f6sungen (nur in Nordamerika), die potenzielle Kunden direkt an Genesys verweisen<\/li>\n<li>Dienstleistungspartner, die Genesys-L\u00f6sungen implementieren<\/li>\n<\/ul>\n<\/div><div class=\"card-footer text-end\"><div class=\"btn-container \"><div class=\"small mt-0 chevron arrow arrow-primary \" href=\"#\" target=\"\" rel=\"\">Mehr erfahren<\/div><\/div><\/div><\/a>[\/vc_column][vc_column width=&#8220;1\/2&#8243;]<a class=\"component card w-100 bgc-lgray vertical text-start nomedia   \" href=\"\/de-de\/global-system-integrators\" target=\"\" rel=\"\" ><div class=\"card-body\"><h3 class=\"h5\">Globale Systemintegratoren<\/h3>\n<p>Experten f\u00fcr die CX-Transformation mit:<\/p>\n<ul>\n<li>tiefgreifendem Branchenwissen und weitreichender Erfahrung<\/li>\n<li>Expertise im Change\u00a0Management<\/li>\n<li>bew\u00e4hrten Methoden, die Menschen, Prozesse und Technologien verbinden<\/li>\n<\/ul>\n<\/div><div class=\"card-footer text-end\"><div class=\"btn-container \"><div class=\"small mt-0 chevron arrow arrow-primary \" href=\"#\" target=\"\" rel=\"\">Mehr erfahren<\/div><\/div><\/div><\/a>[\/vc_column][vc_column width=&#8220;1\/2&#8243;]<a class=\"component card w-100 bgc-lgray vertical text-start nomedia   \" href=\"\/de-de\/partners\/global-strategic-alliances\" target=\"\" rel=\"\" ><div class=\"card-body\"><h3 class=\"h5\">Strategische Technologiepartner<\/h3>\n<p>F\u00fchrende globale Unternehmen, die:<\/p>\n<ul>\n<li>Spitzentechnologien f\u00fcr die digitale Transformation bereitstellen<\/li>\n<li>nahtlose Integrationen f\u00fcr alle Plattformen, Prozesse und Kundenerlebnisse bieten<\/li>\n<li>Cloud-Kunden helfen, ihren Betrieb effizient auszubauen und Investitionen maximal zu nutzen<\/li>\n<\/ul>\n<\/div><div class=\"card-footer text-end\"><div class=\"btn-container \"><div class=\"small mt-0 chevron arrow arrow-primary \" href=\"#\" target=\"\" rel=\"\">Mehr erfahren<\/div><\/div><\/div><\/a>[\/vc_column][vc_column width=&#8220;1\/2&#8243;]<a class=\"component card w-100 bgc-lgray vertical text-start nomedia   \" href=\"\/de-de\/partners\/appfoundry\" target=\"\" rel=\"\" ><div class=\"card-body\"><h3 class=\"h5\">AppFoundry-Partner<\/h3>\n<p>Softwareanbieter, deren L\u00f6sungen die Genesys-Plattform erweitern, um:<\/p>\n<ul>\n<li>individuelle Kundenanforderungen zu bedienen<\/li>\n<li>die CX zu optimieren<\/li>\n<li>\u00fcber Genesys AppFoundry\u00ae, unseren Marktplatz f\u00fcr Unternehmens-Apps, neue Zielgruppen zu erreichen<\/li>\n<\/ul>\n<\/div><div class=\"card-footer text-end\"><div class=\"btn-container \"><div class=\"small mt-0 chevron arrow arrow-primary \" href=\"#\" target=\"\" rel=\"\">Mehr erfahren<\/div><\/div><\/div><\/a>[\/vc_column][\/vc_row][\/vc_section][vc_section][vc_row][vc_column offset=&#8220;vc_col-md-offset-1 vc_col-md-10&#8243;]<a class=\"component-cta-block card w-100 h-100 bgc-lgray centered cta-text-start \"  href=\"\/de-de\/blog\/post\/deliver-the-next-level-of-experience-with-genesys-cloud-ai-studio-and-ai-guides\" target=\"\" rel=\"\"><div class=\"row align-items-center image-stack card-body\"><div class=\"col-content col-md-7\"><div class=\"content-container\"><h2 class=\"text-balance\">Die richtige CX f\u00fcr Ihr Unternehmen<\/h2>\n<p>Mit Genesys Cloud AI Studio und AI Guides helfen Ihnen unsere Partner, KI auf Ihr gesamtes CX-\u00d6kosystem auszuweiten. So k\u00f6nnen Sie intelligente Workflows erstellen, die Absichten erkennen, Ihre Kunden verstehen und Ma\u00dfnahmen einleiten, damit Ihre Teams mit weniger manuellem Aufwand mehr erreichen k\u00f6nnen.<\/p>\n<\/div><div class=\" btn-container mt-2\"><div class=\"btn btn-secondary\">Mehr erfahren<\/div><\/div><\/div><div class=\"col-image col-md-5 flex-column justify-content-center mt-1 mt-lg-0 img-top-container no-offset\"><img decoding=\"async\" width=\"818\" height=\"547\" src=\"https:\/\/www.genesys.com\/media\/AI-Guide-Blog-Hero-1071x716-F-e1750784463547.png\" alt=\"\" class=\"rounded\"><\/div><\/div><\/a>[\/vc_column][\/vc_row][\/vc_section][vc_section flair=&#8220;%5B%7B%22hide_mobile%22%3A%22yes%22%7D%5D&#8220; css=&#8220;.vc_custom_1714457585759{background-position: center !important;background-repeat: no-repeat !important;background-size: cover !important;}&#8220; el_id=&#8220;findapartner&#8220;][vc_row][vc_column width=&#8220;1\/2&#8243;][vc_column_text css=&#8220;&#8220;]<\/p>\n<h2 class=\"h3\">Finden Sie einen Partner<\/h2>\n<p>Das Partner-\u00d6kosystem von Genesys umfasst Tausende von Unternehmenspartnern. Erkunden Sie vorhandene L\u00f6sungen oder suchen Sie \u00fcber unsere regionale Partnerauswahl, unseren Marktplatz und unser Ressourcenportal gezielt nach Ressourcen.[\/vc_column_text][\/vc_column][vc_column width=&#8220;1\/2&#8243;][\/vc_column][\/vc_row][vc_row r_gutter_size=&#8220;gutter-small&#8220; equal_height=&#8220;yes&#8220;][vc_column width=&#8220;1\/3&#8243;]<a class=\"component card w-100 bgc-lgray vertical text-start nomedia   \" href=\"\/partners\/partner-finder\" target=\"_blank\" rel=\"\" ><div class=\"card-body\"><h3 class=\"h5\">Partnersuche<\/h3>\n<p>Finden Sie regionale Partner in unserem globalen \u00d6kosystem.<\/p>\n<\/div><div class=\"card-footer text-end\"><div class=\"btn-container \"><div class=\"small mt-0 chevron arrow arrow-primary \" href=\"#\" target=\"\" rel=\"\">Zur Partnersuche<\/div><\/div><\/div><\/a>[\/vc_column][vc_column width=&#8220;1\/3&#8243;]<a class=\"component card w-100 bgc-lgray vertical text-start nomedia   \" href=\"https:\/\/appfoundry.genesys.com\/\" target=\"_blank\" rel=\"\" ><div class=\"card-body\"><h3 class=\"h5\">AppFoundry Marketplace<\/h3>\n<p>Finden Sie ausgew\u00e4hlte Apps und Integrationen im AppFoundry Marketplace.<\/p>\n<\/div><div class=\"card-footer text-end\"><div class=\"btn-container \"><div class=\"small mt-0 chevron arrow arrow-primary \" href=\"#\" target=\"\" rel=\"\">Zur AppFoundry<\/div><\/div><\/div><\/a>[\/vc_column][vc_column width=&#8220;1\/3&#8243;]<a class=\"component card w-100 bgc-lgray vertical text-start nomedia   \" href=\"https:\/\/genesys.my.site.com\/GenesysPartner\/PartnerLogin\" target=\"_blank\" rel=\"noopener\" ><div class=\"card-body\"><h3 class=\"h5\">Partner-Portal<\/h3>\n<p>Aktuelle Partner k\u00f6nnen sich im Portal anmelden.<\/p>\n<\/div><div class=\"card-footer text-end\"><div class=\"btn-container \"><div class=\"small mt-0 chevron arrow arrow-primary \" href=\"#\" target=\"\" rel=\"\">Anmelden<\/div><\/div><\/div><\/a>[\/vc_column][\/vc_row][\/vc_section][vc_section flair=&#8220;%5B%7B%22hide_mobile%22%3A%22yes%22%7D%5D&#8220; el_class=&#8220;z-index-2&#8243;][vc_row][vc_column width=&#8220;1\/2&#8243;][vc_column_text css=&#8220;&#8220;]<\/p>\n<h2 class=\"h3\">Ressourcen<\/h2>\n<p>[\/vc_column_text][\/vc_column][vc_column width=&#8220;1\/2&#8243;][\/vc_column][\/vc_row][vc_row r_gutter_size=&#8220;gutter-small&#8220; equal_height=&#8220;yes&#8220;][vc_column]<div class=\"related-posts-container next-steps-module w-100\"><div class=\"inner-container scrollable-row-container\"><div class=\"row align-items-stretch gutter-small col-count-6 scrollable-row\"><div class=\"col-12 primary-item item-image grid-item card-col item-image grid_type-\"><a class=\"card w-100 h-100 bgc-lgray component-cta-block centered cta-text-end\" href=\"\/company\/newsroom\/announcements\/genesys-earns-spot-on-crns-cloud-100-list-for-2025\"><div class=\"row align-items-stretch image-stack chevron-only card-body\"><div class=\"col-image col-md-5 flex-column justify-content-center img-top-container no-offset\"><img decoding=\"async\" class=\"rounded\" src=\"https:\/\/www.genesys.com\/media\/pr-genesys-earns-spot-on-crns-cloud-100-list-for-2025-thumbnail.png\" height=\"463\" width=\"792\" alt=\"Pr genesys earns spot on crns cloud 100 list for 2025 thumbnail\"><\/div><div class=\"col-content col-md-7 mt-lg-0\"><div class=\"content-container align-self-start align-self-md-center\"><p class=\"assettag\">Ank\u00fcndigung<\/p><h3 class=\"item-title mb-0\">Genesys wird in die CRN Cloud 100-Liste 2025 aufgenommen<\/h3><\/div><div class=\"justify-content-end btn-container\"><div class=\"btn chevron small only btn-secondary\"><\/div><\/div><\/div><\/div><\/a><\/div><div class=\"col-md-4 vertical-cards grid-item card-col item-image grid_type-resources\"><a class=\"card w-100 h-100 bgc-lgray component vertical text-start thumbnail chevron-only\" href=\"https:\/\/www.genesys.com\/de-de\/resources\/contact-center-buyers-guide\"><div class=\"thumbnail-col thubmnail\"><img decoding=\"async\" src=\"https:\/\/www.genesys.com\/media\/820x464-Resource-Thumbnail-Ebook-Buyers-Guide-for-AI-and-CX.jpg\" height=\"464\" width=\"820\" alt=\"820&#215;464 resource thumbnail ebook buyers guide for ai and cx\"><\/div><div class=\"card-body text-col\"><p class=\"assettag\">E-Book<\/p><h3 class=\"item-title h6\">CX- und KI-Leitfaden f\u00fcr Eink\u00e4ufer 2026 | Genesys<\/h3><\/div><div class=\"card-footer text-end\"><div class=\"justify-content-end btn-container\"><div class=\"btn chevron small only btn-secondary\"><\/div><\/div><\/div><\/a><\/div><div class=\"col-md-4 vertical-cards grid-item card-col item-image grid_type-blog\"><a class=\"card w-100 h-100 bgc-lgray component vertical text-start thumbnail chevron-only\" href=\"https:\/\/www.genesys.com\/de-de\/blog\/post\/ai-for-the-experience-economy-how-to-deliver-the-next-level-of-experience\"><div class=\"thumbnail-col thubmnail\"><img decoding=\"async\" src=\"https:\/\/www.genesys.com\/media\/2560x1707-Blog-Image-AI-for-the-Experience-Economy-e1751340246402.png\" height=\"547\" width=\"820\" alt=\"\"><\/div><div class=\"card-body text-col\"><p class=\"assettag\">Blog<\/p><h3 class=\"item-title h6\">KI f\u00fcr die Erlebniswirtschaft: So erm\u00f6glichen Sie die n\u00e4chste Erlebnisstufe<\/h3><\/div><div class=\"card-footer text-end\"><div class=\"justify-content-end btn-container\"><div class=\"btn chevron small only btn-secondary\"><\/div><\/div><\/div><\/a><\/div><div class=\"col-md-4 vertical-cards grid-item card-col item-image grid_type-blog\"><a class=\"card w-100 h-100 bgc-lgray component vertical text-start thumbnail chevron-only\" href=\"https:\/\/www.genesys.com\/de-de\/blog\/post\/the-levels-of-experience-orchestration\"><div class=\"thumbnail-col thubmnail\"><img decoding=\"async\" src=\"https:\/\/www.genesys.com\/media\/Levels-of-Experience-Orchestration-blog-image-820-x-548.webp\" height=\"547\" width=\"820\" alt=\"\"><\/div><div class=\"card-body text-col\"><p class=\"assettag\">Blog<\/p><h3 class=\"item-title h6\">Die verschiedenen Stufen der Experience\u00a0Orchestration<\/h3><\/div><div class=\"card-footer text-end\"><div class=\"justify-content-end btn-container\"><div class=\"btn chevron small only btn-secondary\"><\/div><\/div><\/div><\/a><\/div><div class=\"col-md-6 horizontal-cards item-image grid-item card-col item-image grid_type-\"><div class=\"card w-100 h-100 bgc-lgray component horizontal text-start thumbnail chevron-only\"><div class=\"row align-items-center\"><div class=\"col-12 col-md-5 col-lg-6\"><div class=\"thumbnail-col thubmnail\"><img decoding=\"async\" src=\"https:\/\/www.genesys.com\/media\/820x464-Resource-Thumbnail-Ebook-Deliver-the-next-level-of-experience-with-an-AI-powered-CX-ecosystem.jpg\" height=\"464\" width=\"820\" alt=\"820&#215;464 resource thumbnail ebook deliver the next level of experience with an ai powered cx ecosystem\"><\/div><\/div><div class=\"col-12 col-md-7 col-lg-6\"><div class=\"card-body text-col ps-0\"><p class=\"assettag\">E-Book<\/p><h3 class=\"item-title h6\">E-Book: Partner-\u00d6kosystem<\/h3><\/div><\/div><\/div><\/div><\/div><div class=\"col-md-6 horizontal-cards item-image grid-item card-col item-image grid_type-\"><a class=\"card w-100 h-100 bgc-lgray component horizontal text-start thumbnail chevron-only\" href=\"https:\/\/www.genesys.com\/de-de\/resources\/five-trendsetters-in-ai-innovation\"><div class=\"row align-items-center\"><div class=\"col-12 col-md-5 col-lg-6\"><div class=\"thumbnail-col thubmnail\"><img decoding=\"async\" src=\"https:\/\/www.genesys.com\/media\/five-trendsetters-in-ai-innovation.jpg\" height=\"464\" width=\"820\" alt=\"Five trendsetters in ai innovation\"><\/div><\/div><div class=\"col-12 col-md-7 col-lg-6\"><div class=\"card-body text-col ps-0\"><p class=\"assettag\">E-Book<\/p><h3 class=\"item-title h6\">Erfahren Sie, wie Branchenf\u00fchrer ihre CX mit KI neu definieren<\/h3><\/div><div class=\"card-footer text-end ps-0\"><div class=\"justify-content-end btn-container\"><div class=\"btn chevron small only btn-secondary\"><\/div><\/div><\/div><\/div><\/div><\/a><\/div><\/div><\/div><\/div>[\/vc_column][\/vc_row][\/vc_section][vc_section][vc_row][vc_column]<a class=\"component-cta-block card w-100 h-100 bgc-lgray centered cta-text-center \"  href=\"\/partners\/genesys-partner-portal-login\" target=\"\" rel=\"\"><div class=\"card-body text-center col-content\"><h2 class=\"h3\">Werden Sie Genesys-Partner<\/h2>\n<p>Ihre Expertise wird im Genesys-Partnernetzwerk und im gesamten Genesys-\u00d6kosystem gesch\u00e4tzt! Treten Sie dem Genesys-Partnerprogramm bei, um Tools, Schulungen und Unterst\u00fctzung zu erhalten. Wir helfen Ihnen, Ihr Gesch\u00e4ft auszubauen, Rentabilit\u00e4t und Umsatz zu steigern, Ihre Verkaufszahlen zu erh\u00f6hen und die Bekanntheit Ihrer Marke zu f\u00f6rdern. Machen Sie den ersten Schritt, um das Potenzial Ihrer Marke zu erschlie\u00dfen. Werden Sie ein Genesys-Partner!<\/p>\n<div class=\" btn-container justify-content-center mt-2\"><div class=\"btn btn-primary\">Zum Partner-Portal<\/div><\/div><\/div><\/a>[\/vc_column][\/vc_row][\/vc_section]<\/p>\n<\/div>","protected":false},"excerpt":{"rendered":"<p>[vc_section sec_modern_width=&#8220;enable&#8220; background_color=&#8220;bgc-lgray&#8220; flair=&#8220;%5B%7B%22flair_type%22%3A%22f_type_image%22%2C%22hide_mobile%22%3A%22yes%22%7D%5D&#8220; vib=&#8220;enable&#8220; css=&#8220;.vc_custom_1760042427123{background-position: center !important;background-repeat: no-repeat !important;background-size: cover !important;}&#8220;][vc_row equal_height=&#8220;yes&#8220; content_placement=&#8220;middle&#8220;][vc_column width=&#8220;1\/2&#8243;][vc_column_text css=&#8220;&#8220;] Unterst\u00fctzung bei der Experience Orchestration durch Genesys-Partner Unser globales Partner-\u00d6kosystem aus Genesys Ascend-Partnern, AppFoundry Marketplace, globalen Systemintegratoren und strategischen Technologiepartnern wurde entwickelt, um Kunden zu helfen, ihre Transformation zu beschleunigen und das volle Potenzial der Genesys Cloud-Plattform auszusch\u00f6pfen. [\/vc_column_text][\/vc_column][vc_column [&hellip;]<\/p>\n","protected":false},"author":1,"featured_media":0,"parent":0,"menu_order":11,"comment_status":"closed","ping_status":"closed","template":"","meta":{"_acf_changed":false,"footnotes":""},"class_list":["post-87384","page","type-page","status-publish","hentry"],"acf":[],"_links":{"self":[{"href":"https:\/\/www.genesys.com\/de-de\/wp-json\/wp\/v2\/pages\/87384","targetHints":{"allow":["GET"]}}],"collection":[{"href":"https:\/\/www.genesys.com\/de-de\/wp-json\/wp\/v2\/pages"}],"about":[{"href":"https:\/\/www.genesys.com\/de-de\/wp-json\/wp\/v2\/types\/page"}],"author":[{"embeddable":true,"href":"https:\/\/www.genesys.com\/de-de\/wp-json\/wp\/v2\/users\/1"}],"replies":[{"embeddable":true,"href":"https:\/\/www.genesys.com\/de-de\/wp-json\/wp\/v2\/comments?post=87384"}],"version-history":[{"count":22,"href":"https:\/\/www.genesys.com\/de-de\/wp-json\/wp\/v2\/pages\/87384\/revisions"}],"predecessor-version":[{"id":607326,"href":"https:\/\/www.genesys.com\/de-de\/wp-json\/wp\/v2\/pages\/87384\/revisions\/607326"}],"wp:attachment":[{"href":"https:\/\/www.genesys.com\/de-de\/wp-json\/wp\/v2\/media?parent=87384"}],"curies":[{"name":"wp","href":"https:\/\/api.w.org\/{rel}","templated":true}]}}