{"id":87343,"date":"2018-08-20T13:17:20","date_gmt":"2018-08-20T20:17:20","guid":{"rendered":"https:\/\/www.genesys.com\/?page_id=87343"},"modified":"2025-09-16T13:08:52","modified_gmt":"2025-09-16T20:08:52","slug":"login","status":"publish","type":"page","link":"https:\/\/www.genesys.com\/de-de\/login","title":{"rendered":"Genesys-Anmeldung"},"content":{"rendered":"<div class=\"wpb-content-wrapper\"><p>[vc_section sec_modern_width=&#8220;enable&#8220; background_color=&#8220;bgc-lgray&#8220; flair=&#8220;%5B%7B%22flair_type%22%3A%22f_type_image%22%2C%22hide_mobile%22%3A%22yes%22%7D%5D&#8220;][vc_row equal_height=&#8220;yes&#8220; content_placement=&#8220;middle&#8220;][vc_column][vc_column_text]<\/p>\n<h1>Genesys-Anmeldung<\/h1>\n<p>[\/vc_column_text][\/vc_column][\/vc_row][\/vc_section][vc_section full_width=&#8220;stretch_row&#8220;][vc_row][vc_column width=&#8220;2\/3&#8243;][vc_column_text]<\/p>\n<h2 class=\"h3\">Genesys Cloud and Multicloud CX Product Login<\/h2>\n<p>The Genesys Product Login portal enables you to login to any of the Genesys products: CX Builder, EchoSystem Manager, Multicloud: Account Manager, Multicloud: Enterprise Manager, Insight, Mobile Messaging Manager, Mobile Site Builder, and Social Analytics.[\/vc_column_text]<div class=\"btn-container  \"><a role=\"button\"  class=\"btn btn-primary\" href=\"https:\/\/login.mypurecloud.com\/\" target=\"_blank\" rel=\"noopener\">Log in to your product<\/a><a role=\"button\"  class=\"btn btn-ff-primary chevron\" href=\"https:\/\/genesys.my.site.com\/customercare\/GenesysCommunityLogin\" target=\"_blank\" rel=\"noopener\">Support portal<\/a><\/div>[\/vc_column][\/vc_row][vc_row][vc_column width=&#8220;2\/3&#8243;][vc_column_text]<\/p>\n<h3>Genesys Knowledge Network<\/h3>\n<p>Ihre zentrale Anlaufstelle f\u00fcr eine bessere Customer Experience. Durchsuchen Sie die Bibliothek mit produktspezifischen Informationen und Diskussionen auf der \u00f6ffentlichen Webseite oder melden Sie sich mit Ihren Single Sign-On-Anmeldedaten an, um ein vollst\u00e4ndiges, personalisiertes Erlebnis zu genie\u00dfen. Die Anmeldung ist f\u00fcr alle benannten Kunden und Partnerkontakte von Genesys verf\u00fcgbar.[\/vc_column_text]<div class=\"btn-container  \"><a role=\"button\"  class=\"btn btn-primary\" href=\"http:\/\/orchestrators.genesys.com\/\" target=\"\" rel=\"\">Go to Genesys Knowledge Network<\/a><\/div>[\/vc_column][\/vc_row][\/vc_section]<\/p>\n<\/div>","protected":false},"excerpt":{"rendered":"<p>[vc_section sec_modern_width=&#8220;enable&#8220; background_color=&#8220;bgc-lgray&#8220; flair=&#8220;%5B%7B%22flair_type%22%3A%22f_type_image%22%2C%22hide_mobile%22%3A%22yes%22%7D%5D&#8220;][vc_row equal_height=&#8220;yes&#8220; content_placement=&#8220;middle&#8220;][vc_column][vc_column_text] Genesys-Anmeldung [\/vc_column_text][\/vc_column][\/vc_row][\/vc_section][vc_section full_width=&#8220;stretch_row&#8220;][vc_row][vc_column width=&#8220;2\/3&#8243;][vc_column_text] Genesys Cloud and Multicloud CX Product Login The Genesys Product Login portal enables you to login to any of the Genesys products: CX Builder, EchoSystem Manager, Multicloud: Account Manager, Multicloud: Enterprise Manager, Insight, Mobile Messaging Manager, Mobile Site Builder, and Social Analytics.[\/vc_column_text][\/vc_column][\/vc_row][vc_row][vc_column width=&#8220;2\/3&#8243;][vc_column_text] Genesys Knowledge [&hellip;]<\/p>\n","protected":false},"author":1,"featured_media":0,"parent":0,"menu_order":9,"comment_status":"closed","ping_status":"closed","template":"","meta":{"_acf_changed":false,"footnotes":""},"class_list":["post-87343","page","type-page","status-publish","hentry"],"acf":[],"_links":{"self":[{"href":"https:\/\/www.genesys.com\/de-de\/wp-json\/wp\/v2\/pages\/87343","targetHints":{"allow":["GET"]}}],"collection":[{"href":"https:\/\/www.genesys.com\/de-de\/wp-json\/wp\/v2\/pages"}],"about":[{"href":"https:\/\/www.genesys.com\/de-de\/wp-json\/wp\/v2\/types\/page"}],"author":[{"embeddable":true,"href":"https:\/\/www.genesys.com\/de-de\/wp-json\/wp\/v2\/users\/1"}],"replies":[{"embeddable":true,"href":"https:\/\/www.genesys.com\/de-de\/wp-json\/wp\/v2\/comments?post=87343"}],"version-history":[{"count":5,"href":"https:\/\/www.genesys.com\/de-de\/wp-json\/wp\/v2\/pages\/87343\/revisions"}],"predecessor-version":[{"id":593863,"href":"https:\/\/www.genesys.com\/de-de\/wp-json\/wp\/v2\/pages\/87343\/revisions\/593863"}],"wp:attachment":[{"href":"https:\/\/www.genesys.com\/de-de\/wp-json\/wp\/v2\/media?parent=87343"}],"curies":[{"name":"wp","href":"https:\/\/api.w.org\/{rel}","templated":true}]}}