{"id":87299,"date":"2018-08-20T13:15:45","date_gmt":"2018-08-20T20:15:45","guid":{"rendered":"https:\/\/www.genesys.com\/?page_id=87299"},"modified":"2021-11-09T09:39:28","modified_gmt":"2021-11-09T17:39:28","slug":"platform","status":"publish","type":"page","link":"https:\/\/www.genesys.com\/de-de\/platform","title":{"rendered":"Plattform"},"content":{"rendered":"<div class=\"wpb-content-wrapper\"><p>[vc_section full_width=&#8220;stretch_row&#8220; el_class=&#8220;section_header&#8220; css=&#8220;.vc_custom_1533841032237{background-image: url(https:\/\/www.genesys.com\/media\/7c342731-v4-platform.jpg?id=86383) !important;}&#8220;][vc_row equal_height=&#8220;yes&#8220; content_placement=&#8220;middle&#8220;][vc_column width=&#8220;3\/5&#8243;][vc_column_text]<\/p>\n<h1>Die kanal\u00fcbergreifende Customer Experience Plattform<\/h1>\n<p>[\/vc_column_text][\/vc_column][vc_column width=&#8220;2\/5&#8243;][\/vc_column][\/vc_row][\/vc_section][vc_section full_width=&#8220;stretch_row&#8220; el_class=&#8220;cta-bar&#8220; css=&#8220;.vc_custom_1522458207688{padding-top: 0px !important;padding-bottom: 0px !important;}&#8220;][vc_row full_width=&#8220;stretch_row&#8220; css=&#8220;.vc_custom_1522458201976{padding-top: 0px !important;padding-bottom: 0px !important;}&#8220;][vc_column][\/vc_column][\/vc_row][\/vc_section][vc_section full_width=&#8220;stretch_row&#8220;][vc_row][vc_column][vc_column_text]<\/p>\n<h2 style=\"text-align: center;\">Customer Experience zum Wettbewerbsvorteil machen<\/h2>\n<p style=\"text-align: center;\">Die Gesch\u00e4ftslandschaft wird von Tag zu Tag wettbewerbsintensiver, und auch die Anspr\u00fcche Ihrer Kunden steigen. \u00dcbertreffen Sie Ihre Gesch\u00e4ftsziele und die Erwartungen Ihrer Kunden mit der Genesys Customer Experience-Plattform.<\/p>\n<p style=\"text-align: center;\">Eine \u00fcberragende Kundenerfahrung sorgt f\u00fcr bessere Gesch\u00e4ftsergebnisse und eine h\u00f6here Kundenbindung. Genesys bietet Ihnen die Tools, die zur Verwaltung von Customer Journeys \u00fcber einen oder mehrere Kan\u00e4le hinweg erforderlich sind. Sie wissen bereits zu Beginn der Kontaktaufnahme, wer sich mit Ihnen in Verbindung setzt und wie Sie das beschriebene Problem bestm\u00f6glich l\u00f6sen k\u00f6nnen. Und Ihren Teams stehen sofort die Informationen und Anwendungen zur Verf\u00fcgung, die sie ben\u00f6tigen.<\/p>\n<p style=\"text-align: center;\">Unternehmen weltweit verlassen sich auf Genesys, um Die F\u00e4higkeiten zur Kundenbindung, Mitarbeiterbindung und Gesch\u00e4ftsoptimierung zu st\u00e4rken, die dauerhafte Beziehungen f\u00f6rdern und beeindruckende Gesch\u00e4ftsergebnisse hervorbringen.<\/p>\n<p>[\/vc_column_text][\/vc_column][\/vc_row][\/vc_section][vc_section full_width=&#8220;stretch_row&#8220; disable_element=&#8220;yes&#8220; el_class=&#8220;section_light-gray&#8220;][vc_row][vc_column][vc_column_text]<\/p>\n<h3 style=\"text-align: center;\">Erfahren Sie mehr \u00fcber die Plattform von Genesys\u00a0&#8230;<\/h3>\n<p>[\/vc_column_text]<div class=\"child-pages vc_grid-container-wrapper vc_clearfix grid_type-page-relative wrapper_style_colored-boxes\"><div class=\"vc_grid-container vc_clearfix wpb_content_element vc_basic_grid\"><div class=\"grid vc_grid vc_row vc_grid-gutter-35px vc_pageable-wrapper vc_hook_hover gen_text-center\" data-vc-pageable-content=\"true\"><div class=\"vc_pageable-slide-wrapper vc_clearfix d-flex flex-wrap justify-content-center w-100\" data-vc-grid-content=\"true\"><div class=\"vc_grid-item vc_clearfix style_colored-boxes col-lg-3 vc_grid-item-zone-c-bottom vc_visible-item fadeIn animated itemclass-87323\"><a href=\"https:\/\/www.genesys.com\/de-de\/platform\/pureconnect\"><div class=\"overlay\"><h4 class=\"item-title\">Genesys Connect<\/h4><\/div><div class=\"content\"><h4 class=\"item-title\">Genesys Connect<\/h4><p>Verbessern Sie die Kommunikation mit Ihren Kunden durch die flexible Genesys Connect All-in-One Customer Experience Plattform<\/p><div class=\"genesys-button medium  genesys-orange\"><span>Mehr erfahren <\/span><\/div><\/div><\/a><\/div><div class=\"vc_grid-item vc_clearfix style_colored-boxes col-lg-3 vc_grid-item-zone-c-bottom vc_visible-item fadeIn animated itemclass-98319\"><a href=\"https:\/\/www.genesys.com\/de-de\/platform\/purecloud-services-and-support\"><div class=\"overlay\"><h4 class=\"item-title\">Genesys Cloud-Services und -Support<\/h4><\/div><div class=\"content\"><h4 class=\"item-title\">Genesys Cloud-Services und -Support<\/h4><div class=\"genesys-button medium  genesys-orange\"><span>Mehr erfahren <\/span><\/div><\/div><\/a><\/div><div class=\"vc_grid-item vc_clearfix style_colored-boxes col-lg-3 vc_grid-item-zone-c-bottom vc_visible-item fadeIn animated itemclass-157566\"><a href=\"https:\/\/www.genesys.com\/de-de\/platform\/genesys-cloud\"><div class=\"overlay\"><h4 class=\"item-title\">Genesys Cloud CX<\/h4><\/div><div class=\"content\"><h4 class=\"item-title\">Genesys Cloud CX<\/h4><div class=\"genesys-button medium  genesys-orange\"><span>Mehr erfahren <\/span><\/div><\/div><\/a><\/div><\/div><\/div><\/div><\/div>[\/vc_column][\/vc_row][\/vc_section][vc_section full_width=&#8220;stretch_row&#8220; el_class=&#8220;cta-bar&#8220;][vc_row][vc_column]<div class=\"db_cta_dynamic align-center style-dark\" data-offset=\"0\" data-section-bg=\"https:\/\/www.genesys.com\/media\/7b71dee4-website-cta-backgrounds-plum-links.png\" data-limit=\"1\" data-result=\"%5B%5D\"><h3>Was gibt's Neues? Die Winter Innovationen 2018<\/h3><div class=\"genesys-button medium align-center genesys-white \"><a href=\"https:\/\/www.genesys.com\/platform\/new-innovations\/winter-innovations-2018\" target=\"\" rel=\"\">Mehr erfahren<\/a><\/div><\/div>[\/vc_column][\/vc_row][\/vc_section][vc_section full_width=&#8220;stretch_row&#8220;][vc_row equal_height=&#8220;yes&#8220; content_placement=&#8220;middle&#8220; el_class=&#8220;mobile-reverse&#8220;][vc_column width=&#8220;2\/3&#8243;][vc_column_text]<\/p>\n<h3>Die Genesys Cloud-Plattform<\/h3>\n<p>Machen Sie Ihr Unternehmen mit der Genesys Cloud\u00ae-Plattform zukunftssicher. Diese zentrale All-in-one-L\u00f6sung f\u00fcr Kundenbindung und Mitarbeitermanagement ist einfach zu bedienen, l\u00e4sst sich schnell bereitstellen und wurde f\u00fcr schnelle Innovationen entwickelt. Dank der nahtlosen, kanal\u00fcbergreifenden Funktionen und der au\u00dfergew\u00f6hnlichen Zuverl\u00e4ssigkeit k\u00f6nnen Sie jederzeit und \u00fcberall mit Ihren Kunden Kontakt aufnehmen. Die Genesys Cloud-Plattform gew\u00e4hrleistet in kleinen und mittelst\u00e4ndischen Unternehmen eine unglaublich schnelle interne Akzeptanz und \u00fcberzeugt eine wachsende Anzahl gr\u00f6\u00dferer Kunden. Mit beeindruckenden Funktionen und einer echten Cloud-Architektur, die kontinuierliche Verbesserungen unterst\u00fctzt, erf\u00fcllt die Genesys Cloud-Software Ihre Anforderungen jetzt und in Zukunft.[\/vc_column_text]<div class=\"btn-container justify-content-start \"><a class=\"btn small btn-primary\" href=\"\/de-de\/purecloud\" target=\"\" style=\"width:auto;\" rel=\"\" >Mehr erfahren<\/a><\/div>[\/vc_column][vc_column width=&#8220;1\/3&#8243;][vc_single_image image=&#8220;12943&#8243; img_size=&#8220;full&#8220; css=&#8220;.vc_custom_1525984975133{margin-bottom: 2em !important;}&#8220;][\/vc_column][\/vc_row][\/vc_section][vc_row][vc_column]<span class=\"g_separator genesys-light-gray\" style=\"height:1px\"><\/span>[\/vc_column][\/vc_row][vc_section full_width=&#8220;stretch_row&#8220;][vc_row equal_height=&#8220;yes&#8220; content_placement=&#8220;middle&#8220;][vc_column width=&#8220;1\/3&#8243;][vc_single_image image=&#8220;12944&#8243; img_size=&#8220;full&#8220; css=&#8220;.vc_custom_1525984984575{margin-bottom: 2em !important;}&#8220;][\/vc_column][vc_column width=&#8220;2\/3&#8243;][vc_column_text]<\/p>\n<h3>Die Genesys Connect-Plattform<\/h3>\n<p>Der Kunde ist K\u00f6nig, und Sie m\u00fcssen auf die von Ihren Kunden bevorzugte Art und Weise mit ihm in Kontakt bleiben. Die Connect-Plattform ist sowohl am Standort als auch in der Cloud einsetzbar. Diese kanal\u00fcbergreifende Kontaktcenter-L\u00f6sung wurde f\u00fcr mittelst\u00e4ndische bis gro\u00dfe Unternehmen entwickelt. Dank der bew\u00e4hrten Technologie, die eine nahtlose Kommunikation \u00fcber digitale und sprachbasierte Kan\u00e4le hinweg erm\u00f6glicht, k\u00f6nnen Sie mit Kunden \u00fcber Telefon, Chat, Textnachrichten oder soziale Medien Kontakt aufnehmen \u2013 und all das mit einer zentralen, leistungsstarken Anwendung. Durch die einfache Verwaltung und die Integration in Ihre anderen Systeme k\u00f6nnen Sie diese Plattform so anpassen, dass sie Ihren speziellen Anforderungen gerecht wird. Mit Abonnementlizenzen k\u00f6nnen Sie zus\u00e4tzliche Funktionen freischalten.[\/vc_column_text]<div class=\"btn-container justify-content-start \"><a class=\"btn small btn-primary\" href=\"\/de-de\/platform\/pureconnect\" target=\"\" style=\"width:auto;\" rel=\"\" >Mehr erfahren<\/a><\/div>[\/vc_column][\/vc_row][\/vc_section][vc_row][vc_column]<span class=\"g_separator genesys-light-gray\" style=\"height:1px\"><\/span>[\/vc_column][\/vc_row][vc_section full_width=&#8220;stretch_row&#8220;][vc_row equal_height=&#8220;yes&#8220; content_placement=&#8220;middle&#8220; el_class=&#8220;mobile-reverse&#8220;][vc_column width=&#8220;2\/3&#8243;][vc_column_text]<\/p>\n<h3>Die Genesys-Plattform<\/h3>\n<p>Die kanal\u00fcbergreifende Genesys\u2122 Kundenbindungssuite von Genesys bietet speziell f\u00fcr gro\u00dfe Unternehmen Service-Erfahrungen, die dem Wettbewerb \u00fcberlegen sind, und digitale Transformation in jedem Ma\u00dfstab. Die Plattform kombiniert kontextabh\u00e4ngige Echtzeit-Journeys mit erstklassigem, intelligentem Routing und digitaler Transformation. Dank dieser Funktionen machen Sie die Kundenerfahrung zu Ihrem Wettbewerbsvorteil. Mit den robusten, benutzerfreundlichen Tools k\u00f6nnen Ihre Teams die steigenden Erwartungen der Kunden in Bezug auf personalisierte, nahtlose Interaktionen noch \u00fcbertreffen. Die Genesys-Plattform bietet betriebliche Effizienz und hervorragende Kundenerlebnisse. Sie l\u00e4sst sich problemlos anpassen, da sie auf offenen APIs und Webstandards basiert.[\/vc_column_text]<div class=\"btn-container justify-content-start \"><a class=\"btn small btn-primary\" href=\"\/de-de\/platform\/pureengage\" target=\"\" style=\"width:auto;\" rel=\"\" >Mehr erfahren<\/a><\/div>[\/vc_column][vc_column width=&#8220;1\/3&#8243;][vc_single_image image=&#8220;12945&#8243; img_size=&#8220;full&#8220; css=&#8220;.vc_custom_1525985027116{margin-bottom: 2em !important;}&#8220;][\/vc_column][\/vc_row][\/vc_section][vc_section full_width=&#8220;stretch_row&#8220; css=&#8220;.vc_custom_1524350271998{background-color: #f3f3f3 !important;}&#8220;][vc_row equal_height=&#8220;yes&#8220; content_placement=&#8220;middle&#8220;][vc_column width=&#8220;1\/2&#8243; el_class=&#8220;hide-on-mobile&#8220; offset=&#8220;vc_hidden-xs&#8220;][vc_single_image image=&#8220;9168&#8243; alignment=&#8220;center&#8220; img_size=&#8220;full&#8220;][\/vc_column][vc_column width=&#8220;1\/2&#8243;][vc_column_text]<\/p>\n<h3>Positionieren Sie sich so, dass Sie den sich \u00e4ndernden Bed\u00fcrfnissen Ihrer Kunden gerecht werden<\/h3>\n<p>Verlassen Sie sich auf die L\u00f6sungen von Genesys, um gro\u00dfartige Customer Experiences zu bieten\u00a0\u2013 jetzt und in Zukunft. Wir bieten die Funktionen und die Fachkenntnis, die die Kundenerlebnisse der n\u00e4chsten Generation ausmachen.<\/p>\n<ul>\n<li>K\u00fcnstliche Intelligenz und Bots<\/li>\n<li>Integration des Internet of Things (IoT) mit Google, Amazon und Apple Business Chat<\/li>\n<li>Ton- und Keyword-Analyse<\/li>\n<li>Predictive Routing basierend auf maschinellem Lernen<\/li>\n<li>Virtual und Augmented Reality, einschlie\u00dflich Kundensupport per Video<\/li>\n<li>Big-Data-Storage und -Analyse zur besseren Nutzung von Daten innerhalb Ihrer eigenen Systeme<\/li>\n<\/ul>\n<p>[\/vc_column_text]<div class=\"btn-container justify-content-start \"><a class=\"btn small btn-primary\" href=\"\/de-de\/customer-experience\/innovations\" target=\"\" style=\"width:auto;\" rel=\"\" >Mehr erfahren<\/a><\/div>[\/vc_column][\/vc_row][\/vc_section][vc_section full_width=&#8220;stretch_row&#8220; flair=&#8220;%5B%7B%22hide_mobile%22%3A%22yes%22%7D%5D&#8220; css=&#8220;.vc_custom_1636479529924{background-image: url(https:\/\/www.genesys.com\/media\/7b71dee4-website-cta-backgrounds-plum-links.png?id=84011) !important;background-position: center !important;background-repeat: no-repeat !important;background-size: cover !important;}&#8220;][vc_row full_width=&#8220;stretch_row&#8220;][vc_column]<div class=\"db_cta_dynamic align-center style-dark\" data-offset=\"0\" data-section-bg=\"\" data-limit=\"1\" data-result=\"%5B%5D\"><h3>Neue Standards f\u00fcr Kundenbindung mit dem Genesys Cloud-Callcenter. Erfahren Sie mehr dazu.<\/h3><div class=\"genesys-button medium align-center genesys-white \"><a href=\"\/campaign\/purecloud-guided-tour\" target=\"_blank\" rel=\"\">Take the PureCloud tour<\/a><\/div><\/div>[\/vc_column][\/vc_row][\/vc_section][vc_section full_width=&#8220;stretch_row&#8220; disable_element=&#8220;yes&#8220;][vc_row][vc_column][vc_column_text]<\/p>\n<h3 style=\"text-align: center;\">Erfahren Sie mehr \u00fcber die Plattform von Genesys\u00a0&#8230;<\/h3>\n<p>[\/vc_column_text][\/vc_column][\/vc_row][\/vc_section]<\/p>\n<\/div>","protected":false},"excerpt":{"rendered":"<p>[vc_section full_width=&#8220;stretch_row&#8220; el_class=&#8220;section_header&#8220; css=&#8220;.vc_custom_1533841032237{background-image: url(https:\/\/www.genesys.com\/media\/7c342731-v4-platform.jpg?id=86383) !important;}&#8220;][vc_row equal_height=&#8220;yes&#8220; content_placement=&#8220;middle&#8220;][vc_column width=&#8220;3\/5&#8243;][vc_column_text] Die kanal\u00fcbergreifende Customer Experience Plattform [\/vc_column_text][\/vc_column][vc_column width=&#8220;2\/5&#8243;][\/vc_column][\/vc_row][\/vc_section][vc_section full_width=&#8220;stretch_row&#8220; el_class=&#8220;cta-bar&#8220; css=&#8220;.vc_custom_1522458207688{padding-top: 0px !important;padding-bottom: 0px !important;}&#8220;][vc_row full_width=&#8220;stretch_row&#8220; css=&#8220;.vc_custom_1522458201976{padding-top: 0px !important;padding-bottom: 0px !important;}&#8220;][vc_column][\/vc_column][\/vc_row][\/vc_section][vc_section full_width=&#8220;stretch_row&#8220;][vc_row][vc_column][vc_column_text] Customer Experience zum Wettbewerbsvorteil machen Die Gesch\u00e4ftslandschaft wird von Tag zu Tag wettbewerbsintensiver, und auch die Anspr\u00fcche Ihrer Kunden steigen. \u00dcbertreffen Sie Ihre Gesch\u00e4ftsziele und [&hellip;]<\/p>\n","protected":false},"author":1,"featured_media":0,"parent":0,"menu_order":3,"comment_status":"closed","ping_status":"closed","template":"","meta":{"_acf_changed":false,"footnotes":""},"class_list":["post-87299","page","type-page","status-publish","hentry"],"acf":[],"_links":{"self":[{"href":"https:\/\/www.genesys.com\/de-de\/wp-json\/wp\/v2\/pages\/87299","targetHints":{"allow":["GET"]}}],"collection":[{"href":"https:\/\/www.genesys.com\/de-de\/wp-json\/wp\/v2\/pages"}],"about":[{"href":"https:\/\/www.genesys.com\/de-de\/wp-json\/wp\/v2\/types\/page"}],"author":[{"embeddable":true,"href":"https:\/\/www.genesys.com\/de-de\/wp-json\/wp\/v2\/users\/1"}],"replies":[{"embeddable":true,"href":"https:\/\/www.genesys.com\/de-de\/wp-json\/wp\/v2\/comments?post=87299"}],"version-history":[{"count":7,"href":"https:\/\/www.genesys.com\/de-de\/wp-json\/wp\/v2\/pages\/87299\/revisions"}],"predecessor-version":[{"id":407921,"href":"https:\/\/www.genesys.com\/de-de\/wp-json\/wp\/v2\/pages\/87299\/revisions\/407921"}],"wp:attachment":[{"href":"https:\/\/www.genesys.com\/de-de\/wp-json\/wp\/v2\/media?parent=87299"}],"curies":[{"name":"wp","href":"https:\/\/api.w.org\/{rel}","templated":true}]}}