{"id":87277,"date":"2018-08-20T13:15:49","date_gmt":"2018-08-20T20:15:49","guid":{"rendered":"https:\/\/www.genesys.com\/?page_id=87277"},"modified":"2019-08-05T16:34:47","modified_gmt":"2019-08-05T23:34:47","slug":"improving-agent-performance","status":"publish","type":"page","link":"https:\/\/www.genesys.com\/de-de\/better-results\/improving-agent-performance","title":{"rendered":"Die Leistung Ihrer Agenten verbessern"},"content":{"rendered":"<div class=\"wpb-content-wrapper\"><p>[vc_section full_width=&#8220;stretch_row&#8220; el_class=&#8220;section_header&#8220; css=&#8220;.vc_custom_1530113572660{background-image: url(https:\/\/www.genesys.com\/media\/0618-Customer-Experience-Achieve-Better-Results.jpg?id=16689) !important;}&#8220;][vc_row equal_height=&#8220;yes&#8220; content_placement=&#8220;middle&#8220;][vc_column width=&#8220;3\/5&#8243;][vc_column_text]<\/p>\n<h1>Verbessern Sie die Leistung Ihrer Contact-Center-Agenten<\/h1>\n<p>[\/vc_column_text][\/vc_column][vc_column width=&#8220;2\/5&#8243;][\/vc_column][\/vc_row][\/vc_section][vc_section full_width=&#8220;stretch_row&#8220; el_class=&#8220;cta-bar&#8220; css=&#8220;.vc_custom_1522458207688{padding-top: 0px !important;padding-bottom: 0px !important;}&#8220;][vc_row full_width=&#8220;stretch_row&#8220; css=&#8220;.vc_custom_1522458201976{padding-top: 0px !important;padding-bottom: 0px !important;}&#8220;][vc_column][\/vc_column][\/vc_row][\/vc_section][vc_section full_width=&#8220;stretch_row&#8220;][vc_row][vc_column][vc_column_text]<\/p>\n<h2 style=\"text-align: center;\">Bauen Sie ein effektiveres Contact-Center-Team auf<\/h2>\n<p style=\"text-align: center;\">Die Steigerung der Agentenleistung ist entscheidend, um Ihr Contact Center effizienter zu betreiben und t\u00e4gliche, monatliche und viertelj\u00e4hrliche Ziele zu erreichen. Die Verbesserung beginnt mit Transparenz in jeder Interaktion und in der Analyse, um wertvolle, verwertbare Erkenntnisse zu erhalten. Au\u00dferdem ist es wichtig, die Zeit bis zur L\u00f6sung zu reduzieren und die Zusammenarbeit in Ihrem Team zu verbessern. Durch Schulungen l\u00e4sst sich au\u00dferdem die Leistung steigern, sodass einzelne Agenten eine gr\u00f6\u00dfere Bandbreite an Kunden bedienen k\u00f6nnen und Kunden bei jeder Interaktion von gro\u00dfartigen Erlebnissen profitieren.<\/p>\n<p>[\/vc_column_text][\/vc_column][\/vc_row][\/vc_section][vc_section full_width=&#8220;stretch_row&#8220; el_class=&#8220;section_light-gray&#8220;][vc_row][vc_column][vc_column_text]<\/p>\n<h3 style=\"text-align: center;\">Erfahren Sie mehr \u00fcber\u2026<\/h3>\n<p>[\/vc_column_text]<div class=\"vc_grid-container-wrapper vc_clearfix grid_type-page-features wrapper_style_colored-boxes\"><div class=\"vc_grid-container vc_clearfix wpb_content_element vc_basic_grid\"><div class=\"vc_grid vc_row vc_grid-gutter-35px vc_pageable-wrapper vc_hook_hover gen_text-center\" data-vc-pageable-content=\"true\"><div class=\"vc_pageable-slide-wrapper vc_clearfix\" data-vc-grid-content=\"true\"><div data-type=\"capability\" ><\/div><div class=\"vc_grid-item vc_clearfix style_colored-boxes vc_col-sm-3 vc_grid-item-zone-c-bottom vc_visible-item fadeIn animated\"><a href=\"https:\/\/www.genesys.com\/de-de\/capabilities\/automated-routing\"><div class=\"overlay\"><h4>Vorausschauendes Routing<\/h4><\/div><div class=\"content\"><h4>Vorausschauendes Routing<\/h4><p>Nutzen Sie KI, um Kunden in Echtzeit mit den Mitarbeitern zu verbinden, die am wahrscheinlichsten den besten Service und die besten KPIs bieten.<\/p><div class=\"genesys-button medium  genesys-orange\"><span>Mehr erfahren <\/span><\/div><\/div><\/a><\/div><div class=\"vc_grid-item vc_clearfix style_colored-boxes vc_col-sm-3 vc_grid-item-zone-c-bottom vc_visible-item fadeIn animated\"><a href=\"https:\/\/www.genesys.com\/de-de\/capabilities\/voice-services\"><div class=\"overlay\"><h4>Sprachdienste<\/h4><\/div><div class=\"content\"><h4>Sprachdienste<\/h4><p>Unterst\u00fctzen Sie Kunden, die den telefonischen Support bevorzugen. Beziehen Sie Sprachdienste, die f\u00fcr Ihr Unternehmen geeignet sind. <\/p><div class=\"genesys-button medium  genesys-orange\"><span>Mehr erfahren <\/span><\/div><\/div><\/a><\/div><div class=\"vc_grid-item vc_clearfix style_colored-boxes vc_col-sm-3 vc_grid-item-zone-c-bottom vc_visible-item fadeIn animated\"><a href=\"https:\/\/www.genesys.com\/de-de\/capabilities\/collaboration-tools\"><div class=\"overlay\"><h4>Unified Communications und Zusammenarbeit<\/h4><\/div><div class=\"content\"><h4>Unified Communications und Zusammenarbeit<\/h4><p>Erm\u00f6glichen Sie m\u00fchelose Zusammenarbeit und einfache Kommunikation\u00a0\u2013 alles \u00fcber eine einzige Plattform oder eine Drittanbieterl\u00f6sung.<\/p><div class=\"genesys-button medium  genesys-orange\"><span>Mehr erfahren <\/span><\/div><\/div><\/a><\/div><div class=\"vc_grid-item vc_clearfix style_colored-boxes vc_col-sm-3 vc_grid-item-zone-c-bottom vc_visible-item fadeIn animated\"><a href=\"https:\/\/www.genesys.com\/de-de\/capabilities\/platform\"><div class=\"overlay\"><h4>Plattform<\/h4><\/div><div class=\"content\"><h4>Plattform<\/h4><p>Stellen Sie mit einer modernen Kundenbindungsplattform einheitliche Kundenerfahrungen sicher<\/p><div class=\"genesys-button medium  genesys-orange\"><span>Mehr erfahren <\/span><\/div><\/div><\/a><\/div><\/div><\/div><\/div><\/div>[\/vc_column][\/vc_row][\/vc_section][vc_section full_width=&#8220;stretch_row&#8220;][vc_row equal_height=&#8220;yes&#8220; content_placement=&#8220;middle&#8220; el_class=&#8220;mobile-reverse&#8220;][vc_column width=&#8220;2\/3&#8243;][vc_column_text]<\/p>\n<h3>Arbeiten Sie team\u00fcbergreifend f\u00fcr mehr Produktivit\u00e4t zusammen<\/h3>\n<p>Verbessern Sie die Effektivit\u00e4t Ihres Teams mit Collaboration-Tools, die den Ideenaustausch und sonstige Abl\u00e4ufe vereinfachen. Durch die Zusammenarbeit in Echtzeit k\u00f6nnen Ihre Agenten Kunden besser bedienen, Probleme schnell l\u00f6sen und mit erweiterten Teammitgliedern interagieren. Die Zusammenarbeit vereinfacht auch das Arbeiten \u00fcber verschiedene Standorte und Zeitzonen hinweg. Wenn Sie die Kommunikation Ihres Teams verbessern, verbessern Sie auch die Probleml\u00f6sung, die Entwicklung von F\u00e4higkeiten und das Teilen von Erfolgen.[\/vc_column_text][\/vc_column][vc_column width=&#8220;1\/3&#8243;]<div class=\"gicon-container\" style=\"max-width:60%;margin:0 auto 2em;text-align:center;align-items:center;\"><\/div>[\/vc_column][\/vc_row][\/vc_section][vc_section full_width=&#8220;stretch_row&#8220; el_class=&#8220;section_light-gray&#8220;][vc_row equal_height=&#8220;yes&#8220; content_placement=&#8220;middle&#8220;][vc_column width=&#8220;1\/2&#8243; offset=&#8220;vc_hidden-xs&#8220;][vc_single_image image=&#8220;10663&#8243; img_size=&#8220;full&#8220;][\/vc_column][vc_column width=&#8220;1\/2&#8243;][vc_column_text]<\/p>\n<h3>Nutzen Sie qualitativ hochwertige Erkenntnisse, um Ihre Kunden besser zu bedienen<\/h3>\n<p>Die M\u00f6glichkeit, Anrufe und Bildschirmkopien von allen Kundeninteraktionen aufzuzeichnen, stellt einen wichtigen Wettbewerbsvorteil dar, wenn Sie tiefere Einblicke in das Verhalten Ihrer Kunden und die Teamleistung gewinnen m\u00f6chten. Verwenden Sie Interaktionsanalysen, um das Abh\u00f6ren von Gespr\u00e4chen zu automatisieren und diese zu analysieren, um Interaktionen besser zu verstehen. Dadurch erhalten Sie Einblicke in Trends, Probleme und Leistungen, die zur Verbesserung der Qualit\u00e4t Ihres Kundenservice verwendet werden k\u00f6nnen, sodass Sie bessere Entscheidungen treffen und die Effizienz Ihrer Agenten erh\u00f6hen k\u00f6nnen.[\/vc_column_text][\/vc_column][\/vc_row][\/vc_section][vc_section full_width=&#8220;stretch_row&#8220;][vc_row equal_height=&#8220;yes&#8220; content_placement=&#8220;middle&#8220; el_class=&#8220;mobile-reverse&#8220;][vc_column width=&#8220;2\/3&#8243;][vc_column_text]<\/p>\n<h3>Optimieren Sie die Leistung Ihrer Agenten<\/h3>\n<p>Performance Management beinhaltet das Verstehen der F\u00e4higkeiten, Kenntnisse und anderen Eigenschaften,\u00a0die Ihre Mitarbeiter so erfolgreich machen. So k\u00f6nnen Sie F\u00e4higkeiten, das Wissen und die anderen Eigenschaften all Ihrer Agenten erh\u00f6hen. Nutzen Sie alle verf\u00fcgbaren Performance-Daten, um zu ermitteln, wie eine Top-Leistung f\u00fcr verschiedene Rollen aussieht, und um zu erkennen, an welchen Stellen Mitarbeiter noch Lernbedarf haben. Sie verf\u00fcgen \u00fcber die n\u00f6tigen Erkenntnisse, um individuelle Coaching-Sessions und Schulungen anzubieten und die Leistung Ihrer Teams zu verbessern.[\/vc_column_text][\/vc_column][vc_column width=&#8220;1\/3&#8243;]<div class=\"gicon-container\" style=\"max-width:60%;margin:0 auto 2em;text-align:center;align-items:center;\"><\/div>[\/vc_column][\/vc_row][\/vc_section][vc_section][vc_row][vc_column]<span class=\"g_separator genesys-light-gray\" style=\"height:1px\"><\/span>[vc_column_text]<\/p>\n<h3 style=\"text-align: center;\">Erfahren Sie mehr \u00fcber die L\u00f6sungen von Genesys f\u00fcr\u00a0\u2026<\/h3>\n<p>[\/vc_column_text]<div class=\"vc_grid-container-wrapper vc_clearfix grid_type-page-relative wrapper_style_list\"><div class=\"vc_grid-container vc_clearfix wpb_content_element vc_basic_grid\"><div class=\"vc_grid vc_row vc_grid-gutter-35px vc_pageable-wrapper vc_hook_hover gen_text-center\" data-vc-pageable-content=\"true\"><div class=\"vc_pageable-slide-wrapper vc_clearfix siblinglist w-100 d-flex flex-wrap justify-content-center\" data-vc-grid-content=\"true\"><div class=\"vc_grid-item vc_clearfix col-lg-2 vc_grid-item-zone-c-bottom vc_visible-item fadeIn animated style_list itemclass-288712\"><a href=\"https:\/\/www.genesys.com\/de-de\/microsoft\"><h5>Microsoft-Partnerschaft<\/h5><\/a><\/div><div class=\"vc_grid-item vc_clearfix col-lg-2 vc_grid-item-zone-c-bottom vc_visible-item fadeIn animated style_list itemclass-617878\"><a href=\"https:\/\/www.genesys.com\/de-de\/cx-in-focus\"><h5>CX in Focus<\/h5><\/a><\/div><div class=\"vc_grid-item vc_clearfix col-lg-2 vc_grid-item-zone-c-bottom vc_visible-item fadeIn animated style_list itemclass-616096\"><a href=\"https:\/\/www.genesys.com\/de-de\/tour\"><h5>Tour<\/h5><\/a><\/div><div class=\"vc_grid-item vc_clearfix col-lg-2 vc_grid-item-zone-c-bottom vc_visible-item fadeIn animated style_list itemclass-604508\"><a href=\"https:\/\/www.genesys.com\/de-de\/digital-customer-experience\"><h5>Digitale Customer Experience<\/h5><\/a><\/div><div class=\"vc_grid-item vc_clearfix col-lg-2 vc_grid-item-zone-c-bottom vc_visible-item fadeIn animated style_list itemclass-602334\"><a href=\"https:\/\/www.genesys.com\/de-de\/genesys-charitable-discount-program\"><h5>Genesys-Rabattprogramm f\u00fcr gemeinn\u00fctzige Organisationen<\/h5><\/a><\/div><div class=\"vc_grid-item vc_clearfix col-lg-2 vc_grid-item-zone-c-bottom vc_visible-item fadeIn animated style_list itemclass-588840\"><a href=\"https:\/\/www.genesys.com\/de-de\/responsible-ai\"><h5>Verantwortungsvolle KI<\/h5><\/a><\/div><div class=\"vc_grid-item vc_clearfix col-lg-2 vc_grid-item-zone-c-bottom vc_visible-item fadeIn animated style_list itemclass-596598\"><a href=\"https:\/\/www.genesys.com\/de-de\/ai-contact-center\"><h5>KI-gest\u00fctzte Contact Center<\/h5><\/a><\/div><div class=\"vc_grid-item vc_clearfix col-lg-2 vc_grid-item-zone-c-bottom vc_visible-item fadeIn animated style_list itemclass-585982\"><a href=\"https:\/\/www.genesys.com\/de-de\/workforce-management-software\"><h5>Workforce Management Software<\/h5><\/a><\/div><div class=\"vc_grid-item vc_clearfix col-lg-2 vc_grid-item-zone-c-bottom vc_visible-item fadeIn animated style_list itemclass-578848\"><a href=\"https:\/\/www.genesys.com\/de-de\/customer-journey-management\"><h5>Customer Journey Management<\/h5><\/a><\/div><div class=\"vc_grid-item vc_clearfix col-lg-2 vc_grid-item-zone-c-bottom vc_visible-item fadeIn animated style_list itemclass-571510\"><a href=\"https:\/\/www.genesys.com\/de-de\/scuderiaferrari\"><h5>Ferrari<\/h5><\/a><\/div><div class=\"vc_grid-item vc_clearfix col-lg-2 vc_grid-item-zone-c-bottom vc_visible-item fadeIn animated style_list itemclass-577602\"><a href=\"https:\/\/www.genesys.com\/de-de\/guide-to-copilots\"><h5>Copilots<\/h5><\/a><\/div><div class=\"vc_grid-item vc_clearfix col-lg-2 vc_grid-item-zone-c-bottom vc_visible-item fadeIn animated style_list itemclass-567117\"><a href=\"https:\/\/www.genesys.com\/de-de\/innovations\"><h5>Innovationen<\/h5><\/a><\/div><div class=\"vc_grid-item vc_clearfix col-lg-2 vc_grid-item-zone-c-bottom vc_visible-item fadeIn animated style_list itemclass-561442\"><a href=\"https:\/\/www.genesys.com\/de-de\/contact-center-software\"><h5>Contact Center-Software<\/h5><\/a><\/div><div class=\"vc_grid-item vc_clearfix col-lg-2 vc_grid-item-zone-c-bottom vc_visible-item fadeIn animated style_list itemclass-576001\"><a href=\"https:\/\/www.genesys.com\/de-de\/lavercup\"><h5>Laver Cup<\/h5><\/a><\/div><div class=\"vc_grid-item vc_clearfix col-lg-2 vc_grid-item-zone-c-bottom vc_visible-item fadeIn animated style_list itemclass-526299\"><a href=\"https:\/\/www.genesys.com\/de-de\/experience-orchestration\"><h5>Experience\u00a0Orchestration<\/h5><\/a><\/div><div class=\"vc_grid-item vc_clearfix col-lg-2 vc_grid-item-zone-c-bottom vc_visible-item fadeIn animated style_list itemclass-108897\"><a href=\"https:\/\/www.genesys.com\/de-de\/wettbewerbsbedingungen-cx-heroes\"><h5>Wettbewerbsbedingungen CX Heroes<\/h5><\/a><\/div><div class=\"vc_grid-item vc_clearfix col-lg-2 vc_grid-item-zone-c-bottom vc_visible-item fadeIn animated style_list itemclass-116995\"><a href=\"https:\/\/www.genesys.com\/de-de\/blog\"><h5>Blog<\/h5><\/a><\/div><div class=\"vc_grid-item vc_clearfix col-lg-2 vc_grid-item-zone-c-bottom vc_visible-item fadeIn animated style_list itemclass-513891\"><a href=\"https:\/\/www.genesys.com\/de-de\/gcap\"><h5>GCAP<\/h5><\/a><\/div><div class=\"vc_grid-item vc_clearfix col-lg-2 vc_grid-item-zone-c-bottom vc_visible-item fadeIn animated style_list itemclass-247094\"><a href=\"https:\/\/www.genesys.com\/de-de\/pricing\"><h5>Preis\u00fcbersicht<\/h5><\/a><\/div><div class=\"vc_grid-item vc_clearfix col-lg-2 vc_grid-item-zone-c-bottom vc_visible-item fadeIn animated style_list itemclass-226749\"><a href=\"https:\/\/www.genesys.com\/de-de\/genesys-cloud\"><h5>Genesys Cloud CX<\/h5><\/a><\/div><div class=\"vc_grid-item vc_clearfix col-lg-2 vc_grid-item-zone-c-bottom vc_visible-item fadeIn animated style_list itemclass-226744\"><a href=\"https:\/\/www.genesys.com\/de-de\/cloud-platform\"><h5>Genesys Cloud-Plattform<\/h5><\/a><\/div><div class=\"vc_grid-item vc_clearfix col-lg-2 vc_grid-item-zone-c-bottom vc_visible-item fadeIn animated style_list itemclass-242431\"><a href=\"https:\/\/www.genesys.com\/de-de\/cx-blueprint\"><h5>CX-Blueprint<\/h5><\/a><\/div><div class=\"vc_grid-item vc_clearfix col-lg-2 vc_grid-item-zone-c-bottom vc_visible-item fadeIn animated style_list itemclass-255166\"><a href=\"https:\/\/www.genesys.com\/de-de\/emergency-response\"><h5>Notfallreaktion<\/h5><\/a><\/div><div class=\"vc_grid-item vc_clearfix col-lg-2 vc_grid-item-zone-c-bottom vc_visible-item fadeIn animated style_list itemclass-236883\"><a href=\"https:\/\/www.genesys.com\/de-de\/call-center-cloud-migration-overview\"><h5>\u00dcberblick \u00fcber die Cloud-Migration f\u00fcr Call Center<\/h5><\/a><\/div><div class=\"vc_grid-item vc_clearfix col-lg-2 vc_grid-item-zone-c-bottom vc_visible-item fadeIn animated style_list itemclass-236879\"><a href=\"https:\/\/www.genesys.com\/de-de\/customer-migrations\"><h5>Kundenmigrationen<\/h5><\/a><\/div><div class=\"vc_grid-item vc_clearfix col-lg-2 vc_grid-item-zone-c-bottom vc_visible-item fadeIn animated style_list itemclass-236881\"><a href=\"https:\/\/www.genesys.com\/de-de\/call-center-cloud-migration\"><h5>Cloud-Migration f\u00fcr Call Center<\/h5><\/a><\/div><div class=\"vc_grid-item vc_clearfix col-lg-2 vc_grid-item-zone-c-bottom vc_visible-item fadeIn animated style_list itemclass-497155\"><a href=\"https:\/\/www.genesys.com\/de-de\/experience-index\"><h5>Der Experience Index von Genesys<\/h5><\/a><\/div><div class=\"vc_grid-item vc_clearfix col-lg-2 vc_grid-item-zone-c-bottom vc_visible-item fadeIn animated style_list itemclass-319247\"><a href=\"https:\/\/www.genesys.com\/de-de\/zoom\"><h5>Zoom-Partnerschaft<\/h5><\/a><\/div><div class=\"vc_grid-item vc_clearfix col-lg-2 vc_grid-item-zone-c-bottom vc_visible-item fadeIn animated style_list itemclass-320826\"><a href=\"https:\/\/www.genesys.com\/de-de\/products\"><h5>Produkte<\/h5><\/a><\/div><div class=\"vc_grid-item vc_clearfix col-lg-2 vc_grid-item-zone-c-bottom vc_visible-item fadeIn animated style_list itemclass-619627\"><a href=\"https:\/\/www.genesys.com\/de-de\/majesticks\"><h5>Majesticks<\/h5><\/a><\/div><div class=\"vc_grid-item vc_clearfix col-lg-2 vc_grid-item-zone-c-bottom vc_visible-item fadeIn animated style_list itemclass-343284\"><a href=\"https:\/\/www.genesys.com\/de-de\/haeufig-gestellte-fragen-zur-preisgestaltung\"><h5>H\u00e4ufig gestellte Fragen zur Preisgestaltung<\/h5><\/a><\/div><div class=\"vc_grid-item vc_clearfix col-lg-2 vc_grid-item-zone-c-bottom vc_visible-item fadeIn animated style_list itemclass-371622\"><a href=\"https:\/\/www.genesys.com\/de-de\/fedramp\"><h5>Maximus Genesys Engagement Platform<\/h5><\/a><\/div><div class=\"vc_grid-item vc_clearfix col-lg-2 vc_grid-item-zone-c-bottom vc_visible-item fadeIn animated style_list itemclass-405938\"><a href=\"https:\/\/www.genesys.com\/de-de\/genesys-dx\"><h5>Genesys DX<\/h5><\/a><\/div><div class=\"vc_grid-item vc_clearfix col-lg-2 vc_grid-item-zone-c-bottom vc_visible-item fadeIn animated style_list itemclass-409774\"><a href=\"https:\/\/www.genesys.com\/de-de\/global-availability\"><h5>Globale Verf\u00fcgbarkeit<\/h5><\/a><\/div><div class=\"vc_grid-item vc_clearfix col-lg-2 vc_grid-item-zone-c-bottom vc_visible-item fadeIn animated style_list itemclass-480072\"><a href=\"https:\/\/www.genesys.com\/de-de\/genesys-cloud-ex\"><h5>Genesys Cloud EX<\/h5><\/a><\/div><div class=\"vc_grid-item vc_clearfix col-lg-2 vc_grid-item-zone-c-bottom vc_visible-item fadeIn animated style_list itemclass-416994\"><a href=\"https:\/\/www.genesys.com\/de-de\/genesys-choice\"><h5>Genesys Choice<\/h5><\/a><\/div><div class=\"vc_grid-item vc_clearfix col-lg-2 vc_grid-item-zone-c-bottom vc_visible-item fadeIn animated style_list itemclass-438889\"><a href=\"https:\/\/www.genesys.com\/de-de\/pointillist\"><h5>Pointillist<\/h5><\/a><\/div><div class=\"vc_grid-item vc_clearfix col-lg-2 vc_grid-item-zone-c-bottom vc_visible-item fadeIn animated style_list itemclass-449847\"><a href=\"https:\/\/www.genesys.com\/de-de\/latitude-collections\"><h5>Latitude&nbsp;\u2013 Inkasso<\/h5><\/a><\/div><div class=\"vc_grid-item vc_clearfix col-lg-2 vc_grid-item-zone-c-bottom vc_visible-item fadeIn animated style_list itemclass-620121\"><a href=\"https:\/\/www.genesys.com\/de-de\/customer-awards\"><h5>Awards f\u00fcr Genesys-Kunden<\/h5><\/a><\/div><div class=\"vc_grid-item vc_clearfix col-lg-2 vc_grid-item-zone-c-bottom vc_visible-item fadeIn animated style_list itemclass-87405\"><a href=\"https:\/\/www.genesys.com\/de-de\/subscribe\"><h5>Abonnementplan<\/h5><\/a><\/div><div class=\"vc_grid-item vc_clearfix col-lg-2 vc_grid-item-zone-c-bottom vc_visible-item fadeIn animated style_list itemclass-87251\"><a href=\"https:\/\/www.genesys.com\/de-de\"><h5>Startseite<\/h5><\/a><\/div><div class=\"vc_grid-item vc_clearfix col-lg-2 vc_grid-item-zone-c-bottom vc_visible-item fadeIn animated style_list itemclass-412892\"><a href=\"https:\/\/www.genesys.com\/de-de\/loesungen\"><h5>L\u00f6sungen<\/h5><\/a><\/div><div class=\"vc_grid-item vc_clearfix col-lg-2 vc_grid-item-zone-c-bottom vc_visible-item fadeIn animated style_list itemclass-98317\"><a href=\"https:\/\/www.genesys.com\/de-de\/googlecloud\"><h5>Contact\u00a0Center\u00a0AI von Google\u00a0Cloud<\/h5><p>Erstklassige Customer\u00a0Experiences durch die Partnerschaft von Genesys und Google. <\/p><\/a><\/div><div class=\"vc_grid-item vc_clearfix col-lg-2 vc_grid-item-zone-c-bottom vc_visible-item fadeIn animated style_list itemclass-87403\"><a href=\"https:\/\/www.genesys.com\/de-de\/customer-success\"><h5>Customer Success<\/h5><\/a><\/div><div class=\"vc_grid-item vc_clearfix col-lg-2 vc_grid-item-zone-c-bottom vc_visible-item fadeIn animated style_list itemclass-87283\"><a href=\"https:\/\/www.genesys.com\/de-de\/solutions\"><h5>L\u00f6sungen<\/h5><\/a><\/div><div class=\"vc_grid-item vc_clearfix col-lg-2 vc_grid-item-zone-c-bottom vc_visible-item fadeIn animated style_list itemclass-87299\"><a href=\"https:\/\/www.genesys.com\/de-de\/platform\"><h5>Plattform<\/h5><p>Beeindruckende Service-Erfahrungen mit der Genesys Customer Experience Plattform<\/p><\/a><\/div><div class=\"vc_grid-item vc_clearfix col-lg-2 vc_grid-item-zone-c-bottom vc_visible-item fadeIn animated style_list itemclass-87256\"><a href=\"https:\/\/www.genesys.com\/de-de\/contact-us\"><h5>Kontakt zu Genesys<\/h5><\/a><\/div><div class=\"vc_grid-item vc_clearfix col-lg-2 vc_grid-item-zone-c-bottom vc_visible-item fadeIn animated style_list itemclass-87253\"><a href=\"https:\/\/www.genesys.com\/de-de\/request-a-demo\"><h5>Demo anfordern<\/h5><\/a><\/div><div class=\"vc_grid-item vc_clearfix col-lg-2 vc_grid-item-zone-c-bottom vc_visible-item fadeIn animated style_list itemclass-89994\"><a href=\"https:\/\/www.genesys.com\/de-de\/resources\"><h5>Resources<\/h5><\/a><\/div><div class=\"vc_grid-item vc_clearfix col-lg-2 vc_grid-item-zone-c-bottom vc_visible-item fadeIn animated style_list itemclass-87345\"><a href=\"https:\/\/www.genesys.com\/de-de\/events\"><h5>Webinars and events<\/h5><\/a><\/div><div class=\"vc_grid-item vc_clearfix col-lg-2 vc_grid-item-zone-c-bottom vc_visible-item fadeIn animated style_list itemclass-87375\"><a href=\"https:\/\/www.genesys.com\/de-de\/webinars\"><h5>Webinare<\/h5><\/a><\/div><div class=\"vc_grid-item vc_clearfix col-lg-2 vc_grid-item-zone-c-bottom vc_visible-item fadeIn animated style_list itemclass-411793\"><a href=\"https:\/\/www.genesys.com\/de-de\/company\"><h5>Firma<\/h5><\/a><\/div><div class=\"vc_grid-item vc_clearfix col-lg-2 vc_grid-item-zone-c-bottom vc_visible-item fadeIn animated style_list itemclass-87394\"><a href=\"https:\/\/www.genesys.com\/de-de\/customer-stories\"><h5>Kundenberichte<\/h5><\/a><\/div><div class=\"vc_grid-item vc_clearfix col-lg-2 vc_grid-item-zone-c-bottom vc_visible-item fadeIn animated style_list itemclass-87521\"><a href=\"https:\/\/www.genesys.com\/de-de\/definitions\"><h5>Definitionen<\/h5><\/a><\/div><div class=\"vc_grid-item vc_clearfix col-lg-2 vc_grid-item-zone-c-bottom vc_visible-item fadeIn animated style_list itemclass-87343\"><a href=\"https:\/\/www.genesys.com\/de-de\/login\"><h5>Genesys-Anmeldung<\/h5><\/a><\/div><div class=\"vc_grid-item vc_clearfix col-lg-2 vc_grid-item-zone-c-bottom vc_visible-item fadeIn animated style_list itemclass-87259\"><a href=\"https:\/\/www.genesys.com\/de-de\/select-region\"><h5>Region ausw\u00e4hlen<\/h5><\/a><\/div><div class=\"vc_grid-item vc_clearfix col-lg-2 vc_grid-item-zone-c-bottom vc_visible-item fadeIn animated style_list itemclass-87384\"><a href=\"https:\/\/www.genesys.com\/de-de\/partners\"><h5>Partnerseite<\/h5><p>Genesys-Partner erhalten Zugang zu Technologien und Chancen zur Steigerung des Marktanteils. Kunden k\u00f6nnen durch die Zusammenarbeit mit einem Netzwerk von Genesys-Partnern ihr Wachstum vorantreiben.<\/p><\/a><\/div><div class=\"vc_grid-item vc_clearfix col-lg-2 vc_grid-item-zone-c-bottom vc_visible-item fadeIn animated style_list itemclass-87415\"><a href=\"https:\/\/www.genesys.com\/de-de\/capabilities\"><h5>Funktionen<\/h5><\/a><\/div><\/div><\/div><\/div><\/div>[\/vc_column][\/vc_row][\/vc_section]<\/p>\n<\/div>","protected":false},"excerpt":{"rendered":"<p>[vc_section full_width=&#8220;stretch_row&#8220; el_class=&#8220;section_header&#8220; css=&#8220;.vc_custom_1530113572660{background-image: url(https:\/\/www.genesys.com\/media\/0618-Customer-Experience-Achieve-Better-Results.jpg?id=16689) !important;}&#8220;][vc_row equal_height=&#8220;yes&#8220; content_placement=&#8220;middle&#8220;][vc_column width=&#8220;3\/5&#8243;][vc_column_text] Verbessern Sie die Leistung Ihrer Contact-Center-Agenten [\/vc_column_text][\/vc_column][vc_column width=&#8220;2\/5&#8243;][\/vc_column][\/vc_row][\/vc_section][vc_section full_width=&#8220;stretch_row&#8220; el_class=&#8220;cta-bar&#8220; css=&#8220;.vc_custom_1522458207688{padding-top: 0px !important;padding-bottom: 0px !important;}&#8220;][vc_row full_width=&#8220;stretch_row&#8220; css=&#8220;.vc_custom_1522458201976{padding-top: 0px !important;padding-bottom: 0px !important;}&#8220;][vc_column][\/vc_column][\/vc_row][\/vc_section][vc_section full_width=&#8220;stretch_row&#8220;][vc_row][vc_column][vc_column_text] Bauen Sie ein effektiveres Contact-Center-Team auf Die Steigerung der Agentenleistung ist entscheidend, um Ihr Contact Center effizienter zu betreiben und t\u00e4gliche, monatliche und viertelj\u00e4hrliche [&hellip;]<\/p>\n","protected":false},"author":1,"featured_media":10446,"parent":87305,"menu_order":1,"comment_status":"closed","ping_status":"closed","template":"","meta":{"_acf_changed":false,"footnotes":""},"class_list":["post-87277","page","type-page","status-publish","has-post-thumbnail","hentry"],"acf":[],"_links":{"self":[{"href":"https:\/\/www.genesys.com\/de-de\/wp-json\/wp\/v2\/pages\/87277","targetHints":{"allow":["GET"]}}],"collection":[{"href":"https:\/\/www.genesys.com\/de-de\/wp-json\/wp\/v2\/pages"}],"about":[{"href":"https:\/\/www.genesys.com\/de-de\/wp-json\/wp\/v2\/types\/page"}],"author":[{"embeddable":true,"href":"https:\/\/www.genesys.com\/de-de\/wp-json\/wp\/v2\/users\/1"}],"replies":[{"embeddable":true,"href":"https:\/\/www.genesys.com\/de-de\/wp-json\/wp\/v2\/comments?post=87277"}],"version-history":[{"count":5,"href":"https:\/\/www.genesys.com\/de-de\/wp-json\/wp\/v2\/pages\/87277\/revisions"}],"predecessor-version":[{"id":162802,"href":"https:\/\/www.genesys.com\/de-de\/wp-json\/wp\/v2\/pages\/87277\/revisions\/162802"}],"up":[{"embeddable":true,"href":"https:\/\/www.genesys.com\/de-de\/wp-json\/wp\/v2\/pages\/87305"}],"wp:featuredmedia":[{"embeddable":true,"href":"https:\/\/www.genesys.com\/de-de\/wp-json\/wp\/v2\/media\/10446"}],"wp:attachment":[{"href":"https:\/\/www.genesys.com\/de-de\/wp-json\/wp\/v2\/media?parent=87277"}],"curies":[{"name":"wp","href":"https:\/\/api.w.org\/{rel}","templated":true}]}}