{"id":87275,"date":"2018-08-20T13:18:38","date_gmt":"2018-08-20T20:18:38","guid":{"rendered":"https:\/\/www.genesys.com\/?page_id=87275"},"modified":"2018-09-07T21:14:11","modified_gmt":"2018-09-08T04:14:11","slug":"innovations-altocloud","status":"publish","type":"page","link":"https:\/\/www.genesys.com\/de-de\/innovations\/innovations-altocloud","title":{"rendered":"Altocloud"},"content":{"rendered":"<div class=\"wpb-content-wrapper\"><p>[vc_section full_width=&#8220;stretch_row&#8220; el_class=&#8220;section_header&#8220; css=&#8220;.vc_custom_1530124845360{background-image: url(https:\/\/www.genesys.com\/media\/0618-Customer-Experience-Innovations.jpg?id=16690) !important;}&#8220;][vc_row equal_height=&#8220;yes&#8220; content_placement=&#8220;middle&#8220;][vc_column width=&#8220;1\/2&#8243;][vc_column_text]<\/p>\n<h1>Gestalten Sie die Customer Journey mit Predictive Analytics in Echtzeit<\/h1>\n<p>[\/vc_column_text][\/vc_column][vc_column width=&#8220;1\/2&#8243;][\/vc_column][\/vc_row][\/vc_section][vc_section full_width=&#8220;stretch_row&#8220; el_class=&#8220;cta-bar&#8220; css=&#8220;.vc_custom_1522458207688{padding-top: 0px !important;padding-bottom: 0px !important;}&#8220;][vc_row full_width=&#8220;stretch_row&#8220; css=&#8220;.vc_custom_1522458201976{padding-top: 0px !important;padding-bottom: 0px !important;}&#8220;][vc_column][\/vc_column][\/vc_row][\/vc_section][vc_section full_width=&#8220;stretch_row&#8220;][vc_row][vc_column][vc_column_text]<\/p>\n<h2 style=\"text-align: center;\">Verkn\u00fcpfen Sie s\u00e4mtliche Informationen \u00fcber Ihre Kunden miteinander<\/h2>\n<p style=\"text-align: center;\">Verbessern Sie Ihre Kundenbeziehungen durch Predictive Analytics, und erfahren Sie, wie Sie automatisch intelligenter mit Kunden interagieren k\u00f6nnen. Genesys Altcloud kombiniert k\u00fcnstliche Intelligenz mit Daten aus unterschiedlichen Quellen, um die Wahrscheinlichkeit vorherzusagen, ob ein Kunde einen Meilenstein in seiner Customer Journey erreichen wird. Ganz gleich, ob es sich bei diesem Meilenstein um eine Produktbestellung, das Einholen eines Versicherungsangebots oder um eine Flugbuchung auf einer Webseite handelt\u00a0\u2013 durch die Echtzeit-Visualisierung k\u00f6nnen Sie die einzelnen Schritte im Kontext sehen. Identifizieren Sie die Problembereiche Ihrer Kunden schnell, um eine positive Nutzererfahrung sicherzustellen und den\u00a0Customer-Lifetime-Value zu steigern.<\/p>\n<p>[\/vc_column_text][\/vc_column][\/vc_row][\/vc_section][vc_section full_width=&#8220;stretch_row&#8220; disable_element=&#8220;yes&#8220; el_class=&#8220;section_light-gray&#8220;][vc_row][vc_column]<div class=\"db_cta_dynamic align-center style-dark\" data-offset=\"0\" data-section-bg=\"https:\/\/www.genesys.com\/media\/Website-CTA-Backgrounds-Plum-Right.png\" data-limit=\"1\" data-result=\"%5B%5D\"><h3>Analysieren und gestalten Sie die Customer Journey<\/h3><div class=\"genesys-button medium align-center genesys-white \"><a href=\"\/resources\/analyzing-and-shaping-customer-journeys\" target=\"\" rel=\"\">Read the paper<\/a><\/div><\/div>[\/vc_column][\/vc_row][\/vc_section][vc_section full_width=&#8220;stretch_row&#8220;][vc_row equal_height=&#8220;yes&#8220; content_placement=&#8220;middle&#8220;][vc_column][vc_column_text]<\/p>\n<h3 style=\"text-align: center;\">Sammeln Sie die richtigen Daten und st\u00e4rken Sie Ihre Kundenbeziehungen<\/h3>\n<p>[\/vc_column_text][\/vc_column][\/vc_row][vc_row gap=&#8220;15&#8243;][vc_column width=&#8220;1\/3&#8243; offset=&#8220;vc_hidden-xs&#8220;][vc_single_image image=&#8220;10728&#8243; img_size=&#8220;full&#8220; add_caption=&#8220;yes&#8220; alignment=&#8220;center&#8220;][\/vc_column][vc_column width=&#8220;1\/3&#8243;][vc_column_text]<\/p>\n<h4>Mit detailliertem Kundenkontext k\u00f6nnen Sie viel erreichen<\/h4>\n<p>Kleinigkeiten k\u00f6nnen ausschlaggebend sein, um einen Kunden zu einem Kauf zu bewegen. Sammeln Sie wertvolle Daten Ihrer Kunden, wie z.\u00a0B. den Browserverlauf, Ereignisse, die zu einem Anruf gef\u00fchrt haben, oder L\u00f6sungen f\u00fcr \u00e4hnliche Kundenprobleme. Altocloud analysiert diesen umfassenden Kontext in Echtzeit, um die Kundenbindung zu erh\u00f6hen.[\/vc_column_text][\/vc_column][vc_column width=&#8220;1\/3&#8243;][vc_column_text]<\/p>\n<h4>Personalisierte Customer Journey durch Analyse<\/h4>\n<p>Nutzen Sie Analysen, um Ihre Kunden besser zu verstehen und ihre Erlebnisse individuell zu gestalten. Als Marketingexperte k\u00f6nnen Sie Segmentierung und Clustering verwenden, um Kunden und Verhaltensmuster zu verstehen. F\u00fcr die Vorhersage neuer potenzieller Kunden werden die gesammelten Daten mithilfe von Machine Learning fr\u00fcherer Kunden erhoben und ausgewertet. Dar\u00fcber hinaus k\u00f6nnen Sie festlegen, wie viele Segmente erstellt werden und welche Kundenmerkmale sie aufweisen sollen.[\/vc_column_text][\/vc_column][\/vc_row][\/vc_section][vc_section full_width=&#8220;stretch_row&#8220; css=&#8220;.vc_custom_1526431368706{background-color: #f3f3f3 !important;}&#8220;][vc_row equal_height=&#8220;yes&#8220; content_placement=&#8220;middle&#8220;][vc_column][vc_column_text]<\/p>\n<h3 style=\"text-align: center;\">Nutzen Sie Predictive Analytics f\u00fcr die Customer Journey<\/h3>\n<p>[\/vc_column_text][\/vc_column][\/vc_row][vc_row gap=&#8220;30&#8243;][vc_column width=&#8220;1\/3&#8243;][vc_column_text]<\/p>\n<h4>Wissen, was Ihr Kunde denkt<\/h4>\n<p>Mithilfe von Predictive Analytics k\u00f6nnen Sie das Benutzerverhalten, sich \u00e4ndernde Interessen oder die Wahrscheinlichkeit von Abschl\u00fcssen vorhersagen. Bieten Sie Website-Besuchern im richtigen Moment einen Support mithilfe von Vorhersagen an. Verbessern Sie das Gesamterlebnis, indem Sie Interessenten und Kunden zum richtigen Zeitpunkt \u00fcber den bestm\u00f6glichen Kanal ansprechen\u00a0\u2013 automatisiert oder durch Mitarbeiter\u00a0\u2013 bevor Ihre Kunden Sie kontaktieren.[\/vc_column_text][\/vc_column][vc_column width=&#8220;1\/3&#8243;][vc_column_text]<\/p>\n<h4>Verbessern Sie Ihre Analysen mithilfe von Feedback<\/h4>\n<p>Das Verhalten von Kunden und ihre Anforderungen \u00e4ndern sich schnell. Was heute noch als Standard gilt, ist morgen schon Schnee von gestern. Genesys Altocloud verwendet sowohl implizites als auch explizites Feedback, um das Predictive Analytics auf eine dynamische Customer Journey anzuwenden. Stellen Sie f\u00fcr Ihre wichtigsten Kunden benutzerfreundliche Antworten zur Verf\u00fcgung, mithilfe von Automatisierung und optimaler Ressourcenauslastung. So verbessern Sie die Kundenzufriedenheit und die Gesch\u00e4ftsergebnisse.[\/vc_column_text][\/vc_column][vc_column width=&#8220;1\/3&#8243; offset=&#8220;vc_hidden-xs&#8220;][vc_single_image image=&#8220;10729&#8243; img_size=&#8220;full&#8220; add_caption=&#8220;yes&#8220; alignment=&#8220;center&#8220;][\/vc_column][\/vc_row][\/vc_section][vc_section full_width=&#8220;stretch_row&#8220; css=&#8220;.vc_custom_1530124935332{background-image: url(https:\/\/www.genesys.com\/media\/Website-CTA-Backgrounds-Gradient-Bar.png?id=16908) !important;}&#8220; el_class=&#8220;section_white&#8220;][vc_row][vc_column][vc_column_text]<\/p>\n<h3 class=\"quoteblock\" style=\"text-align: center;\">In den ersten vier Monaten nach der Implementierung von Genesys Altocloud hat Polycom Kosteneinsparungen von bis zu 72\u00a0% pro Chat und 62\u00a0% pro Lead erzielen k\u00f6nnen.<\/h3>\n<p>[\/vc_column_text][\/vc_column][\/vc_row][\/vc_section][vc_section][vc_row][vc_column][vc_column_text]<\/p>\n<h3 style=\"text-align: center;\">Erfahren Sie mehr \u00fcber die innovativen L\u00f6sungen von Genesys\u00a0&#8230;<\/h3>\n<p>[\/vc_column_text]<div class=\"vc_grid-container-wrapper vc_clearfix grid_type-page-relative wrapper_style_list\"><div class=\"vc_grid-container vc_clearfix wpb_content_element vc_basic_grid\"><div class=\"vc_grid vc_row vc_grid-gutter-35px vc_pageable-wrapper vc_hook_hover gen_text-center\" data-vc-pageable-content=\"true\"><div class=\"vc_pageable-slide-wrapper vc_clearfix siblinglist w-100 d-flex flex-wrap justify-content-center\" data-vc-grid-content=\"true\"><div class=\"vc_grid-item vc_clearfix col-lg-3 vc_grid-item-zone-c-bottom vc_visible-item fadeIn animated style_list itemclass-87289\"><a href=\"https:\/\/www.genesys.com\/de-de\/innovations\/automation\"><h5>Automatisierung<\/h5><\/a><\/div><\/div><\/div><\/div><\/div>[\/vc_column][\/vc_row][\/vc_section]<\/p>\n<\/div>","protected":false},"excerpt":{"rendered":"<p>[vc_section full_width=&#8220;stretch_row&#8220; el_class=&#8220;section_header&#8220; css=&#8220;.vc_custom_1530124845360{background-image: url(https:\/\/www.genesys.com\/media\/0618-Customer-Experience-Innovations.jpg?id=16690) !important;}&#8220;][vc_row equal_height=&#8220;yes&#8220; content_placement=&#8220;middle&#8220;][vc_column width=&#8220;1\/2&#8243;][vc_column_text] Gestalten Sie die Customer Journey mit Predictive Analytics in Echtzeit [\/vc_column_text][\/vc_column][vc_column width=&#8220;1\/2&#8243;][\/vc_column][\/vc_row][\/vc_section][vc_section full_width=&#8220;stretch_row&#8220; el_class=&#8220;cta-bar&#8220; css=&#8220;.vc_custom_1522458207688{padding-top: 0px !important;padding-bottom: 0px !important;}&#8220;][vc_row full_width=&#8220;stretch_row&#8220; css=&#8220;.vc_custom_1522458201976{padding-top: 0px !important;padding-bottom: 0px !important;}&#8220;][vc_column][\/vc_column][\/vc_row][\/vc_section][vc_section full_width=&#8220;stretch_row&#8220;][vc_row][vc_column][vc_column_text] Verkn\u00fcpfen Sie s\u00e4mtliche Informationen \u00fcber Ihre Kunden miteinander Verbessern Sie Ihre Kundenbeziehungen durch Predictive Analytics, und erfahren Sie, wie Sie [&hellip;]<\/p>\n","protected":false},"author":15,"featured_media":81928,"parent":87311,"menu_order":4,"comment_status":"closed","ping_status":"closed","template":"","meta":{"_acf_changed":false,"footnotes":""},"class_list":["post-87275","page","type-page","status-publish","has-post-thumbnail","hentry"],"acf":[],"_links":{"self":[{"href":"https:\/\/www.genesys.com\/de-de\/wp-json\/wp\/v2\/pages\/87275","targetHints":{"allow":["GET"]}}],"collection":[{"href":"https:\/\/www.genesys.com\/de-de\/wp-json\/wp\/v2\/pages"}],"about":[{"href":"https:\/\/www.genesys.com\/de-de\/wp-json\/wp\/v2\/types\/page"}],"author":[{"embeddable":true,"href":"https:\/\/www.genesys.com\/de-de\/wp-json\/wp\/v2\/users\/15"}],"replies":[{"embeddable":true,"href":"https:\/\/www.genesys.com\/de-de\/wp-json\/wp\/v2\/comments?post=87275"}],"version-history":[{"count":3,"href":"https:\/\/www.genesys.com\/de-de\/wp-json\/wp\/v2\/pages\/87275\/revisions"}],"predecessor-version":[{"id":89659,"href":"https:\/\/www.genesys.com\/de-de\/wp-json\/wp\/v2\/pages\/87275\/revisions\/89659"}],"up":[{"embeddable":true,"href":"https:\/\/www.genesys.com\/de-de\/wp-json\/wp\/v2\/pages\/87311"}],"wp:featuredmedia":[{"embeddable":true,"href":"https:\/\/www.genesys.com\/de-de\/wp-json\/wp\/v2\/media\/81928"}],"wp:attachment":[{"href":"https:\/\/www.genesys.com\/de-de\/wp-json\/wp\/v2\/media?parent=87275"}],"curies":[{"name":"wp","href":"https:\/\/api.w.org\/{rel}","templated":true}]}}