{"id":87273,"date":"2018-08-20T13:15:51","date_gmt":"2018-08-20T20:15:51","guid":{"rendered":"https:\/\/www.genesys.com\/?page_id=87273"},"modified":"2019-08-08T10:10:48","modified_gmt":"2019-08-08T17:10:48","slug":"moving-to-the-cloud","status":"publish","type":"page","link":"https:\/\/www.genesys.com\/de-de\/better-results\/moving-to-the-cloud","title":{"rendered":"Umstellung auf die Cloud"},"content":{"rendered":"<div class=\"wpb-content-wrapper\"><p>[vc_section full_width=&#8220;stretch_row&#8220; el_class=&#8220;section_header&#8220; css=&#8220;.vc_custom_1530114387844{background-image: url(https:\/\/www.genesys.com\/media\/0618-Customer-Experience-Achieve-Better-Results.jpg?id=16689) !important;}&#8220;][vc_row equal_height=&#8220;yes&#8220; content_placement=&#8220;middle&#8220;][vc_column width=&#8220;3\/5&#8243;][vc_column_text]<\/p>\n<h1>Umstellung auf ein Cloud Contact Center f\u00fcr mehr Agilit\u00e4t und Flexibilit\u00e4t<\/h1>\n<p>[\/vc_column_text][\/vc_column][vc_column width=&#8220;2\/5&#8243;][\/vc_column][\/vc_row][\/vc_section][vc_section full_width=&#8220;stretch_row&#8220; el_class=&#8220;cta-bar&#8220; css=&#8220;.vc_custom_1522458207688{padding-top: 0px !important;padding-bottom: 0px !important;}&#8220;][vc_row full_width=&#8220;stretch_row&#8220; css=&#8220;.vc_custom_1522458201976{padding-top: 0px !important;padding-bottom: 0px !important;}&#8220;][vc_column][\/vc_column][\/vc_row][\/vc_section][vc_section full_width=&#8220;stretch_row&#8220;][vc_row equal_height=&#8220;yes&#8220; el_class=&#8220;mobile-reverse&#8220;][vc_column width=&#8220;1\/2&#8243;][vc_column_text]<\/p>\n<h2>Optimieren Sie Customer Experiences mithilfe der Cloud<\/h2>\n<p>Das Verschieben Ihres Contact Centers in die Cloud hat mehrere Vorteile: hohe Verf\u00fcgbarkeit, Skalierbarkeit und Abdeckung rund um den Globus. Die Cloud tr\u00e4gt au\u00dferdem zu Kosteneinsparungen, Produktivit\u00e4tssteigerungen und Agilit\u00e4t im Unternehmen bei, w\u00e4hrend es sich weiterentwickelt. Die richtige cloudbasierte Plattform bietet die Flexibilit\u00e4t und Sicherheit, die Ihr Unternehmen ben\u00f6tigt. So k\u00f6nnen Sie neue Technologien problemlos integrieren, um die bestm\u00f6gliche Service-Erfahrung zu gew\u00e4hrleisten und der Konkurrenz stets einen Schritt voraus zu sein.<br \/>\n[\/vc_column_text][\/vc_column][vc_column width=&#8220;1\/2&#8243;][vc_video link=&#8220;https:\/\/youtu.be\/kMXj1d2wUGw&#8220; css=&#8220;.vc_custom_1526703958572{margin-bottom: 2em !important;}&#8220;][\/vc_column][\/vc_row][\/vc_section][vc_section full_width=&#8220;stretch_row&#8220; el_class=&#8220;section_light-gray&#8220;][vc_row][vc_column][vc_column_text]<\/p>\n<h3 style=\"text-align: center;\">Weitere Informationen zu \u2026<\/h3>\n<p>[\/vc_column_text]<div class=\"vc_grid-container-wrapper vc_clearfix grid_type-page-features wrapper_style_colored-boxes\"><div class=\"vc_grid-container vc_clearfix wpb_content_element vc_basic_grid\"><div class=\"vc_grid vc_row vc_grid-gutter-35px vc_pageable-wrapper vc_hook_hover gen_text-center\" data-vc-pageable-content=\"true\"><div class=\"vc_pageable-slide-wrapper vc_clearfix\" data-vc-grid-content=\"true\"><div data-type=\"capability\" ><\/div><div class=\"vc_grid-item vc_clearfix style_colored-boxes vc_col-sm-3 vc_grid-item-zone-c-bottom vc_visible-item fadeIn animated\"><a href=\"https:\/\/www.genesys.com\/de-de\/capabilities\/automated-routing\"><div class=\"overlay\"><h4>Vorausschauendes Routing<\/h4><\/div><div class=\"content\"><h4>Vorausschauendes Routing<\/h4><p>Nutzen Sie KI, um Kunden in Echtzeit mit den Mitarbeitern zu verbinden, die am wahrscheinlichsten den besten Service und die besten KPIs bieten.<\/p><div class=\"genesys-button medium  genesys-orange\"><span>Mehr erfahren <\/span><\/div><\/div><\/a><\/div><div class=\"vc_grid-item vc_clearfix style_colored-boxes vc_col-sm-3 vc_grid-item-zone-c-bottom vc_visible-item fadeIn animated\"><a href=\"https:\/\/www.genesys.com\/de-de\/capabilities\/voice-services\"><div class=\"overlay\"><h4>Sprachdienste<\/h4><\/div><div class=\"content\"><h4>Sprachdienste<\/h4><p>Unterst\u00fctzen Sie Kunden, die den telefonischen Support bevorzugen. Beziehen Sie Sprachdienste, die f\u00fcr Ihr Unternehmen geeignet sind. <\/p><div class=\"genesys-button medium  genesys-orange\"><span>Mehr erfahren <\/span><\/div><\/div><\/a><\/div><div class=\"vc_grid-item vc_clearfix style_colored-boxes vc_col-sm-3 vc_grid-item-zone-c-bottom vc_visible-item fadeIn animated\"><a href=\"https:\/\/www.genesys.com\/de-de\/capabilities\/collaboration-tools\"><div class=\"overlay\"><h4>Unified Communications und Zusammenarbeit<\/h4><\/div><div class=\"content\"><h4>Unified Communications und Zusammenarbeit<\/h4><p>Erm\u00f6glichen Sie m\u00fchelose Zusammenarbeit und einfache Kommunikation\u00a0\u2013 alles \u00fcber eine einzige Plattform oder eine Drittanbieterl\u00f6sung.<\/p><div class=\"genesys-button medium  genesys-orange\"><span>Mehr erfahren <\/span><\/div><\/div><\/a><\/div><div class=\"vc_grid-item vc_clearfix style_colored-boxes vc_col-sm-3 vc_grid-item-zone-c-bottom vc_visible-item fadeIn animated\"><a href=\"https:\/\/www.genesys.com\/de-de\/capabilities\/platform\"><div class=\"overlay\"><h4>Plattform<\/h4><\/div><div class=\"content\"><h4>Plattform<\/h4><p>Stellen Sie mit einer modernen Kundenbindungsplattform einheitliche Kundenerfahrungen sicher<\/p><div class=\"genesys-button medium  genesys-orange\"><span>Mehr erfahren <\/span><\/div><\/div><\/a><\/div><\/div><\/div><\/div><\/div>[\/vc_column][\/vc_row][\/vc_section][vc_section full_width=&#8220;stretch_row&#8220;][vc_row equal_height=&#8220;yes&#8220; content_placement=&#8220;middle&#8220; el_class=&#8220;mobile-reverse&#8220;][vc_column width=&#8220;2\/3&#8243;][vc_column_text]<\/p>\n<h3>Leistungsstarke Funktionen und einfache Integration in der Cloud<\/h3>\n<p>Erstellen Sie eine zentrale, cloudbasierte Plattform, die sich nahtlos in Ihre bestehenden Unternehmenssysteme integrieren l\u00e4sst, wie CRM-L\u00f6sungen und Gesch\u00e4ftsautomatisierung \u2013 ein wichtiger Aspekt bei Ihren Kriterien. Sie ben\u00f6tigen eine sichere, cloudbasierte L\u00f6sung, die Skalierbarkeit bietet, wenn Ihr Unternehmen auf Markt\u00e4nderungen reagieren muss. Au\u00dferdem muss sichergestellt werden, dass Ihr Contact Center dynamisch ist, wenn Ihre Mitarbeiter \u00fcber s\u00e4mtliche Kan\u00e4le hinweg mit Kunden interagieren. Die richtige cloudbasierte Plattform bietet eine Vielzahl an Optionen f\u00fcr verschiedene Kan\u00e4le und l\u00e4sst sich problemlos in vorhandene oder zuk\u00fcnftige Systeme integrieren.[\/vc_column_text][\/vc_column][vc_column width=&#8220;1\/3&#8243;]<div class=\"gicon-container\" style=\"max-width:80%;margin:0 auto 2em;text-align:center;align-items:center;\"><\/div>[\/vc_column][\/vc_row][\/vc_section][vc_section full_width=&#8220;stretch_row&#8220; el_class=&#8220;section_light-gray&#8220;][vc_row equal_height=&#8220;yes&#8220; content_placement=&#8220;middle&#8220;][vc_column width=&#8220;1\/3&#8243;]<div class=\"gicon-container\" style=\"max-width:80%;margin:0 auto 2em;\"><\/div>[\/vc_column][vc_column width=&#8220;2\/3&#8243;][vc_column_text]<\/p>\n<h3>Hohe Skalierbarkeit, hohe Flexibilit\u00e4t\u00a0<i>und\u00a0<\/i>hoher Mehrwert f\u00fcr Agenten und Kunden<\/h3>\n<p>Mit der richtigen Cloud-Contact-Center-L\u00f6sung k\u00f6nnen Sie all Ihre Abl\u00e4ufe gleichzeitig oder Schritt f\u00fcr Schritt umstellen. Es sollte einfach sein, neue Technologien hinzuzuf\u00fcgen, wenn sich die Anforderungen Ihres Unternehmens und Ihrer Kunden \u00e4ndern. Die L\u00f6sung muss sich schnell und einfach skalieren lassen, um den Anforderungen bei kurzfristigen Spitzenzeiten oder langfristigen \u00c4nderungen gerecht zu werden. Gleichzeitig m\u00fcssen Compliance-Anforderungen hinsichtlich Verf\u00fcgbarkeit, Systemintegrit\u00e4t und Datenschutz sichergestellt werden. Dar\u00fcber hinaus sollten die Kosten f\u00fcr Wartung und Upgrades sinken.[\/vc_column_text][\/vc_column][\/vc_row][\/vc_section][vc_section full_width=&#8220;stretch_row&#8220;][vc_row equal_height=&#8220;yes&#8220; content_placement=&#8220;middle&#8220; el_class=&#8220;mobile-reverse&#8220;][vc_column width=&#8220;2\/3&#8243;][vc_column_text]<\/p>\n<h3>Interagieren Sie rund um die Uhr mit Ihren Kunden<\/h3>\n<p>Die Cloud bietet brillante Technologien, die unseren Alltag im B\u00fcro und Zuhause ver\u00e4ndern. Daher ben\u00f6tigen Sie eine cloudbasierte Plattform, die sicher und zuverl\u00e4ssig ist. Eine Plattform, die auf einer Microservices-Architektur beruht, wird diesen Anforderungen gerecht. Wenn eine Anwendung ausf\u00e4llt, werden alle anderen Systeme weiterhin fehlerfrei ausgef\u00fchrt. Dank des mandantenf\u00e4higen, isolierten Designs einer Microservices-Architektur wird die Sicherheit erh\u00f6ht. Sie k\u00f6nnen Anwendungsinstanzen, die isoliert ausgef\u00fchrt werden, besser steuern.[\/vc_column_text][\/vc_column][vc_column width=&#8220;1\/3&#8243;]<div class=\"gicon-container\" style=\"max-width:80%;margin:0 auto 2em;\"><\/div>[\/vc_column][\/vc_row][\/vc_section][vc_section][vc_row][vc_column][vc_column_text]<\/p>\n<h3 style=\"text-align: center;\">Erfahren Sie mehr \u00fcber das L\u00f6sungsangebot von Genesys f\u00fcr \u2026<\/h3>\n<p>[\/vc_column_text]<div class=\"vc_grid-container-wrapper vc_clearfix grid_type-page-relative wrapper_style_list\"><div class=\"vc_grid-container vc_clearfix wpb_content_element vc_basic_grid\"><div class=\"vc_grid vc_row vc_grid-gutter-35px vc_pageable-wrapper vc_hook_hover gen_text-center\" data-vc-pageable-content=\"true\"><div class=\"vc_pageable-slide-wrapper vc_clearfix siblinglist w-100 d-flex flex-wrap justify-content-center\" data-vc-grid-content=\"true\"><div class=\"vc_grid-item vc_clearfix col-lg-3 vc_grid-item-zone-c-bottom vc_visible-item fadeIn animated style_list itemclass-288712\"><a href=\"https:\/\/www.genesys.com\/de-de\/microsoft\"><h5>Microsoft-Partnerschaft<\/h5><\/a><\/div><div class=\"vc_grid-item vc_clearfix col-lg-3 vc_grid-item-zone-c-bottom vc_visible-item fadeIn animated style_list itemclass-617878\"><a href=\"https:\/\/www.genesys.com\/de-de\/cx-in-focus\"><h5>CX in Focus<\/h5><\/a><\/div><div class=\"vc_grid-item vc_clearfix col-lg-3 vc_grid-item-zone-c-bottom vc_visible-item fadeIn animated style_list itemclass-616096\"><a href=\"https:\/\/www.genesys.com\/de-de\/tour\"><h5>Tour<\/h5><\/a><\/div><div class=\"vc_grid-item vc_clearfix col-lg-3 vc_grid-item-zone-c-bottom vc_visible-item fadeIn animated style_list itemclass-604508\"><a href=\"https:\/\/www.genesys.com\/de-de\/digital-customer-experience\"><h5>Digitale Customer Experience<\/h5><\/a><\/div><div class=\"vc_grid-item vc_clearfix col-lg-3 vc_grid-item-zone-c-bottom vc_visible-item fadeIn animated style_list itemclass-602334\"><a href=\"https:\/\/www.genesys.com\/de-de\/genesys-charitable-discount-program\"><h5>Genesys-Rabattprogramm f\u00fcr gemeinn\u00fctzige Organisationen<\/h5><\/a><\/div><div class=\"vc_grid-item vc_clearfix col-lg-3 vc_grid-item-zone-c-bottom vc_visible-item fadeIn animated style_list itemclass-588840\"><a href=\"https:\/\/www.genesys.com\/de-de\/responsible-ai\"><h5>Verantwortungsvolle KI<\/h5><\/a><\/div><div class=\"vc_grid-item vc_clearfix col-lg-3 vc_grid-item-zone-c-bottom vc_visible-item fadeIn animated style_list itemclass-596598\"><a href=\"https:\/\/www.genesys.com\/de-de\/ai-contact-center\"><h5>KI-gest\u00fctzte Contact Center<\/h5><\/a><\/div><div class=\"vc_grid-item vc_clearfix col-lg-3 vc_grid-item-zone-c-bottom vc_visible-item fadeIn animated style_list itemclass-585982\"><a href=\"https:\/\/www.genesys.com\/de-de\/workforce-management-software\"><h5>Workforce Management Software<\/h5><\/a><\/div><div class=\"vc_grid-item vc_clearfix col-lg-3 vc_grid-item-zone-c-bottom vc_visible-item fadeIn animated style_list itemclass-578848\"><a href=\"https:\/\/www.genesys.com\/de-de\/customer-journey-management\"><h5>Customer Journey Management<\/h5><\/a><\/div><div class=\"vc_grid-item vc_clearfix col-lg-3 vc_grid-item-zone-c-bottom vc_visible-item fadeIn animated style_list itemclass-571510\"><a href=\"https:\/\/www.genesys.com\/de-de\/scuderiaferrari\"><h5>Ferrari<\/h5><\/a><\/div><div class=\"vc_grid-item vc_clearfix col-lg-3 vc_grid-item-zone-c-bottom vc_visible-item fadeIn animated style_list itemclass-577602\"><a href=\"https:\/\/www.genesys.com\/de-de\/guide-to-copilots\"><h5>Copilots<\/h5><\/a><\/div><div class=\"vc_grid-item vc_clearfix col-lg-3 vc_grid-item-zone-c-bottom vc_visible-item fadeIn animated style_list itemclass-567117\"><a href=\"https:\/\/www.genesys.com\/de-de\/innovations\"><h5>Innovationen<\/h5><\/a><\/div><div class=\"vc_grid-item vc_clearfix col-lg-3 vc_grid-item-zone-c-bottom vc_visible-item fadeIn animated style_list itemclass-561442\"><a href=\"https:\/\/www.genesys.com\/de-de\/contact-center-software\"><h5>Contact Center-Software<\/h5><\/a><\/div><div class=\"vc_grid-item vc_clearfix col-lg-3 vc_grid-item-zone-c-bottom vc_visible-item fadeIn animated style_list itemclass-576001\"><a href=\"https:\/\/www.genesys.com\/de-de\/lavercup\"><h5>Laver Cup<\/h5><\/a><\/div><div class=\"vc_grid-item vc_clearfix col-lg-3 vc_grid-item-zone-c-bottom vc_visible-item fadeIn animated style_list itemclass-526299\"><a href=\"https:\/\/www.genesys.com\/de-de\/experience-orchestration\"><h5>Experience\u00a0Orchestration<\/h5><\/a><\/div><div class=\"vc_grid-item vc_clearfix col-lg-3 vc_grid-item-zone-c-bottom vc_visible-item fadeIn animated style_list itemclass-108897\"><a href=\"https:\/\/www.genesys.com\/de-de\/wettbewerbsbedingungen-cx-heroes\"><h5>Wettbewerbsbedingungen CX Heroes<\/h5><\/a><\/div><div class=\"vc_grid-item vc_clearfix col-lg-3 vc_grid-item-zone-c-bottom vc_visible-item fadeIn animated style_list itemclass-116995\"><a href=\"https:\/\/www.genesys.com\/de-de\/blog\"><h5>Blog<\/h5><\/a><\/div><div class=\"vc_grid-item vc_clearfix col-lg-3 vc_grid-item-zone-c-bottom vc_visible-item fadeIn animated style_list itemclass-513891\"><a href=\"https:\/\/www.genesys.com\/de-de\/gcap\"><h5>GCAP<\/h5><\/a><\/div><div class=\"vc_grid-item vc_clearfix col-lg-3 vc_grid-item-zone-c-bottom vc_visible-item fadeIn animated style_list itemclass-247094\"><a href=\"https:\/\/www.genesys.com\/de-de\/pricing\"><h5>Preis\u00fcbersicht<\/h5><\/a><\/div><div class=\"vc_grid-item vc_clearfix col-lg-3 vc_grid-item-zone-c-bottom vc_visible-item fadeIn animated style_list itemclass-226749\"><a href=\"https:\/\/www.genesys.com\/de-de\/genesys-cloud\"><h5>Genesys Cloud CX<\/h5><\/a><\/div><div class=\"vc_grid-item vc_clearfix col-lg-3 vc_grid-item-zone-c-bottom vc_visible-item fadeIn animated style_list itemclass-226744\"><a href=\"https:\/\/www.genesys.com\/de-de\/cloud-platform\"><h5>Genesys Cloud-Plattform<\/h5><\/a><\/div><div class=\"vc_grid-item vc_clearfix col-lg-3 vc_grid-item-zone-c-bottom vc_visible-item fadeIn animated style_list itemclass-242431\"><a href=\"https:\/\/www.genesys.com\/de-de\/cx-blueprint\"><h5>CX-Blueprint<\/h5><\/a><\/div><div class=\"vc_grid-item vc_clearfix col-lg-3 vc_grid-item-zone-c-bottom vc_visible-item fadeIn animated style_list itemclass-255166\"><a href=\"https:\/\/www.genesys.com\/de-de\/emergency-response\"><h5>Notfallreaktion<\/h5><\/a><\/div><div class=\"vc_grid-item vc_clearfix col-lg-3 vc_grid-item-zone-c-bottom vc_visible-item fadeIn animated style_list itemclass-236883\"><a href=\"https:\/\/www.genesys.com\/de-de\/call-center-cloud-migration-overview\"><h5>\u00dcberblick \u00fcber die Cloud-Migration f\u00fcr Call Center<\/h5><\/a><\/div><div class=\"vc_grid-item vc_clearfix col-lg-3 vc_grid-item-zone-c-bottom vc_visible-item fadeIn animated style_list itemclass-236879\"><a href=\"https:\/\/www.genesys.com\/de-de\/customer-migrations\"><h5>Kundenmigrationen<\/h5><\/a><\/div><div class=\"vc_grid-item vc_clearfix col-lg-3 vc_grid-item-zone-c-bottom vc_visible-item fadeIn animated style_list itemclass-236881\"><a href=\"https:\/\/www.genesys.com\/de-de\/call-center-cloud-migration\"><h5>Cloud-Migration f\u00fcr Call Center<\/h5><\/a><\/div><div class=\"vc_grid-item vc_clearfix col-lg-3 vc_grid-item-zone-c-bottom vc_visible-item fadeIn animated style_list itemclass-497155\"><a href=\"https:\/\/www.genesys.com\/de-de\/experience-index\"><h5>Der Experience Index von Genesys<\/h5><\/a><\/div><div class=\"vc_grid-item vc_clearfix col-lg-3 vc_grid-item-zone-c-bottom vc_visible-item fadeIn animated style_list itemclass-319247\"><a href=\"https:\/\/www.genesys.com\/de-de\/zoom\"><h5>Zoom-Partnerschaft<\/h5><\/a><\/div><div class=\"vc_grid-item vc_clearfix col-lg-3 vc_grid-item-zone-c-bottom vc_visible-item fadeIn animated style_list itemclass-320826\"><a href=\"https:\/\/www.genesys.com\/de-de\/products\"><h5>Produkte<\/h5><\/a><\/div><div class=\"vc_grid-item vc_clearfix col-lg-3 vc_grid-item-zone-c-bottom vc_visible-item fadeIn animated style_list itemclass-619627\"><a href=\"https:\/\/www.genesys.com\/de-de\/majesticks\"><h5>Majesticks<\/h5><\/a><\/div><div class=\"vc_grid-item vc_clearfix col-lg-3 vc_grid-item-zone-c-bottom vc_visible-item fadeIn animated style_list itemclass-343284\"><a href=\"https:\/\/www.genesys.com\/de-de\/haeufig-gestellte-fragen-zur-preisgestaltung\"><h5>H\u00e4ufig gestellte Fragen zur Preisgestaltung<\/h5><\/a><\/div><div class=\"vc_grid-item vc_clearfix col-lg-3 vc_grid-item-zone-c-bottom vc_visible-item fadeIn animated style_list itemclass-371622\"><a href=\"https:\/\/www.genesys.com\/de-de\/fedramp\"><h5>Maximus Genesys Engagement Platform<\/h5><\/a><\/div><div class=\"vc_grid-item vc_clearfix col-lg-3 vc_grid-item-zone-c-bottom vc_visible-item fadeIn animated style_list itemclass-405938\"><a href=\"https:\/\/www.genesys.com\/de-de\/genesys-dx\"><h5>Genesys DX<\/h5><\/a><\/div><div class=\"vc_grid-item vc_clearfix col-lg-3 vc_grid-item-zone-c-bottom vc_visible-item fadeIn animated style_list itemclass-409774\"><a href=\"https:\/\/www.genesys.com\/de-de\/global-availability\"><h5>Globale Verf\u00fcgbarkeit<\/h5><\/a><\/div><div class=\"vc_grid-item vc_clearfix col-lg-3 vc_grid-item-zone-c-bottom vc_visible-item fadeIn animated style_list itemclass-480072\"><a href=\"https:\/\/www.genesys.com\/de-de\/genesys-cloud-ex\"><h5>Genesys Cloud EX<\/h5><\/a><\/div><div class=\"vc_grid-item vc_clearfix col-lg-3 vc_grid-item-zone-c-bottom vc_visible-item fadeIn animated style_list itemclass-416994\"><a href=\"https:\/\/www.genesys.com\/de-de\/genesys-choice\"><h5>Genesys Choice<\/h5><\/a><\/div><div class=\"vc_grid-item vc_clearfix col-lg-3 vc_grid-item-zone-c-bottom vc_visible-item fadeIn animated style_list itemclass-438889\"><a href=\"https:\/\/www.genesys.com\/de-de\/pointillist\"><h5>Pointillist<\/h5><\/a><\/div><div class=\"vc_grid-item vc_clearfix col-lg-3 vc_grid-item-zone-c-bottom vc_visible-item fadeIn animated style_list itemclass-449847\"><a href=\"https:\/\/www.genesys.com\/de-de\/latitude-collections\"><h5>Latitude&nbsp;\u2013 Inkasso<\/h5><\/a><\/div><div class=\"vc_grid-item vc_clearfix col-lg-3 vc_grid-item-zone-c-bottom vc_visible-item fadeIn animated style_list itemclass-620121\"><a href=\"https:\/\/www.genesys.com\/de-de\/customer-awards\"><h5>Awards f\u00fcr Genesys-Kunden<\/h5><\/a><\/div><div class=\"vc_grid-item vc_clearfix col-lg-3 vc_grid-item-zone-c-bottom vc_visible-item fadeIn animated style_list itemclass-87405\"><a href=\"https:\/\/www.genesys.com\/de-de\/subscribe\"><h5>Abonnementplan<\/h5><\/a><\/div><div class=\"vc_grid-item vc_clearfix col-lg-3 vc_grid-item-zone-c-bottom vc_visible-item fadeIn animated style_list itemclass-87251\"><a href=\"https:\/\/www.genesys.com\/de-de\"><h5>Startseite<\/h5><\/a><\/div><div class=\"vc_grid-item vc_clearfix col-lg-3 vc_grid-item-zone-c-bottom vc_visible-item fadeIn animated style_list itemclass-412892\"><a href=\"https:\/\/www.genesys.com\/de-de\/loesungen\"><h5>L\u00f6sungen<\/h5><\/a><\/div><div class=\"vc_grid-item vc_clearfix col-lg-3 vc_grid-item-zone-c-bottom vc_visible-item fadeIn animated style_list itemclass-98317\"><a href=\"https:\/\/www.genesys.com\/de-de\/googlecloud\"><h5>Contact\u00a0Center\u00a0AI von Google\u00a0Cloud<\/h5><p>Erstklassige Customer\u00a0Experiences durch die Partnerschaft von Genesys und Google. <\/p><\/a><\/div><div class=\"vc_grid-item vc_clearfix col-lg-3 vc_grid-item-zone-c-bottom vc_visible-item fadeIn animated style_list itemclass-87403\"><a href=\"https:\/\/www.genesys.com\/de-de\/customer-success\"><h5>Customer Success<\/h5><\/a><\/div><div class=\"vc_grid-item vc_clearfix col-lg-3 vc_grid-item-zone-c-bottom vc_visible-item fadeIn animated style_list itemclass-87283\"><a href=\"https:\/\/www.genesys.com\/de-de\/solutions\"><h5>L\u00f6sungen<\/h5><\/a><\/div><div class=\"vc_grid-item vc_clearfix col-lg-3 vc_grid-item-zone-c-bottom vc_visible-item fadeIn animated style_list itemclass-87299\"><a href=\"https:\/\/www.genesys.com\/de-de\/platform\"><h5>Plattform<\/h5><p>Beeindruckende Service-Erfahrungen mit der Genesys Customer Experience Plattform<\/p><\/a><\/div><div class=\"vc_grid-item vc_clearfix col-lg-3 vc_grid-item-zone-c-bottom vc_visible-item fadeIn animated style_list itemclass-87256\"><a href=\"https:\/\/www.genesys.com\/de-de\/contact-us\"><h5>Kontakt zu Genesys<\/h5><\/a><\/div><div class=\"vc_grid-item vc_clearfix col-lg-3 vc_grid-item-zone-c-bottom vc_visible-item fadeIn animated style_list itemclass-87253\"><a href=\"https:\/\/www.genesys.com\/de-de\/request-a-demo\"><h5>Demo anfordern<\/h5><\/a><\/div><div class=\"vc_grid-item vc_clearfix col-lg-3 vc_grid-item-zone-c-bottom vc_visible-item fadeIn animated style_list itemclass-89994\"><a href=\"https:\/\/www.genesys.com\/de-de\/resources\"><h5>Resources<\/h5><\/a><\/div><div class=\"vc_grid-item vc_clearfix col-lg-3 vc_grid-item-zone-c-bottom vc_visible-item fadeIn animated style_list itemclass-87345\"><a href=\"https:\/\/www.genesys.com\/de-de\/events\"><h5>Webinars and events<\/h5><\/a><\/div><div class=\"vc_grid-item vc_clearfix col-lg-3 vc_grid-item-zone-c-bottom vc_visible-item fadeIn animated style_list itemclass-87375\"><a href=\"https:\/\/www.genesys.com\/de-de\/webinars\"><h5>Webinare<\/h5><\/a><\/div><div class=\"vc_grid-item vc_clearfix col-lg-3 vc_grid-item-zone-c-bottom vc_visible-item fadeIn animated style_list itemclass-411793\"><a href=\"https:\/\/www.genesys.com\/de-de\/company\"><h5>Firma<\/h5><\/a><\/div><div class=\"vc_grid-item vc_clearfix col-lg-3 vc_grid-item-zone-c-bottom vc_visible-item fadeIn animated style_list itemclass-87394\"><a href=\"https:\/\/www.genesys.com\/de-de\/customer-stories\"><h5>Kundenberichte<\/h5><\/a><\/div><div class=\"vc_grid-item vc_clearfix col-lg-3 vc_grid-item-zone-c-bottom vc_visible-item fadeIn animated style_list itemclass-87521\"><a href=\"https:\/\/www.genesys.com\/de-de\/definitions\"><h5>Definitionen<\/h5><\/a><\/div><div class=\"vc_grid-item vc_clearfix col-lg-3 vc_grid-item-zone-c-bottom vc_visible-item fadeIn animated style_list itemclass-87343\"><a href=\"https:\/\/www.genesys.com\/de-de\/login\"><h5>Genesys-Anmeldung<\/h5><\/a><\/div><div class=\"vc_grid-item vc_clearfix col-lg-3 vc_grid-item-zone-c-bottom vc_visible-item fadeIn animated style_list itemclass-87259\"><a href=\"https:\/\/www.genesys.com\/de-de\/select-region\"><h5>Region ausw\u00e4hlen<\/h5><\/a><\/div><div class=\"vc_grid-item vc_clearfix col-lg-3 vc_grid-item-zone-c-bottom vc_visible-item fadeIn animated style_list itemclass-87384\"><a href=\"https:\/\/www.genesys.com\/de-de\/partners\"><h5>Partnerseite<\/h5><p>Genesys-Partner erhalten Zugang zu Technologien und Chancen zur Steigerung des Marktanteils. Kunden k\u00f6nnen durch die Zusammenarbeit mit einem Netzwerk von Genesys-Partnern ihr Wachstum vorantreiben.<\/p><\/a><\/div><div class=\"vc_grid-item vc_clearfix col-lg-3 vc_grid-item-zone-c-bottom vc_visible-item fadeIn animated style_list itemclass-87415\"><a href=\"https:\/\/www.genesys.com\/de-de\/capabilities\"><h5>Funktionen<\/h5><\/a><\/div><\/div><\/div><\/div><\/div>[\/vc_column][\/vc_row][\/vc_section]<\/p>\n<\/div>","protected":false},"excerpt":{"rendered":"<p>[vc_section full_width=&#8220;stretch_row&#8220; el_class=&#8220;section_header&#8220; css=&#8220;.vc_custom_1530114387844{background-image: url(https:\/\/www.genesys.com\/media\/0618-Customer-Experience-Achieve-Better-Results.jpg?id=16689) !important;}&#8220;][vc_row equal_height=&#8220;yes&#8220; content_placement=&#8220;middle&#8220;][vc_column width=&#8220;3\/5&#8243;][vc_column_text] Umstellung auf ein Cloud Contact Center f\u00fcr mehr Agilit\u00e4t und Flexibilit\u00e4t [\/vc_column_text][\/vc_column][vc_column width=&#8220;2\/5&#8243;][\/vc_column][\/vc_row][\/vc_section][vc_section full_width=&#8220;stretch_row&#8220; el_class=&#8220;cta-bar&#8220; css=&#8220;.vc_custom_1522458207688{padding-top: 0px !important;padding-bottom: 0px !important;}&#8220;][vc_row full_width=&#8220;stretch_row&#8220; css=&#8220;.vc_custom_1522458201976{padding-top: 0px !important;padding-bottom: 0px !important;}&#8220;][vc_column][\/vc_column][\/vc_row][\/vc_section][vc_section full_width=&#8220;stretch_row&#8220;][vc_row equal_height=&#8220;yes&#8220; el_class=&#8220;mobile-reverse&#8220;][vc_column width=&#8220;1\/2&#8243;][vc_column_text] Optimieren Sie Customer Experiences mithilfe der Cloud Das Verschieben Ihres Contact Centers in die Cloud hat [&hellip;]<\/p>\n","protected":false},"author":1,"featured_media":565,"parent":87305,"menu_order":3,"comment_status":"closed","ping_status":"closed","template":"","meta":{"_acf_changed":false,"footnotes":""},"class_list":["post-87273","page","type-page","status-publish","has-post-thumbnail","hentry"],"acf":[],"_links":{"self":[{"href":"https:\/\/www.genesys.com\/de-de\/wp-json\/wp\/v2\/pages\/87273","targetHints":{"allow":["GET"]}}],"collection":[{"href":"https:\/\/www.genesys.com\/de-de\/wp-json\/wp\/v2\/pages"}],"about":[{"href":"https:\/\/www.genesys.com\/de-de\/wp-json\/wp\/v2\/types\/page"}],"author":[{"embeddable":true,"href":"https:\/\/www.genesys.com\/de-de\/wp-json\/wp\/v2\/users\/1"}],"replies":[{"embeddable":true,"href":"https:\/\/www.genesys.com\/de-de\/wp-json\/wp\/v2\/comments?post=87273"}],"version-history":[{"count":5,"href":"https:\/\/www.genesys.com\/de-de\/wp-json\/wp\/v2\/pages\/87273\/revisions"}],"predecessor-version":[{"id":163441,"href":"https:\/\/www.genesys.com\/de-de\/wp-json\/wp\/v2\/pages\/87273\/revisions\/163441"}],"up":[{"embeddable":true,"href":"https:\/\/www.genesys.com\/de-de\/wp-json\/wp\/v2\/pages\/87305"}],"wp:featuredmedia":[{"embeddable":true,"href":"https:\/\/www.genesys.com\/de-de\/wp-json\/wp\/v2\/media\/565"}],"wp:attachment":[{"href":"https:\/\/www.genesys.com\/de-de\/wp-json\/wp\/v2\/media?parent=87273"}],"curies":[{"name":"wp","href":"https:\/\/api.w.org\/{rel}","templated":true}]}}