{"id":619627,"date":"2026-03-04T15:02:25","date_gmt":"2026-03-04T23:02:25","guid":{"rendered":"https:\/\/www.genesys.com\/majesticks"},"modified":"2026-03-19T15:58:21","modified_gmt":"2026-03-19T22:58:21","slug":"majesticks","status":"publish","type":"page","link":"https:\/\/www.genesys.com\/de-de\/majesticks","title":{"rendered":"Majesticks"},"content":{"rendered":"<div class=\"wpb-content-wrapper\"><p>[vc_section sec_modern_width=&#8220;enable&#8220; sec_advbg=&#8220;html5video&#8220; content_placement=&#8220;bottom&#8220; flair=&#8220;%5B%7B%22flair_type%22%3A%22f_type_image%22%7D%5D&#8220; css=&#8220;.vc_custom_1772090757990{margin-bottom: 12px !important;}&#8220; el_class=&#8220;d-flex flex-column justify-content-end justify-content-md-center bg-top bg-cover&#8220; sec_advbg_height=&#8220;100vh&#8220; sec_advbg_min_height=&#8220;308px&#8220; sec_advbg_max_height=&#8220;630px&#8220; el_id=&#8220;majesticks-hero&#8220; html5_mp4=&#8220;616181&#8243;][vc_row el_class=&#8220;mt-5 mt-md-0&#8243;][vc_column background_color=&#8220;bgc-glass&#8220; width=&#8220;5\/12&#8243; el_class=&#8220;p-2 p-lg-4 mt-auto mt-md-0&#8243;][vc_column_text css=&#8220;&#8220;]<\/p>\n<p class=\"eyebrow\">Genesys + Majesticks Golf Club<\/p>\n<h1>Die n\u00e4chste Erlebnisstufe<\/h1>\n<p class=\"text-22 mb-0\">Genau wie der Majesticks Golf Club strebt auch Genesys immer das n\u00e4chste Level an \u2013 ob auf dem Golfplatz oder in der Erlebniswirtschaft.<\/p>\n<p>[\/vc_column_text][\/vc_column][\/vc_row][\/vc_section][vc_section sec_modern_width=&#8220;enable&#8220; flair=&#8220;%5B%7B%22flair_type%22%3A%22f_type_image%22%2C%22hide_mobile%22%3A%22yes%22%7D%5D&#8220; css=&#8220;.vc_custom_1772060983749{background: #000000 url(https:\/\/www.genesys.com\/media\/Genesys-Wave-Big-scaled.png?id=616175) !important;background-position: center !important;background-repeat: no-repeat !important;background-size: cover !important;}&#8220;][vc_row equal_height=&#8220;yes&#8220; el_class=&#8220;justify-content-center&#8220;][vc_column background_color=&#8220;bgc-glass&#8220; width=&#8220;2\/3&#8243; offset=&#8220;vc_col-sm-offset-2&#8243; el_class=&#8220;p-2 p-lg-4&#8243;][vc_single_image image=&#8220;616167&#8243; alignment=&#8220;center&#8220; css=&#8220;&#8220; si_max_width=&#8220;320px&#8220; el_class=&#8220;mb-2&#8243;][vc_column_text css=&#8220;&#8220;]<\/p>\n<h2 style=\"text-align: center;\">Majesticks Golf Club und Genesys<\/h2>\n<p class=\"text-24\" style=\"text-align: center;\">Genauso wie der Majesticks Golf Club eine neue \u00c4ra des Wettbewerbs und des Fan-Engagements bietet, versetzt Genesys Unternehmen in die Lage, die Erwartungen durch transformative Erfahrungen zu \u00fcbertreffen, die Kunden und Mitarbeiter vereinen. Durch die Partnerschaft mit Majesticks schlie\u00dft sich Genesys einem Team an, das von einem gemeinsamen Streben nach Exzellenz gepr\u00e4gt ist \u2013 wo individuelle Talente durch Orchestrierung zusammenkommen, um kollektiven Erfolg zu erzielen. Diese Zusammenarbeit unterstreicht unser gemeinsames Engagement f\u00fcr Innovation und Leistung und spiegelt die Pr\u00e4zision, Strategie und Synergie wider, die erforderlich sind, um auf dem Golfkurs zu gewinnen.<\/p>\n<p class=\"text-24\" style=\"text-align: center;\">Wenn Sie sich beim Kundenerlebnis nicht als Team weiterentwickeln, verlieren Sie den Anschluss. Genesys verk\u00f6rpert diesen unnachgiebigen Antrieb und nutzt KI-gest\u00fctzte Orchestrierung, um Teams dabei zu helfen, personalisierte, vorausschauende Erlebnisse zu bieten. Indem wir Organisationen intelligent darauf vorbereiten, sich in Echtzeit anzupassen, k\u00f6nnen wir Wachstum und Wettbewerbsf\u00e4higkeit durch kontinuierliche Innovation beschleunigen \u2013 wo jede Erfahrung und jeder Schlag z\u00e4hlt.<\/p>\n<p>[\/vc_column_text][\/vc_column][\/vc_row][\/vc_section][vc_section flair=&#8220;%5B%7B%22hide_mobile%22%3A%22yes%22%7D%5D&#8220;][vc_row content_placement=&#8220;middle&#8220;][vc_column width=&#8220;1\/3&#8243;][vc_column_text css=&#8220;&#8220;]<\/p>\n<h2>Die n\u00e4chste Erfahrungsebene vorbereiten<\/h2>\n<p>Elite-Athleten und -Teams geben alles und jagen immer der n\u00e4chsten Herausforderung hinterher \u2013 so auch der Majesticks Golf Club, der von Lee Westwood und Ian Poulter gemeinsam gef\u00fchrt wird. Sie sind immer auf der Suche nach der n\u00e4chsten Erfahrungsstufe und beherrschen die Pr\u00e4zision, Strategie und Synergie, die erforderlich sind, um auf dem Golfkurs zu gewinnen.[\/vc_column_text][\/vc_column][vc_column width=&#8220;7\/12&#8243; offset=&#8220;vc_col-sm-offset-1&#8243;]<div class=\"genesys-image align-center play-button\"><a class=\"video-lightbox\" href=\"https:\/\/www.youtube.com\/embed\/JFHK7wC5SzA?si=3cWFqjqUKhtJjy-n\"><img decoding=\"async\" src=\"https:\/\/www.genesys.com\/media\/Majesticks-duo-YouTube-thumbnail.png\" alt=\"Majesticks duo youtube thumbnail\" width=\"1600\" height=\"900\" class=\"rounded-xs\"\/><div class=\"video-backdrop\"><\/div><div class=\"play-btn bgc-white rounded d-flex align-items-center justify-content-center\"><div class=\"play-icon d-flex align-items-center justify-content-center\"><i class=\"fa-kit fa-play\"><\/i><\/div><div class=\"play-label ms-1\"><p class=\"mb-0 play-title\">Abspielen<\/p><\/div><\/div><\/a><\/div>[\/vc_column][\/vc_row][\/vc_section][vc_section flair=&#8220;%5B%7B%22flair_type%22%3A%22f_type_image%22%2C%22flair_image%22%3A%22554845%22%2C%22flair_width%22%3A%22100%25%22%2C%22flair_height%22%3A%22100%25%22%2C%22flair_top%22%3A%220%22%2C%22flair_left%22%3A%220%22%7D%5D&#8220;][vc_row][vc_column offset=&#8220;vc_col-md-offset-1 vc_col-md-10&#8243;][vc_row_inner content_placement=&#8220;middle&#8220; el_class=&#8220;form-card bgc-glass&#8220;][vc_column_inner width=&#8220;5\/12&#8243; offset=&#8220;vc_col-xs-6&#8243;][vc_single_image image=&#8220;616169&#8243; css=&#8220;&#8220;][\/vc_column_inner][vc_column_inner width=&#8220;7\/12&#8243;][vc_column_text css=&#8220;&#8220;]<\/p>\n<p class=\"text-24\">\u201eMajesticks Golf Club und Genesys teilen ein tiefes Engagement f\u00fcr Leistung der Weltklasse. So wie jede gro\u00dfartige Golfrunde aus einer Reihe pr\u00e4ziser, bewusster Entscheidungen entsteht, entstehen auch au\u00dfergew\u00f6hnliche Erlebnisse. Wir sind stolz darauf, mit Majesticks GC zusammenzuarbeiten, um den Fans die Momente, die am wichtigsten sind, noch n\u00e4her zu bringen. Durch die Kombination der Leidenschaft des Teams mit unserer KI-gest\u00fctzten Experience Orchestration k\u00f6nnen wir mehr vernetzte, unvergessliche Erlebnisse schaffen, die nachhaltige Kundentreue f\u00f6rdern.\u201f<\/p>\n<p><strong>Tony Bates<\/strong><br \/>\nGenesys Chairman und CEO[\/vc_column_text][\/vc_column_inner][\/vc_row_inner][\/vc_column][\/vc_row][\/vc_section][vc_section content_placement=&#8220;middle&#8220; disable_element=&#8220;yes&#8220; flair=&#8220;%5B%7B%22flair_type%22%3A%22f_type_image%22%7D%5D&#8220;][vc_row content_placement=&#8220;middle&#8220; el_id=&#8220;ferrari-block&#8220;][vc_column]<a class=\"component-cta-block card w-100 h-100 bgc-glass centered cta-text-start  vc_custom_1771450782468\"  style=\"--ob-bg-mobile:url(https:\/\/www.genesys.com\/media\/laver-cup-mobile.png);\"  href=\"\/scuderiaferrari\" target=\"\" rel=\"\"><div class=\"row align-items-center image-stack card-body\"><div class=\"col-content col-md-4\"><div class=\"content-container\"><h2 class=\"h3 text-balance\">Die n\u00e4chste Erlebnisstufe<\/h2>\n<p>Genesys und Scuderia Ferrari HP streben gemeinsam nach Innovation, Zusammenarbeit und Leistung.<\/p>\n<\/div><div class=\" btn-container mt-2\"><div class=\"btn btn-primary\">Mehr erfahren<\/div><\/div><\/div><\/div><\/a><style type='text\/css'>\r #ferrari-block .component-cta-block .card-body { padding: 1.5rem 3rem; }\r <\/style>[\/vc_column][\/vc_row][\/vc_section][vc_section sec_modern_width=&#8220;enable&#8220; background_color=&#8220;bgc-lgray&#8220; flair=&#8220;%5B%7B%22flair_type%22%3A%22f_type_image%22%2C%22hide_mobile%22%3A%22yes%22%7D%5D&#8220; css=&#8220;.vc_custom_1741334671940{background-image: url(https:\/\/www.genesys.com\/media\/Threads-Right-Wave.png?id=549945) !important;}&#8220; el_class=&#8220;px-0 py-2 px-md-5 py-md-5&#8243; el_id=&#8220;demo&#8220;][vc_row background_color=&#8220;bgc-glass&#8220; content_placement=&#8220;middle&#8220; el_class=&#8220;form-card&#8220;][vc_column width=&#8220;5\/12&#8243;][vc_column_text css=&#8220;&#8220;]<\/p>\n<h2>Beginnen Sie noch heute damit, Ihre Kundenerfahrung zu verbessern<\/h2>\n<p>Eine Partnerschaft mit Genesys kann Ihre Kunden- und Mitarbeitererfahrungen auf die n\u00e4chste Stufe heben. Kontaktieren Sie uns noch heute und erfahren Sie, wie.[\/vc_column_text][\/vc_column][vc_column width=&#8220;1\/2&#8243; offset=&#8220;vc_col-sm-offset-1&#8243;]<div class=\"eloq_form elq-container gmkto_form_type_hot gmkto_format_vertical\"><form method=\"post\" name=\"MasterLeadIntakeForm\" action=\"https:\/\/s1260946616.t.eloqua.com\/e\/f2\" data-proc=\"inline\" data-ppcount=\"5\" onsubmit=\"return proc_submit(this);\" class=\"beam-form elq-form init no-bg-form yesknown yesprefill yespp strict-check\"  data-target=\".thank-you\" ><div id=\"known_person\" style=\"display:none;\"><p class=\"welcome_user\"><span id=\"welcome_person\">Willkommen zur\u00fcck<\/span> <span id=\"person_info\"><span class=\"person_first\"><\/span>&nbsp;<span class=\"person_last\"><\/span><\/span><\/p><p class=\"delete_button\"><a class=\"deletemyrecord\">Nicht du?<\/a><\/p><\/div><input value=\"MasterLeadIntakeForm\" type=\"hidden\" name=\"elqFormName\"><input value=\"1260946616\" type=\"hidden\" name=\"elqSiteId\"><input name=\"elqCampaignId\" type=\"hidden\"><input type=\"hidden\" name=\"elqCustomerGUID\" value=\"\"><input type=\"hidden\" name=\"elqCookieWrite\" value=\"0\"><input type=\"hidden\" name=\"client_ip_address\" id=\"fe449\" value=\"\"><div class=\"fields\"><input type=\"hidden\" name=\"CID\" id=\"fe198\" value=\"7010d000001KeaxAAC\"><input type=\"hidden\" name=\"CID_STATUS\" id=\"fe281\" value=\"\"><input type=\"hidden\" name=\"redirect_url\" id=\"fe217\" value=\"\"><input type=\"hidden\" name=\"landing_page_url\" id=\"fe204\" value=\"https:\/\/www.genesys.com\/de-de\/wp-json\/wp\/v2\/pages\/619627\"><input type=\"hidden\" name=\"post_type\" id=\"fe448\" value=\"page\"><input type=\"hidden\" name=\"integration\" id=\"fe362\" value=\"\"><input type=\"hidden\" name=\"language_code\" id=\"fe479\" value=\"de-de\"><input type=\"hidden\" name=\"full_url\" id=\"fe983\" value=\"https:\/\/www.genesys.com\/de-de\/wp-json\/wp\/v2\/pages\/619627\"><input type=\"hidden\" name=\"post_id\" id=\"fe984\" value=\"619627\">\n    <div class=\"form-row row-email el_field form-floating\">\n        <input type=\"email\" class=\"form-control el_field elq-item-input required\" name=\"emailAddress\" id=\"fe192\" value=\"\" aria-label=\"Gesch\u00e4ftliche E-Mail\" placeholder=\"Gesch\u00e4ftliche E-Mail\">\n        <label for=\"fe192\">Gesch\u00e4ftliche E-Mail<span class=\"required-asterisk\">*<\/span><\/label>\n    <\/div>\n    <div class=\"form-row cb_available el_field form-floating\">\n        <input type=\"text\" class=\"form-control el_field elq-item-input cb_available  required\" name=\"firstName\" id=\"fe190\" value=\"\" placeholder=\"Vorname\">\n        <label for=\"fe190\">Vorname<span class=\"required-asterisk\">*<\/span><\/label>\n    <\/div>\n    <div class=\"form-row cb_available el_field form-floating\">\n        <input type=\"text\" class=\"form-control el_field elq-item-input cb_available required\" name=\"lastName\" id=\"fe191\" value=\"\" placeholder=\"Nachname\">\n        <label for=\"fe191\">Nachname<span class=\"required-asterisk\">*<\/span><\/label>\n    <\/div>\n    <div class=\"form-row form-floating el_field\">\n        <input type=\"tel\" class=\"form-control el_field elq-item-input required pre-exclude\" name=\"busPhone\" id=\"fe215\" value=\"\" placeholder=\"Telefon\">\n        <label for=\"fe215\">Telefon<span class=\"required-asterisk\">*<\/span><\/label>\n    <\/div>\n    <div class=\"form-row cb_available eloq_ppe el_field form-floating\">\n        <select class=\"form-select el_field elq-item-select cb_available required eloq_ppe\" id=\"fe219\" name=\"jobLevel1\" data-value=\"\">\n            <option selected=\"\" value=\"\"><\/option><option value=\"C-Level\">Vorstand<\/option><option value=\"VP\">VP<\/option><option value=\"Director\">Director<\/option><option value=\"Manager\">Manager<\/option><option value=\"Principal\">Federf\u00fchrender Partner<\/option><option value=\"Engineer \/ Architect\">Ingenieur\/Architekt<\/option><option value=\"Consultant\">Berater<\/option><option value=\"Analyst\">Analyst<\/option><option value=\"Partner\">Partner<\/option><option value=\"Staff\">Mitarbeiter<\/option><option value=\"Unknown\">Unbekannt<\/option>\n        <\/select>\n        <label for=\"fe219\">Position<span class=\"required-asterisk\">*<\/span><\/label>\n    <\/div>\n    <div class=\"form-row cb_available eloq_ppe el_field form-floating\">\n        <select class=\"form-select el_field elq-item-select cb_available required eloq_ppe\" id=\"fe218\" name=\"jobFunction1\" data-value=\"\">\n            <option selected=\"\" value=\"\"><\/option>\n            <option value=\"Claims\">Forderungen<\/option><option value=\"Collections\">Forderungsmanagement<\/option><option value=\"Contact Center Management\">Contact Center-Management<\/option><option value=\"Customer Experience\">Customer\u00a0Experience<\/option><option value=\"Customer Service\">Kundenservice<\/option><option value=\"Ecommerce\/Digital Channels\">E-Commerce\/digitale Kan\u00e4le<\/option><option value=\"Finance\">Finanzen<\/option><option value=\"Human Resources\">Personalwesen<\/option><option value=\"Influencer\">Influencer<\/option><option value=\"Information Technology\">IT<\/option><option value=\"IT Architecture\">IT-Architektur<\/option><option value=\"IT Infrastructure\">IT-Infrastruktur<\/option><option value=\"IVR\">IVR<\/option><option value=\"Marketing\">Marketing<\/option><option value=\"Operations \/ Process Management\">Betriebs-\/Prozessmanagement<\/option><option value=\"Production Management\">Produktionsleitung<\/option><option value=\"Purchasing\">Kauf<\/option><option value=\"Sales\">Vertrieb<\/option><option value=\"Unknown\">Unbekannt<\/option>\n        <\/select>\n        <label for=\"fe218\">Anwendungsbereiche<span class=\"required-asterisk\">*<\/span><\/label>\n    <\/div>\n    <div class=\"form-row cb_available eloq_ppe el_field form-floating\">\n        <input type=\"text\" class=\"form-control el_field elq-item-input cb_available required eloq_ppe\" name=\"company\" id=\"fe193\" value=\"\" placeholder=\"Unternehmensname\">\n        <label for=\"fe193\">Unternehmensname<span class=\"required-asterisk\">*<\/span><\/label>\n    <\/div>\n    <div class=\"form-row cb_available eloq_ppe el_field form-floating\">\n        <select class=\"form-select el_field elq-item-select cb_available required eloq_ppe\" id=\"fe194\" name=\"country\" data-value=\"\">\n            <option value=\"\"><\/option>\n            <!-- Add country options here -->\n        <\/select>\n        <label for=\"fe194\">Land<span class=\"required-asterisk\">*<\/span><\/label>\n    <\/div>\n    <div class=\"form-row cb_available country_dep el_field form-floating\">\n        <select class=\"form-select el_field elq-item-select cb_available required eloq_ppe\" id=\"fe214\" name=\"stateProv\" data-value=\"\">\n            <option selected=\"\" value=\"\"><\/option>\n        <\/select>\n        <label for=\"fe214\">State\/Province<span class=\"required-asterisk\">*<\/span><\/label>\n    <\/div>\n    <div class=\"form-row cb_available eloq_ppe el_field form-floating\">\n        <input type=\"text\" class=\"form-control el_field elq-item-input cb_available required eloq_ppe\" name=\"website1\" id=\"fe801\" value=\"\" placeholder=\"Ihre Website\">\n        <label for=\"fe801\">Ihre Website<span class=\"required-asterisk\">*<\/span><\/label>\n    <\/div>\n    <div class=\"form-row cb_available eloq_ppe el_field form-floating\">\n        <input type=\"text\" class=\"form-control el_field elq-item-input cb_available required eloq_ppe\" name=\"city\" id=\"fe226\" value=\"\" placeholder=\"Stadt\">\n        <label for=\"fe226\">Stadt<span class=\"required-asterisk\">*<\/span><\/label>\n    <\/div>\n    <div class=\"form-row cb_available eloq_ppe el_field form-floating\">\n        <input type=\"text\" class=\"form-control el_field elq-item-input cb_available required eloq_ppe\" name=\"title\" id=\"fe220\" value=\"\" placeholder=\"Jobtitel\">\n        <label for=\"fe220\">Jobtitel<span class=\"required-asterisk\">*<\/span><\/label>\n    <\/div>\n    <div class=\"form-row cb_available eloq_ppe el_field form-floating\">\n        <select class=\"form-select el_field elq-item-select cb_available required eloq_ppe\" id=\"fe221\" name=\"industry1\" data-value=\"\">\n            <option value=\"\" ><\/option>\n            <option value=\"Banking\">Bankwesen<\/option><option value=\"Business Services\">Unternehmensdienstleistungen<\/option><option value=\"Capital Markets\">Capital Markets<\/option><option value=\"Communications\">Communications<\/option><option value=\"Consumer Products\">Consumer Products<\/option><option value=\"Defense & Intelligence\">Defense & Intelligence<\/option><option value=\"Education & Non-Profit\">Education & Non-Profit<\/option><option value=\"Energy & Utilities\">Energie- und Versorgungsunternehmen<\/option><option value=\"Entertainment\">Unterhaltungsbranche<\/option><option value=\"Government\">Beh\u00f6rden<\/option><option value=\"Insurance\">Versicherungen<\/option><option value=\"Life Sciences\">Life Sciences<\/option><option value=\"Logistics\">Logistics<\/option><option value=\"Manufacturing\">Manufacturing<\/option><option value=\"Payors\">Payors<\/option><option value=\"Providers\">Providers<\/option><option value=\"Retailers\">Retailers<\/option><option value=\"Technology\">Technologie<\/option><option value=\"Travel & Hospitality\">Travel & Hospitality<\/option><option value=\"Retail Banking\">Retail Banking<\/option><option value=\"Other\">Sonstige<\/option>\n        <\/select>\n        <label for=\"fe221\">Branche<span class=\"required-asterisk\">*<\/span><\/label>\n    <\/div>\n    <div class=\"form-row cb_available eloq_ppe el_field form-floating\">\n        <select class=\"form-select el_field elq-item-select cb_available required eloq_ppe\" id=\"fe222\" name=\"levelofInterest1\" data-value=\"\">\n            <option value=\"\"><\/option>\n            <option value=\"Just researching\">\u2026 informiere mich nur<\/option><option value=\"Gathering business requirements\">\u2026 recherchiere die Anforderungen<\/option><option value=\"Comparing solutions\">\u2026 vergleiche L\u00f6sungen<\/option><option value=\"Ready for a conversation\">\u2026 bin an einem Gespr\u00e4ch interessiert<\/option>\n        <\/select>\n        <label for=\"fe222\">Ich \u2026<span class=\"required-asterisk\">*<\/span><\/label>\n    <\/div>\n    <div class=\"form-row cb_available eloq_ppe el_field form-floating\">\n        <select class=\"form-select el_field elq-item-select cb_available required eloq_ppe\" id=\"fe225\" name=\"numberofAgentsForm1\" data-value=\"\">\n            <option value=\"\"><\/option>\n            <option value=\"1-20\">1-20<\/option><option value=\"21-50\">21\u201350<\/option><option value=\"51-100\">51\u2013100<\/option><option value=\"101-300\">101\u2013300<\/option><option value=\"301-500\">301\u2013500<\/option><option value=\"501-1000\">501\u20131000<\/option><option value=\">1000\">&gt;1000<\/option><option value=\"No Contact Center\">Kein Contact\u00a0Center<\/option><option value=\"Don't Know\">Ich wei\u00df es nicht<\/option>\n        <\/select>\n        <label for=\"fe225\">Anzahl der Arbeitspl\u00e4tze im Contact Center<span class=\"required-asterisk\">*<\/span><\/label>\n    <\/div><div class=\"form-check single-checkbox-row form-row gdpr-field white-box required\"><input type=\"checkbox\" class=\"el_field eloq_ppe\" name=\"explicitConsentEmailPhone\" id=\"fe224\" val=\"\"><label class=\"checkbox-aligned elq-item-label\" for=\"fe224\">Ja. Ich m\u00f6chte per E-Mail oder Telefon \u00fcber Neuigkeiten zu Genesys auf dem Laufenden gehalten werden.<\/label><\/div><div class=\"single-checkbox-row form-row white-box \"><input type=\"checkbox\" class=\"el_field eloq_ppe\" name=\"contactMe\" id=\"fe509\" val=\"\"><label class=\"checkbox-aligned elq-item-label\" for=\"fe509\">Ich h\u00e4tte es gern, dass mich jemand kontaktiert.<\/label><\/div><input type=\"hidden\" data-query=\"utm_medium\" name=\"utm_medium\" id=\"fe199\" value=\"\"><input type=\"hidden\" data-query=\"utm_source\" name=\"utm_source\" id=\"fe200\" value=\"\"><input type=\"hidden\" data-query=\"utm_campaign\" name=\"utm_campaign\" id=\"fe201\" value=\"\"><input type=\"hidden\" data-query=\"utm_term\" name=\"utm_term\" id=\"fe202\" value=\"\"><input type=\"hidden\" data-query=\"utm_content\" name=\"utm_content\" id=\"fe203\" value=\"\"><input type=\"hidden\" data-query=\"ost_tool\" name=\"ost_tool\" id=\"fe293\" value=\"\"><input type=\"hidden\" data-query=\"ost_campaign\" name=\"ost_campaign\" id=\"fe294\" value=\"\"><input type=\"hidden\" data-query=\"ost_content\" name=\"ost_content\" id=\"fe295\" value=\"\"><input type=\"hidden\" data-query=\"blaid\" name=\"eloquaBLAID_c\" id=\"fe3099\" value=\"\"><input type=\"hidden\" data-query=\"gclid\" name=\"gCLID1\" id=\"fe283\" value=\"\"><input type=\"hidden\" data-query=\"mkwid\" name=\"mKWID1\" id=\"fe678\" value=\"\"><input type=\"hidden\" name=\"gAClientID1\" id=\"fe284\" value=\"\"><input type=\"hidden\" name=\"noteCreatorTitle1\" id=\"fe313\" value=\"\"><input type=\"hidden\" name=\"webContentAutoResponderDefault\" id=\"fe286\" value=\"Hot Lead\"><input type=\"hidden\" name=\"webContentAutoResponderTitle\" id=\"fe287\" value=\"\"><input type=\"hidden\" name=\"webContentAutoResponderURL\" id=\"fe288\" value=\"\"><input type=\"hidden\" name=\"noteCreator2\" id=\"fe478\" value=\"\"><input type=\"hidden\" class=\"yesprefill\" name=\"neverbounceResult1\" id=\"fe640\" value=\"OFF\"><input type=\"hidden\" class=\"yesprefill\" name=\"neverbounceFlags1\" id=\"fe641\" value=\"OFF\"><input type=\"hidden\" class=\"yesprefill\" name=\"neverbounceSuggestedCorrection1\" id=\"fe642\" value=\"6sense\"><input type=\"hidden\" name=\"clearbitPersonID1\" id=\"fe630\" value=\"\"><input type=\"hidden\" name=\"clearbitFieldCount1\" id=\"fe633\" value=\"\"><input type=\"hidden\" name=\"clearbitTitle1\" id=\"fe646\" value=\"\"><input type=\"hidden\" name=\"clearbitRole1\" id=\"fe631\" value=\"\"><input type=\"hidden\" name=\"clearbitNumberofEmployees1\" id=\"fe647\" value=\"\"><input type=\"hidden\" name=\"clearbitNumberofEmployeesRange1\" id=\"fe648\" value=\"\"><input type=\"hidden\" name=\"clearbitWebsite1\" id=\"fe802\" value=\"\"><input type=\"hidden\" name=\"browserUserAgent\" id=\"fe3319\" value=\"\"><input type=\"text\" class=\"honeypp\" name=\"honeypp\" id=\"honeypp\" value=\"\" ><input role=\"button\" aria-label=\"Demo anfordern\" type=\"Submit\" class=\"submit-button-style btn btn-primary \" value=\"Demo anfordern\" id=\"fe195\"><div class=\"loading\"><\/div><div class=\"gdpr-field form-row white-box legal\"><span>Durch die Bereitstellung Ihrer Informationen erkl\u00e4ren Sie sich mit unseren <a href=\"https:\/\/www.genesys.com\/de-de\/company\/legal-docs\/datenschutzerklaerung\" target=\"_blank\">Datenschutzbestimmungen<\/a> einverstanden<\/span><\/div><\/div><\/form><\/div>[vc_column_text css=&#8220;&#8220; el_class=&#8220;thank-you&#8220;]<\/p>\n<p class=\"h4\">Vielen Dank f\u00fcr Ihr Interesse.<\/p>\n<p>Wir melden uns bei Ihnen, um einen f\u00fcr Sie passenden Termin zu vereinbaren.[\/vc_column_text][\/vc_column][\/vc_row][\/vc_section]<\/p>\n<\/div>","protected":false},"excerpt":{"rendered":"<p>[vc_section sec_modern_width=&#8220;enable&#8220; sec_advbg=&#8220;html5video&#8220; content_placement=&#8220;bottom&#8220; flair=&#8220;%5B%7B%22flair_type%22%3A%22f_type_image%22%7D%5D&#8220; css=&#8220;.vc_custom_1772090757990{margin-bottom: 12px !important;}&#8220; el_class=&#8220;d-flex flex-column justify-content-end justify-content-md-center bg-top bg-cover&#8220; sec_advbg_height=&#8220;100vh&#8220; sec_advbg_min_height=&#8220;308px&#8220; sec_advbg_max_height=&#8220;630px&#8220; el_id=&#8220;majesticks-hero&#8220; html5_mp4=&#8220;616181&#8243;][vc_row el_class=&#8220;mt-5 mt-md-0&#8243;][vc_column background_color=&#8220;bgc-glass&#8220; width=&#8220;5\/12&#8243; el_class=&#8220;p-2 p-lg-4 mt-auto mt-md-0&#8243;][vc_column_text css=&#8220;&#8220;] Genesys + Majesticks Golf Club Die n\u00e4chste Erlebnisstufe Genau wie der Majesticks Golf Club strebt auch Genesys immer das n\u00e4chste Level an \u2013 ob auf dem Golfplatz [&hellip;]<\/p>\n","protected":false},"author":1197,"featured_media":0,"parent":0,"menu_order":0,"comment_status":"closed","ping_status":"closed","template":"","meta":{"_acf_changed":false,"footnotes":""},"class_list":["post-619627","page","type-page","status-publish","hentry"],"acf":[],"_links":{"self":[{"href":"https:\/\/www.genesys.com\/de-de\/wp-json\/wp\/v2\/pages\/619627","targetHints":{"allow":["GET"]}}],"collection":[{"href":"https:\/\/www.genesys.com\/de-de\/wp-json\/wp\/v2\/pages"}],"about":[{"href":"https:\/\/www.genesys.com\/de-de\/wp-json\/wp\/v2\/types\/page"}],"author":[{"embeddable":true,"href":"https:\/\/www.genesys.com\/de-de\/wp-json\/wp\/v2\/users\/1197"}],"replies":[{"embeddable":true,"href":"https:\/\/www.genesys.com\/de-de\/wp-json\/wp\/v2\/comments?post=619627"}],"version-history":[{"count":4,"href":"https:\/\/www.genesys.com\/de-de\/wp-json\/wp\/v2\/pages\/619627\/revisions"}],"predecessor-version":[{"id":619631,"href":"https:\/\/www.genesys.com\/de-de\/wp-json\/wp\/v2\/pages\/619627\/revisions\/619631"}],"wp:attachment":[{"href":"https:\/\/www.genesys.com\/de-de\/wp-json\/wp\/v2\/media?parent=619627"}],"curies":[{"name":"wp","href":"https:\/\/api.w.org\/{rel}","templated":true}]}}