{"id":602334,"date":"2025-11-11T01:31:13","date_gmt":"2025-11-11T09:31:13","guid":{"rendered":"https:\/\/www.genesys.com\/?page_id=602334"},"modified":"2025-11-11T01:31:13","modified_gmt":"2025-11-11T09:31:13","slug":"genesys-charitable-discount-program","status":"publish","type":"page","link":"https:\/\/www.genesys.com\/de-de\/genesys-charitable-discount-program","title":{"rendered":"Genesys-Rabattprogramm f\u00fcr gemeinn\u00fctzige Organisationen"},"content":{"rendered":"<div class=\"wpb-content-wrapper\"><p>[vc_section sec_modern_width=&#8220;enable&#8220; background_color=&#8220;bgc-lgray&#8220; flair=&#8220;%5B%7B%22flair_type%22%3A%22f_type_image%22%2C%22hide_mobile%22%3A%22yes%22%7D%5D&#8220; el_id=&#8220;form&#8220; css=&#8220;.vc_custom_1748643950239{background-image: url(https:\/\/www.genesys.com\/media\/Demo-Call-management-BG.png?id=575082) !important;}&#8220;][vc_row background_color=&#8220;bgc-glass&#8220; equal_height=&#8220;yes&#8220; content_placement=&#8220;middle&#8220; el_class=&#8220;rounded p-2 p-lg-4 mt-md-0&#8243;][vc_column width=&#8220;7\/12&#8243;][vc_column_text css=&#8220;.vc_custom_1762853341768{padding-top: 7px !important;}&#8220;]<\/p>\n<p class=\"text-16\">Das Genesys\u00ae-Rabattprogramm f\u00fcr gemeinn\u00fctzige Organisationen<\/p>\n<h1>Wir unterst\u00fctzen Sie, damit Sie andere unterst\u00fctzen k\u00f6nnen<\/h1>\n<p>Zur Unterst\u00fctzung Ihrer Mission bietet Genesys bis zu 50 % Rabatt auf ausgew\u00e4hlte L\u00f6sungen, um Ihnen dabei zu helfen, personalisiertere End-to-End-Erfahrungen zu orchestrieren.<\/p>\n<p><em class=\"text-12\">*Es gelten die Gesch\u00e4ftsbedingungen<\/em>[\/vc_column_text][\/vc_column][vc_column width=&#8220;5\/12&#8243;]<div class=\"eloq_form elq-container gmkto_form_type_advanced gmkto_format_vertical\"><form method=\"post\" name=\"MasterLeadIntakeForm\" action=\"https:\/\/s1260946616.t.eloqua.com\/e\/f2\" data-proc=\"inline\" data-ppcount=\"5\" onsubmit=\"return proc_submit(this);\" class=\"beam-form elq-form init no-bg-form yesknown yesprefill yespp strict-check\"  data-target=\".thank-you\" ><div id=\"known_person\" style=\"display:none;\"><p class=\"welcome_user\"><span id=\"welcome_person\">Willkommen zur\u00fcck<\/span> <span id=\"person_info\"><span class=\"person_first\"><\/span>&nbsp;<span class=\"person_last\"><\/span><\/span><\/p><p class=\"delete_button\"><a class=\"deletemyrecord\">Nicht du?<\/a><\/p><\/div><input value=\"MasterLeadIntakeForm\" type=\"hidden\" name=\"elqFormName\"><input value=\"1260946616\" type=\"hidden\" name=\"elqSiteId\"><input name=\"elqCampaignId\" type=\"hidden\"><input type=\"hidden\" name=\"elqCustomerGUID\" value=\"\"><input type=\"hidden\" name=\"elqCookieWrite\" value=\"0\"><input type=\"hidden\" name=\"client_ip_address\" id=\"fe449\" value=\"\"><div class=\"fields\"><input type=\"hidden\" name=\"CID\" id=\"fe198\" value=\"7011T000001YwdlQAC\"><input type=\"hidden\" name=\"CID_STATUS\" id=\"fe281\" value=\"\"><input type=\"hidden\" name=\"redirect_url\" id=\"fe217\" value=\"\"><input type=\"hidden\" name=\"landing_page_url\" id=\"fe204\" value=\"https:\/\/www.genesys.com\/de-de\/wp-json\/wp\/v2\/pages\/602334\"><input type=\"hidden\" name=\"post_type\" id=\"fe448\" value=\"page\"><input type=\"hidden\" name=\"integration\" id=\"fe362\" value=\"\"><input type=\"hidden\" name=\"language_code\" id=\"fe479\" value=\"de-de\"><input type=\"hidden\" name=\"full_url\" id=\"fe983\" value=\"https:\/\/www.genesys.com\/de-de\/wp-json\/wp\/v2\/pages\/602334\"><input type=\"hidden\" name=\"post_id\" id=\"fe984\" value=\"602334\">\n    <div class=\"form-row row-email el_field form-floating\">\n        <input type=\"email\" class=\"form-control el_field elq-item-input required\" name=\"emailAddress\" id=\"fe192\" value=\"\" aria-label=\"Gesch\u00e4ftliche E-Mail\" placeholder=\"Gesch\u00e4ftliche E-Mail\">\n        <label for=\"fe192\">Gesch\u00e4ftliche E-Mail<span class=\"required-asterisk\">*<\/span><\/label>\n    <\/div>\n    <div class=\"form-row cb_available el_field form-floating\">\n        <input type=\"text\" class=\"form-control el_field elq-item-input cb_available  required\" name=\"firstName\" id=\"fe190\" value=\"\" placeholder=\"Vorname\">\n        <label for=\"fe190\">Vorname<span class=\"required-asterisk\">*<\/span><\/label>\n    <\/div>\n    <div class=\"form-row cb_available el_field form-floating\">\n        <input type=\"text\" class=\"form-control el_field elq-item-input cb_available required\" name=\"lastName\" id=\"fe191\" value=\"\" placeholder=\"Nachname\">\n        <label for=\"fe191\">Nachname<span class=\"required-asterisk\">*<\/span><\/label>\n    <\/div>\n    <div class=\"form-row cb_available eloq_ppe el_field form-floating\">\n        <select class=\"form-select el_field elq-item-select cb_available required eloq_ppe\" id=\"fe219\" name=\"jobLevel1\" data-value=\"\">\n            <option selected=\"\" value=\"\"><\/option><option value=\"C-Level\">Vorstand<\/option><option value=\"VP\">VP<\/option><option value=\"Director\">Director<\/option><option value=\"Manager\">Manager<\/option><option value=\"Principal\">Federf\u00fchrender Partner<\/option><option value=\"Engineer \/ Architect\">Ingenieur\/Architekt<\/option><option value=\"Consultant\">Berater<\/option><option value=\"Analyst\">Analyst<\/option><option value=\"Partner\">Partner<\/option><option value=\"Staff\">Mitarbeiter<\/option><option value=\"Unknown\">Unbekannt<\/option>\n        <\/select>\n        <label for=\"fe219\">Position<span class=\"required-asterisk\">*<\/span><\/label>\n    <\/div>\n    <div class=\"form-row cb_available eloq_ppe el_field form-floating\">\n        <select class=\"form-select el_field elq-item-select cb_available required eloq_ppe\" id=\"fe218\" name=\"jobFunction1\" data-value=\"\">\n            <option selected=\"\" value=\"\"><\/option>\n            <option value=\"Claims\">Forderungen<\/option><option value=\"Collections\">Forderungsmanagement<\/option><option value=\"Contact Center Management\">Contact Center-Management<\/option><option value=\"Customer Experience\">Customer\u00a0Experience<\/option><option value=\"Customer Service\">Kundenservice<\/option><option value=\"Ecommerce\/Digital Channels\">E-Commerce\/digitale Kan\u00e4le<\/option><option value=\"Finance\">Finanzen<\/option><option value=\"Human Resources\">Personalwesen<\/option><option value=\"Influencer\">Influencer<\/option><option value=\"Information Technology\">IT<\/option><option value=\"IT Architecture\">IT-Architektur<\/option><option value=\"IT Infrastructure\">IT-Infrastruktur<\/option><option value=\"IVR\">IVR<\/option><option value=\"Marketing\">Marketing<\/option><option value=\"Operations \/ Process Management\">Betriebs-\/Prozessmanagement<\/option><option value=\"Production Management\">Produktionsleitung<\/option><option value=\"Purchasing\">Kauf<\/option><option value=\"Sales\">Vertrieb<\/option><option value=\"Unknown\">Unbekannt<\/option>\n        <\/select>\n        <label for=\"fe218\">Anwendungsbereiche<span class=\"required-asterisk\">*<\/span><\/label>\n    <\/div>\n    <div class=\"form-row cb_available eloq_ppe el_field form-floating\">\n        <input type=\"text\" class=\"form-control el_field elq-item-input cb_available required eloq_ppe\" name=\"company\" id=\"fe193\" value=\"\" placeholder=\"Unternehmensname\">\n        <label for=\"fe193\">Unternehmensname<span class=\"required-asterisk\">*<\/span><\/label>\n    <\/div>\n    <div class=\"form-row cb_available eloq_ppe el_field form-floating\">\n        <input type=\"tel\" class=\"form-control el_field elq-item-input cb_available required eloq_ppe\" name=\"busPhone\" id=\"fe215\" value=\"\" placeholder=\"Telefon\">\n        <label for=\"fe215\">Telefon<span class=\"required-asterisk\">*<\/span><\/label>\n    <\/div>\n    <div class=\"form-row cb_available eloq_ppe el_field form-floating\">\n        <select class=\"form-select el_field elq-item-select cb_available required eloq_ppe\" id=\"fe194\" name=\"country\" data-value=\"\">\n            <option value=\"\"><\/option>\n            <!-- Add country options here -->\n        <\/select>\n        <label for=\"fe194\">Land<span class=\"required-asterisk\">*<\/span><\/label>\n    <\/div>\n    <div class=\"form-row cb_available country_dep el_field form-floating\">\n        <select class=\"form-select el_field elq-item-select cb_available required eloq_ppe\" id=\"fe214\" name=\"stateProv\" data-value=\"\">\n            <option selected=\"\" value=\"\"><\/option>\n        <\/select>\n        <label for=\"fe214\">State\/Province<span class=\"required-asterisk\">*<\/span><\/label>\n    <\/div>\n    <div class=\"form-row cb_available eloq_ppe el_field form-floating\">\n        <input type=\"text\" class=\"form-control el_field elq-item-input cb_available required eloq_ppe\" name=\"website1\" id=\"fe801\" value=\"\" placeholder=\"Ihre Website\">\n        <label for=\"fe801\">Ihre Website<span class=\"required-asterisk\">*<\/span><\/label>\n    <\/div><div class=\"form-check single-checkbox-row form-row gdpr-field white-box required\"><input type=\"checkbox\" class=\"el_field eloq_ppe\" name=\"explicitConsentEmailPhone\" id=\"fe224\" val=\"\"><label class=\"checkbox-aligned elq-item-label\" for=\"fe224\">Ja. Ich m\u00f6chte per E-Mail oder Telefon \u00fcber Neuigkeiten zu Genesys auf dem Laufenden gehalten werden.<\/label><\/div><input type=\"hidden\" data-query=\"utm_medium\" name=\"utm_medium\" id=\"fe199\" value=\"\"><input type=\"hidden\" data-query=\"utm_source\" name=\"utm_source\" id=\"fe200\" value=\"\"><input type=\"hidden\" data-query=\"utm_campaign\" name=\"utm_campaign\" id=\"fe201\" value=\"\"><input type=\"hidden\" data-query=\"utm_term\" name=\"utm_term\" id=\"fe202\" value=\"\"><input type=\"hidden\" data-query=\"utm_content\" name=\"utm_content\" id=\"fe203\" value=\"\"><input type=\"hidden\" data-query=\"ost_tool\" name=\"ost_tool\" id=\"fe293\" value=\"\"><input type=\"hidden\" data-query=\"ost_campaign\" name=\"ost_campaign\" id=\"fe294\" value=\"\"><input type=\"hidden\" data-query=\"ost_content\" name=\"ost_content\" id=\"fe295\" value=\"\"><input type=\"hidden\" data-query=\"blaid\" name=\"eloquaBLAID_c\" id=\"fe3099\" value=\"\"><input type=\"hidden\" data-query=\"gclid\" name=\"gCLID1\" id=\"fe283\" value=\"\"><input type=\"hidden\" data-query=\"mkwid\" name=\"mKWID1\" id=\"fe678\" value=\"\"><input type=\"hidden\" name=\"gAClientID1\" id=\"fe284\" value=\"\"><input type=\"hidden\" name=\"noteCreatorTitle1\" id=\"fe313\" value=\"\"><input type=\"hidden\" name=\"webContentAutoResponderDefault\" id=\"fe286\" value=\"OFF\"><input type=\"hidden\" name=\"webContentAutoResponderTitle\" id=\"fe287\" value=\"\"><input type=\"hidden\" name=\"webContentAutoResponderURL\" id=\"fe288\" value=\"\"><input type=\"hidden\" name=\"noteCreator2\" id=\"fe478\" value=\"\"><input type=\"hidden\" class=\"yesprefill\" name=\"neverbounceResult1\" id=\"fe640\" value=\"OFF\"><input type=\"hidden\" class=\"yesprefill\" name=\"neverbounceFlags1\" id=\"fe641\" value=\"OFF\"><input type=\"hidden\" class=\"yesprefill\" name=\"neverbounceSuggestedCorrection1\" id=\"fe642\" value=\"6sense\"><input type=\"hidden\" name=\"clearbitPersonID1\" id=\"fe630\" value=\"\"><input type=\"hidden\" name=\"clearbitFieldCount1\" id=\"fe633\" value=\"\"><input type=\"hidden\" name=\"clearbitTitle1\" id=\"fe646\" value=\"\"><input type=\"hidden\" name=\"clearbitRole1\" id=\"fe631\" value=\"\"><input type=\"hidden\" name=\"clearbitNumberofEmployees1\" id=\"fe647\" value=\"\"><input type=\"hidden\" name=\"clearbitNumberofEmployeesRange1\" id=\"fe648\" value=\"\"><input type=\"hidden\" name=\"clearbitWebsite1\" id=\"fe802\" value=\"\"><input type=\"hidden\" name=\"browserUserAgent\" id=\"fe3319\" value=\"\"><input type=\"text\" class=\"honeypp\" name=\"honeypp\" id=\"honeypp\" value=\"\" ><input role=\"button\" aria-label=\"Sparen Sie noch heute\" type=\"Submit\" class=\"submit-button-style btn btn-primary \" value=\"Sparen Sie noch heute\" id=\"fe195\"><div class=\"loading\"><\/div><div class=\"gdpr-field form-row white-box legal\"><span>Durch die Bereitstellung Ihrer Informationen erkl\u00e4ren Sie sich mit unseren <a href=\"https:\/\/www.genesys.com\/de-de\/company\/legal-docs\/datenschutzerklaerung\" target=\"_blank\">Datenschutzbestimmungen<\/a> einverstanden<\/span><\/div><\/div><\/form><\/div>[vc_column_text css=&#8220;&#8220; el_class=&#8220;thank-you bgc-white p-2 rounded&#8220;]<\/p>\n<p class=\"h1 text-secondary h4\">Vielen Dank!<\/p>\n<p class=\"text-mid-gray text-16\">Vielen Dank f\u00fcr Ihr Interesse am Genesys-Rabattprogramm f\u00fcr gemeinn\u00fctzige Organisationen<\/p>\n<p class=\"text-mid-gray text-16\">Wir bei Genesys engagieren uns f\u00fcr diejenigen, die Anderen helfen. Wir pr\u00fcfen Ihre Anfrage und werden Sie so bald wie m\u00f6glich kontaktieren, um zu erfahren, wie wir Sie bei Ihrer Mission unterst\u00fctzen k\u00f6nnen.<\/p>\n<p class=\"text-mid-gray text-16\">Mit freundlichen Gr\u00fc\u00dfen, das Team von Genesys<\/p>\n<p>[\/vc_column_text][\/vc_column][\/vc_row][\/vc_section][vc_section flair=&#8220;%5B%7B%22flair_width%22%3A%22100%25%22%2C%22flair_height%22%3A%22100%25%22%2C%22flair_top%22%3A%220%22%2C%22flair_left%22%3A%220%22%2C%22flair_bgc%22%3A%22%23ffffff%22%2C%22hide_mobile%22%3A%22yes%22%7D%5D&#8220; css=&#8220;.vc_custom_1678384799357{background-position: center !important;background-repeat: no-repeat !important;background-size: cover !important;}&#8220;][vc_row][vc_column width=&#8220;1\/2&#8243;][vc_column_text css=&#8220;&#8220;]<\/p>\n<h2>Bewirken sie mehr f\u00fcr die Gemeinschaft, f\u00fcr die Sie t\u00e4tig sind.<\/h2>\n<p>Verstehen Sie die Personen, denen Sie helfen, besser und antizipieren Sie deren Bed\u00fcrfnisse, um ihnen hilfreichere Dienstleistungen zu bieten. Und steigern Sie die Effizienz Ihrer Prozesse und Mitarbeiter, um Gr\u00f6\u00dferes zu bewirken.[\/vc_column_text][\/vc_column][vc_column width=&#8220;1\/2&#8243;][vc_column_text css=&#8220;&#8220;]<\/p>\n<h3 class=\"h4\">Geleitet von unseren Werten<\/h3>\n<p>Empathie ist bei Genesys von hoher Bedeutung. Sie ist ein wichtiger Bestandteil unserer Kultur, unserer Technologie und unseres Gesch\u00e4fts.<\/p>\n<p>Wir wissen, dass die Budgets knapp sind und sich die Ausgaben schnell summieren. Deshalb bieten wir qualifizierten gemeinn\u00fctzigen Organisationen bis zu 50 % Rabatt auf:<\/p>\n<ul>\n<li style=\"list-style-type: none;\">\n<ul>\n<li>Lizenzen f\u00fcr Genesys Cloud<sup>TM<\/sup><\/li>\n<li>Schnellstarteinweisungen<\/li>\n<li>Abonnements \u00fcber Schulungen hinaus<\/li>\n<\/ul>\n<\/li>\n<\/ul>\n<p>Wir m\u00f6chten f\u00fcr Sie etwas tun, damit Sie f\u00fcr andere mehr bewirken k\u00f6nnen.[\/vc_column_text][\/vc_column][\/vc_row][\/vc_section][vc_section sec_modern_width=&#8220;enable&#8220; background_color=&#8220;bgc-lgray&#8220; flair=&#8220;%5B%7B%22flair_type%22%3A%22f_type_image%22%7D%5D&#8220;][vc_row equal_height=&#8220;yes&#8220;][vc_column width=&#8220;7\/12&#8243;][vc_column_text css=&#8220;&#8220;]<\/p>\n<h3>Schlie\u00dfen Sie sich anderen, gemeinn\u00fctzigen Organisationen an, die mit Genesys zusammenarbeiten<\/h3>\n<p>Genesys erm\u00f6glicht gemeinn\u00fctzigen Organisationen die Bereitstellung proaktiver, vorausschauender und personalisierter Erlebnisse, um die Produktivit\u00e4t zu steigern und die Mitarbeitermotivation zu st\u00e4rken.[\/vc_column_text][\/vc_column][vc_column width=&#8220;5\/12&#8243;]<div class=\"btn-container justify-content-lg-end justify-content-center\"><a role=\"button\"  class=\"btn btn-secondary\" href=\"\/de-de\/customer-stories\" target=\"\" rel=\"\">Alle Berichte anzeigen<\/a><\/div>[\/vc_column][\/vc_row][vc_row container_class=&#8220;mt-0&#8243;][vc_column]<div class=\"component-customer-carousel default-layout single-customer\" data-current-active=\"0\" data-layout=\"default\" data-count=\"1\"><div class=\"carousel-main-row\"><div class=\"carousel-content-col\"><div class=\"customer-content active\" data-href=\"428433\" data-index=\"0\"><a class=\"content-row w-100 bgc-glass\" tabindex=\"-1\" href=\"https:\/\/www.genesys.com\/customer-stories\/national-domestic-violence-hotline\"><div class=\"customer-image-col\"><img decoding=\"async\" class=\"header-image\" alt=\"Customer story still image national domestic violence hotline\" src=\"https:\/\/www.genesys.com\/media\/customer_story-still_image-National_Domestic-Violence_Hotline.jpg\" width=\"1216\" height=\"684\"><\/div><div class=\"customer-quote-col\"><img decoding=\"async\" class=\"company-logo\" alt=\"Ndvh 100x100\" src=\"https:\/\/www.genesys.com\/media\/NDVH_100x100.png\"  width=\"100\" height=\"100\"><p class=\"quote-content mb-2 quote-size-lg\">\u201eGenesys Cloud bot die beste Schnittstelle, die transparenteste Preisgestaltung und die besten Integrationsoptionen. Der letzte Punkt war entscheidend, um den Aufwand zu vermeiden, der entsteht, wenn man zus\u00e4tzliche L\u00f6sungen verwalten muss.\u201c<\/p><p class=\"customer-name text-18 font-weight-bold mb-0\">Marty Hand<\/p><p class=\"customer-title\">CTO, The Hotline<\/p><div class=\"btn-container\"><div class=\"btn btn-secondary small\">Kundenbericht lesen<\/div><\/div><\/div><\/a><\/div><\/div><\/div><\/div>[\/vc_column][\/vc_row][\/vc_section][vc_section flair=&#8220;%5B%5D&#8220;][vc_row][vc_column width=&#8220;1\/2&#8243;][vc_column_text css=&#8220;.vc_custom_1762483677648{padding-bottom: 20px !important;}&#8220;]<\/p>\n<h3>Eine neue Welt der Effizienz und der Empathie<\/h3>\n<p>[\/vc_column_text][\/vc_column][\/vc_row][vc_row equal_height=&#8220;yes&#8220; css=&#8220;.vc_custom_1682022752839{padding-top: -10px !important;padding-bottom: -10px !important;}&#8220;][vc_column v_align=&#8220;middle&#8220; width=&#8220;1\/2&#8243;]<a class=\"component card w-100 bgc-lgray vertical text-start nomedia   \" href=\"\/de-de\/genesys-cloud\" target=\"\" rel=\"\" ><div class=\"card-body\"><h4 class=\"h5\">Genesys Cloud<\/h4>\n<p>Transformieren Sie Ihr Unternehmen mit der Genesys Customer Experience-Plattform. Koordinieren Sie jedes Detail der Erfahrung, verbessern Sie die Effizienz Ihrer Technologien, Mitarbeiter und Prozesse und schaffen Sie bessere Beziehungen zur Gemeinschaft und den Menschen, f\u00fcr die Sie t\u00e4tig sind.<\/p>\n<\/div><div class=\"card-footer text-end\"><div class=\"btn-container \"><div class=\"small mt-0 btn btn-secondary \" href=\"#\" target=\"\" rel=\"\">Mehr erfahren<\/div><\/div><\/div><\/a>[\/vc_column][vc_column width=&#8220;1\/2&#8243;]<a class=\"component card w-100 bgc-lgray vertical text-start nomedia   \" href=\"#\" target=\"\" rel=\"\" ><div class=\"card-body\"><h4 class=\"h5\">Sichern Sie sich Ihren Rabatt<\/h4>\n<p>Nutzen Sie unseren Sonderpreis f\u00fcr Ihre gemeinn\u00fctzige Organisation. Kontaktieren Sie uns noch heute, um weitere Informationen zu erhalten.<\/p>\n<\/div><div class=\"card-footer text-end\"><div class=\"btn-container \"><div class=\"small mt-0 chevron arrow arrow-primary \" href=\"#\" target=\"\" rel=\"\">Nehmen Sie mit uns Kontakt auf<\/div><\/div><\/div><\/a>[\/vc_column][\/vc_row][vc_row][vc_column][vc_column_text css=&#8220;&#8220;]<\/p>\n<p class=\"text-mid-gray text-12\"><strong class=\"text-14\">Gesch\u00e4ftsbedingungen<\/strong><\/p>\n<p class=\"text-mid-gray text-12\">Gemeinn\u00fctzige Organisationen m\u00fcssen die folgenden Kriterien erf\u00fcllen und nachweisen:<\/p>\n<ul>\n<li class=\"text-mid-gray text-12\">Staatlich anerkannte, gemeinn\u00fctzige Organisation\n<ul>\n<li class=\"text-mid-gray text-12\">In den USA muss es sich bei der Organisation um eine IRS 501(c)(3)-Organisation handeln und das Formular 990 vorliegen<\/li>\n<li class=\"text-mid-gray text-12\">In Kanada muss die Organisation eine eingetragene Wohlt\u00e4tigkeitsorganisation sein und ihre T3010 vorlegen<\/li>\n<li class=\"text-mid-gray text-12\">Alle anderen L\u00e4nder: Es muss ein Nachweis \u00fcber den offiziell anerkannten, gemeinn\u00fctzigen Status vorgelegt werden<\/li>\n<\/ul>\n<\/li>\n<li class=\"text-mid-gray text-12\">Keine T\u00e4tigkeit in den Bereichen Regierung, Bildung oder Gesundheitswesen<\/li>\n<li class=\"text-mid-gray text-12\">Betriebsbudget von weniger als 100\u00a0Millionen US-Dollar<\/li>\n<li class=\"text-mid-gray text-12\">Gemeinn\u00fctzige, religi\u00f6se Organisationen m\u00fcssen unabh\u00e4ngig vom Glauben der Hilfeempf\u00e4nger Unterst\u00fctzung leisten<\/li>\n<\/ul>\n<p>[\/vc_column_text][\/vc_column][\/vc_row][\/vc_section]<\/p>\n<\/div>","protected":false},"excerpt":{"rendered":"<p>[vc_section sec_modern_width=&#8220;enable&#8220; background_color=&#8220;bgc-lgray&#8220; flair=&#8220;%5B%7B%22flair_type%22%3A%22f_type_image%22%2C%22hide_mobile%22%3A%22yes%22%7D%5D&#8220; el_id=&#8220;form&#8220; css=&#8220;.vc_custom_1748643950239{background-image: url(https:\/\/www.genesys.com\/media\/Demo-Call-management-BG.png?id=575082) !important;}&#8220;][vc_row background_color=&#8220;bgc-glass&#8220; equal_height=&#8220;yes&#8220; content_placement=&#8220;middle&#8220; el_class=&#8220;rounded p-2 p-lg-4 mt-md-0&#8243;][vc_column width=&#8220;7\/12&#8243;][vc_column_text css=&#8220;.vc_custom_1762853341768{padding-top: 7px !important;}&#8220;] Das Genesys\u00ae-Rabattprogramm f\u00fcr gemeinn\u00fctzige Organisationen Wir unterst\u00fctzen Sie, damit Sie andere unterst\u00fctzen k\u00f6nnen Zur Unterst\u00fctzung Ihrer Mission bietet Genesys bis zu 50 % Rabatt auf ausgew\u00e4hlte L\u00f6sungen, um Ihnen dabei zu helfen, personalisiertere End-to-End-Erfahrungen zu orchestrieren. [&hellip;]<\/p>\n","protected":false},"author":1116,"featured_media":0,"parent":0,"menu_order":0,"comment_status":"closed","ping_status":"closed","template":"","meta":{"_acf_changed":false,"footnotes":""},"class_list":["post-602334","page","type-page","status-publish","hentry"],"acf":[],"_links":{"self":[{"href":"https:\/\/www.genesys.com\/de-de\/wp-json\/wp\/v2\/pages\/602334","targetHints":{"allow":["GET"]}}],"collection":[{"href":"https:\/\/www.genesys.com\/de-de\/wp-json\/wp\/v2\/pages"}],"about":[{"href":"https:\/\/www.genesys.com\/de-de\/wp-json\/wp\/v2\/types\/page"}],"author":[{"embeddable":true,"href":"https:\/\/www.genesys.com\/de-de\/wp-json\/wp\/v2\/users\/1116"}],"replies":[{"embeddable":true,"href":"https:\/\/www.genesys.com\/de-de\/wp-json\/wp\/v2\/comments?post=602334"}],"version-history":[{"count":8,"href":"https:\/\/www.genesys.com\/de-de\/wp-json\/wp\/v2\/pages\/602334\/revisions"}],"predecessor-version":[{"id":602877,"href":"https:\/\/www.genesys.com\/de-de\/wp-json\/wp\/v2\/pages\/602334\/revisions\/602877"}],"wp:attachment":[{"href":"https:\/\/www.genesys.com\/de-de\/wp-json\/wp\/v2\/media?parent=602334"}],"curies":[{"name":"wp","href":"https:\/\/api.w.org\/{rel}","templated":true}]}}