{"id":575383,"date":"2025-06-03T16:12:23","date_gmt":"2025-06-03T23:12:23","guid":{"rendered":"https:\/\/www.genesys.com\/level-up"},"modified":"2025-06-17T03:39:00","modified_gmt":"2025-06-17T10:39:00","slug":"level-up","status":"publish","type":"page","link":"https:\/\/www.genesys.com\/de-de\/customer-success\/level-up","title":{"rendered":"Level Up"},"content":{"rendered":"<div class=\"wpb-content-wrapper\"><p>[vc_section background_color=&#8220;bgc-lgray&#8220; flair=&#8220;%5B%7B%22flair_type%22%3A%22f_type_image%22%2C%22hide_mobile%22%3A%22yes%22%7D%5D&#8220;][vc_row equal_height=&#8220;yes&#8220; content_placement=&#8220;middle&#8220;][vc_column width=&#8220;1\/2&#8243; offset=&#8220;vc_col-md-5&#8243;][vc_column_text css=&#8220;&#8220;]<\/p>\n<h1>Stufen Sie Ihr Genesys Cloud Fachwissen hoch<\/h1>\n<p class=\"text-22\">Erweitern Sie Ihr Plattformwissen mit sorgf\u00e4ltig ausgew\u00e4hlten Kursen, mit denen Sie Experte oder Expertin f\u00fcr Genesys Cloud werden k\u00f6nnen.<\/p>\n<p>[\/vc_column_text][\/vc_column][vc_column width=&#8220;1\/2&#8243; offset=&#8220;vc_col-md-offset-1 vc_col-md-6&#8243;][vc_single_image image=&#8220;571353&#8243; css=&#8220;&#8220; rounded_corners=&#8220;rounded&#8220;][\/vc_column][\/vc_row][\/vc_section][vc_section][vc_row][vc_column offset=&#8220;vc_col-md-5&#8243;][vc_column_text css=&#8220;&#8220;]<\/p>\n<h2>W\u00e4hlen Sie Ihren Themenbereich aus<\/h2>\n<p>Die Genesys Cloud Level Up-Serie bietet Ihnen Themen, mit denen Sie sich mit der Genesys Cloud\u2122 vertraut machen k\u00f6nnen. Jedes Thema wird von Genesys-Experten unterrichtet. Sie k\u00f6nnen dadurch die notwendigen F\u00e4higkeiten entwickeln, um mit unserer umfassenden Customer-Experience-Plattform Ihre Gesch\u00e4ftsergebnisse zu verbessern.[\/vc_column_text][\/vc_column][\/vc_row][vc_row][vc_column width=&#8220;1\/3&#8243;]<a class=\"component card w-100 bgc-lgray vertical text-start thumbnail  chevron-only  \" href=\"\/campaign\/level-up-series-featuring-ai\" target=\"\" rel=\"\" ><div class=\"thumbnail-col   thumbnail\"><img decoding=\"async\" width=\"820\" height=\"464\" class=\"card-img-top thumbnail\" src=\"https:\/\/www.genesys.com\/media\/Resource-thumbnail_video_Webinar_820x464.jpg\" alt=\"Resource thumbnail_video_Webinar_820x464\" ><\/div><div class=\"card-body\"><p class=\"text-22\">Verbessern Sie die Erlebnisse von Kunden und Mitarbeitern mit KI<\/p>\n<\/div><div class=\"card-footer text-end\"><div class=\"btn-container justify-content-end\"><div class=\"small mt-0 chevron btn btn-secondary  only\"><\/div><\/div><\/div><\/a>[\/vc_column][vc_column width=&#8220;1\/3&#8243;]<a class=\"component card w-100 bgc-lgray vertical text-start thumbnail  chevron-only  \" href=\"\/de-de\/campaign\/genesys-level-up-series-featuring-cgjm\" target=\"\" rel=\"\" ><div class=\"thumbnail-col   thumbnail\"><img decoding=\"async\" width=\"820\" height=\"464\" class=\"card-img-top thumbnail\" src=\"https:\/\/www.genesys.com\/media\/Resource-thumbnail_820x464.jpg\" alt=\"Resource thumbnail_820x464\" ><\/div><div class=\"card-body\"><p class=\"text-22\">Nutzen Sie datengest\u00fctzte Erkenntnisse mit Journey Management<\/p>\n<\/div><div class=\"card-footer text-end\"><div class=\"btn-container justify-content-end\"><div class=\"small mt-0 chevron btn btn-secondary  only\"><\/div><\/div><\/div><\/a>[\/vc_column][vc_column width=&#8220;1\/3&#8243;]<a class=\"component card w-100 bgc-lgray vertical text-start thumbnail  chevron-only  \" href=\"\/de-de\/campaign\/genesys-level-up-series\" target=\"\" rel=\"\" ><div class=\"thumbnail-col   thumbnail\"><img decoding=\"async\" width=\"820\" height=\"464\" class=\"card-img-top thumbnail\" src=\"https:\/\/www.genesys.com\/media\/Resource-thumbnail_video_Course_820x464.jpg\" alt=\"Resource thumbnail_video_Course_820x464\" ><\/div><div class=\"card-body\"><p class=\"text-22\">Motivieren Sie Ihr Team mit Workforce Engagement Management<\/p>\n<\/div><div class=\"card-footer text-end\"><div class=\"btn-container justify-content-end\"><div class=\"small mt-0 chevron btn btn-secondary  only\"><\/div><\/div><\/div><\/a>[\/vc_column][\/vc_row][\/vc_section][vc_section background_color=&#8220;bgc-lgray&#8220; flair=&#8220;%5B%7B%22flair_type%22%3A%22f_type_image%22%2C%22hide_mobile%22%3A%22yes%22%7D%5D&#8220; css=&#8220;.vc_custom_1746138004788{background-position: center !important;background-repeat: no-repeat !important;background-size: cover !important;}&#8220; el_class=&#8220;sky-high&#8220;][vc_row][vc_column offset=&#8220;vc_col-md-6&#8243;][vc_column_text css=&#8220;&#8220;]<\/p>\n<h2 class=\"text-balance\">Kundenmeinungen<\/h2>\n<p>[\/vc_column_text][\/vc_column][vc_column offset=&#8220;vc_col-md-6&#8243;]<div class=\"btn-container justify-content-lg-end justify-content-end\"><a role=\"button\"  class=\"btn chevron btn-secondary\" href=\"\/de-de\/customer-stories\" target=\"\" rel=\"\">Alle Erfolgsberichte lesen<\/a><\/div>[\/vc_column][vc_column offset=&#8220;vc_col-md-offset-1 vc_col-md-10&#8243;]<div class=\"component-customer-carousel default-layout single-customer\" data-current-active=\"0\" data-layout=\"default\" data-count=\"1\"><div class=\"carousel-main-row\"><div class=\"carousel-content-col\"><div class=\"customer-content active\" data-href=\"497588\" data-index=\"0\"><a class=\"content-row w-100 bgc-glass\" tabindex=\"-1\" href=\"\/customer-stories\/adapthealth \"><div class=\"customer-image-col\"><img decoding=\"async\" class=\"header-image\" alt=\"Attentive pensioner looking at screen of tablet\" src=\"https:\/\/www.genesys.com\/media\/AdaptHealth_hero.jpg\" width=\"626\" height=\"352\"><\/div><div class=\"customer-quote-col\"><img decoding=\"async\" class=\"company-logo\" alt=\"Adapthealthx250\" src=\"https:\/\/www.genesys.com\/media\/AdaptHealthx250.png\"  width=\"250\" height=\"37\"><p class=\"quote-content mb-2 quote-size-sm\">\u201eDie Genesys Cloud-Plattform ist so intuitiv, dass wir Mitarbeiter am Nachmittag darin schulen und sie am n\u00e4chsten Tag bereits mit der Plattform arbeiten k\u00f6nnen. Eine Woche sp\u00e4ter aktivieren wir Genesys Workforce Engagement Management and k\u00f6nnen zusehen, wie unsere Servicelevel steigen und die durchschnittliche Bearbeitungszeit und Abbr\u00fcche sinken. Das war bislang mit jeder Bereitstellung der Fall\u201c<\/p><p class=\"customer-name text-18 font-weight-bold mb-0\">Bill Lewis<\/p><p class=\"customer-title\">Senior Director, Infrastructure und Security Engineering, AdaptHealth<\/p><div class=\"btn-container\"><div class=\"btn btn-secondary small\">Kundenbericht lesen<\/div><\/div><\/div><\/a><\/div><\/div><\/div><\/div>[\/vc_column][\/vc_row][\/vc_section][vc_section][vc_row][vc_column offset=&#8220;vc_col-md-6&#8243;][vc_column_text css=&#8220;&#8220;]<\/p>\n<h2>Entdecken Sie die wichtigsten CX-Trends und Best Practices<\/h2>\n<p>[\/vc_column_text][\/vc_column][\/vc_row][vc_row][vc_column]<div class=\"related-posts-container next-steps-module w-100\"><div class=\"inner-container scrollable-row-container\"><div class=\"row align-items-stretch gutter-small col-count-2 scrollable-row\"><div class=\"col-md-6 horizontal-cards grid-item card-col item-image grid_type-resources\"><a class=\"card w-100 h-100 bgc-lgray component horizontal text-start thumbnail chevron-only\" href=\"https:\/\/www.genesys.com\/de-de\/resources\/top-cx-trends\"><div class=\"row align-items-center\"><div class=\"col-12 col-md-5 col-lg-6\"><div class=\"thumbnail-col thubmnail\"><img decoding=\"async\" src=\"https:\/\/www.genesys.com\/media\/cx-trends-22-featured.jpg\" height=\"464\" width=\"820\" alt=\"Cx trends 22 featured\"><\/div><\/div><div class=\"col-12 col-md-7 col-lg-6\"><div class=\"card-body text-col ps-0\"><p class=\"assettag\">Interactive<\/p><h3 class=\"item-title h6\">Die wichtigsten CX-Trends f\u00fcr 2025 und die Zukunft<\/h3><\/div><div class=\"card-footer text-end ps-0\"><div class=\"justify-content-end btn-container\"><div class=\"btn chevron small only btn-secondary\"><\/div><\/div><\/div><\/div><\/div><\/a><\/div><div class=\"col-md-6 horizontal-cards grid-item card-col item-image grid_type-blog\"><a class=\"card w-100 h-100 bgc-lgray component horizontal text-start thumbnail chevron-only\" href=\"https:\/\/www.genesys.com\/de-de\/blog\/post\/practical-ai-use-cases-to-drive-customer-experience-success\"><div class=\"row align-items-center\"><div class=\"col-12 col-md-5 col-lg-6\"><div class=\"thumbnail-col thubmnail\"><img decoding=\"async\" src=\"https:\/\/www.genesys.com\/media\/AdobeStock_1083745441-scaled-e1734454435488.jpeg\" height=\"547\" width=\"1037\" alt=\"Ai, cx, customer experience, conversational ai, customer service, ai use cases\"><\/div><\/div><div class=\"col-12 col-md-7 col-lg-6\"><div class=\"card-body text-col ps-0\"><p class=\"assettag\">Blog<\/p><h3 class=\"item-title h6\">Praktische KI-Anwendungsf\u00e4lle zur Steigerung des Kundenerfolgs<\/h3><\/div><div class=\"card-footer text-end ps-0\"><div class=\"justify-content-end btn-container\"><div class=\"btn chevron small only btn-secondary\"><\/div><\/div><\/div><\/div><\/div><\/a><\/div><\/div><\/div><\/div>[\/vc_column][\/vc_row][\/vc_section][vc_section background_color=&#8220;bgc-white&#8220; flair=&#8220;%5B%7B%22flair_type%22%3A%22f_type_image%22%2C%22hide_mobile%22%3A%22yes%22%7D%5D&#8220;][vc_row el_class=&#8220;forced-modern&#8220;][vc_column]<a class=\"component-cta-block card w-100 h-100 bgc-glass centered cta-text-start  vc_custom_1747425181799\" role=\"button\" data-bs-toggle=\"modal\" aria-haspopup=\"true\" data-target=\"#getStartedBox\"  style=\"--ob-bg-mobile:url();\"  href=\"#getStartedBox\" target=\"\" rel=\"\"><div class=\"row align-items-center image-stack card-body\"><div class=\"col-content col-md-4\"><div class=\"content-container\"><h2 class=\"h3 text-balance\">Transformieren Sie noch heute Ihr Contact Center<\/h2>\n<p>Unsere Experten unterst\u00fctzen Sie gerne dabei, Ihre vorhandenen Funktionen auf der Genesys Cloud-Plattform zu erweitern. Erfahren Sie, wie Sie die Produktivit\u00e4t steigern, Abl\u00e4ufe optimieren und die Zufriedenheit Ihrer Kunden und Mitarbeiter verbessern k\u00f6nnen. Mit Genesys k\u00f6nnen Sie L\u00f6sungen an Ihre Anforderungen anpassen und die volle Leistung Ihrer Plattform nutzen.<\/p>\n<\/div><div class=\" btn-container mt-2\"><div class=\"btn btn-primary\">Sprechen Sie mit einem Experten<\/div><\/div><\/div><\/div><\/a><style type='text\/css'>\r .forced-modern .component-cta-block .card-body { padding: 1rem 2.5rem; }\r <\/style>[\/vc_column][\/vc_row][\/vc_section]<\/p>\n<\/div>","protected":false},"excerpt":{"rendered":"<p>[vc_section background_color=&#8220;bgc-lgray&#8220; flair=&#8220;%5B%7B%22flair_type%22%3A%22f_type_image%22%2C%22hide_mobile%22%3A%22yes%22%7D%5D&#8220;][vc_row equal_height=&#8220;yes&#8220; content_placement=&#8220;middle&#8220;][vc_column width=&#8220;1\/2&#8243; offset=&#8220;vc_col-md-5&#8243;][vc_column_text css=&#8220;&#8220;] Stufen Sie Ihr Genesys Cloud Fachwissen hoch Erweitern Sie Ihr Plattformwissen mit sorgf\u00e4ltig ausgew\u00e4hlten Kursen, mit denen Sie Experte oder Expertin f\u00fcr Genesys Cloud werden k\u00f6nnen. [\/vc_column_text][\/vc_column][vc_column width=&#8220;1\/2&#8243; offset=&#8220;vc_col-md-offset-1 vc_col-md-6&#8243;][vc_single_image image=&#8220;571353&#8243; css=&#8220;&#8220; rounded_corners=&#8220;rounded&#8220;][\/vc_column][\/vc_row][\/vc_section][vc_section][vc_row][vc_column offset=&#8220;vc_col-md-5&#8243;][vc_column_text css=&#8220;&#8220;] W\u00e4hlen Sie Ihren Themenbereich aus Die Genesys Cloud Level Up-Serie bietet Ihnen [&hellip;]<\/p>\n","protected":false},"author":9,"featured_media":0,"parent":87403,"menu_order":0,"comment_status":"closed","ping_status":"closed","template":"","meta":{"_acf_changed":false,"footnotes":""},"class_list":["post-575383","page","type-page","status-publish","hentry"],"acf":[],"_links":{"self":[{"href":"https:\/\/www.genesys.com\/de-de\/wp-json\/wp\/v2\/pages\/575383","targetHints":{"allow":["GET"]}}],"collection":[{"href":"https:\/\/www.genesys.com\/de-de\/wp-json\/wp\/v2\/pages"}],"about":[{"href":"https:\/\/www.genesys.com\/de-de\/wp-json\/wp\/v2\/types\/page"}],"author":[{"embeddable":true,"href":"https:\/\/www.genesys.com\/de-de\/wp-json\/wp\/v2\/users\/9"}],"replies":[{"embeddable":true,"href":"https:\/\/www.genesys.com\/de-de\/wp-json\/wp\/v2\/comments?post=575383"}],"version-history":[{"count":5,"href":"https:\/\/www.genesys.com\/de-de\/wp-json\/wp\/v2\/pages\/575383\/revisions"}],"predecessor-version":[{"id":577330,"href":"https:\/\/www.genesys.com\/de-de\/wp-json\/wp\/v2\/pages\/575383\/revisions\/577330"}],"up":[{"embeddable":true,"href":"https:\/\/www.genesys.com\/de-de\/wp-json\/wp\/v2\/pages\/87403"}],"wp:attachment":[{"href":"https:\/\/www.genesys.com\/de-de\/wp-json\/wp\/v2\/media?parent=575383"}],"curies":[{"name":"wp","href":"https:\/\/api.w.org\/{rel}","templated":true}]}}