{"id":571510,"date":"2025-05-08T20:17:48","date_gmt":"2025-05-09T03:17:48","guid":{"rendered":"https:\/\/www.genesys.com\/ferrari"},"modified":"2025-05-13T08:49:29","modified_gmt":"2025-05-13T15:49:29","slug":"scuderiaferrari","status":"publish","type":"page","link":"https:\/\/www.genesys.com\/de-de\/scuderiaferrari","title":{"rendered":"Ferrari"},"content":{"rendered":"<div class=\"wpb-content-wrapper\"><p>[vc_section sec_modern_width=&#8220;enable&#8220; sec_advbg=&#8220;html5video&#8220; content_placement=&#8220;bottom&#8220; flair=&#8220;%5B%7B%22flair_type%22%3A%22f_type_video%22%2C%22flair_mp4%22%3A%22569332%22%2C%22flair_poster%22%3A%22569007%22%2C%22flair_width%22%3A%22100%25%22%2C%22flair_height%22%3A%22auto%22%2C%22flair_top%22%3A%2250%25%22%2C%22flair_left%22%3A%220%22%2C%22flair_transform%22%3A%22translateY(-50%25)%22%2C%22flair_classes%22%3A%22d-none%20d-xl-block%20d-lg-block%20d-md-block%22%2C%22hide_mobile%22%3A%22yes%22%7D%2C%7B%22flair_type%22%3A%22f_type_image%22%2C%22flair_image%22%3A%22569066%22%2C%22flair_width%22%3A%22100%25%22%2C%22flair_top%22%3A%220%22%2C%22flair_classes%22%3A%22d-block%20d-md-none%20d-lg-none%20d-xl-none%20no-lazy%22%2C%22hide_mobile%22%3A%22yes%22%7D%5D&#8220; css=&#8220;.vc_custom_1745862061975{margin-bottom: 12px !important;background-position: center !important;background-repeat: no-repeat !important;background-size: cover !important;}&#8220; el_class=&#8220;d-flex flex-column justify-content-center&#8220; sec_advbg_height=&#8220;100vh&#8220; sec_advbg_min_height=&#8220;308px&#8220; sec_advbg_max_height=&#8220;630px&#8220;][vc_row content_placement=&#8220;middle&#8220; r_advbg_height=&#8220;100%&#8220; el_class=&#8220;mt-5 mt-md-0&#8243;][vc_column background_color=&#8220;bgc-glass&#8220; width=&#8220;1\/2&#8243; el_class=&#8220;p-2 p-lg-4 mt-5 mt-md-0&#8243; offset=&#8220;vc_col-lg-4 vc_col-md-5&#8243;][vc_column_text css=&#8220;&#8220;]<\/p>\n<h1>Die n\u00e4chste Stufe des Erlebnisses<\/h1>\n<p class=\"text-22 mb-0\">Genesys und Scuderia Ferrari HP stehen beide f\u00fcr Innovation, Teamarbeit und die Weiterentwicklung ihrer Leistung.<\/p>\n<p>[\/vc_column_text][\/vc_column][\/vc_row][\/vc_section][vc_section sec_modern_width=&#8220;enable&#8220; flair=&#8220;%5B%7B%22flair_type%22%3A%22f_type_image%22%2C%22hide_mobile%22%3A%22yes%22%7D%5D&#8220; css=&#8220;.vc_custom_1746114077002{background: #000000 url(https:\/\/www.genesys.com\/media\/genesys-wave-left-big-e1745870571590.png?id=569006) !important;background-position: center !important;background-repeat: no-repeat !important;background-size: cover !important;}&#8220;][vc_row equal_height=&#8220;yes&#8220; el_class=&#8220;justify-content-center&#8220;][vc_column background_color=&#8220;bgc-glass&#8220; width=&#8220;2\/3&#8243; offset=&#8220;vc_col-sm-offset-2&#8243; el_class=&#8220;p-2 p-lg-4&#8243;][vc_single_image image=&#8220;569056&#8243; alignment=&#8220;center&#8220; css=&#8220;&#8220; si_max_width=&#8220;476px&#8220; el_class=&#8220;mb-2&#8243;][vc_column_text css=&#8220;&#8220;]<\/p>\n<p class=\"text-24\" style=\"text-align: center;\">Genesys und Scuderia Ferrari HP blicken beide nach vorne und nutzen zukunftstr\u00e4chtige Daten und Technologien. Wie Formel-1-Teams erleben auch erfolgreiche Unternehmen Ver\u00e4nderungen. Wer nicht voranschreitet, f\u00e4llt zur\u00fcck. Diese Denkweise gilt auch f\u00fcr das Kundenerlebnis, bei dem Innovation und Exzellenz von entscheidender Bedeutung sind.<\/p>\n<p class=\"text-24 mb-0\" style=\"text-align: center;\">Wir bei Genesys setzen uns daf\u00fcr ein, das Kundenerlebnis zu revolutionieren. Wir unterst\u00fctzen Unternehmen dabei, herk\u00f6mmliche Grenzen zu durchbrechen und innerhalb der Erlebniswirtschaft beispiellose Erfolge zu erzielen.<\/p>\n<p>[\/vc_column_text][\/vc_column][\/vc_row][\/vc_section][vc_section flair=&#8220;%5B%7B%22hide_mobile%22%3A%22yes%22%7D%5D&#8220;][vc_row equal_height=&#8220;yes&#8220; content_placement=&#8220;middle&#8220;][vc_column width=&#8220;1\/2&#8243; offset=&#8220;vc_col-sm-offset-3&#8243;][vc_column_text css=&#8220;&#8220;]<\/p>\n<h2 class=\"h3\" style=\"text-align: center;\">Die n\u00e4chste Stufe der Erlebnisse<\/h2>\n<p style=\"text-align: center;\">Elite-Athleten und -Teams geben alles und stehen immer vor der n\u00e4chsten Herausforderung. Die Fahrer von Scuderia Ferrari HP Lewis Hamilton und Charles Leclerc sind da keine Ausnahme. Sie sind stets auf der Suche nach neuen Erlebnissen, entwickeln sich st\u00e4ndig weiter und setzen neue M\u00f6glichkeiten um.<\/p>\n<p>[\/vc_column_text][\/vc_column][\/vc_row][vc_row][vc_column width=&#8220;1\/2&#8243;]<div class=\"genesys-image align-center play-button\"><a class=\"video-lightbox\" href=\"https:\/\/www.youtube.com\/embed\/zwCZNeaZ08E?rel=0\"><img decoding=\"async\" src=\"https:\/\/www.genesys.com\/media\/lewis-hamilton_video-thumb.jpg\" alt=\"Lewis hamilton video thumb\" width=\"792\" height=\"445\" class=\"rounded-xs\"\/><div class=\"video-backdrop\"><\/div><div class=\"play-btn bgc-white rounded d-flex align-items-center justify-content-center\"><div class=\"play-icon d-flex align-items-center justify-content-center\"><i class=\"fa-kit fa-play\"><\/i><\/div><div class=\"play-label ms-1\"><p class=\"mb-0 play-title\">Abspielen<\/p><\/div><\/div><\/a><\/div>[\/vc_column][vc_column width=&#8220;1\/2&#8243;]<div class=\"genesys-image align-center play-button\"><a class=\"video-lightbox\" href=\"https:\/\/www.youtube.com\/embed\/FaPCdQG206Y?rel=0\"><img decoding=\"async\" src=\"https:\/\/www.genesys.com\/media\/charles-leclerc_video-thumb.jpg\" alt=\"Charles leclerc video thumb\" width=\"792\" height=\"445\" class=\"rounded-xs\"\/><div class=\"video-backdrop\"><\/div><div class=\"play-btn bgc-white rounded d-flex align-items-center justify-content-center\"><div class=\"play-icon d-flex align-items-center justify-content-center\"><i class=\"fa-kit fa-play\"><\/i><\/div><div class=\"play-label ms-1\"><p class=\"mb-0 play-title\">Abspielen<\/p><\/div><\/div><\/a><\/div>[\/vc_column][\/vc_row][\/vc_section][vc_section sec_modern_width=&#8220;enable&#8220; background_color=&#8220;bgc-lgray&#8220; flair=&#8220;%5B%7B%22flair_type%22%3A%22f_type_image%22%2C%22hide_mobile%22%3A%22yes%22%7D%5D&#8220; css=&#8220;.vc_custom_1741334671940{background-image: url(https:\/\/www.genesys.com\/media\/Threads-Right-Wave.png?id=549945) !important;}&#8220; el_class=&#8220;px-0 py-2 px-md-5 py-md-5&#8243; el_id=&#8220;demo&#8220;][vc_row background_color=&#8220;bgc-glass&#8220; content_placement=&#8220;middle&#8220; el_class=&#8220;form-card&#8220;][vc_column width=&#8220;5\/12&#8243;][vc_column_text css=&#8220;&#8220;]<\/p>\n<h2>Geben Sie Ihrem Team die n\u00f6tigen Tools an die Hand, um erstklassige Kunden- und Mitarbeitererlebnisse zu bieten<\/h2>\n<p>Sehen Sie sich unsere gesamten Funktionen mit verschiedenen Optionen zum Durchklicken an.[\/vc_column_text][\/vc_column][vc_column width=&#8220;1\/2&#8243; offset=&#8220;vc_col-sm-offset-1&#8243;]<div class=\"eloq_form elq-container gmkto_form_type_hot gmkto_format_vertical\"><form method=\"post\" name=\"MasterLeadIntakeForm\" action=\"https:\/\/s1260946616.t.eloqua.com\/e\/f2\" data-proc=\"inline\" data-ppcount=\"5\" onsubmit=\"return proc_submit(this);\" class=\"beam-form elq-form init no-bg-form yesknown yesprefill yespp strict-check\"  data-target=\".thank-you\" ><div id=\"known_person\" style=\"display:none;\"><p class=\"welcome_user\"><span id=\"welcome_person\">Willkommen zur\u00fcck<\/span> <span id=\"person_info\"><span class=\"person_first\"><\/span>&nbsp;<span class=\"person_last\"><\/span><\/span><\/p><p class=\"delete_button\"><a class=\"deletemyrecord\">Nicht du?<\/a><\/p><\/div><input value=\"MasterLeadIntakeForm\" type=\"hidden\" name=\"elqFormName\"><input value=\"1260946616\" type=\"hidden\" name=\"elqSiteId\"><input name=\"elqCampaignId\" type=\"hidden\"><input type=\"hidden\" name=\"elqCustomerGUID\" value=\"\"><input type=\"hidden\" name=\"elqCookieWrite\" value=\"0\"><input type=\"hidden\" name=\"client_ip_address\" id=\"fe449\" value=\"\"><div class=\"fields\"><input type=\"hidden\" name=\"CID\" id=\"fe198\" value=\"7010d000001KeaxAAC\"><input type=\"hidden\" name=\"CID_STATUS\" id=\"fe281\" value=\"\"><input type=\"hidden\" name=\"redirect_url\" id=\"fe217\" value=\"\"><input type=\"hidden\" name=\"landing_page_url\" id=\"fe204\" value=\"https:\/\/www.genesys.com\/de-de\/wp-json\/wp\/v2\/pages\/571510\"><input type=\"hidden\" name=\"post_type\" id=\"fe448\" value=\"page\"><input type=\"hidden\" name=\"integration\" id=\"fe362\" value=\"\"><input type=\"hidden\" name=\"language_code\" id=\"fe479\" value=\"de-de\"><input type=\"hidden\" name=\"full_url\" id=\"fe983\" value=\"https:\/\/www.genesys.com\/de-de\/wp-json\/wp\/v2\/pages\/571510\"><input type=\"hidden\" name=\"post_id\" id=\"fe984\" value=\"571510\">\n    <div class=\"form-row row-email el_field form-floating\">\n        <input type=\"email\" class=\"form-control el_field elq-item-input required\" name=\"emailAddress\" id=\"fe192\" value=\"\" aria-label=\"Gesch\u00e4ftliche E-Mail\" placeholder=\"Gesch\u00e4ftliche E-Mail\">\n        <label for=\"fe192\">Gesch\u00e4ftliche E-Mail<span class=\"required-asterisk\">*<\/span><\/label>\n    <\/div>\n    <div class=\"form-row cb_available el_field form-floating\">\n        <input type=\"text\" class=\"form-control el_field elq-item-input cb_available  required\" name=\"firstName\" id=\"fe190\" value=\"\" placeholder=\"Vorname\">\n        <label for=\"fe190\">Vorname<span class=\"required-asterisk\">*<\/span><\/label>\n    <\/div>\n    <div class=\"form-row cb_available el_field form-floating\">\n        <input type=\"text\" class=\"form-control el_field elq-item-input cb_available required\" name=\"lastName\" id=\"fe191\" value=\"\" placeholder=\"Nachname\">\n        <label for=\"fe191\">Nachname<span class=\"required-asterisk\">*<\/span><\/label>\n    <\/div>\n    <div class=\"form-row form-floating el_field\">\n        <input type=\"tel\" class=\"form-control el_field elq-item-input required pre-exclude\" name=\"busPhone\" id=\"fe215\" value=\"\" placeholder=\"Telefon\">\n        <label for=\"fe215\">Telefon<span class=\"required-asterisk\">*<\/span><\/label>\n    <\/div>\n    <div class=\"form-row cb_available eloq_ppe el_field form-floating\">\n        <select class=\"form-select el_field elq-item-select cb_available required eloq_ppe\" id=\"fe219\" name=\"jobLevel1\" data-value=\"\">\n            <option selected=\"\" value=\"\"><\/option><option value=\"C-Level\">Vorstand<\/option><option value=\"VP\">VP<\/option><option value=\"Director\">Director<\/option><option value=\"Manager\">Manager<\/option><option value=\"Principal\">Federf\u00fchrender Partner<\/option><option value=\"Engineer \/ Architect\">Ingenieur\/Architekt<\/option><option value=\"Consultant\">Berater<\/option><option value=\"Analyst\">Analyst<\/option><option value=\"Partner\">Partner<\/option><option value=\"Staff\">Mitarbeiter<\/option><option value=\"Unknown\">Unbekannt<\/option>\n        <\/select>\n        <label for=\"fe219\">Position<span class=\"required-asterisk\">*<\/span><\/label>\n    <\/div>\n    <div class=\"form-row cb_available eloq_ppe el_field form-floating\">\n        <select class=\"form-select el_field elq-item-select cb_available required eloq_ppe\" id=\"fe218\" name=\"jobFunction1\" data-value=\"\">\n            <option selected=\"\" value=\"\"><\/option>\n            <option value=\"Claims\">Forderungen<\/option><option value=\"Collections\">Forderungsmanagement<\/option><option value=\"Contact Center Management\">Contact Center-Management<\/option><option value=\"Customer Experience\">Customer\u00a0Experience<\/option><option value=\"Customer Service\">Kundenservice<\/option><option value=\"Ecommerce\/Digital Channels\">E-Commerce\/digitale Kan\u00e4le<\/option><option value=\"Finance\">Finanzen<\/option><option value=\"Human Resources\">Personalwesen<\/option><option value=\"Influencer\">Influencer<\/option><option value=\"Information Technology\">IT<\/option><option value=\"IT Architecture\">IT-Architektur<\/option><option value=\"IT Infrastructure\">IT-Infrastruktur<\/option><option value=\"IVR\">IVR<\/option><option value=\"Marketing\">Marketing<\/option><option value=\"Operations \/ Process Management\">Betriebs-\/Prozessmanagement<\/option><option value=\"Production Management\">Produktionsleitung<\/option><option value=\"Purchasing\">Kauf<\/option><option value=\"Sales\">Vertrieb<\/option><option value=\"Unknown\">Unbekannt<\/option>\n        <\/select>\n        <label for=\"fe218\">Anwendungsbereiche<span class=\"required-asterisk\">*<\/span><\/label>\n    <\/div>\n    <div class=\"form-row cb_available eloq_ppe el_field form-floating\">\n        <input type=\"text\" class=\"form-control el_field elq-item-input cb_available required eloq_ppe\" name=\"company\" id=\"fe193\" value=\"\" placeholder=\"Unternehmensname\">\n        <label for=\"fe193\">Unternehmensname<span class=\"required-asterisk\">*<\/span><\/label>\n    <\/div>\n    <div class=\"form-row cb_available eloq_ppe el_field form-floating\">\n        <select class=\"form-select el_field elq-item-select cb_available required eloq_ppe\" id=\"fe194\" name=\"country\" data-value=\"\">\n            <option value=\"\"><\/option>\n            <!-- Add country options here -->\n        <\/select>\n        <label for=\"fe194\">Land<span class=\"required-asterisk\">*<\/span><\/label>\n    <\/div>\n    <div class=\"form-row cb_available country_dep el_field form-floating\">\n        <select class=\"form-select el_field elq-item-select cb_available required eloq_ppe\" id=\"fe214\" name=\"stateProv\" data-value=\"\">\n            <option selected=\"\" value=\"\"><\/option>\n        <\/select>\n        <label for=\"fe214\">State\/Province<span class=\"required-asterisk\">*<\/span><\/label>\n    <\/div>\n    <div class=\"form-row cb_available eloq_ppe el_field form-floating\">\n        <input type=\"text\" class=\"form-control el_field elq-item-input cb_available required eloq_ppe\" name=\"website1\" id=\"fe801\" value=\"\" placeholder=\"Ihre Website\">\n        <label for=\"fe801\">Ihre Website<span class=\"required-asterisk\">*<\/span><\/label>\n    <\/div>\n    <div class=\"form-row cb_available eloq_ppe el_field form-floating\">\n        <input type=\"text\" class=\"form-control el_field elq-item-input cb_available required eloq_ppe\" name=\"city\" id=\"fe226\" value=\"\" placeholder=\"Stadt\">\n        <label for=\"fe226\">Stadt<span class=\"required-asterisk\">*<\/span><\/label>\n    <\/div>\n    <div class=\"form-row cb_available eloq_ppe el_field form-floating\">\n        <input type=\"text\" class=\"form-control el_field elq-item-input cb_available required eloq_ppe\" name=\"title\" id=\"fe220\" value=\"\" placeholder=\"Jobtitel\">\n        <label for=\"fe220\">Jobtitel<span class=\"required-asterisk\">*<\/span><\/label>\n    <\/div>\n    <div class=\"form-row cb_available eloq_ppe el_field form-floating\">\n        <select class=\"form-select el_field elq-item-select cb_available required eloq_ppe\" id=\"fe221\" name=\"industry1\" data-value=\"\">\n            <option value=\"\" ><\/option>\n            <option value=\"Banking\">Bankwesen<\/option><option value=\"Business Services\">Unternehmensdienstleistungen<\/option><option value=\"Capital Markets\">Capital Markets<\/option><option value=\"Communications\">Communications<\/option><option value=\"Consumer Products\">Consumer Products<\/option><option value=\"Defense & Intelligence\">Defense & Intelligence<\/option><option value=\"Education & Non-Profit\">Education & Non-Profit<\/option><option value=\"Energy & Utilities\">Energie- und Versorgungsunternehmen<\/option><option value=\"Entertainment\">Unterhaltungsbranche<\/option><option value=\"Government\">Beh\u00f6rden<\/option><option value=\"Insurance\">Versicherungen<\/option><option value=\"Life Sciences\">Life Sciences<\/option><option value=\"Logistics\">Logistics<\/option><option value=\"Manufacturing\">Manufacturing<\/option><option value=\"Payors\">Payors<\/option><option value=\"Providers\">Providers<\/option><option value=\"Retailers\">Retailers<\/option><option value=\"Technology\">Technologie<\/option><option value=\"Travel & Hospitality\">Travel & Hospitality<\/option><option value=\"Retail Banking\">Retail Banking<\/option><option value=\"Other\">Sonstige<\/option>\n        <\/select>\n        <label for=\"fe221\">Branche<span class=\"required-asterisk\">*<\/span><\/label>\n    <\/div>\n    <div class=\"form-row cb_available eloq_ppe el_field form-floating\">\n        <select class=\"form-select el_field elq-item-select cb_available required eloq_ppe\" id=\"fe222\" name=\"levelofInterest1\" data-value=\"\">\n            <option value=\"\"><\/option>\n            <option value=\"Just researching\">\u2026 informiere mich nur<\/option><option value=\"Gathering business requirements\">\u2026 recherchiere die Anforderungen<\/option><option value=\"Comparing solutions\">\u2026 vergleiche L\u00f6sungen<\/option><option value=\"Ready for a conversation\">\u2026 bin an einem Gespr\u00e4ch interessiert<\/option>\n        <\/select>\n        <label for=\"fe222\">Ich \u2026<span class=\"required-asterisk\">*<\/span><\/label>\n    <\/div>\n    <div class=\"form-row cb_available eloq_ppe el_field form-floating\">\n        <select class=\"form-select el_field elq-item-select cb_available required eloq_ppe\" id=\"fe225\" name=\"numberofAgentsForm1\" data-value=\"\">\n            <option value=\"\"><\/option>\n            <option value=\"1-20\">1-20<\/option><option value=\"21-50\">21\u201350<\/option><option value=\"51-100\">51\u2013100<\/option><option value=\"101-300\">101\u2013300<\/option><option value=\"301-500\">301\u2013500<\/option><option value=\"501-1000\">501\u20131000<\/option><option value=\">1000\">&gt;1000<\/option><option value=\"No Contact Center\">Kein Contact\u00a0Center<\/option><option value=\"Don't Know\">Ich wei\u00df es nicht<\/option>\n        <\/select>\n        <label for=\"fe225\">Anzahl der Arbeitspl\u00e4tze im Contact Center<span class=\"required-asterisk\">*<\/span><\/label>\n    <\/div><div class=\"form-check single-checkbox-row form-row gdpr-field white-box required\"><input type=\"checkbox\" class=\"el_field eloq_ppe\" name=\"explicitConsentEmailPhone\" id=\"fe224\" val=\"\"><label class=\"checkbox-aligned elq-item-label\" for=\"fe224\">Ja. Ich m\u00f6chte per E-Mail oder Telefon \u00fcber Neuigkeiten zu Genesys auf dem Laufenden gehalten werden.<\/label><\/div><div class=\"single-checkbox-row form-row white-box \"><input type=\"checkbox\" class=\"el_field eloq_ppe\" name=\"contactMe\" id=\"fe509\" val=\"\"><label class=\"checkbox-aligned elq-item-label\" for=\"fe509\">Ich h\u00e4tte es gern, dass mich jemand kontaktiert.<\/label><\/div><input type=\"hidden\" data-query=\"utm_medium\" name=\"utm_medium\" id=\"fe199\" value=\"\"><input type=\"hidden\" data-query=\"utm_source\" name=\"utm_source\" id=\"fe200\" value=\"\"><input type=\"hidden\" data-query=\"utm_campaign\" name=\"utm_campaign\" id=\"fe201\" value=\"\"><input type=\"hidden\" data-query=\"utm_term\" name=\"utm_term\" id=\"fe202\" value=\"\"><input type=\"hidden\" data-query=\"utm_content\" name=\"utm_content\" id=\"fe203\" value=\"\"><input type=\"hidden\" data-query=\"ost_tool\" name=\"ost_tool\" id=\"fe293\" value=\"\"><input type=\"hidden\" data-query=\"ost_campaign\" name=\"ost_campaign\" id=\"fe294\" value=\"\"><input type=\"hidden\" data-query=\"ost_content\" name=\"ost_content\" id=\"fe295\" value=\"\"><input type=\"hidden\" data-query=\"blaid\" name=\"eloquaBLAID_c\" id=\"fe3099\" value=\"\"><input type=\"hidden\" data-query=\"gclid\" name=\"gCLID1\" id=\"fe283\" value=\"\"><input type=\"hidden\" data-query=\"mkwid\" name=\"mKWID1\" id=\"fe678\" value=\"\"><input type=\"hidden\" name=\"gAClientID1\" id=\"fe284\" value=\"\"><input type=\"hidden\" name=\"noteCreatorTitle1\" id=\"fe313\" value=\"\"><input type=\"hidden\" name=\"webContentAutoResponderDefault\" id=\"fe286\" value=\"Hot Lead\"><input type=\"hidden\" name=\"webContentAutoResponderTitle\" id=\"fe287\" value=\"\"><input type=\"hidden\" name=\"webContentAutoResponderURL\" id=\"fe288\" value=\"\"><input type=\"hidden\" name=\"noteCreator2\" id=\"fe478\" value=\"\"><input type=\"hidden\" class=\"yesprefill\" name=\"neverbounceResult1\" id=\"fe640\" value=\"OFF\"><input type=\"hidden\" class=\"yesprefill\" name=\"neverbounceFlags1\" id=\"fe641\" value=\"OFF\"><input type=\"hidden\" class=\"yesprefill\" name=\"neverbounceSuggestedCorrection1\" id=\"fe642\" value=\"6sense\"><input type=\"hidden\" name=\"clearbitPersonID1\" id=\"fe630\" value=\"\"><input type=\"hidden\" name=\"clearbitFieldCount1\" id=\"fe633\" value=\"\"><input type=\"hidden\" name=\"clearbitTitle1\" id=\"fe646\" value=\"\"><input type=\"hidden\" name=\"clearbitRole1\" id=\"fe631\" value=\"\"><input type=\"hidden\" name=\"clearbitNumberofEmployees1\" id=\"fe647\" value=\"\"><input type=\"hidden\" name=\"clearbitNumberofEmployeesRange1\" id=\"fe648\" value=\"\"><input type=\"hidden\" name=\"clearbitWebsite1\" id=\"fe802\" value=\"\"><input type=\"hidden\" name=\"browserUserAgent\" id=\"fe3319\" value=\"\"><input type=\"text\" class=\"honeypp\" name=\"honeypp\" id=\"honeypp\" value=\"\" ><input role=\"button\" aria-label=\"Demo anfordern\" type=\"Submit\" class=\"submit-button-style btn btn-primary \" value=\"Demo anfordern\" id=\"fe195\"><div class=\"loading\"><\/div><div class=\"gdpr-field form-row white-box legal\"><span>Durch die Bereitstellung Ihrer Informationen erkl\u00e4ren Sie sich mit unseren <a href=\"https:\/\/www.genesys.com\/de-de\/company\/legal-docs\/datenschutzerklaerung\" target=\"_blank\">Datenschutzbestimmungen<\/a> einverstanden<\/span><\/div><\/div><\/form><\/div>[vc_column_text css=&#8220;&#8220; el_class=&#8220;thank-you&#8220;]<\/p>\n<p class=\"h4\">Vielen Dank f\u00fcr Ihr Interesse.<\/p>\n<p>Wir melden uns direkt bei Ihnen, um einen f\u00fcr Sie passenden Termin zu vereinbaren.[\/vc_column_text][\/vc_column][\/vc_row][\/vc_section]<\/p>\n<\/div>","protected":false},"excerpt":{"rendered":"<p>[vc_section sec_modern_width=&#8220;enable&#8220; sec_advbg=&#8220;html5video&#8220; content_placement=&#8220;bottom&#8220; flair=&#8220;%5B%7B%22flair_type%22%3A%22f_type_video%22%2C%22flair_mp4%22%3A%22569332%22%2C%22flair_poster%22%3A%22569007%22%2C%22flair_width%22%3A%22100%25%22%2C%22flair_height%22%3A%22auto%22%2C%22flair_top%22%3A%2250%25%22%2C%22flair_left%22%3A%220%22%2C%22flair_transform%22%3A%22translateY(-50%25)%22%2C%22flair_classes%22%3A%22d-none%20d-xl-block%20d-lg-block%20d-md-block%22%2C%22hide_mobile%22%3A%22yes%22%7D%2C%7B%22flair_type%22%3A%22f_type_image%22%2C%22flair_image%22%3A%22569066%22%2C%22flair_width%22%3A%22100%25%22%2C%22flair_top%22%3A%220%22%2C%22flair_classes%22%3A%22d-block%20d-md-none%20d-lg-none%20d-xl-none%20no-lazy%22%2C%22hide_mobile%22%3A%22yes%22%7D%5D&#8220; css=&#8220;.vc_custom_1745862061975{margin-bottom: 12px !important;background-position: center !important;background-repeat: no-repeat !important;background-size: cover !important;}&#8220; el_class=&#8220;d-flex flex-column justify-content-center&#8220; sec_advbg_height=&#8220;100vh&#8220; sec_advbg_min_height=&#8220;308px&#8220; sec_advbg_max_height=&#8220;630px&#8220;][vc_row content_placement=&#8220;middle&#8220; r_advbg_height=&#8220;100%&#8220; el_class=&#8220;mt-5 mt-md-0&#8243;][vc_column background_color=&#8220;bgc-glass&#8220; width=&#8220;1\/2&#8243; el_class=&#8220;p-2 p-lg-4 mt-5 mt-md-0&#8243; offset=&#8220;vc_col-lg-4 vc_col-md-5&#8243;][vc_column_text css=&#8220;&#8220;] Die n\u00e4chste Stufe des Erlebnisses Genesys und Scuderia Ferrari HP stehen beide f\u00fcr Innovation, Teamarbeit und die Weiterentwicklung ihrer Leistung. [\/vc_column_text][\/vc_column][\/vc_row][\/vc_section][vc_section sec_modern_width=&#8220;enable&#8220; [&hellip;]<\/p>\n","protected":false},"author":15,"featured_media":0,"parent":0,"menu_order":0,"comment_status":"closed","ping_status":"closed","template":"","meta":{"_acf_changed":false,"footnotes":""},"class_list":["post-571510","page","type-page","status-publish","hentry"],"acf":[],"_links":{"self":[{"href":"https:\/\/www.genesys.com\/de-de\/wp-json\/wp\/v2\/pages\/571510","targetHints":{"allow":["GET"]}}],"collection":[{"href":"https:\/\/www.genesys.com\/de-de\/wp-json\/wp\/v2\/pages"}],"about":[{"href":"https:\/\/www.genesys.com\/de-de\/wp-json\/wp\/v2\/types\/page"}],"author":[{"embeddable":true,"href":"https:\/\/www.genesys.com\/de-de\/wp-json\/wp\/v2\/users\/15"}],"replies":[{"embeddable":true,"href":"https:\/\/www.genesys.com\/de-de\/wp-json\/wp\/v2\/comments?post=571510"}],"version-history":[{"count":5,"href":"https:\/\/www.genesys.com\/de-de\/wp-json\/wp\/v2\/pages\/571510\/revisions"}],"predecessor-version":[{"id":572136,"href":"https:\/\/www.genesys.com\/de-de\/wp-json\/wp\/v2\/pages\/571510\/revisions\/572136"}],"wp:attachment":[{"href":"https:\/\/www.genesys.com\/de-de\/wp-json\/wp\/v2\/media?parent=571510"}],"curies":[{"name":"wp","href":"https:\/\/api.w.org\/{rel}","templated":true}]}}