{"id":497155,"date":"2023-10-01T10:19:51","date_gmt":"2023-10-01T17:19:51","guid":{"rendered":"https:\/\/www.genesys.com\/der-experience-index-von-genesys"},"modified":"2023-11-03T00:48:55","modified_gmt":"2023-11-03T07:48:55","slug":"experience-index","status":"publish","type":"page","link":"https:\/\/www.genesys.com\/de-de\/experience-index","title":{"rendered":"Der Experience Index von Genesys"},"content":{"rendered":"<div class=\"wpb-content-wrapper\"><p>[vc_section background_color=&#8220;bgc-teal&#8220; m_background_color=&#8220;bgc-navy&#8220; flair=&#8220;%5B%7B%22flair_image%22%3A%22494799%22%2C%22flair_width%22%3A%22100%25%22%2C%22flair_height%22%3A%22100%25%22%2C%22flair_top%22%3A%220%22%2C%22flair_left%22%3A%220%22%2C%22flair_bgc%22%3A%22%23ffffff%22%2C%22hide_mobile%22%3A%22yes%22%7D%5D&#8220; css=&#8220;.vc_custom_1696892906532{padding-top: 8rem !important;padding-bottom: 8rem !important;}&#8220;][vc_row content_placement=&#8220;middle&#8220;][vc_column width=&#8220;1\/2&#8243;][vc_column_text]<\/p>\n<h1>Der Experience Index von Genesys<\/h1>\n<p>Ein neuer, personenbezogener und umsetzbarer Ansatz zum Messen, Benchmarken und Verbessern von Erfahrungen.[\/vc_column_text]<div class=\"btn-container  \"><a role=\"button\"  class=\"btn btn-primary\" href=\"https:\/\/appfoundry.genesys.com\/filter\/genesyscloud\/listing\/86813f27-33e4-4d84-8646-1cdc838f88d4\" target=\"_blank\" rel=\"\">Angebot ansehen<\/a><\/div>[\/vc_column][vc_column width=&#8220;1\/2&#8243; offset=&#8220;vc_hidden-xs&#8220;][vc_single_image image=&#8220;494798&#8243; alignment=&#8220;center&#8220;][\/vc_column][\/vc_row][\/vc_section][vc_section flair=&#8220;%5B%7B%22flair_image%22%3A%22385690%22%2C%22flair_width%22%3A%22100%25%22%2C%22flair_height%22%3A%22100%25%22%2C%22flair_top%22%3A%220%22%2C%22flair_left%22%3A%220%22%2C%22hide_mobile%22%3A%22yes%22%7D%5D&#8220;][vc_row][vc_column][vc_column_text]<\/p>\n<h2 style=\"text-align: center;\">Das ungenutzte Potenzial Ihres Unternehmens entdecken<\/h2>\n<p style=\"text-align: center;\">Die Erfahrungen Ihres Unternehmens zu steuern, ist eine nahezu unm\u00f6gliche Aufgabe. Traditionelle Ans\u00e4tze weisen Defizite in drei Kernbereichen auf.<\/p>\n<p>[\/vc_column_text][\/vc_column][\/vc_row][vc_row equal_height=&#8220;yes&#8220;][vc_column width=&#8220;1\/3&#8243;]<div class=\"component card w-100 bgc-white vertical text-start   chevron-only has-card-header  \" ><div class=\"card-header p-1 bgc-light-blue \" style=\"min-height:154px;\"><p class=\"font-swb h1 mb-0 text-center\">1<\/p>\n<p class=\"h3 mb-0 text-center\">Innerbetriebliche Messung<\/p><\/div><div class=\"card-body\"><p style=\"text-align: center;\">Kennzahlen wie Kundenzufriedenheit (CSAT), Net Promoter Score (NPS) und Customer Effort Score (CES) liefern nicht immer die passenden Antworten. Und sie k\u00f6nnen vermuten lassen, was f\u00fcr den Erfahrungsempf\u00e4nger wichtig ist.<\/p>\n<\/div><\/div>[\/vc_column][vc_column width=&#8220;1\/3&#8243;]<div class=\"component card w-100 bgc-white vertical text-start   chevron-only has-card-header  \" ><div class=\"card-header p-1 bgc-light-blue \" style=\"min-height:154px;\"><p class=\"font-swb h1 mb-0 text-center\">2<\/p>\n<p class=\"h3 mb-0 text-center\">Isolierte Datenerfassung<\/p>\n<\/div><div class=\"card-body\"><p style=\"text-align: center;\">Klassische Ans\u00e4tze beziehen sich oft auf die Transaktionsebene und decken nicht die gesamte Customer Journey ab. Ein einziger Kontaktpunkt ist nicht unbedingt repr\u00e4sentativ f\u00fcr die Stimmung und kann tats\u00e4chliche Probleme unentdeckt lassen.<\/p>\n<\/div><\/div>[\/vc_column][vc_column width=&#8220;1\/3&#8243;]<div class=\"component card w-100 bgc-white vertical text-start   chevron-only has-card-header  \" ><div class=\"card-header p-1 bgc-light-blue \" style=\"min-height:154px;\"><p class=\"font-swb h1 mb-0 text-center\">3<\/p>\n<p class=\"h3 mb-0 text-center\">Nicht eindeutige Erkenntnisse<\/p><\/div><div class=\"card-body\"><p style=\"text-align: center;\">Wenn man sich auf einzelne Aussagen ohne eingehende Analyse verl\u00e4sst, erh\u00e4lt man keine klare Vorstellung davon, wie man sich verbessern kann. Dadurch kann es schwierig und zeitaufw\u00e4ndig sein, Erfahrungskennzahlen mit KPIs zu verkn\u00fcpfen und gesch\u00e4ftliche Verbesserungen vorzunehmen.<\/p>\n<\/div><\/div>[\/vc_column][\/vc_row][\/vc_section][vc_section][vc_row][vc_column][vc_column_text]<\/p>\n<h3 style=\"text-align: center;\">Mit dem Experience Index einen wettbewerbsf\u00e4higen, forschungsbasierten Vorteil erzielen<\/h3>\n<p style=\"text-align: center;\">Die Orchestrierung von Erfahrungen steht bei Genesys im Mittelpunkt. Um Erfahrungen orchestrieren zu k\u00f6nnen, muss man sie verstehen. Seit Jahren nutzen wir den Experience Index<sup>\u2122<\/sup> von Genesys, um unsere Interaktion mit Kunden und Mitarbeitern zu optimieren. Jetzt stellen wir diese Methode zur Verf\u00fcgung, um allen Unternehmen zu helfen, unvergessliche Kundenerlebnisse zu schaffen und Loyalit\u00e4t aufzubauen.<\/p>\n<p>[\/vc_column_text][vc_single_image image=&#8220;494800&#8243; alignment=&#8220;center&#8220; el_class=&#8220;mt-2&#8243;][\/vc_column][\/vc_row][vc_row][vc_column width=&#8220;1\/3&#8243;]<div class=\"component icon-list w-100  vertical text-start\"><h4 style=\"text-align: center;\">Personenbezogen<\/h4>\n<p style=\"text-align: center;\">Der Experience Index stellt den Menschen in den Mittelpunkt. Fachexperten haben Hunderte von Interviews und Fokusgruppen durchgef\u00fchrt, um zu verstehen, was bei den jeweiligen Erlebnissen f\u00fcr bestimmte Zielgruppen wichtig ist.<\/p>\n<\/div>[\/vc_column][vc_column width=&#8220;1\/3&#8243;]<div class=\"component icon-list w-100  vertical text-start\"><h4 style=\"text-align: center;\">Umfassend<\/h4>\n<p style=\"text-align: center;\">Der Experience Index geht auf die wichtigsten Aspekte in jeder Phase des Erlebnisses ein. Diese Methode unterst\u00fctzt Mitarbeiter von der Rekrutierung bis zum Offboarding und Kunden von der Wahrnehmung bis hin zur Loyalit\u00e4t.<\/p>\n<\/div>[\/vc_column][vc_column width=&#8220;1\/3&#8243;]<div class=\"component icon-list w-100  vertical text-start\"><h4 style=\"text-align: center;\">Umsetzbare Benchmarks<\/h4>\n<p style=\"text-align: center;\">Erhalten Sie Daten \u00fcber Unternehmensfunktionen, Kan\u00e4le, Aspekte der Erfahrung und mehr. Erfahren Sie, wie Sie im Vergleich zu anderen Unternehmen abschneiden, bleiben Sie den Branchentrends voraus und liefern Sie das, was f\u00fcr Kunden und Mitarbeiter wichtig ist.<\/p>\n<\/div>[\/vc_column][\/vc_row][\/vc_section][vc_section background_color=&#8220;bgc-lgray&#8220; flair=&#8220;%5B%7B%22hide_mobile%22%3A%22yes%22%7D%5D&#8220;][vc_row][vc_column][vc_column_text]<\/p>\n<h3 style=\"text-align: center;\">Genau erkennen, was f\u00fcr Mitarbeiter und Kunden verbessert werden sollte<\/h3>\n<p style=\"text-align: center;\">Lassen Sie sich anhand unserer Branchen-Benchmarks wertvolle Einblicke in Ihr Unternehmen geben, so wie es auch hier der Fall war:<\/p>\n<p>[\/vc_column_text][\/vc_column][\/vc_row][vc_row][vc_column width=&#8220;1\/3&#8243;]<div class=\"component icon-list w-100  vertical text-start\"><h4 style=\"text-align: center;\">Remote-Mitarbeiter erleben Systemherausforderungen<\/h4>\n<p style=\"text-align: center;\">Remote-Mitarbeiter in den USA bewerteten ihre Erfahrungen mit Kundeninteraktionen im Vergleich zum Benchmark um sechs Punkte schlechter. Dies ist vor allem darauf zur\u00fcckzuf\u00fchren, dass nicht alle zur Unterst\u00fctzung der Kunden ben\u00f6tigten Informationen an einem Ort oder in einem System verf\u00fcgbar sind.<\/p>\n<\/div>[\/vc_column][vc_column width=&#8220;1\/3&#8243;]<div class=\"component icon-list w-100  vertical text-start\"><h4 style=\"text-align: center;\">Hybride Mitarbeiter schneiden bei der eigenen Entwicklung besser ab<\/h4>\n<p style=\"text-align: center;\">In Bezug auf die berufliche Entwicklung erzielten hybride Mitarbeiter die h\u00f6chsten Gesamtpunktzahlen. Die Zeit, die f\u00fcr Schulungen zur Verf\u00fcgung steht, lag vier Punkte \u00fcber dem Benchmark, und bei hybriden Mitarbeitern fast acht Punkte h\u00f6her als bei externen.<\/p>\n<\/div>[\/vc_column][vc_column width=&#8220;1\/3&#8243;]<div class=\"component icon-list w-100  vertical text-start\"><h4 style=\"text-align: center;\">Sowohl Kunden als auch Mitarbeiter haben Probleme mit E-Mails<\/h4>\n<p style=\"text-align: center;\">Sowohl Kunden als auch Mitarbeiter machten sehr negative Erfahrungen mit E-Mails (-5 bzw. -8), der zweith\u00e4ufigsten Interaktionsart nach Umfang f\u00fcr beide Gruppen.<\/p>\n<\/div>[\/vc_column][\/vc_row][\/vc_section][vc_section flair=&#8220;%5B%7B%22hide_mobile%22%3A%22yes%22%7D%5D&#8220;][vc_row][vc_column]<a class=\"component-cta-block card w-100 h-100 bgc-orange centered cta-text-start \"  href=\"https:\/\/appfoundry.genesys.com\/filter\/genesyscloud\/listing\/86813f27-33e4-4d84-8646-1cdc838f88d4\" target=\"_blank\" rel=\"\"><div class=\"row align-items-center image-stack card-body\"><div class=\"col-content col-md-7\"><div class=\"content-container\"><h3>Den Experience Index in Aktion erleben<\/h3>\n<\/div><div class=\" btn-container mt-2\"><div class=\"btn btn-secondary\">Mehr erfahren<\/div><\/div><\/div><div class=\"col-image col-md-5 flex-column justify-content-center mt-1 mt-lg-0 img-top-container no-offset\"><img decoding=\"async\" width=\"710\" height=\"467\" src=\"https:\/\/www.genesys.com\/media\/XI_banner-image.png\" alt=\"\" class=\"\"><\/div><\/div><\/a>[\/vc_column][\/vc_row][\/vc_section][vc_section][vc_row][vc_column][vc_column_text]<\/p>\n<h3 style=\"text-align: center;\">Kundenmeinungen<\/h3>\n<p>[\/vc_column_text][\/vc_column][\/vc_row][vc_row equal_height=&#8220;yes&#8220;][vc_column width=&#8220;1\/2&#8243;]<div class=\"component card w-100 bgc-navy vertical text-start nomedia  chevron-only  \" ><div class=\"card-body\"><h5>\u201eDer Experience Index von Genesys konzentriert sich auf den Lebenszyklus der Employee Journey, was uns eine v\u00f6llig andere Perspektive bietet, da wir diese Fragestellungen nur selten betrachten w\u00fcrden.\u201c<\/h5>\n<p>\u2013 Kunde \u2013 Einzelhandel<\/p>\n<\/div><\/div>[\/vc_column][vc_column width=&#8220;1\/2&#8243;]<div class=\"component card w-100 bgc-navy vertical text-start nomedia  chevron-only  \" ><div class=\"card-body\"><h5>\u201eDer Experience Index von Genesys bietet uns Einblicke in Daten, die wir allein nicht h\u00e4tten wahrnehmen k\u00f6nnen. Wir k\u00f6nnen die Daten in umsetzbare Ergebnisse f\u00fcr unsere Teams aufschl\u00fcsseln, da wir mehrere Ansichten und Filter nutzen k\u00f6nnen.\u201c<\/h5>\n<p>\u2013 Kunde \u2013 Technologiebranche<\/p>\n<\/div><\/div>[\/vc_column][\/vc_row][\/vc_section][vc_section background_color=&#8220;bgc-lgray&#8220; disable_element=&#8220;yes&#8220; flair=&#8220;%5B%7B%22hide_mobile%22%3A%22yes%22%7D%5D&#8220;][vc_row][vc_column][vc_column_text][Verwandte_Posts][\/vc_column_text]<div class=\"related-posts-container next-steps-module w-100\"><div class=\"inner-container\"><div class=\"row\"><div class=\"text-col col-lg-12 title-container\"><h2 class=\"text-center\">Die Kunden- und Mitarbeitererlebnisse verbessern<\/h2><\/div><\/div><div class=\"row align-items-stretch gutter-small col-count-1\"><div class=\"col-12 primary-item grid-item card-col item-image grid_type-page\"><a class=\"card w-100 h-100 bgc-lgray component-cta-block centered cta-text-end\" href=\"https:\/\/www.genesys.com\/de-de\/experience-index\"><div class=\"row align-items-stretch image-stack chevron-only card-body\"><div class=\"col-image col-md-5 flex-column justify-content-center img-top-container no-offset default-thumb\"><img decoding=\"async\" class=\"rounded\" src=\"\/media\/default-resource-thumb-wave-1.jpg\" height=\"464\" width=\"820\" alt=\"Genesys wave default resource thumbnail 1\"><\/div><div class=\"col-content col-md-7 mt-lg-0\"><div class=\"content-container align-self-start align-self-md-center\"><h3 class=\"item-title\">Harvard Business Review: Beyond NPS (Jenseits des NPS)<\/h3><p class=\"brief-desc text-20 mb-0\">Genesys l\u00e4sst Experience as a Service\u24c7 Wirklichkeit werden. Der Experience Index ist ein neuer, personenbezogener und umsetzbarer Ansatz zur Messung und Verbesserung von Erlebnissen. Hier erfahren Sie mehr.<\/p><\/div><div class=\"justify-content-end btn-container\"><div class=\"btn chevron small only btn-secondary\"><\/div><\/div><\/div><\/div><\/a><\/div><div class=\"col-md-4 vertical-cards item-image grid-item card-col item-image grid_type-\"><a class=\"card w-100 h-100 bgc-lgray component vertical text-start thumbnail chevron-only\" href=\"https:\/\/appfoundry.genesys.com\/filter\/genesyscloud\/listing\/86813f27-33e4-4d84-8646-1cdc838f88d4\" target=\"_blank\"><div class=\"thumbnail-col thubmnail default-thumb\"><img decoding=\"async\" src=\"\/media\/default-resource-thumb-wave-2.jpg\" height=\"464\" width=\"820\" alt=\"Genesys wave default resource thumbnail 2\"><\/div><div class=\"card-body text-col\"><h3 class=\"item-title h6\">Experience Index f\u00fcr CCaaS-Mitarbeiter<\/h3><\/div><div class=\"card-footer text-end\"><div class=\"justify-content-end btn-container\"><div class=\"btn chevron small only btn-secondary\"><\/div><\/div><\/div><\/a><\/div><div class=\"col-md-4 vertical-cards grid-item card-col item-image grid_type-page\"><a class=\"card w-100 h-100 bgc-lgray component vertical text-start thumbnail chevron-only\" href=\"https:\/\/www.genesys.com\/de-de\/experience-index\"><div class=\"thumbnail-col thubmnail default-thumb\"><img decoding=\"async\" src=\"\/media\/default-resource-thumb-wave-3.jpg\" height=\"464\" width=\"820\" alt=\"Genesys wave default resource thumbnail 3\"><\/div><div class=\"card-body text-col\"><h3 class=\"item-title h6\">Der Experience Index von Genesys<\/h3><\/div><div class=\"card-footer text-end\"><div class=\"justify-content-end btn-container\"><div class=\"btn chevron small only btn-secondary\"><\/div><\/div><\/div><\/a><\/div><div class=\"col-md-4 vertical-cards grid-item card-col item-image grid_type-page\"><a class=\"card w-100 h-100 bgc-lgray component vertical text-start thumbnail chevron-only\" href=\"https:\/\/www.genesys.com\/de-de\/experience-index\"><div class=\"thumbnail-col thubmnail default-thumb\"><img decoding=\"async\" src=\"\/media\/default-resource-thumb-wave-4.jpg\" height=\"464\" width=\"820\" alt=\"Genesys wave default resource thumbnail 4\"><\/div><div class=\"card-body text-col\"><h3 class=\"item-title h6\">Der Experience Index von Genesys<\/h3><\/div><div class=\"card-footer text-end\"><div class=\"justify-content-end btn-container\"><div class=\"btn chevron small only btn-secondary\"><\/div><\/div><\/div><\/a><\/div><\/div><\/div><\/div>[\/vc_column][\/vc_row][\/vc_section]<\/p>\n<\/div>","protected":false},"excerpt":{"rendered":"<p>[vc_section background_color=&#8220;bgc-teal&#8220; m_background_color=&#8220;bgc-navy&#8220; flair=&#8220;%5B%7B%22flair_image%22%3A%22494799%22%2C%22flair_width%22%3A%22100%25%22%2C%22flair_height%22%3A%22100%25%22%2C%22flair_top%22%3A%220%22%2C%22flair_left%22%3A%220%22%2C%22flair_bgc%22%3A%22%23ffffff%22%2C%22hide_mobile%22%3A%22yes%22%7D%5D&#8220; css=&#8220;.vc_custom_1696892906532{padding-top: 8rem !important;padding-bottom: 8rem !important;}&#8220;][vc_row content_placement=&#8220;middle&#8220;][vc_column width=&#8220;1\/2&#8243;][vc_column_text] Der Experience Index von Genesys Ein neuer, personenbezogener und umsetzbarer Ansatz zum Messen, Benchmarken und Verbessern von Erfahrungen.[\/vc_column_text][\/vc_column][vc_column width=&#8220;1\/2&#8243; offset=&#8220;vc_hidden-xs&#8220;][vc_single_image image=&#8220;494798&#8243; alignment=&#8220;center&#8220;][\/vc_column][\/vc_row][\/vc_section][vc_section flair=&#8220;%5B%7B%22flair_image%22%3A%22385690%22%2C%22flair_width%22%3A%22100%25%22%2C%22flair_height%22%3A%22100%25%22%2C%22flair_top%22%3A%220%22%2C%22flair_left%22%3A%220%22%2C%22hide_mobile%22%3A%22yes%22%7D%5D&#8220;][vc_row][vc_column][vc_column_text] Das ungenutzte Potenzial Ihres Unternehmens entdecken Die Erfahrungen Ihres Unternehmens zu steuern, ist eine nahezu unm\u00f6gliche Aufgabe. Traditionelle Ans\u00e4tze weisen Defizite [&hellip;]<\/p>\n","protected":false},"author":1,"featured_media":0,"parent":0,"menu_order":0,"comment_status":"closed","ping_status":"closed","template":"","meta":{"_acf_changed":false,"footnotes":""},"class_list":["post-497155","page","type-page","status-publish","hentry"],"acf":[],"_links":{"self":[{"href":"https:\/\/www.genesys.com\/de-de\/wp-json\/wp\/v2\/pages\/497155","targetHints":{"allow":["GET"]}}],"collection":[{"href":"https:\/\/www.genesys.com\/de-de\/wp-json\/wp\/v2\/pages"}],"about":[{"href":"https:\/\/www.genesys.com\/de-de\/wp-json\/wp\/v2\/types\/page"}],"author":[{"embeddable":true,"href":"https:\/\/www.genesys.com\/de-de\/wp-json\/wp\/v2\/users\/1"}],"replies":[{"embeddable":true,"href":"https:\/\/www.genesys.com\/de-de\/wp-json\/wp\/v2\/comments?post=497155"}],"version-history":[{"count":6,"href":"https:\/\/www.genesys.com\/de-de\/wp-json\/wp\/v2\/pages\/497155\/revisions"}],"predecessor-version":[{"id":497349,"href":"https:\/\/www.genesys.com\/de-de\/wp-json\/wp\/v2\/pages\/497155\/revisions\/497349"}],"wp:attachment":[{"href":"https:\/\/www.genesys.com\/de-de\/wp-json\/wp\/v2\/media?parent=497155"}],"curies":[{"name":"wp","href":"https:\/\/api.w.org\/{rel}","templated":true}]}}