{"id":416994,"date":"2022-01-20T03:20:55","date_gmt":"2022-01-20T11:20:55","guid":{"rendered":"https:\/\/www.genesys.com\/genesys-choice"},"modified":"2022-07-11T01:05:02","modified_gmt":"2022-07-11T08:05:02","slug":"genesys-choice","status":"publish","type":"page","link":"https:\/\/www.genesys.com\/de-de\/genesys-choice","title":{"rendered":"Genesys Choice"},"content":{"rendered":"<div class=\"wpb-content-wrapper\"><p>[vc_section background_color=&#8220;bgc-light-blue&#8220; flair=&#8220;%5B%7B%22hide_mobile%22%3A%22yes%22%7D%5D&#8220; css=&#8220;.vc_custom_1624046097327{background-image: url(https:\/\/www.genesys.com\/media\/genesys-choice-hero-bg.svg?id=384443) !important;}&#8220;][vc_row content_placement=&#8220;middle&#8220;][vc_column width=&#8220;5\/12&#8243;][vc_column_text]<\/p>\n<h1>Genesys Choice<\/h1>\n<p>W\u00e4hlen Sie jederzeit, was Sie wollen<br \/>\nund wann Sie es wollen[\/vc_column_text]<div class=\"btn-container  \"><a role=\"button\"  class=\"btn btn-secondary\" href=\"#demo\" target=\"\" rel=\"\">Demo buchen<\/a><\/div>[\/vc_column][vc_column v_align=&#8220;flexend&#8220; width=&#8220;1\/2&#8243; offset=&#8220;vc_col-sm-offset-1&#8243;][vc_single_image image=&#8220;384442&#8243; alignment=&#8220;center&#8220; si_max_width=&#8220;414px&#8220; css=&#8220;.vc_custom_1624046052243{margin-bottom: -4.167rem !important;}&#8220;][\/vc_column][\/vc_row][\/vc_section][vc_section][vc_row content_placement=&#8220;middle&#8220;][vc_column width=&#8220;5\/12&#8243;][vc_column_text]<\/p>\n<h3>Neue Wege, Produkte einzukaufen und zu konsumieren<\/h3>\n<p>Mit Genesys Choice k\u00f6nnen Sie Technologien von Genesys erwerben und flexibel nutzen. Nutzen Sie alle Funktionen von Genesys, Innovationen mit k\u00fcnstlicher Intelligenz (KI) und zuk\u00fcnftige Funktionalit\u00e4ten. Aktivieren oder deaktivieren Sie Dienste nach Bedarf, skalieren Sie sie flexibel und bearbeiten Sie sie jederzeit. Halten Sie mit den sich schnell entwickelnden Anforderungen Schritt\u00a0\u2013 und holen Sie das Beste aus Ihrer Investition heraus.[\/vc_column_text][\/vc_column][vc_column width=&#8220;1\/2&#8243; offset=&#8220;vc_col-sm-offset-1&#8243;][vc_single_image image=&#8220;384444&#8243;][\/vc_column][\/vc_row][\/vc_section][vc_section background_color=&#8220;bgc-navy&#8220; flair=&#8220;%5B%7B%22hide_mobile%22%3A%22yes%22%7D%5D&#8220; css=&#8220;.vc_custom_1624046507099{background-image: url(https:\/\/www.genesys.com\/media\/genesys-choice-navy-bg.svg?id=384446) !important;}&#8220;][vc_row][vc_column][vc_column_text]<\/p>\n<h3 style=\"text-align: center;\">Erhalten Sie die notwendige Flexibilit\u00e4t und Kontrolle<\/h3>\n<p>[\/vc_column_text][\/vc_column][\/vc_row][vc_row][vc_column width=&#8220;1\/3&#8243;]<div class=\"component icon-list w-100  vertical text-center\"><i class=\"mb-1 icon-size-regular fak fa-gen-feature text-orange\"><\/i><h5 style=\"text-align: center;\">Skalieren Sie im Handumdrehen<\/h5>\n<p style=\"text-align: center;\">Planen Sie nicht mehr f\u00fcr Spitzenauslastungen. F\u00fchren Sie Skalierungen und Bearbeitungen durch, um zeitlichen und unvorhergesehenen Nachfragen gerecht zu werden.<\/p>\n<\/div>[\/vc_column][vc_column width=&#8220;1\/3&#8243;]<div class=\"component icon-list w-100  vertical text-center\"><i class=\"mb-1 icon-size-regular fak fa-gen-mobile-self-service text-orange\"><\/i><h5 style=\"text-align: center;\">Kontrollieren Sie, was Sie verwenden<\/h5>\n<p style=\"text-align: center;\">Greifen Sie auf Funktionen und Innovationen zu, die Sie von Genesys\u2122, Private Edition und Genesys Cloud\u2122 ben\u00f6tigen.<\/p>\n<\/div>[\/vc_column][vc_column width=&#8220;1\/3&#8243;]<div class=\"component icon-list w-100  vertical text-center\"><i class=\"mb-1 icon-size-regular fak fa-gen-graph-bar-marketing-sales text-orange\"><\/i><h5 style=\"text-align: center;\">Maximieren Sie Rabatte<\/h5>\n<p style=\"text-align: center;\">Wenden Sie Genesys Choice in allen Gesch\u00e4ftsbereichen an. Maximieren Sie den Rabatt auf Unternehmensebene mit einem einzigen Vertrag f\u00fcr Ihr gesamtes Unternehmen.<\/p>\n<\/div>[\/vc_column][\/vc_row][\/vc_section][vc_section][vc_row][vc_column][vc_column_text]<\/p>\n<h3 style=\"text-align: center;\">Verwalten Sie Nutzung und Ausgaben zuverl\u00e4ssig<\/h3>\n<p>[\/vc_column_text][\/vc_column][\/vc_row][vc_row][vc_column width=&#8220;1\/2&#8243;]<div class=\"component icon-list w-100  vertical text-start\"><i class=\"mb-1 icon-size-regular fak fa-gen-lightbulb text-orange\"><\/i><h5>Innovation ohne Aufwand<\/h5>\n<p>Nutzen Sie die neuen M\u00f6glichkeiten und Funktionen, sobald sie verf\u00fcgbar werden. Es gibt keine Verhandlungen \u00fcber den Zugang zu Innovationen\u00a0\u2013 diese sind direkt in Genesys Choice integriert.<\/p>\n<\/div>[\/vc_column][vc_column width=&#8220;1\/2&#8243;]<div class=\"component icon-list w-100  vertical text-start\"><i class=\"mb-1 icon-size-regular fak fa-gen-visible text-orange\"><\/i><h5>Sehen Sie sich Ihre Nutzung und Ausgaben an<\/h5>\n<p>Das Portal von Genesys Choice bietet eine Ansicht f\u00fcr Nutzung und Ausgaben im Hinblick auf Ihre Jahresvertr\u00e4ge und tr\u00e4gt so zur Einhaltung des Budgets bei.<\/p>\n<\/div>[\/vc_column][vc_column width=&#8220;1\/2&#8243;]<div class=\"component icon-list w-100  vertical text-start\"><i class=\"mb-1 icon-size-regular fak fa-gen-accelerator text-orange\"><\/i><h5>Passen Sie sich Ihrem Gesch\u00e4ft an<\/h5>\n<p>Holen Sie sich jederzeit alle notwendigen Funktionen. \u00dcbernehmen Sie die Kontrolle \u00fcber Ihr Unternehmen, indem Sie schnell SKUs austauschen oder Funktionen aktivieren oder deaktivieren.<\/p>\n<\/div>[\/vc_column][vc_column width=&#8220;1\/2&#8243;]<div class=\"component icon-list w-100  vertical text-start\"><i class=\"mb-1 icon-size-regular fak fa-gen-laptop-sales text-orange\"><\/i><h5>Weniger Komplexit\u00e4t bei der Rechnungsstellung<\/h5>\n<p>Die vereinfachte Paketerstellung ist leicht verst\u00e4ndlich und schnell bereitzustellen. Erhalten Sie einen einzigen Vertrag mit einer j\u00e4hrlichen Laufzeit und einem Rabatt auf Unternehmensebene.<\/p>\n<\/div>[\/vc_column][\/vc_row][\/vc_section][vc_section background_color=&#8220;bgc-light-blue&#8220; flair=&#8220;%5B%7B%22hide_mobile%22%3A%22yes%22%7D%5D&#8220; css=&#8220;.vc_custom_1624047261199{background-image: url(https:\/\/www.genesys.com\/media\/genesys-choice-lightblue-bg.svg?id=384445) !important;}&#8220;][vc_row][vc_column][vc_column_text]<\/p>\n<h3 style=\"text-align: center;\">Entdecken Sie die M\u00f6glichkeiten von Genesys Choice<\/h3>\n<p>[\/vc_column_text][\/vc_column][\/vc_row][vc_row equal_height=&#8220;yes&#8220;][vc_column width=&#8220;1\/3&#8243;]<a class=\"component card w-100 bgc-white vertical text-start nomedia   \" href=\"\/de-de\/customer-success\" target=\"\" rel=\"\" ><div class=\"card-body\"><h5>Erhalten Sie ein individuelles Angebot<\/h5>\n<p>Wenn Sie bereits Kunde bei Genesys sind, wenden Sie sich an Ihren Customer Success Manager und fordern Sie ein passendes Angebot von Genesys Choice an, das auf Ihre Gesch\u00e4ftsanforderungen zugeschnitten ist.<\/p>\n<\/div><div class=\"card-footer text-end\"><div class=\"btn-container \"><div class=\"small mt-0 chevron arrow arrow-primary \" href=\"#\" target=\"\" rel=\"\">Mehr erfahren<\/div><\/div><\/div><\/a>[\/vc_column][vc_column width=&#8220;1\/3&#8243;]<a class=\"component card w-100 bgc-white vertical text-start nomedia   \" href=\"\/de-de\/genesys-engage\" target=\"\" rel=\"\" ><div class=\"card-body\"><h5>Entdecken Sie Genesys<\/h5>\n<p>Erfahren Sie, wie unsere Contact-Center-Software f\u00fcr Unternehmen mit Ihrem CustomerExperience-\u00d6kosystem zusammenpasst und flexibel genug ist, um \/de-deanspruchsvolle Erfahrungen in gro\u00dfen Ma\u00dfst\u00e4ben zu erm\u00f6glichen.<\/p>\n<\/div><div class=\"card-footer text-end\"><div class=\"btn-container \"><div class=\"small mt-0 chevron arrow arrow-primary \" href=\"#\" target=\"\" rel=\"\">Mehr erfahren<\/div><\/div><\/div><\/a>[\/vc_column][vc_column width=&#8220;1\/3&#8243;]<a class=\"component card w-100 bgc-white vertical text-start nomedia   \" href=\"\/de-de\/resources\/genesys-engage-and-microsoft-azure-the-enterprise-buyers-guide-to-an-omnichannel-cloud-contact-center\" target=\"\" rel=\"\" ><div class=\"card-body\"><h5>Planen Sie die n\u00e4chsten Schritte<\/h5>\n<p>Die Cloud ver\u00e4ndert die Kundenbindung. Holen Sie sich den Leitfaden f\u00fcr Unternehmen zu einem kanal\u00fcbergreifenden Cloudbasiertes Contact Center, das von Genesys und Microsoft entwickelt wurde.<\/p>\n<\/div><div class=\"card-footer text-end\"><div class=\"btn-container \"><div class=\"small mt-0 chevron arrow arrow-primary \" href=\"#\" target=\"\" rel=\"\">Jetzt herunterladen<\/div><\/div><\/div><\/a>[\/vc_column][\/vc_row][\/vc_section][vc_section flair=&#8220;%5B%7B%22hide_mobile%22%3A%22yes%22%7D%5D&#8220; el_id=&#8220;demo&#8220;][vc_row][vc_column width=&#8220;1\/2&#8243;][vc_column_text]<\/p>\n<h3>Erste Schritte mit Genesys<\/h3>\n<p>Erfahren Sie, wie Genesys in einer einfachen, einheitlichen Benutzeroberfl\u00e4che Kommunikation auf digitalen Kan\u00e4len und Sprachkan\u00e4len erm\u00f6glicht.<\/p>\n<p>Erfahren Sie, wie Ihr Unternehmen von den Vorteilen einer ausgereiften und funktionsreichen L\u00f6sung profitieren kann, die Ihr Contact Center in ein KI-gest\u00fctztes Erfahrungscenter verwandelt.[\/vc_column_text][\/vc_column][vc_column width=&#8220;1\/2&#8243;]<div class=\"eloq_form elq-container gmkto_form_type_hot gmkto_format_vertical\"><form method=\"post\" name=\"MasterLeadIntakeForm\" action=\"https:\/\/s1260946616.t.eloqua.com\/e\/f2\" data-proc=\"inline\" data-ppcount=\"5\" onsubmit=\"return proc_submit(this);\" class=\"beam-form elq-form init yesknown yesprefill yespp strict-check\"  data-target=\".thank-you\" ><div id=\"known_person\" style=\"display:none;\"><p class=\"welcome_user\"><span id=\"welcome_person\">Willkommen zur\u00fcck<\/span> <span id=\"person_info\"><span class=\"person_first\"><\/span>&nbsp;<span class=\"person_last\"><\/span><\/span><\/p><p class=\"delete_button\"><a class=\"deletemyrecord\">Nicht du?<\/a><\/p><\/div><input value=\"MasterLeadIntakeForm\" type=\"hidden\" name=\"elqFormName\"><input value=\"1260946616\" type=\"hidden\" name=\"elqSiteId\"><input name=\"elqCampaignId\" type=\"hidden\"><input type=\"hidden\" name=\"elqCustomerGUID\" value=\"\"><input type=\"hidden\" name=\"elqCookieWrite\" value=\"0\"><input type=\"hidden\" name=\"client_ip_address\" id=\"fe449\" value=\"\"><div class=\"fields\"><input type=\"hidden\" name=\"CID\" id=\"fe198\" value=\"7011T000001kpokQAA\"><input type=\"hidden\" name=\"CID_STATUS\" id=\"fe281\" value=\"\"><input type=\"hidden\" name=\"redirect_url\" id=\"fe217\" value=\"\"><input type=\"hidden\" name=\"landing_page_url\" id=\"fe204\" value=\"https:\/\/www.genesys.com\/de-de\/wp-json\/wp\/v2\/pages\/416994\"><input type=\"hidden\" name=\"post_type\" id=\"fe448\" value=\"page\"><input type=\"hidden\" name=\"integration\" id=\"fe362\" value=\"\"><input type=\"hidden\" name=\"language_code\" id=\"fe479\" value=\"de-de\"><input type=\"hidden\" name=\"full_url\" id=\"fe983\" value=\"https:\/\/www.genesys.com\/de-de\/wp-json\/wp\/v2\/pages\/416994\"><input type=\"hidden\" name=\"post_id\" id=\"fe984\" value=\"416994\">\n    <div class=\"form-row row-email el_field form-floating\">\n        <input type=\"email\" class=\"form-control el_field elq-item-input required\" name=\"emailAddress\" id=\"fe192\" value=\"\" aria-label=\"Gesch\u00e4ftliche E-Mail\" placeholder=\"Gesch\u00e4ftliche E-Mail\">\n        <label for=\"fe192\">Gesch\u00e4ftliche E-Mail<span class=\"required-asterisk\">*<\/span><\/label>\n    <\/div>\n    <div class=\"form-row cb_available el_field form-floating\">\n        <input type=\"text\" class=\"form-control el_field elq-item-input cb_available  required\" name=\"firstName\" id=\"fe190\" value=\"\" placeholder=\"Vorname\">\n        <label for=\"fe190\">Vorname<span class=\"required-asterisk\">*<\/span><\/label>\n    <\/div>\n    <div class=\"form-row cb_available el_field form-floating\">\n        <input type=\"text\" class=\"form-control el_field elq-item-input cb_available required\" name=\"lastName\" id=\"fe191\" value=\"\" placeholder=\"Nachname\">\n        <label for=\"fe191\">Nachname<span class=\"required-asterisk\">*<\/span><\/label>\n    <\/div>\n    <div class=\"form-row form-floating el_field\">\n        <input type=\"tel\" class=\"form-control el_field elq-item-input required pre-exclude\" name=\"busPhone\" id=\"fe215\" value=\"\" placeholder=\"Telefon\">\n        <label for=\"fe215\">Telefon<span class=\"required-asterisk\">*<\/span><\/label>\n    <\/div>\n    <div class=\"form-row cb_available eloq_ppe el_field form-floating\">\n        <select class=\"form-select el_field elq-item-select cb_available required eloq_ppe\" id=\"fe219\" name=\"jobLevel1\" data-value=\"\">\n            <option selected=\"\" value=\"\"><\/option><option value=\"C-Level\">Vorstand<\/option><option value=\"VP\">VP<\/option><option value=\"Director\">Director<\/option><option value=\"Manager\">Manager<\/option><option value=\"Principal\">Federf\u00fchrender Partner<\/option><option value=\"Engineer \/ Architect\">Ingenieur\/Architekt<\/option><option value=\"Consultant\">Berater<\/option><option value=\"Analyst\">Analyst<\/option><option value=\"Partner\">Partner<\/option><option value=\"Staff\">Mitarbeiter<\/option><option value=\"Unknown\">Unbekannt<\/option>\n        <\/select>\n        <label for=\"fe219\">Position<span class=\"required-asterisk\">*<\/span><\/label>\n    <\/div>\n    <div class=\"form-row cb_available eloq_ppe el_field form-floating\">\n        <select class=\"form-select el_field elq-item-select cb_available required eloq_ppe\" id=\"fe218\" name=\"jobFunction1\" data-value=\"\">\n            <option selected=\"\" value=\"\"><\/option>\n            <option value=\"Claims\">Forderungen<\/option><option value=\"Collections\">Forderungsmanagement<\/option><option value=\"Contact Center Management\">Contact Center-Management<\/option><option value=\"Customer Experience\">Customer\u00a0Experience<\/option><option value=\"Customer Service\">Kundenservice<\/option><option value=\"Ecommerce\/Digital Channels\">E-Commerce\/digitale Kan\u00e4le<\/option><option value=\"Finance\">Finanzen<\/option><option value=\"Human Resources\">Personalwesen<\/option><option value=\"Influencer\">Influencer<\/option><option value=\"Information Technology\">IT<\/option><option value=\"IT Architecture\">IT-Architektur<\/option><option value=\"IT Infrastructure\">IT-Infrastruktur<\/option><option value=\"IVR\">IVR<\/option><option value=\"Marketing\">Marketing<\/option><option value=\"Operations \/ Process Management\">Betriebs-\/Prozessmanagement<\/option><option value=\"Production Management\">Produktionsleitung<\/option><option value=\"Purchasing\">Kauf<\/option><option value=\"Sales\">Vertrieb<\/option><option value=\"Unknown\">Unbekannt<\/option>\n        <\/select>\n        <label for=\"fe218\">Anwendungsbereiche<span class=\"required-asterisk\">*<\/span><\/label>\n    <\/div>\n    <div class=\"form-row cb_available eloq_ppe el_field form-floating\">\n        <input type=\"text\" class=\"form-control el_field elq-item-input cb_available required eloq_ppe\" name=\"company\" id=\"fe193\" value=\"\" placeholder=\"Unternehmensname\">\n        <label for=\"fe193\">Unternehmensname<span class=\"required-asterisk\">*<\/span><\/label>\n    <\/div>\n    <div class=\"form-row cb_available eloq_ppe el_field form-floating\">\n        <select class=\"form-select el_field elq-item-select cb_available required eloq_ppe\" id=\"fe194\" name=\"country\" data-value=\"\">\n            <option value=\"\"><\/option>\n            <!-- Add country options here -->\n        <\/select>\n        <label for=\"fe194\">Land<span class=\"required-asterisk\">*<\/span><\/label>\n    <\/div>\n    <div class=\"form-row cb_available country_dep el_field form-floating\">\n        <select class=\"form-select el_field elq-item-select cb_available required eloq_ppe\" id=\"fe214\" name=\"stateProv\" data-value=\"\">\n            <option selected=\"\" value=\"\"><\/option>\n        <\/select>\n        <label for=\"fe214\">State\/Province<span class=\"required-asterisk\">*<\/span><\/label>\n    <\/div>\n    <div class=\"form-row cb_available eloq_ppe el_field form-floating\">\n        <input type=\"text\" class=\"form-control el_field elq-item-input cb_available required eloq_ppe\" name=\"website1\" id=\"fe801\" value=\"\" placeholder=\"Ihre Website\">\n        <label for=\"fe801\">Ihre Website<span class=\"required-asterisk\">*<\/span><\/label>\n    <\/div>\n    <div class=\"form-row cb_available eloq_ppe el_field form-floating\">\n        <input type=\"text\" class=\"form-control el_field elq-item-input cb_available required eloq_ppe\" name=\"city\" id=\"fe226\" value=\"\" placeholder=\"Stadt\">\n        <label for=\"fe226\">Stadt<span class=\"required-asterisk\">*<\/span><\/label>\n    <\/div>\n    <div class=\"form-row cb_available eloq_ppe el_field form-floating\">\n        <input type=\"text\" class=\"form-control el_field elq-item-input cb_available required eloq_ppe\" name=\"title\" id=\"fe220\" value=\"\" placeholder=\"Jobtitel\">\n        <label for=\"fe220\">Jobtitel<span class=\"required-asterisk\">*<\/span><\/label>\n    <\/div>\n    <div class=\"form-row cb_available eloq_ppe el_field form-floating\">\n        <select class=\"form-select el_field elq-item-select cb_available required eloq_ppe\" id=\"fe221\" name=\"industry1\" data-value=\"\">\n            <option value=\"\" ><\/option>\n            <option value=\"Banking\">Bankwesen<\/option><option value=\"Business Services\">Unternehmensdienstleistungen<\/option><option value=\"Capital Markets\">Capital Markets<\/option><option value=\"Communications\">Communications<\/option><option value=\"Consumer Products\">Consumer Products<\/option><option value=\"Defense & Intelligence\">Defense & Intelligence<\/option><option value=\"Education & Non-Profit\">Education & Non-Profit<\/option><option value=\"Energy & Utilities\">Energie- und Versorgungsunternehmen<\/option><option value=\"Entertainment\">Unterhaltungsbranche<\/option><option value=\"Government\">Beh\u00f6rden<\/option><option value=\"Insurance\">Versicherungen<\/option><option value=\"Life Sciences\">Life Sciences<\/option><option value=\"Logistics\">Logistics<\/option><option value=\"Manufacturing\">Manufacturing<\/option><option value=\"Payors\">Payors<\/option><option value=\"Providers\">Providers<\/option><option value=\"Retailers\">Retailers<\/option><option value=\"Technology\">Technologie<\/option><option value=\"Travel & Hospitality\">Travel & Hospitality<\/option><option value=\"Retail Banking\">Retail Banking<\/option><option value=\"Other\">Sonstige<\/option>\n        <\/select>\n        <label for=\"fe221\">Branche<span class=\"required-asterisk\">*<\/span><\/label>\n    <\/div>\n    <div class=\"form-row cb_available eloq_ppe el_field form-floating\">\n        <select class=\"form-select el_field elq-item-select cb_available required eloq_ppe\" id=\"fe222\" name=\"levelofInterest1\" data-value=\"\">\n            <option value=\"\"><\/option>\n            <option value=\"Just researching\">\u2026 informiere mich nur<\/option><option value=\"Gathering business requirements\">\u2026 recherchiere die Anforderungen<\/option><option value=\"Comparing solutions\">\u2026 vergleiche L\u00f6sungen<\/option><option value=\"Ready for a conversation\">\u2026 bin an einem Gespr\u00e4ch interessiert<\/option>\n        <\/select>\n        <label for=\"fe222\">Ich \u2026<span class=\"required-asterisk\">*<\/span><\/label>\n    <\/div>\n    <div class=\"form-row cb_available eloq_ppe el_field form-floating\">\n        <select class=\"form-select el_field elq-item-select cb_available required eloq_ppe\" id=\"fe225\" name=\"numberofAgentsForm1\" data-value=\"\">\n            <option value=\"\"><\/option>\n            <option value=\"1-20\">1-20<\/option><option value=\"21-50\">21\u201350<\/option><option value=\"51-100\">51\u2013100<\/option><option value=\"101-300\">101\u2013300<\/option><option value=\"301-500\">301\u2013500<\/option><option value=\"501-1000\">501\u20131000<\/option><option value=\">1000\">&gt;1000<\/option><option value=\"No Contact Center\">Kein Contact\u00a0Center<\/option><option value=\"Don't Know\">Ich wei\u00df es nicht<\/option>\n        <\/select>\n        <label for=\"fe225\">Anzahl der Arbeitspl\u00e4tze im Contact Center<span class=\"required-asterisk\">*<\/span><\/label>\n    <\/div><div class=\"form-check single-checkbox-row form-row gdpr-field white-box required\"><input type=\"checkbox\" class=\"el_field eloq_ppe\" name=\"explicitConsentEmailPhone\" id=\"fe224\" val=\"\"><label class=\"checkbox-aligned elq-item-label\" for=\"fe224\">Ja. Ich m\u00f6chte per E-Mail oder Telefon \u00fcber Neuigkeiten zu Genesys auf dem Laufenden gehalten werden.<\/label><\/div><div class=\"single-checkbox-row form-row white-box \"><input type=\"checkbox\" class=\"el_field eloq_ppe\" name=\"contactMe\" id=\"fe509\" val=\"\"><label class=\"checkbox-aligned elq-item-label\" for=\"fe509\">Ich h\u00e4tte es gern, dass mich jemand kontaktiert.<\/label><\/div><input type=\"hidden\" data-query=\"utm_medium\" name=\"utm_medium\" id=\"fe199\" value=\"\"><input type=\"hidden\" data-query=\"utm_source\" name=\"utm_source\" id=\"fe200\" value=\"\"><input type=\"hidden\" data-query=\"utm_campaign\" name=\"utm_campaign\" id=\"fe201\" value=\"\"><input type=\"hidden\" data-query=\"utm_term\" name=\"utm_term\" id=\"fe202\" value=\"\"><input type=\"hidden\" data-query=\"utm_content\" name=\"utm_content\" id=\"fe203\" value=\"\"><input type=\"hidden\" data-query=\"ost_tool\" name=\"ost_tool\" id=\"fe293\" value=\"\"><input type=\"hidden\" data-query=\"ost_campaign\" name=\"ost_campaign\" id=\"fe294\" value=\"\"><input type=\"hidden\" data-query=\"ost_content\" name=\"ost_content\" id=\"fe295\" value=\"\"><input type=\"hidden\" data-query=\"blaid\" name=\"eloquaBLAID_c\" id=\"fe3099\" value=\"\"><input type=\"hidden\" data-query=\"gclid\" name=\"gCLID1\" id=\"fe283\" value=\"\"><input type=\"hidden\" data-query=\"mkwid\" name=\"mKWID1\" id=\"fe678\" value=\"\"><input type=\"hidden\" name=\"gAClientID1\" id=\"fe284\" value=\"\"><input type=\"hidden\" name=\"noteCreatorTitle1\" id=\"fe313\" value=\"\"><input type=\"hidden\" name=\"webContentAutoResponderDefault\" id=\"fe286\" value=\"Hot Lead\"><input type=\"hidden\" name=\"webContentAutoResponderTitle\" id=\"fe287\" value=\"\"><input type=\"hidden\" name=\"webContentAutoResponderURL\" id=\"fe288\" value=\"\"><input type=\"hidden\" name=\"noteCreator2\" id=\"fe478\" value=\"\"><input type=\"hidden\" class=\"yesprefill\" name=\"neverbounceResult1\" id=\"fe640\" value=\"OFF\"><input type=\"hidden\" class=\"yesprefill\" name=\"neverbounceFlags1\" id=\"fe641\" value=\"OFF\"><input type=\"hidden\" class=\"yesprefill\" name=\"neverbounceSuggestedCorrection1\" id=\"fe642\" value=\"6sense\"><input type=\"hidden\" name=\"clearbitPersonID1\" id=\"fe630\" value=\"\"><input type=\"hidden\" name=\"clearbitFieldCount1\" id=\"fe633\" value=\"\"><input type=\"hidden\" name=\"clearbitTitle1\" id=\"fe646\" value=\"\"><input type=\"hidden\" name=\"clearbitRole1\" id=\"fe631\" value=\"\"><input type=\"hidden\" name=\"clearbitNumberofEmployees1\" id=\"fe647\" value=\"\"><input type=\"hidden\" name=\"clearbitNumberofEmployeesRange1\" id=\"fe648\" value=\"\"><input type=\"hidden\" name=\"clearbitWebsite1\" id=\"fe802\" value=\"\"><input type=\"hidden\" name=\"browserUserAgent\" id=\"fe3319\" value=\"\"><input type=\"text\" class=\"honeypp\" name=\"honeypp\" id=\"honeypp\" value=\"\" ><input role=\"button\" aria-label=\"Demo buchen\" type=\"Submit\" class=\"submit-button-style btn btn-primary \" value=\"Demo buchen\" id=\"fe195\"><div class=\"loading\"><\/div><div class=\"gdpr-field form-row white-box legal\"><span>Durch die Bereitstellung Ihrer Informationen erkl\u00e4ren Sie sich mit unseren <a href=\"https:\/\/www.genesys.com\/de-de\/company\/legal-docs\/datenschutzerklaerung\" target=\"_blank\">Datenschutzbestimmungen<\/a> einverstanden<\/span><\/div><\/div><\/form><\/div>[vc_column_text el_class=&#8220;thank-you&#8220;]<\/p>\n<h4>Vielen Dank f\u00fcr Ihr Interesse.<\/h4>\n<p>Wir melden uns direkt bei Ihnen, um einen passenden Termin zu vereinbaren.[\/vc_column_text][\/vc_column][\/vc_row][\/vc_section]<\/p>\n<\/div>","protected":false},"excerpt":{"rendered":"<p>[vc_section background_color=&#8220;bgc-light-blue&#8220; flair=&#8220;%5B%7B%22hide_mobile%22%3A%22yes%22%7D%5D&#8220; css=&#8220;.vc_custom_1624046097327{background-image: url(https:\/\/www.genesys.com\/media\/genesys-choice-hero-bg.svg?id=384443) !important;}&#8220;][vc_row content_placement=&#8220;middle&#8220;][vc_column width=&#8220;5\/12&#8243;][vc_column_text] Genesys Choice W\u00e4hlen Sie jederzeit, was Sie wollen und wann Sie es wollen[\/vc_column_text][\/vc_column][vc_column v_align=&#8220;flexend&#8220; width=&#8220;1\/2&#8243; offset=&#8220;vc_col-sm-offset-1&#8243;][vc_single_image image=&#8220;384442&#8243; alignment=&#8220;center&#8220; si_max_width=&#8220;414px&#8220; css=&#8220;.vc_custom_1624046052243{margin-bottom: -4.167rem !important;}&#8220;][\/vc_column][\/vc_row][\/vc_section][vc_section][vc_row content_placement=&#8220;middle&#8220;][vc_column width=&#8220;5\/12&#8243;][vc_column_text] Neue Wege, Produkte einzukaufen und zu konsumieren Mit Genesys Choice k\u00f6nnen Sie Technologien von Genesys erwerben und flexibel nutzen. Nutzen Sie alle Funktionen [&hellip;]<\/p>\n","protected":false},"author":1,"featured_media":0,"parent":0,"menu_order":0,"comment_status":"closed","ping_status":"closed","template":"","meta":{"_acf_changed":false,"footnotes":""},"class_list":["post-416994","page","type-page","status-publish","hentry"],"acf":[],"_links":{"self":[{"href":"https:\/\/www.genesys.com\/de-de\/wp-json\/wp\/v2\/pages\/416994","targetHints":{"allow":["GET"]}}],"collection":[{"href":"https:\/\/www.genesys.com\/de-de\/wp-json\/wp\/v2\/pages"}],"about":[{"href":"https:\/\/www.genesys.com\/de-de\/wp-json\/wp\/v2\/types\/page"}],"author":[{"embeddable":true,"href":"https:\/\/www.genesys.com\/de-de\/wp-json\/wp\/v2\/users\/1"}],"replies":[{"embeddable":true,"href":"https:\/\/www.genesys.com\/de-de\/wp-json\/wp\/v2\/comments?post=416994"}],"version-history":[{"count":8,"href":"https:\/\/www.genesys.com\/de-de\/wp-json\/wp\/v2\/pages\/416994\/revisions"}],"predecessor-version":[{"id":439673,"href":"https:\/\/www.genesys.com\/de-de\/wp-json\/wp\/v2\/pages\/416994\/revisions\/439673"}],"wp:attachment":[{"href":"https:\/\/www.genesys.com\/de-de\/wp-json\/wp\/v2\/media?parent=416994"}],"curies":[{"name":"wp","href":"https:\/\/api.w.org\/{rel}","templated":true}]}}