{"id":411793,"date":"2022-11-02T03:58:17","date_gmt":"2022-11-02T10:58:17","guid":{"rendered":"https:\/\/www.genesys.com\/?page_id=411793"},"modified":"2025-12-25T14:07:07","modified_gmt":"2025-12-25T22:07:07","slug":"company","status":"publish","type":"page","link":"https:\/\/www.genesys.com\/de-de\/company","title":{"rendered":"Firma"},"content":{"rendered":"<div class=\"wpb-content-wrapper\"><p>[vc_section sec_modern_width=&#8220;enable&#8220; background_color=&#8220;bgc-lgray&#8220; flair=&#8220;%5B%7B%22flair_type%22%3A%22f_type_image%22%2C%22flair_image%22%3A%22561577%22%2C%22flair_width%22%3A%221220px%22%2C%22flair_right%22%3A%22-10%25%22%2C%22flair_bottom%22%3A%220%22%7D%5D&#8220; vib=&#8220;enable&#8220;][vc_row content_placement=&#8220;middle&#8220;][vc_column background_color=&#8220;bgc-glass&#8220; width=&#8220;2\/3&#8243; el_class=&#8220;px-md-3 py-md-5&#8243; offset=&#8220;vc_col-md-5&#8243;][vc_column_text css=&#8220;&#8220;]<\/p>\n<h1>\u00dcber Genesys<\/h1>\n<p>Genesys unterst\u00fctzt mehr als 8.000 Unternehmen und Organisationen in \u00fcber 100 L\u00e4ndern durch die Gestaltung zukunftsweisender Kundenerfahrungen dabei, einf\u00fchlsame, personalisierte Erlebnisse im gro\u00dfen Ma\u00dfstab zu bieten.[\/vc_column_text][\/vc_column][\/vc_row][\/vc_section][vc_section background_color=&#8220;bgc-lgray&#8220; flair=&#8220;%5B%7B%22flair_type%22%3A%22f_type_image%22%2C%22hide_mobile%22%3A%22yes%22%7D%5D&#8220; el_class=&#8220;mt-2 mt-lg-5&#8243;][vc_row][vc_column width=&#8220;1\/2&#8243;][vc_column_text css=&#8220;&#8220;]<\/p>\n<h2>Wer wir sind<\/h2>\n<p>Mit unserer innovativen, KI-gest\u00fctzten Experience-Orchestration-Plattform unterst\u00fctzen wir Unternehmen aller Gr\u00f6\u00dfen dabei, die besten Erlebnisse f\u00fcr ihre Kunden und Mitarbeiter zu schaffen und so die Loyalit\u00e4t und die Gesch\u00e4ftsergebnisse zu verbessern.[\/vc_column_text][\/vc_column][\/vc_row][vc_row r_gutter_size=&#8220;gutter-small&#8220; r_scrollable=&#8220;yes&#8220; equal_height=&#8220;yes&#8220;][vc_column width=&#8220;1\/3&#8243;]<a class=\"component card w-100 bgc-glass vertical text-start nomedia   \" href=\"https:\/\/www.genesys.com\/de-de\/company\/careers\" target=\"\" rel=\"\" ><div class=\"card-body\"><h3 class=\"h5\">Unternehmensleitung<\/h3>\n<p>Unser F\u00fchrungsteam verbindet Branchenkompetenz mit einer Vision von Technologie, die von Empathie geleitet wird. Durch strategischen Weitblick und eine klare Kundenorientierung setzen sich unsere F\u00fchrungskr\u00e4fte unerm\u00fcdlich daf\u00fcr ein, au\u00dfergew\u00f6hnlichen Mehrwert und \u00fcberzeugende Ergebnisse zu erzielen.<\/p>\n<\/div><div class=\"card-footer text-end\"><div class=\"btn-container \"><div class=\"small mt-0 chevron arrow arrow-primary \" href=\"#\" target=\"\" rel=\"\">Mehr erfahren<\/div><\/div><\/div><\/a>[\/vc_column][vc_column width=&#8220;1\/3&#8243;]<a class=\"component card w-100 bgc-glass vertical text-start nomedia   \" href=\"\/de-de\/company\/sustainability\" target=\"\" rel=\"\" ><div class=\"card-body\"><h3 class=\"h5\">Nachhaltigkeit<\/h3>\n<p>Nachhaltigkeit ist ein zentraler Bestandteil unserer Mission und wir arbeiten kontinuierlich daran, unsere Auswirkungen auf die Umwelt weltweit zu reduzieren. Bei Genesys handeln wir verantwortungsbewusst \u2013 im Tagesbetrieb ebenso wie im Hinblick auf unsere langfristigen Nachhaltigkeitsziele.<\/p>\n<\/div><div class=\"card-footer text-end\"><div class=\"btn-container \"><div class=\"small mt-0 chevron arrow arrow-primary \" href=\"#\" target=\"\" rel=\"\">Mehr erfahren<\/div><\/div><\/div><\/a>[\/vc_column][vc_column width=&#8220;1\/3&#8243;]<a class=\"component card w-100 bgc-glass vertical text-start nomedia   \" href=\"\/de-de\/company\/newsroom\/awards-and-recognitions\" target=\"\" rel=\"\" ><div class=\"card-body\"><h3 class=\"h5\">Auszeichnungen und Anerkennungen<\/h3>\n<p>Seit mehr als drei Jahrzehnten setzen wir uns f\u00fcr wirkungsvolle, transformative Erlebnisse ein und haben in unserer Branche zahlreiche Auszeichnungen in den Bereichen Kundenerlebnis, KI-F\u00fchrungsrolle und Mitarbeiterbindung erzielt.<\/p>\n<\/div><div class=\"card-footer text-end\"><div class=\"btn-container \"><div class=\"small mt-0 chevron arrow arrow-primary \" href=\"#\" target=\"\" rel=\"\">Mehr erfahren<\/div><\/div><\/div><\/a>[\/vc_column][\/vc_row][\/vc_section][vc_section][vc_row][vc_column width=&#8220;1\/2&#8243;][vc_column_text css=&#8220;&#8220;]<\/p>\n<h2>Was wir leisten<\/h2>\n<p>Wir bei Genesys stellen KI f\u00fcr die Erlebniswirtschaft in Form von leistungsstarken L\u00f6sungen, Expertenservices und strategischen Partnerschaften zur Verf\u00fcgung. Damit m\u00f6chten wir Unternehmen erm\u00f6glichen, intelligentere Interaktionen skalierbar zu orchestrieren.[\/vc_column_text][\/vc_column][\/vc_row][vc_row][vc_column width=&#8220;1\/2&#8243;]<div class=\"genesys-image align-center play-button\"><a class=\"video-lightbox\" href=\"https:\/\/www.youtube.com\/embed\/8TUUf4sue5M?rel=0\"><img decoding=\"async\" src=\"https:\/\/www.genesys.com\/media\/genesys-experience-economy-video.png\" alt=\"Genesys experience economy video\" width=\"824\" height=\"600\" class=\"rounded-xs\"\/><div class=\"video-backdrop\"><\/div><div class=\"play-btn bgc-white rounded d-flex align-items-center justify-content-center\"><div class=\"play-icon d-flex align-items-center justify-content-center\"><i class=\"fa-kit fa-play\"><\/i><\/div><div class=\"play-label ms-1\"><p class=\"mb-0 play-title\">Abspielen<\/p><\/div><\/div><\/a><\/div>[\/vc_column][vc_column width=&#8220;1\/2&#8243;]<a class=\"component card w-100 bgc-lgray vertical text-start nomedia  chevron-only  \" href=\"\/de-de\/genesys-cloud\" target=\"\" rel=\"\" ><div class=\"card-body\"><h3 class=\"h4\">L\u00f6sungen<\/h3>\n<p>Wir bieten KI-gest\u00fctzte L\u00f6sungen, die personalisierte Erfahrungen an jedem Touchpoint erm\u00f6glichen. Mit innovativen Angeboten wie Contact Center-Tools und dialogorientierter KI tragen unsere L\u00f6sungen dazu bei, dass jede Interaktion nahtlos verl\u00e4uft und die wahren Bed\u00fcrfnisse Ihrer Kunden erf\u00fcllt.<\/p>\n<\/div><div class=\"card-footer text-end\"><div class=\"btn-container justify-content-end\"><div class=\"small mt-0 chevron btn btn-secondary  only\"><\/div><\/div><\/div><\/a><a class=\"component card w-100 bgc-lgray vertical text-start nomedia  chevron-only  \" href=\"\/de-de\/customer-success\/professional-services\" target=\"\" rel=\"\" ><div class=\"card-body\"><h3 class=\"h4\">Services<\/h3>\n<p>Mit unseren Professional Services unterst\u00fctzen wir Unternehmen bei jedem Schritt \u2013 vom Onboarding und der Schulung bis hin zur strategischen Beratung. Unsere technischen und strategischen Experten helfen Teams, Erlebnisse zu optimieren und unsere Tools zu nutzen, um messbaren Erfolg zu erzielen.<\/p>\n<\/div><div class=\"card-footer text-end\"><div class=\"btn-container justify-content-end\"><div class=\"small mt-0 chevron btn btn-secondary  only\"><\/div><\/div><\/div><\/a><a class=\"component card w-100 bgc-lgray vertical text-start nomedia  chevron-only  \" href=\"\/de-de\/partners\" target=\"\" rel=\"\" ><div class=\"card-body\"><h3 class=\"h4\">Partnerschaften<\/h3>\n<p>Unser globales Partnernetzwerk kombiniert das Expertenwissen von Genesys mit einer Vielzahl f\u00fchrender Technologiepartner. Gemeinsam arbeiten wir daran, noch bessere ma\u00dfgeschneiderte Erlebnisse zu schaffen, die unseren Kunden in verschiedenen Branchen weltweit einen Mehrwert bieten.<\/p>\n<\/div><div class=\"card-footer text-end\"><div class=\"btn-container justify-content-end\"><div class=\"small mt-0 chevron btn btn-secondary  only\"><\/div><\/div><\/div><\/a>[\/vc_column][\/vc_row][\/vc_section][vc_section][vc_row][vc_column width=&#8220;1\/2&#8243;][vc_column_text css=&#8220;&#8220;]<\/p>\n<h2>Unsere Mitarbeiter stehen im Mittelpunkt all unserer Aktivit\u00e4ten<\/h2>\n<p>[\/vc_column_text][\/vc_column][\/vc_row][vc_row r_scrollable=&#8220;yes&#8220; equal_height=&#8220;yes&#8220;][vc_column width=&#8220;1\/3&#8243;]<a class=\"component card w-100 bgc-lgray vertical text-start nomedia  chevron-only  \" href=\"\/company\/careers\" target=\"\" rel=\"\" ><div class=\"card-body\"><h3>Karriere<\/h3>\n<p>Gestalten Sie die Zukunft der Customer Experience aktiv mit. Schlie\u00dfen Sie sich einem vielf\u00e4ltigen Team an, das Wert auf Aufrichtigkeit, Freude an der Arbeit und gegenseitige Unterst\u00fctzung legt.<\/p>\n<\/div><div class=\"card-footer text-end\"><div class=\"btn-container justify-content-end\"><div class=\"small mt-0 chevron btn btn-secondary  only\"><\/div><\/div><\/div><\/a>[\/vc_column][vc_column width=&#8220;1\/3&#8243;]<a class=\"component card w-100 bgc-lgray vertical text-start nomedia  chevron-only  \" href=\"\/company\/diversity\" target=\"\" rel=\"\" ><div class=\"card-body\"><h3>Inklusion<\/h3>\n<p>Wir sind \u00fcberzeugt, dass Inklusion f\u00fcr alle entscheidend ist, um eine lebendige, kreative Kultur zu schaffen, in der sich jeder zugeh\u00f6rig f\u00fchlt.<\/p>\n<\/div><div class=\"card-footer text-end\"><div class=\"btn-container justify-content-end\"><div class=\"small mt-0 chevron btn btn-secondary  only\"><\/div><\/div><\/div><\/a>[\/vc_column][vc_column width=&#8220;1\/3&#8243;]<a class=\"component card w-100 bgc-lgray vertical text-start nomedia  chevron-only  \" href=\"\/company\/your-potential-is-waiting\" target=\"\" rel=\"\" ><div class=\"card-body\"><h3>Standorte<\/h3>\n<p>Genesys wird von einem globalen Team aus Tausenden von Mitarbeitern betrieben, die an Standorten auf der ganzen Welt mit einer gemeinsamen Mission zusammenarbeiten.<\/p>\n<\/div><div class=\"card-footer text-end\"><div class=\"btn-container justify-content-end\"><div class=\"small mt-0 chevron btn btn-secondary  only\"><\/div><\/div><\/div><\/a>[\/vc_column][\/vc_row][\/vc_section][vc_section background_color=&#8220;bgc-lgray&#8220; flair=&#8220;%5B%7B%22flair_type%22%3A%22f_type_image%22%2C%22hide_mobile%22%3A%22yes%22%7D%5D&#8220;][vc_row][vc_column width=&#8220;1\/2&#8243;][vc_column_text css=&#8220;&#8220;]<\/p>\n<h2 class=\"h3\">Genesys ist ein weltweit f\u00fchrender Anbieter von Customer-Experience- und cloudbasierten Contact Center-L\u00f6sungen<\/h2>\n<p>[\/vc_column_text][\/vc_column][\/vc_row][vc_row][vc_column width=&#8220;1\/3&#8243;][vc_column_text ct_style=&#8220;stat&#8220; css=&#8220;&#8220;]<\/p>\n<p class=\"h2\">Seit 1990<\/p>\n<p>haben wir bereits viele Tausende von KMU- und Unternehmenskunden betreut. Derzeit arbeiten wir mit mehr als 8.000 aktiven Kunden zusammen.[\/vc_column_text][\/vc_column][vc_column width=&#8220;1\/3&#8243;][vc_column_text ct_style=&#8220;stat&#8220; css=&#8220;&#8220;]<\/p>\n<p class=\"h2\">In \u00fcber 100 L\u00e4ndern<\/p>\n<p>auf sechs Kontinenten vertrauen Unternehmen auf Genesys. Wir sind stolz auf unsere geografische Reichweite.[\/vc_column_text][\/vc_column][vc_column width=&#8220;1\/3&#8243;][vc_column_text ct_style=&#8220;stat&#8220; css=&#8220;&#8220;]<\/p>\n<p class=\"h2\">Mehr als 6.000 Mitarbeiter<\/p>\n<p>arbeiten bei Genesys zusammen, um die besten Kundenerfahrungen zu schaffen.[\/vc_column_text][\/vc_column][\/vc_row][\/vc_section][vc_section][vc_row][vc_column]<a class=\"component-cta-block card w-100 h-100 bgc-glass centered cta-text-start  vc_custom_1749098876585\"  style=\"--ob-bg-mobile:url(https:\/\/www.genesys.com\/media\/Discover-the-Genesys-Experience-Index-mobile.png);\"  href=\"https:\/\/www.genesys.com\/de-de\/experience-index\" target=\"\" rel=\"\"><div class=\"row align-items-center image-stack card-body\"><div class=\"col-content col-md-4\"><div class=\"content-container\"><h2 class=\"h3 text-balance\">Entdecken Sie den Genesys Experience Index<\/h2>\n<p>Erfahren Sie, was Ihren Kunden und Mitarbeitern wirklich wichtig ist\u00a0\u2013 und verbessern Sie Ihre Programme zur Erfassung der Stimme des Kunden und der Stimme des Mitarbeiters mit der Genesys Experience Index\u2122-Methodik.<\/p>\n<\/div><div class=\" btn-container mt-2\"><div class=\"btn btn-primary\">Mehr erfahren<\/div><\/div><\/div><\/div><\/a>[\/vc_column][\/vc_row][\/vc_section]<\/p>\n<\/div>","protected":false},"excerpt":{"rendered":"<p>[vc_section sec_modern_width=&#8220;enable&#8220; background_color=&#8220;bgc-lgray&#8220; flair=&#8220;%5B%7B%22flair_type%22%3A%22f_type_image%22%2C%22flair_image%22%3A%22561577%22%2C%22flair_width%22%3A%221220px%22%2C%22flair_right%22%3A%22-10%25%22%2C%22flair_bottom%22%3A%220%22%7D%5D&#8220; vib=&#8220;enable&#8220;][vc_row content_placement=&#8220;middle&#8220;][vc_column background_color=&#8220;bgc-glass&#8220; width=&#8220;2\/3&#8243; el_class=&#8220;px-md-3 py-md-5&#8243; offset=&#8220;vc_col-md-5&#8243;][vc_column_text css=&#8220;&#8220;] \u00dcber Genesys Genesys unterst\u00fctzt mehr als 8.000 Unternehmen und Organisationen in \u00fcber 100 L\u00e4ndern durch die Gestaltung zukunftsweisender Kundenerfahrungen dabei, einf\u00fchlsame, personalisierte Erlebnisse im gro\u00dfen Ma\u00dfstab zu bieten.[\/vc_column_text][\/vc_column][\/vc_row][\/vc_section][vc_section background_color=&#8220;bgc-lgray&#8220; flair=&#8220;%5B%7B%22flair_type%22%3A%22f_type_image%22%2C%22hide_mobile%22%3A%22yes%22%7D%5D&#8220; el_class=&#8220;mt-2 mt-lg-5&#8243;][vc_row][vc_column width=&#8220;1\/2&#8243;][vc_column_text css=&#8220;&#8220;] Wer wir sind Mit unserer innovativen, KI-gest\u00fctzten Experience-Orchestration-Plattform unterst\u00fctzen [&hellip;]<\/p>\n","protected":false},"author":1,"featured_media":0,"parent":0,"menu_order":8,"comment_status":"closed","ping_status":"closed","template":"","meta":{"_acf_changed":false,"footnotes":""},"class_list":["post-411793","page","type-page","status-publish","hentry"],"acf":[],"_links":{"self":[{"href":"https:\/\/www.genesys.com\/de-de\/wp-json\/wp\/v2\/pages\/411793","targetHints":{"allow":["GET"]}}],"collection":[{"href":"https:\/\/www.genesys.com\/de-de\/wp-json\/wp\/v2\/pages"}],"about":[{"href":"https:\/\/www.genesys.com\/de-de\/wp-json\/wp\/v2\/types\/page"}],"author":[{"embeddable":true,"href":"https:\/\/www.genesys.com\/de-de\/wp-json\/wp\/v2\/users\/1"}],"replies":[{"embeddable":true,"href":"https:\/\/www.genesys.com\/de-de\/wp-json\/wp\/v2\/comments?post=411793"}],"version-history":[{"count":18,"href":"https:\/\/www.genesys.com\/de-de\/wp-json\/wp\/v2\/pages\/411793\/revisions"}],"predecessor-version":[{"id":609688,"href":"https:\/\/www.genesys.com\/de-de\/wp-json\/wp\/v2\/pages\/411793\/revisions\/609688"}],"wp:attachment":[{"href":"https:\/\/www.genesys.com\/de-de\/wp-json\/wp\/v2\/media?parent=411793"}],"curies":[{"name":"wp","href":"https:\/\/api.w.org\/{rel}","templated":true}]}}