{"id":387644,"date":"2021-03-31T11:13:07","date_gmt":"2021-03-31T18:13:07","guid":{"rendered":"https:\/\/www.genesys.com\/?page_id=387644"},"modified":"2025-12-09T01:08:58","modified_gmt":"2025-12-09T09:08:58","slug":"global-strategic-alliances","status":"publish","type":"page","link":"https:\/\/www.genesys.com\/de-de\/partners\/global-strategic-alliances","title":{"rendered":"Strategische Allianzen"},"content":{"rendered":"<div class=\"wpb-content-wrapper\"><p>[vc_section sec_modern_width=&#8220;enable&#8220; background_color=&#8220;bgc-lgray&#8220; flair=&#8220;%5B%7B%22flair_type%22%3A%22f_type_image%22%2C%22hide_mobile%22%3A%22yes%22%7D%5D&#8220; vib=&#8220;enable&#8220; css=&#8220;.vc_custom_1749627119105{background-position: center !important;background-repeat: no-repeat !important;background-size: cover !important;}&#8220;][vc_row][vc_column width=&#8220;1\/2&#8243;][vc_column_text css=&#8220;&#8220;]<\/p>\n<h1 class=\"no-balance\">Strategische Technologiepartner f\u00fcr eine erstklassige KI-gest\u00fctzte Experience Orchestration<\/h1>\n<p>Diese weltweit f\u00fchrenden strategischen Partner stehen f\u00fcr exzellente technologische Innovation und Servicebereitstellung \u2013 und haben sich den Werten von Genesys verschrieben.[\/vc_column_text][\/vc_column][vc_column width=&#8220;5\/12&#8243; offset=&#8220;vc_col-sm-offset-1&#8243;][vc_single_image image=&#8220;577762&#8243; css=&#8220;&#8220; rounded_corners=&#8220;rounded-xs&#8220;][\/vc_column][\/vc_row][\/vc_section][vc_section][vc_row][vc_column width=&#8220;1\/2&#8243;][vc_column_text css=&#8220;&#8220;]<\/p>\n<h2>So beschleunigen unsere Partner Ihren Erfolg<\/h2>\n<p>Alle unsere strategischen Technologiepartner sind in ihrem Bereich f\u00fchrend und bieten f\u00fcr jeden Kunden\u00a0\u2013 und Anwendungsbereich\u00a0\u2013 einen einzigartigen Mehrwert. Unsere Kunden profitieren unter anderem von folgenden Vorteilen:[\/vc_column_text][\/vc_column][vc_column width=&#8220;1\/2&#8243;][\/vc_column][\/vc_row][vc_row][vc_column width=&#8220;1\/4&#8243;][vc_column_text ct_style=&#8220;list-block&#8220; css=&#8220;&#8220;]<\/p>\n<h3 class=\"h5\">F\u00fchrende Technologien und Innovationen<\/h3>\n<p>Zusammen lassen wir basierend auf unserem Fachwissen, unseren Branchenkenntnissen und unserem langj\u00e4hrigen Erfolg Ihre k\u00fchne Vision f\u00fcr die Customer Experience Wirklichkeit werden.[\/vc_column_text][\/vc_column][vc_column width=&#8220;1\/4&#8243;][vc_column_text ct_style=&#8220;list-block&#8220; css=&#8220;&#8220;]<\/p>\n<h3 class=\"h5\">Weltweiter Zugang zu M\u00e4rkten und Kunden<\/h3>\n<p>Allianzpartner sind globale Unternehmen mit renommierten Marken und Tausenden von Kunden. Auch abseits der Zusammenarbeit mit Genesys sind diese Unternehmen f\u00fcr ihre innovativen Technologien bekannt.[\/vc_column_text][\/vc_column][vc_column width=&#8220;1\/4&#8243;][vc_column_text ct_style=&#8220;list-block&#8220; css=&#8220;&#8220;]<\/p>\n<h3 class=\"h5\">Skalierbare SaaS-L\u00f6sungen<\/h3>\n<p>Durch gemeinsame Integrationen ist es f\u00fcr Kunden einfach, sofort zu reagieren und komplexe Skalierungen bei unerwarteten Serviceanforderungen zu vermeiden.[\/vc_column_text][\/vc_column][vc_column width=&#8220;1\/4&#8243;][vc_column_text ct_style=&#8220;list-block&#8220; css=&#8220;&#8220;]<\/p>\n<h3 class=\"h5\">Schnell zu besseren Gesch\u00e4ftsergebnissen<\/h3>\n<p>Die Kombination der St\u00e4rken globaler Innovatoren bedeutet, dass Sie mit den von Ihnen gew\u00e4hlten erstklassigen L\u00f6sungen einen gr\u00f6\u00dferen Nutzen erzielen und schneller Ergebnisse sehen.[\/vc_column_text][\/vc_column][\/vc_row][\/vc_section][vc_section sec_modern_width=&#8220;enable&#8220; background_color=&#8220;bgc-lgray&#8220; flair=&#8220;%5B%7B%22flair_type%22%3A%22f_type_image%22%2C%22hide_mobile%22%3A%22yes%22%7D%5D&#8220; css=&#8220;.vc_custom_1749627756591{background-image: url(https:\/\/www.genesys.com\/media\/Genesys_Threads_209.png?id=569364) !important;}&#8220; el_class=&#8220;bg-cover bg-150-md bg-center bg-norepeat&#8220;][vc_row r_gutter_size=&#8220;gutter-small&#8220; background_color=&#8220;bgc-glass&#8220; equal_height=&#8220;yes&#8220; el_class=&#8220;py-3 px-1 px-lg-3 rounded mt-0&#8243;][vc_column offset=&#8220;vc_col-md-7&#8243; el_class=&#8220;mb-1&#8243;][vc_column_text css=&#8220;&#8220;]<\/p>\n<h2>Strategische Allianzen von Genesys<\/h2>\n<p>[\/vc_column_text][\/vc_column][vc_column elemental_order=&#8220;order-5&#8243; offset=&#8220;vc_col-md-5&#8243; el_class=&#8220;mt-2 mt-lg-0&#8243;][\/vc_column][vc_column width=&#8220;1\/3&#8243;]<a class=\"component card w-100 bgc-white vertical text-start   has-card-header  \" href=\"\/de-de\/partners\/global-strategic-alliances\/aws\" target=\"\" rel=\"\" ><div class=\"card-header p-1 bgc-lgray d-flex justify-content-center align-items-center\" style=\"min-height:165px;\"><img decoding=\"async\" style=\"max-width:150px;\"width=\"1600\" height=\"957\" src=\"https:\/\/www.genesys.com\/media\/AWS_logo_RGB_SQUID_INK-1.png\" alt=\"AWS_logo_RGB_SQUID_INK\" ><\/div><div class=\"card-body\"><h3 class=\"h5\">Amazon Web Services<\/h3>\n<p>Stellen Sie eine zukunftsf\u00e4hige Experience Orchestration auf einer f\u00fchrenden KI-gest\u00fctzten Plattform bereit. Mit Genesys Cloud, basierend auf AWS, bieten Sie Ihren Kunden und Mitarbeitern bei jeder Interaktion ein personalisiertes Erlebnis.<\/p>\n<p>Beschleunigen Sie die Markteinf\u00fchrung mit sofort einsatzbereiten KI-Funktionen, die durch AWS-Services wie Amazon Bedrock erm\u00f6glicht werden und Ihnen helfen, Genesys Cloud \u00fcber das Contact Center hinaus zu erweitern und zu integrieren.<\/p>\n<p>Genesys und AWS bieten ein beispiellos hohes Ma\u00df an Flexibilit\u00e4t, Zuverl\u00e4ssigkeit und Skalierbarkeit, das seinesgleichen sucht.<\/p>\n<p>Durch die Anschaffung der Genesys-L\u00f6sung \u00fcber den AWS Marketplace erzielen Sie zus\u00e4tzliche Kosteneinsparungen.<\/p>\n<\/div><div class=\"card-footer text-end\"><div class=\"btn-container \"><div class=\"small mt-0 chevron arrow arrow-primary \" href=\"#\" target=\"\" rel=\"\">Mehr erfahren<\/div><\/div><\/div><\/a>[\/vc_column][vc_column width=&#8220;1\/3&#8243;]<a class=\"component card w-100 bgc-white vertical text-start   has-card-header  \" href=\"\/de-de\/partners\/global-strategic-alliances\/salesforce\" target=\"\" rel=\"\" ><div class=\"card-header p-1 bgc-lgray d-flex justify-content-center align-items-center\" style=\"min-height:165px;\"><img decoding=\"async\" style=\"max-width:170px;\"width=\"1134\" height=\"794\" src=\"https:\/\/www.genesys.com\/media\/Salesforce_Corporate_Logo_RGB.png\" alt=\"Salesforce_Corporate_Logo_RGB\" ><\/div><div class=\"card-body\"><h3 class=\"h5\">Salesforce<\/h3>\n<p>Salesforce und Genesys unterst\u00fctzen Unternehmen bei der Zusammenf\u00fchrung von Daten, Contact\u00a0Center-Mitarbeitern, Bots und Kommunikationskan\u00e4len f\u00fcr intelligentere, umfassende Kunden- und Mitarbeitererlebnisse. Mit einer neuen nativen Integration zwischen der Genesys Cloud-Plattform und der Salesforce Service Cloud kombiniert die L\u00f6sung Funktionen f\u00fcr Contact Center und das Workforce Engagement Management\u00a0(WEM), um die Arbeit von Mitarbeitern und Teamleitern nahtloser zu gestalten. Durch den bidirektionalen Datenaustausch zwischen den Plattformen k\u00f6nnen Unternehmen Silos beseitigen und Kundeninteraktionen, das Kundenverhalten und den zeitlichen Verlauf \u00fcber die gesamte Customer Journey hinweg besser nachvollziehen.<\/p>\n<\/div><div class=\"card-footer text-end\"><div class=\"btn-container \"><div class=\"small mt-0 chevron arrow arrow-primary \" href=\"#\" target=\"\" rel=\"\">Mehr erfahren<\/div><\/div><\/div><\/a>[\/vc_column][vc_column width=&#8220;1\/3&#8243;]<a class=\"component card w-100 bgc-white vertical text-start   has-card-header  \" href=\"\/de-de\/blog\/post\/3-keys-to-delivering-unified-experiences-with-genesys-and-servicenow\" target=\"\" rel=\"\" ><div class=\"card-header p-1 bgc-lgray d-flex justify-content-center align-items-center\" style=\"min-height:165px;\"><img decoding=\"async\" style=\"max-width:250px;\"width=\"250\" height=\"36\" src=\"https:\/\/www.genesys.com\/media\/sn-logo-color.png\" alt=\"sn-logo-color\" ><\/div><div class=\"card-body\"><h3 class=\"h5\">ServiceNow<\/h3>\n<p>Genesys und ServiceNow arbeiten zusammen, um die Erfahrungen von Kunden und Mitarbeitern zu verbessern. Die beiden Unternehmen planen, die Genesys Cloud\u2122-Plattform und das ServiceNow Customer Service Management (CSM) zu integrieren, um eine einsatzbereite, KI-gest\u00fctzte L\u00f6sung f\u00fcr Unternehmen auf der ganzen Welt bereitzustellen: die Unified Experience von Genesys und ServiceNow. Durch die Kombination der branchenf\u00fchrenden KI-, Automatisierungs- und Digitalfunktionen beider Unternehmen vereint Unified Experience von Genesys und ServiceNow die besten Eigenschaften beider Plattformen mit dem Ziel, Kundenserviceteams \u00fcber eine zentrale Konsole die einheitliche Zusammenarbeit zu erm\u00f6glichen, das Routing \u00fcber Abteilungen und Kan\u00e4le hinweg zu zentralisieren und die Einbindung der Mitarbeiter zu optimieren, um ein personalisiertes Kundenerlebnis zu erm\u00f6glichen und die Mitarbeitererfahrung zu optimieren.<\/p>\n<\/div><div class=\"card-footer text-end\"><div class=\"btn-container \"><div class=\"small mt-0 chevron arrow arrow-primary \" href=\"#\" target=\"\" rel=\"\">Mehr erfahren<\/div><\/div><\/div><\/a>[\/vc_column][\/vc_row][\/vc_section][vc_section][vc_row r_gutter_size=&#8220;gutter-small&#8220; equal_height=&#8220;yes&#8220;][vc_column]<a class=\"component-cta-block card w-100 h-100 bgc-lgray centered cta-text-start \"  href=\"\/de-de\/resources\/cx-ecosystem\" target=\"\" rel=\"\"><div class=\"row align-items-center image-stack cta-tiny-padding card-body\"><div class=\"col-12 col-md-5 offset-md-1 no-offset\"><div class=\"content-container\"><h3>Bieten Sie mit einem KI-gest\u00fctzten CX-\u00d6kosystem ein neues Erlebnisniveau<\/h3>\n<p>Sehen Sie, wie das Zusammenspiel zwischen Genesys Cloud und Genesys-Partnern Abl\u00e4ufe beschleunigt, Kosten senkt und die Kundenbindung st\u00e4rkt.<\/p>\n<\/div><div class=\" btn-container mt-2\"><div class=\"btn btn-primary\">E-Book herunterladen<\/div><\/div><\/div><div class=\"col-image offset-0 offset-md-1 col-md-5 flex-column justify-content-center mt-1 mt-lg-0 img-top-container no-offset flex-column justify-content-center mt-1 mt-lg-0 img-top-container\"><img decoding=\"async\" width=\"508\" height=\"474\" src=\"https:\/\/www.genesys.com\/media\/cta_block_img-CX_Ecosystem_ebook.png\" alt=\"\" class=\"rounded\"><\/div><\/div><\/a>[\/vc_column][\/vc_row][\/vc_section][vc_section][vc_row][vc_column][vc_column_text]<\/p>\n<h2 class=\"h3\" style=\"text-align: center;\">Ressourcen<\/h2>\n<p>[\/vc_column_text][\/vc_column][\/vc_row][vc_row r_gutter_size=&#8220;gutter-small&#8220; equal_height=&#8220;yes&#8220;][vc_column]<div class=\"related-posts-container next-steps-module w-100\"><div class=\"inner-container scrollable-row-container\"><div class=\"row align-items-stretch gutter-small col-count-2 scrollable-row\"><div class=\"col-md-6 horizontal-cards grid-item card-col item-image grid_type-resources\"><a class=\"card w-100 h-100 bgc-lgray component horizontal text-start thumbnail chevron-only\" href=\"https:\/\/www.genesys.com\/de-de\/resources\/product-overview-cx-cloud-from-genesys-and-salesforce\"><div class=\"row align-items-center\"><div class=\"col-12 col-md-5 col-lg-6\"><div class=\"thumbnail-col thubmnail default-thumb\"><img decoding=\"async\" src=\"\/media\/default-resource-thumb-wave-1.jpg\" height=\"464\" width=\"820\" alt=\"Genesys wave default resource thumbnail 1\"><\/div><\/div><div class=\"col-12 col-md-7 col-lg-6\"><div class=\"card-body text-col ps-0\"><p class=\"assettag\">Product overview<\/p><h3 class=\"item-title h6\">CX Cloud von Genesys und Salesforce<\/h3><\/div><div class=\"card-footer text-end ps-0\"><div class=\"justify-content-end btn-container\"><div class=\"btn chevron small only btn-secondary\"><\/div><\/div><\/div><\/div><\/div><\/a><\/div><div class=\"col-md-6 horizontal-cards item-image grid-item card-col item-image grid_type-\"><a class=\"card w-100 h-100 bgc-lgray component horizontal text-start thumbnail chevron-only\" href=\"https:\/\/www.genesys.com\/resources\/making-generative-ai-part-of-the-team-with-genesys\"><div class=\"row align-items-center\"><div class=\"col-12 col-md-5 col-lg-6\"><div class=\"thumbnail-col thubmnail\"><img decoding=\"async\" src=\"https:\/\/www.genesys.com\/media\/Making-AWS-gen-AI-part-of-Genesys\u200b.jpg\" height=\"480\" width=\"823\" alt=\"Making aws gen ai part of genesys\u200b\"><\/div><\/div><div class=\"col-12 col-md-7 col-lg-6\"><div class=\"card-body text-col ps-0\"><p class=\"assettag\">Video<\/p><h3 class=\"item-title h6\">Making Generative AI Part of the Team with Genesys<\/h3><\/div><div class=\"card-footer text-end ps-0\"><div class=\"justify-content-end btn-container\"><div class=\"btn chevron small only btn-secondary\"><\/div><\/div><\/div><\/div><\/div><\/a><\/div><\/div><\/div><\/div>[\/vc_column][\/vc_row][\/vc_section]<\/p>\n<\/div>","protected":false},"excerpt":{"rendered":"<p>[vc_section sec_modern_width=&#8220;enable&#8220; background_color=&#8220;bgc-lgray&#8220; flair=&#8220;%5B%7B%22flair_type%22%3A%22f_type_image%22%2C%22hide_mobile%22%3A%22yes%22%7D%5D&#8220; vib=&#8220;enable&#8220; css=&#8220;.vc_custom_1749627119105{background-position: center !important;background-repeat: no-repeat !important;background-size: cover !important;}&#8220;][vc_row][vc_column width=&#8220;1\/2&#8243;][vc_column_text css=&#8220;&#8220;] Strategische Technologiepartner f\u00fcr eine erstklassige KI-gest\u00fctzte Experience Orchestration Diese weltweit f\u00fchrenden strategischen Partner stehen f\u00fcr exzellente technologische Innovation und Servicebereitstellung \u2013 und haben sich den Werten von Genesys verschrieben.[\/vc_column_text][\/vc_column][vc_column width=&#8220;5\/12&#8243; offset=&#8220;vc_col-sm-offset-1&#8243;][vc_single_image image=&#8220;577762&#8243; css=&#8220;&#8220; rounded_corners=&#8220;rounded-xs&#8220;][\/vc_column][\/vc_row][\/vc_section][vc_section][vc_row][vc_column width=&#8220;1\/2&#8243;][vc_column_text css=&#8220;&#8220;] So beschleunigen unsere Partner Ihren [&hellip;]<\/p>\n","protected":false},"author":1,"featured_media":0,"parent":87384,"menu_order":0,"comment_status":"closed","ping_status":"closed","template":"","meta":{"_acf_changed":false,"footnotes":""},"class_list":["post-387644","page","type-page","status-publish","hentry"],"acf":[],"_links":{"self":[{"href":"https:\/\/www.genesys.com\/de-de\/wp-json\/wp\/v2\/pages\/387644","targetHints":{"allow":["GET"]}}],"collection":[{"href":"https:\/\/www.genesys.com\/de-de\/wp-json\/wp\/v2\/pages"}],"about":[{"href":"https:\/\/www.genesys.com\/de-de\/wp-json\/wp\/v2\/types\/page"}],"author":[{"embeddable":true,"href":"https:\/\/www.genesys.com\/de-de\/wp-json\/wp\/v2\/users\/1"}],"replies":[{"embeddable":true,"href":"https:\/\/www.genesys.com\/de-de\/wp-json\/wp\/v2\/comments?post=387644"}],"version-history":[{"count":22,"href":"https:\/\/www.genesys.com\/de-de\/wp-json\/wp\/v2\/pages\/387644\/revisions"}],"predecessor-version":[{"id":607337,"href":"https:\/\/www.genesys.com\/de-de\/wp-json\/wp\/v2\/pages\/387644\/revisions\/607337"}],"up":[{"embeddable":true,"href":"https:\/\/www.genesys.com\/de-de\/wp-json\/wp\/v2\/pages\/87384"}],"wp:attachment":[{"href":"https:\/\/www.genesys.com\/de-de\/wp-json\/wp\/v2\/media?parent=387644"}],"curies":[{"name":"wp","href":"https:\/\/api.w.org\/{rel}","templated":true}]}}