{"id":387635,"date":"2021-03-31T11:08:46","date_gmt":"2021-03-31T18:08:46","guid":{"rendered":"https:\/\/www.genesys.com\/?page_id=387635"},"modified":"2025-12-09T00:52:07","modified_gmt":"2025-12-09T08:52:07","slug":"ascend-partners","status":"publish","type":"page","link":"https:\/\/www.genesys.com\/de-de\/partners\/ascend-partners","title":{"rendered":"Ascend-Partner"},"content":{"rendered":"<div class=\"wpb-content-wrapper\"><p>[vc_section sec_modern_width=&#8220;enable&#8220; background_color=&#8220;bgc-lgray&#8220; flair=&#8220;%5B%7B%22flair_type%22%3A%22f_type_image%22%7D%5D&#8220; vib=&#8220;enable&#8220; css=&#8220;.vc_custom_1762212280279{background-position: center !important;background-repeat: no-repeat !important;background-size: cover !important;}&#8220;][vc_row content_placement=&#8220;middle&#8220;][vc_column width=&#8220;1\/2&#8243;][vc_column_text css=&#8220;&#8220;]<\/p>\n<h1>Ascend-Partner sind gut f\u00fcrs Gesch\u00e4ft<\/h1>\n<p>Gemeinsam helfen Genesys und unsere Ascend-Partner Unternehmen, das Potenzial einer KI-gest\u00fctzten Customer Experience voll auszusch\u00f6pfen. Unsere L\u00f6sungsanbieter, Vertriebspartner f\u00fcr die Lead-Generierung, Distributoren f\u00fcr Technologiel\u00f6sungen (nur in Nordamerika) und Servicepartner arbeiten mit Genesys zusammen, um die Transformation der CX zu beschleunigen, Innovationen zu skalieren und messbare Gesch\u00e4ftsergebnisse zu erzielen. So erm\u00f6glichen wir eine intelligentere und st\u00e4rker vernetzte Customer Experience, die das Wachstum unserer Kunden vorantreibt.[\/vc_column_text]<div class=\"btn-container  \"><a role=\"button\"  class=\"btn btn-primary\" href=\"\/partners\/genesys-partner-portal-login\" target=\"_blank\" rel=\"\">Werden Sie Partner<\/a><a role=\"button\"  class=\"btn btn-ff-primary chevron\" href=\"\/partners\/partner-finder\" target=\"_blank\" rel=\"\">Partnersuche<\/a><\/div>[\/vc_column][vc_column v_align=&#8220;flexend&#8220; width=&#8220;1\/2&#8243; offset=&#8220;vc_hidden-xs&#8220;][vc_single_image image=&#8220;603963&#8243; css=&#8220;&#8220; rounded_corners=&#8220;rounded-xs&#8220;][\/vc_column][\/vc_row][\/vc_section][vc_section][vc_row][vc_column width=&#8220;1\/2&#8243;][vc_column_text css=&#8220;&#8220;]<\/p>\n<h2 class=\"h3\">Zugang zu branchenf\u00fchrenden Technologien<\/h2>\n<p>Durch die Zusammenarbeit mit einem Genesys Ascend-Partner erschlie\u00dft sich Ihr Unternehmen den direkten Zugang zu erstklassiger Expertise und Technologie von Weltklasse. Ascend-Partner erweitern die leistungsstarke Genesys Cloud CX-Plattform um bew\u00e4hrte Branchenkenntnisse und stellen eigene L\u00f6sungen f\u00fcr individuelle Kundenanforderungen bereit. Von nahtlosen Integrationen bis hin zur kontinuierlichen Optimierung\u00a0\u2013 Ascend-Partner helfen Ihnen, Ihren ROI zu maximieren, die Transformation zu beschleunigen und au\u00dfergew\u00f6hnliche, skalierbare Kundenerfahrungen zu bieten.[\/vc_column_text][\/vc_column][\/vc_row][vc_row][vc_column width=&#8220;1\/3&#8243;][vc_column_text ct_style=&#8220;list-block&#8220; css=&#8220;&#8220;]<\/p>\n<h3 class=\"h5\">Genesys Cloud f\u00fcr CX-Vorreiter<\/h3>\n<p>Genesys Cloud ist die weltweit f\u00fchrende KI-gest\u00fctzte CX-Plattform, die das Vertrauen von Fortune\u00a02000-Unternehmen und globalen Marken genie\u00dft. Wenn Sie sich f\u00fcr Ascend-Partner entscheiden, arbeiten Sie mit Branchenf\u00fchrern zusammen, die differenzierte Kundenerfahrungen bereitstellen und eine \u00fcberzeugende Erfolgsbilanz vorweisen.[\/vc_column_text][\/vc_column][vc_column width=&#8220;1\/3&#8243;][vc_column_text ct_style=&#8220;list-block&#8220; css=&#8220;&#8220;]<\/p>\n<h3 class=\"h5\">Eine breitere Basis f\u00fcr eine weitreichende Wirkung<\/h3>\n<p>Genesys vernetzt Sie mit qualifizierten Partnern, die Genesys-L\u00f6sungen implementieren, integrieren und optimieren. Ascend-Partner nutzen Co-Marketing-Ressourcen, gemeinsame Entwicklungsprozesse und Enablement-Ressourcen, um nicht nur Technologie zu bieten, sondern auch Transparenz, Skalierbarkeit und Wachstum f\u00fcr Ihr Unternehmen.[\/vc_column_text][\/vc_column][vc_column width=&#8220;1\/3&#8243;][vc_column_text ct_style=&#8220;list-block&#8220; css=&#8220;&#8220;]<\/p>\n<h3 class=\"h5\">Innovation mit Schlagkraft<\/h3>\n<p>Genesys ist daf\u00fcr bekannt, die Customer Experience immer wieder neu zu gestalten, und Ascend-Partner geben diese Innovationskraft an Sie weiter. Gemeinsam liefern wir ma\u00dfgeschneiderte L\u00f6sungen, mit denen Sie den Erwartungen Ihrer Kunden immer einen Schritt voraus bleiben.[\/vc_column_text][\/vc_column][\/vc_row][\/vc_section][vc_section][vc_row][vc_column width=&#8220;7\/12&#8243;][vc_column_text ct_style=&#8220;stat&#8220; css=&#8220;&#8220;]<\/p>\n<h2>Aus der Sicht eines Genesys-Partners<\/h2>\n<p class=\"text-24\">\u201eWenn ich einen besonderen Vorteil der Zusammenarbeit mit Genesys und der M\u00f6glichkeit, stets \u00fcberragende Erfahrungen zu bieten, nennen will, dann muss ich betonen, dass das Produkt in jeder Branche und f\u00fcr Kundenunternehmen jeder Gr\u00f6\u00dfe eingesetzt werden kann.\u201c<\/p>\n<p>\u2013 Tiffany Moses Gschwendtner, Global CX Solutions Leader bei TTEC Digital[\/vc_column_text][\/vc_column][\/vc_row][\/vc_section][vc_section flair=&#8220;%5B%7B%22hide_mobile%22%3A%22yes%22%7D%5D&#8220; css=&#8220;.vc_custom_1711487617765{background-position: center !important;background-repeat: no-repeat !important;background-size: cover !important;}&#8220;][vc_row][vc_column width=&#8220;1\/2&#8243;][vc_column_text css=&#8220;&#8220;]<\/p>\n<h2 class=\"h3\">W\u00e4hlen Sie den richtigen Partner f\u00fcr Ihre Ziele<\/h2>\n<p>Das Genesys Ascend-Partnerprogramm umspannt ein Netzwerk von vertrauensw\u00fcrdigen Experten, die Ihnen mit flexiblen Engagement-Modellen mehr Auswahl, beeindruckendes Fachwissen und den schnelleren Zugang zu der Genesys-L\u00f6sung bieten, die Ihren Gesch\u00e4ftszielen am besten entspricht. [\/vc_column_text][\/vc_column][\/vc_row][vc_row equal_height=&#8220;yes&#8220;][vc_column width=&#8220;1\/2&#8243;][vc_column_text ct_style=&#8220;list-block&#8220; css=&#8220;&#8220;]<\/p>\n<h3 class=\"h5\">L\u00f6sungsanbieter<\/h3>\n<p>Arbeiten Sie mit einem L\u00f6sungsanbieter zusammen, wenn Sie eine End-to-End-Bereitstellung von Genesys Cloud CX w\u00fcnschen. Diese Partner sind mehr als nur Reseller. Sie entwerfen, implementieren und verwalten komplette Customer-Experience-L\u00f6sungen als Teil ihres umfassenden Serviceportfolios. So arbeitet Ihr Unternehmen mit einem einzigen, vertrauensw\u00fcrdigen Anbieter zusammen, der Genesys nahtlos in Ihren Betrieb integrieren und Ihren Erfolg langfristig unterst\u00fctzen kann.[\/vc_column_text][\/vc_column][vc_column width=&#8220;1\/2&#8243;][vc_column_text ct_style=&#8220;list-block&#8220; css=&#8220;&#8220;]<\/p>\n<h3 class=\"h5\">Referral-Partner<\/h3>\n<p>Referral-Partner und Distributoren f\u00fcr Technologiel\u00f6sungen bringen Sie direkt mit Genesys in Kontakt. Sie vereinfachen den Kaufprozess und kennen sich mit dem Genesys-Portfolio bestens aus. So helfen sie Ihnen, Komplexit\u00e4t zu reduzieren und schneller die richtige L\u00f6sung zu finden. [\/vc_column_text][\/vc_column][\/vc_row][\/vc_section][vc_section flair=&#8220;%5B%7B%22flair_type%22%3A%22f_type_image%22%2C%22hide_mobile%22%3A%22yes%22%7D%5D&#8220;][vc_row content_placement=&#8220;middle&#8220;][vc_column width=&#8220;1\/2&#8243;][vc_column_text css=&#8220;&#8220;]<\/p>\n<h2 class=\"h3\">Partnersuche<\/h2>\n<p>Erkunden Sie das Netzwerk der Genesys-Partner, um das richtige Know-how f\u00fcr Ihr Unternehmen zu finden. Nutzen Sie unsere interaktive Karte, um mit Partnern in Kontakt zu treten, die Ihnen helfen, Ihr Gesch\u00e4ftswachstum und Ihre Innovationskraft mit Genesys-L\u00f6sungen zu f\u00f6rdern. [\/vc_column_text]<div class=\"btn-container  \"><a role=\"button\"  class=\"btn btn-secondary\" href=\"\/partners\/partner-finder\" target=\"_blank\" rel=\"\">Partnersuche<\/a><\/div>[\/vc_column][vc_column width=&#8220;5\/12&#8243; offset=&#8220;vc_col-sm-offset-1&#8243;][vc_single_image image=&#8220;603964&#8243; css=&#8220;&#8220; rounded_corners=&#8220;rounded-lg&#8220;][\/vc_column][\/vc_row][\/vc_section][vc_section flair=&#8220;%5B%7B%22hide_mobile%22%3A%22yes%22%7D%5D&#8220;][vc_row][vc_column width=&#8220;1\/2&#8243;][vc_column_text css=&#8220;&#8220;]<\/p>\n<h2 class=\"h3\" style=\"text-align: left;\">Weitere Ressourcen von Genesys<\/h2>\n<p>[\/vc_column_text][\/vc_column][\/vc_row][vc_row r_gutter_size=&#8220;gutter-small&#8220; equal_height=&#8220;yes&#8220;][vc_column]<div class=\"related-posts-container next-steps-module w-100\"><div class=\"inner-container scrollable-row-container\"><div class=\"row align-items-stretch gutter-small col-count-3 scrollable-row\"><div class=\"col-md-4 vertical-cards grid-item card-col item-image grid_type-resources\"><a class=\"card w-100 h-100 bgc-lgray component vertical text-start thumbnail chevron-only\" href=\"https:\/\/www.genesys.com\/de-de\/resources\/contact-center-buyers-guide\"><div class=\"thumbnail-col thubmnail\"><img decoding=\"async\" src=\"https:\/\/www.genesys.com\/media\/820x464-Resource-Thumbnail-Ebook-Buyers-Guide-for-AI-and-CX.jpg\" height=\"464\" width=\"820\" alt=\"820&#215;464 resource thumbnail ebook buyers guide for ai and cx\"><\/div><div class=\"card-body text-col\"><p class=\"assettag\">E-Book<\/p><h3 class=\"item-title h6\">CX- und KI-Leitfaden f\u00fcr Eink\u00e4ufer 2026 | Genesys<\/h3><\/div><div class=\"card-footer text-end\"><div class=\"justify-content-end btn-container\"><div class=\"btn chevron small only btn-secondary\"><\/div><\/div><\/div><\/a><\/div><div class=\"col-md-4 vertical-cards grid-item card-col item-image grid_type-page\"><a class=\"card w-100 h-100 bgc-lgray component vertical text-start thumbnail chevron-only\" href=\"https:\/\/www.genesys.com\/de-de\/partners\/appfoundry\"><div class=\"thumbnail-col thubmnail default-thumb\"><img decoding=\"async\" src=\"\/media\/default-resource-thumb-wave-1.jpg\" height=\"464\" width=\"820\" alt=\"Genesys wave default resource thumbnail 1\"><\/div><div class=\"card-body text-col\"><h3 class=\"item-title h6\">AppFoundry Marketplace<\/h3><\/div><div class=\"card-footer text-end\"><div class=\"justify-content-end btn-container\"><div class=\"btn chevron small only btn-secondary\"><\/div><\/div><\/div><\/a><\/div><div class=\"col-md-4 vertical-cards grid-item card-col item-image grid_type-customers\"><a class=\"card w-100 h-100 bgc-lgray component vertical text-start thumbnail chevron-only\" href=\"https:\/\/www.genesys.com\/de-de\/customer-stories\/paul-hartmann\"><div class=\"thumbnail-col thubmnail\"><img decoding=\"async\" src=\"https:\/\/www.genesys.com\/media\/resource-thumb_Paul-Hartmann.png\" height=\"240\" width=\"440\" alt=\"Resource thumb paul hartmann\"><\/div><div class=\"card-body text-col\"><p class=\"assettag\">KUNDENBERICHT<\/p><h3 class=\"item-title h6\">Paul Hartmann \u2013 Kundenbericht<\/h3><\/div><div class=\"card-footer text-end\"><div class=\"justify-content-end btn-container\"><div class=\"btn chevron small only btn-secondary\"><\/div><\/div><\/div><\/a><\/div><\/div><\/div><\/div>[\/vc_column][\/vc_row][\/vc_section][vc_section][vc_row][vc_column width=&#8220;5\/6&#8243; offset=&#8220;vc_col-sm-offset-1&#8243;]<a class=\"component-cta-block card w-100 h-100 bgc-lgray centered cta-text-center \"  href=\"https:\/\/genesys.my.site.com\/GenesysPartner\/partnerNewUserRegistration?pageType=as\" target=\"_blank\" rel=\"noopener\"><div class=\"card-body text-center col-content\"><h2 class=\"h3\">Werden Sie Partner<\/h2>\n<p>Ihre Expertise wird im Genesys-Partnernetzwerk und im gesamten Genesys-\u00d6kosystem gesch\u00e4tzt! Treten Sie dem Genesys-Partnerprogramm bei, um Tools, Schulungen und Unterst\u00fctzung zu erhalten. Wir helfen Ihnen, Ihr Gesch\u00e4ft auszubauen, Rentabilit\u00e4t und Umsatz zu steigern, Ihre Verkaufszahlen zu erh\u00f6hen und die Bekanntheit Ihrer Marke zu f\u00f6rdern. Machen Sie den ersten Schritt, um das Potenzial Ihrer Marke zu erschlie\u00dfen. Werden Sie ein Genesys-Partner!<\/p>\n<div class=\" btn-container justify-content-center mt-2\"><div class=\"btn btn-primary\">Zum Partner-Portal<\/div><\/div><\/div><\/a>[\/vc_column][\/vc_row][\/vc_section]<\/p>\n<\/div>","protected":false},"excerpt":{"rendered":"<p>[vc_section sec_modern_width=&#8220;enable&#8220; background_color=&#8220;bgc-lgray&#8220; flair=&#8220;%5B%7B%22flair_type%22%3A%22f_type_image%22%7D%5D&#8220; vib=&#8220;enable&#8220; css=&#8220;.vc_custom_1762212280279{background-position: center !important;background-repeat: no-repeat !important;background-size: cover !important;}&#8220;][vc_row content_placement=&#8220;middle&#8220;][vc_column width=&#8220;1\/2&#8243;][vc_column_text css=&#8220;&#8220;] Ascend-Partner sind gut f\u00fcrs Gesch\u00e4ft Gemeinsam helfen Genesys und unsere Ascend-Partner Unternehmen, das Potenzial einer KI-gest\u00fctzten Customer Experience voll auszusch\u00f6pfen. Unsere L\u00f6sungsanbieter, Vertriebspartner f\u00fcr die Lead-Generierung, Distributoren f\u00fcr Technologiel\u00f6sungen (nur in Nordamerika) und Servicepartner arbeiten mit Genesys zusammen, um die [&hellip;]<\/p>\n","protected":false},"author":308,"featured_media":0,"parent":87384,"menu_order":0,"comment_status":"closed","ping_status":"closed","template":"","meta":{"_acf_changed":false,"footnotes":""},"class_list":["post-387635","page","type-page","status-publish","hentry"],"acf":[],"_links":{"self":[{"href":"https:\/\/www.genesys.com\/de-de\/wp-json\/wp\/v2\/pages\/387635","targetHints":{"allow":["GET"]}}],"collection":[{"href":"https:\/\/www.genesys.com\/de-de\/wp-json\/wp\/v2\/pages"}],"about":[{"href":"https:\/\/www.genesys.com\/de-de\/wp-json\/wp\/v2\/types\/page"}],"author":[{"embeddable":true,"href":"https:\/\/www.genesys.com\/de-de\/wp-json\/wp\/v2\/users\/308"}],"replies":[{"embeddable":true,"href":"https:\/\/www.genesys.com\/de-de\/wp-json\/wp\/v2\/comments?post=387635"}],"version-history":[{"count":13,"href":"https:\/\/www.genesys.com\/de-de\/wp-json\/wp\/v2\/pages\/387635\/revisions"}],"predecessor-version":[{"id":607331,"href":"https:\/\/www.genesys.com\/de-de\/wp-json\/wp\/v2\/pages\/387635\/revisions\/607331"}],"up":[{"embeddable":true,"href":"https:\/\/www.genesys.com\/de-de\/wp-json\/wp\/v2\/pages\/87384"}],"wp:attachment":[{"href":"https:\/\/www.genesys.com\/de-de\/wp-json\/wp\/v2\/media?parent=387635"}],"curies":[{"name":"wp","href":"https:\/\/api.w.org\/{rel}","templated":true}]}}