{"id":320826,"date":"2020-06-18T15:53:06","date_gmt":"2020-06-18T22:53:06","guid":{"rendered":"https:\/\/www.genesys.com\/?page_id=320826"},"modified":"2024-07-25T00:37:01","modified_gmt":"2024-07-25T07:37:01","slug":"products","status":"publish","type":"page","link":"https:\/\/www.genesys.com\/de-de\/products","title":{"rendered":"Produkte"},"content":{"rendered":"<div class=\"wpb-content-wrapper\"><p>[vc_section vib=&#8220;enable&#8220; background_color=&#8220;bgc-lgray&#8220; flair=&#8220;%5B%7B%22hide_mobile%22%3A%22yes%22%7D%5D&#8220;][vc_row content_placement=&#8220;middle&#8220;][vc_column width=&#8220;5\/12&#8243;][vc_column_text]<\/p>\n<h1>Alles, was Sie f\u00fcr eine erstklassige Customer Experience ben\u00f6tigen<\/h1>\n<p>[\/vc_column_text][\/vc_column][vc_column v_align=&#8220;flexend&#8220; width=&#8220;7\/12&#8243;]<div class=\"genesys-image align-center\"><a class=\"video-lightbox\" href=\"https:\/\/www.youtube.com\/embed\/m4ZcS2UriOU?rel=0\"><img decoding=\"async\" src=\"https:\/\/www.genesys.com\/media\/All-Products-Page-video-Thumbnail.jpg\" alt=\"All products page video thumbnail\" width=\"600\" height=\"338\" class=\"rounded-xs\"\/><\/a><\/div>[\/vc_column][\/vc_row][\/vc_section][vc_section flair=&#8220;%5B%7B%22flair_left%22%3A%220%22%7D%5D&#8220;][vc_row][vc_column width=&#8220;5\/6&#8243; offset=&#8220;vc_col-sm-offset-1&#8243;][vc_column_text css=&#8220;&#8220;]<\/p>\n<h2 style=\"text-align: center;\">Bessere Tools sorgen f\u00fcr bessere Gespr\u00e4che<\/h2>\n<p style=\"text-align: center;\">Mit der passenden cloudbasierten Contact Center-Software ist ein hervorragendes Kundenerlebnis (Customer Experience; CX) ein Kinderspiel\u00a0\u2013 von den Grundlagen Ihres Call Centers bis hin zu den neuesten CX-Innovationen. Mit der Contact Center-Software von Genesys erhalten Sie die besten und umfangreichsten Funktionen f\u00fcr die Customer Experience und die Mitarbeitererfahrung\u00a0\u2013 und einen Partner, der Sie auf dem gesamten Weg begleitet.<\/p>\n<p>[\/vc_column_text][\/vc_column][\/vc_row][vc_row content_placement=&#8220;middle&#8220;][vc_column]<a class=\"component-cta-block card w-100 h-100 bgc-white centered cta-text-end \"  href=\"https:\/\/www.genesys.com\/de-de\/genesys-cloud\" target=\"\" rel=\"\"><div class=\"row align-items-center image-hide card-body\"><div class=\"col-image col-md-5 flex-column justify-content-center img-top-container sm-offset\"><img decoding=\"async\" width=\"1440\" height=\"1088\" class=\"rounded\" src=\"https:\/\/www.genesys.com\/media\/2024-homepage-gc-product-shot-v2.png\" alt=\"A digital dashboard displaying a user's schedule, task breakdown, and performance metrics, with visual elements like progress bars and point counts. some elements feature red highlights and arrows for emphasis.\" ><\/div><div class=\"col-content col-md-7 mt-1 mt-lg-0\"><div class=\"content-container\"><h3 class=\"d-block mb-1 text-32 text-black\">Genesys <span class=\"text-orange\">Cloud CX<\/span><\/h3>\n<p class=\"text-22 font-weight-normal\">Entscheiden Sie sich f\u00fcr die cloudbasierte All-in-One-L\u00f6sung f\u00fcr Contact Center<\/p>\n<p>Vereinheitlichen Sie Ihre Customer Experience \u00fcber Telefon, E-Mail, Chat, Text und soziale Kan\u00e4le. Sorgen Sie daf\u00fcr, dass Ihre Mitarbeiter produktiv und engagiert bleiben\u00a0\u2013 egal, wo sie sich befinden. Mit der Genesys Cloud CX\u00ae-Plattform ist das m\u00f6glich.<\/p>\n<\/div><div class=\" btn-container mt-2\"><div class=\"btn btn-primary\">Mehr erfahren<\/div><\/div><\/div><\/div><\/a>[\/vc_column][\/vc_row][vc_row content_placement=&#8220;middle&#8220;][vc_column]<a class=\"component-cta-block card w-100 h-100 bgc-white centered cta-text-end \"  href=\"\/genesys-cloud-ex\" target=\"\" rel=\"\"><div class=\"row align-items-center image-hide card-body\"><div class=\"col-image col-md-5 flex-column justify-content-center img-top-container sm-offset\"><img decoding=\"async\" width=\"574\" height=\"231\" class=\"rounded\" src=\"https:\/\/www.genesys.com\/media\/genesys-EX-product-image.svg\" alt=\"\" ><\/div><div class=\"col-content col-md-7 mt-1 mt-lg-0\"><div class=\"content-container\"><h3 class=\"d-block mb-1 text-32 text-black\">Genesys <span class=\"text-orange\">Cloud EX<\/span><\/h3>\n<p class=\"text-22 font-weight-normal\">Steigern Sie die Mitarbeitereffizienz im Contact Center und dar\u00fcber hinaus<\/p>\n<p>Hochmotivierte und engagierte Mitarbeiter sorgen f\u00fcr ein besseres Kundenerlebnis. Die Genesys Cloud EX\u2122 L\u00f6sung bietet Ihnen ein System f\u00fcr Ressourcen-, Qualit\u00e4ts- und Compliance- sowie Performance-Management \u2013 alles zusammen mit Ihrer bestehenden ACD.<\/p>\n<\/div><div class=\" btn-container mt-2\"><div class=\"btn btn-primary\">Mehr erfahren<\/div><\/div><\/div><\/div><\/a>[\/vc_column][\/vc_row][vc_row content_placement=&#8220;middle&#8220;][vc_column]<a class=\"component-cta-block card w-100 h-100 bgc-white centered cta-text-end \"  href=\"\/pointillist?_gl=1*43m8gt*_ga*MTE3MDQ3ODM4LjE3MTMyODcxNzQ.*_ga_WMDFV6Y7G2*MTcxNTAzNDExOC4xNC4xLjE3MTUwMzQ0ODcuMC4wLjA.&amp;_ga=2.235241473.1428451999.1715012079-117047838.1713287174\" target=\"\" rel=\"\"><div class=\"row align-items-center image-hide card-body\"><div class=\"col-image col-md-5 flex-column justify-content-center img-top-container sm-offset\"><img decoding=\"async\" width=\"1731\" height=\"928\" class=\"rounded\" src=\"https:\/\/www.genesys.com\/media\/Pointillist-Bill-Journey-All-Products-Thumbnail.png\" alt=\"\" ><\/div><div class=\"col-content col-md-7 mt-1 mt-lg-0\"><div class=\"content-container\"><h3 class=\"d-block mb-1 text-32 text-black\">Pointillist von Genesys<\/h3>\n<p class=\"text-22 font-weight-normal\">Bieten Sie m\u00fchelos, vernetzte und personalisierte Erlebnisse<\/p>\n<p>Erfassen, \u00fcberwachen und orchestrieren Sie Customer Journeys mit der Pointillist<sup>\u00ae<\/sup> Customer Journey Management Platform. Optimieren Sie das Kundenerlebnis und die digitale Erf\u00fcllungsrate, verbessern Sie die Leistung von Contact Centern und vieles mehr.<\/p>\n<\/div><div class=\" btn-container mt-2\"><div class=\"btn btn-primary\">Mehr erfahren<\/div><\/div><\/div><\/div><\/a>[\/vc_column][\/vc_row][\/vc_section][vc_section flair=&#8220;%5B%5D&#8220;][vc_row equal_height=&#8220;yes&#8220;][vc_column width=&#8220;1\/3&#8243;]<a class=\"component card w-100 bgc-lgray vertical text-start nomedia   \" href=\"https:\/\/orchestrators.genesys.com\/home?product=pureconnect\" target=\"_blank\" rel=\"\" ><div class=\"card-body\"><p class=\"mb-0 h4\">Suchen Sie nach PureConnect?<\/p>\n<\/div><div class=\"card-footer text-end\"><div class=\"btn-container \"><div class=\"small mt-0 chevron arrow arrow-primary \" href=\"#\" target=\"\" rel=\"\">Mehr erfahren<\/div><\/div><\/div><\/a>[\/vc_column][vc_column width=&#8220;1\/3&#8243;]<a class=\"component card w-100 bgc-lgray vertical text-start nomedia   \" href=\"https:\/\/orchestrators.genesys.com\/home?product=genesys-engage-on-prem\" target=\"_blank\" rel=\"\" ><div class=\"card-body\"><p class=\"mb-0 h4\">Suchen Sie nach Genesys Engage?<\/p>\n<\/div><div class=\"card-footer text-end\"><div class=\"btn-container \"><div class=\"small mt-0 chevron arrow arrow-primary \" href=\"#\" target=\"\" rel=\"\">Mehr erfahren<\/div><\/div><\/div><\/a>[\/vc_column][vc_column width=&#8220;1\/3&#8243;]<a class=\"component card w-100 bgc-lgray vertical text-start nomedia   \" href=\"https:\/\/orchestrators.genesys.com\/home?product=genesys-multicloud-cx\" target=\"_blank\" rel=\"\" ><div class=\"card-body\"><p class=\"mb-0 h4\">Suchen Sie nach Genesys Multicloud CX?<\/p>\n<\/div><div class=\"card-footer text-end\"><div class=\"btn-container \"><div class=\"small mt-0 chevron arrow arrow-primary \" href=\"#\" target=\"\" rel=\"\">Mehr erfahren<\/div><\/div><\/div><\/a>[\/vc_column][\/vc_row][\/vc_section]<\/p>\n<\/div>","protected":false},"excerpt":{"rendered":"<p>[vc_section vib=&#8220;enable&#8220; background_color=&#8220;bgc-lgray&#8220; flair=&#8220;%5B%7B%22hide_mobile%22%3A%22yes%22%7D%5D&#8220;][vc_row content_placement=&#8220;middle&#8220;][vc_column width=&#8220;5\/12&#8243;][vc_column_text] Alles, was Sie f\u00fcr eine erstklassige Customer Experience ben\u00f6tigen [\/vc_column_text][\/vc_column][vc_column v_align=&#8220;flexend&#8220; width=&#8220;7\/12&#8243;][\/vc_column][\/vc_row][\/vc_section][vc_section flair=&#8220;%5B%7B%22flair_left%22%3A%220%22%7D%5D&#8220;][vc_row][vc_column width=&#8220;5\/6&#8243; offset=&#8220;vc_col-sm-offset-1&#8243;][vc_column_text css=&#8220;&#8220;] Bessere Tools sorgen f\u00fcr bessere Gespr\u00e4che Mit der passenden cloudbasierten Contact Center-Software ist ein hervorragendes Kundenerlebnis (Customer Experience; CX) ein Kinderspiel\u00a0\u2013 von den Grundlagen Ihres Call Centers bis hin zu den neuesten CX-Innovationen. [&hellip;]<\/p>\n","protected":false},"author":1,"featured_media":0,"parent":0,"menu_order":0,"comment_status":"closed","ping_status":"closed","template":"","meta":{"_acf_changed":false,"footnotes":""},"class_list":["post-320826","page","type-page","status-publish","hentry"],"acf":[],"_links":{"self":[{"href":"https:\/\/www.genesys.com\/de-de\/wp-json\/wp\/v2\/pages\/320826","targetHints":{"allow":["GET"]}}],"collection":[{"href":"https:\/\/www.genesys.com\/de-de\/wp-json\/wp\/v2\/pages"}],"about":[{"href":"https:\/\/www.genesys.com\/de-de\/wp-json\/wp\/v2\/types\/page"}],"author":[{"embeddable":true,"href":"https:\/\/www.genesys.com\/de-de\/wp-json\/wp\/v2\/users\/1"}],"replies":[{"embeddable":true,"href":"https:\/\/www.genesys.com\/de-de\/wp-json\/wp\/v2\/comments?post=320826"}],"version-history":[{"count":23,"href":"https:\/\/www.genesys.com\/de-de\/wp-json\/wp\/v2\/pages\/320826\/revisions"}],"predecessor-version":[{"id":530770,"href":"https:\/\/www.genesys.com\/de-de\/wp-json\/wp\/v2\/pages\/320826\/revisions\/530770"}],"wp:attachment":[{"href":"https:\/\/www.genesys.com\/de-de\/wp-json\/wp\/v2\/media?parent=320826"}],"curies":[{"name":"wp","href":"https:\/\/api.w.org\/{rel}","templated":true}]}}