{"id":236883,"date":"2020-04-01T12:50:28","date_gmt":"2020-04-01T19:50:28","guid":{"rendered":"https:\/\/www.genesys.com\/?page_id=236883"},"modified":"2023-12-07T11:59:21","modified_gmt":"2023-12-07T19:59:21","slug":"call-center-cloud-migration-overview","status":"publish","type":"page","link":"https:\/\/www.genesys.com\/de-de\/call-center-cloud-migration-overview","title":{"rendered":"\u00dcberblick \u00fcber die Cloud-Migration f\u00fcr Call Center"},"content":{"rendered":"<div class=\"wpb-content-wrapper\"><p>[vc_section][vc_row][vc_column]<div class=\"section-header   format-header-a has-title has-sub_title has-cta has-image has-bgcolor\" data-swidth=\"stretch\" data-bgcolor=\"bgc-plum\" data-bg-posx=\"center\" data-bg-posy=\"center\" data-text-theme=\"theme-dark\"><div class=\"text-col\"><h1>Call Center-Migration<\/h1><p>Erf\u00fcllen Sie Ihr Markenversprechen \u2013 ganz ohne Hindernisse.<\/p><div class=\"content-container\"><\/div><div class=\"cta-btn \"><a href=\"https:\/\/www.genesys.com\/collateral\/delivering-on-the-promise-of-world-class-omnichannel-customer-experiences\" target=\"_blank\" rel=\"\">Erfolgsberichte lesen<\/a><\/div><\/div><div class=\"media-col image-wide\"><img decoding=\"async\" width=\"47\" height=\"43\" style=\"\" src=\"https:\/\/www.genesys.com\/media\/9162c06f-cloud-integrations-orange.svg\" alt=\"Cloud integrations orange\" \/><\/div><\/div>[\/vc_column][\/vc_row][\/vc_section][vc_section css=&#8220;.vc_custom_1566918234999{padding-top: 0px !important;padding-bottom: 0px !important;}&#8220;][vc_row][vc_column][\/vc_column][\/vc_row][\/vc_section][vc_section][vc_row][vc_column]<div class=\"section-grid has-title has-imageclr\" data-swidth=\"stretch\" data-column=\"grid-3x3\" data-format=\"grid-b\" data-cards=\"bgc-clear\" data-shadow=\"\" data-bgcolor=\"bgc-lgray\" data-bg-posx=\"center\" data-bg-posy=\"center\" data-text-theme=\"theme-light\"><div class=\"text-col\"><h3>Der perfekte Zeitpunkt f\u00fcr eine Aktualisierung Ihrer Call Center-Technologie ist jetzt.<\/h3><\/div><div class=\"grid-container\" ><div class=\"grid-box grid-item has-title has-image\" data-col-span=\"colspan1\" data-row-span=\"rowspan1\"><div class=\"box-media image-wide\"><img decoding=\"async\" width=\"47\" height=\"32\" src=\"https:\/\/www.genesys.com\/media\/cloud.svg\"  alt=\"Moving to the cloud\" \/><\/div><div class=\"box-content\"><h4 class=\"text-18 font-weight-bold\">Leben Sie den Cloud-Lifestyle<\/h4><p>Profitieren Sie von einer Umgebung mit kontinuierlicher Agilit\u00e4t und der F\u00e4higkeit, sich an Ver\u00e4nderungen anzupassen. Mit der richtigen Cloud-Plattform k\u00f6nnen Sie den Funktionsumfang schnell erweitern, bessere Ergebnisse erzielen und Kundenerfahrungen bieten, die Ihre Erwartungen \u00fcbertreffen.<\/p>\n<\/div><\/div><div class=\"grid-box grid-item has-title has-image\" data-col-span=\"colspan1\" data-row-span=\"rowspan1\"><div class=\"box-media image-wide\"><img decoding=\"async\" width=\"47\" height=\"39\" src=\"https:\/\/www.genesys.com\/media\/Collaboration-Tools.svg\"  alt=\"Collaboration tools\" \/><\/div><div class=\"box-content\"><h4 class=\"text-18 font-weight-bold\">Beschleunigen Sie die digitale Transformation<\/h4><p>Passen Sie sich den sich st\u00e4ndig \u00e4ndernden Kundenerwartungen an. Wirklich kanal\u00fcbergreifende, vollst\u00e4ndige Customer Journeys und einheitliche Daten \u00fcber alle Kan\u00e4le hinweg bieten Ihrem Unternehmen die n\u00f6tigen Tools, um Ihre Kundenerfahrung zu verbessern.<\/p>\n<\/div><\/div><div class=\"grid-box grid-item has-title has-image\" data-col-span=\"colspan1\" data-row-span=\"rowspan1\"><div class=\"box-media image-wide\"><img decoding=\"async\" width=\"48\" height=\"36\" src=\"https:\/\/www.genesys.com\/media\/mobile-laptop-2.svg\"  alt=\"Intelligent automated routing\" \/><\/div><div class=\"box-content\"><h4 class=\"text-18 font-weight-bold\">Modernisieren Sie f\u00fcr Innovation<\/h4><p>Seien Sie da, wo Ihre Kunden sind. Vermeiden Sie die steigenden Risiken, Kosten und Einschr\u00e4nkungen von veralteten oder ausgemusterten Technologien\u00a0\u2013 und genie\u00dfen Sie die Freiheit, eine Grundlage f\u00fcr Innovationen zu schaffen.<\/p>\n<\/div><\/div>\n<\/div><\/div>[\/vc_column][\/vc_row][\/vc_section][vc_section][vc_row][vc_column]<div class=\"section-grid has-title\" data-swidth=\"stretch\" data-column=\"grid-1x1\" data-format=\"grid-d\" data-cards=\"bgc-clear\" data-shadow=\"\" data-bg-posx=\"center\" data-bg-posy=\"center\" data-text-theme=\"theme-light\"><div class=\"text-col\"><h3>Wir sind bereit, wenn Sie es sind<\/h3><\/div><div class=\"grid-container\" ><div class=\"grid-box grid-item has-title has-image\" data-col-span=\"colspan1\" data-row-span=\"rowspan1\"><div class=\"box-media image-wide\"><img decoding=\"async\" width=\"47\" height=\"45\" src=\"https:\/\/www.genesys.com\/media\/chat-male.svg\"  alt=\"Chat male\" \/><\/div><div class=\"box-content\"><h4 class=\"text-18 font-weight-bold\">Seien Sie mit erfahrenem Support erfolgreich<\/h4><p>Erfahrung z\u00e4hlt. Nicht ohne Grund vertrauen immer mehr Unternehmen jeder Gr\u00f6\u00dfe und Branche bei ihren Call Center-Migrationen auf Genesys. Sie wissen, dass sie sich auf unsere bew\u00e4hrte Expertise verlassen k\u00f6nnen, um die Erfahrungen f\u00fcr ihre Kunden zu transformieren.<\/p>\n<\/div><\/div><div class=\"grid-box grid-item has-title has-image\" data-col-span=\"colspan1\" data-row-span=\"rowspan1\"><div class=\"box-media image-tall\"><img decoding=\"async\" width=\"45\" height=\"47\" src=\"https:\/\/www.genesys.com\/media\/Time-kills-all-deals.svg\"  alt=\"Get to the right prospect at the right time\" \/><\/div><div class=\"box-content\"><h4 class=\"text-18 font-weight-bold\">Beschleunigen Sie die Wertsch\u00f6pfung und minimieren Sie Kosten und Risiken<\/h4><p>Die innovativsten Anbieter verf\u00fcgen heute \u00fcber bew\u00e4hrte, vielerorts einsetzbare Methoden, darunter Anwendungsszenarien und agile Bereitstellungen. Dadurch lassen sich Risiken, St\u00f6rungen des Gesch\u00e4ftsbetriebs und Bereitstellungskosten minimieren und die Wertsch\u00f6pfung beschleunigen.<\/p>\n<\/div><\/div><div class=\"grid-box grid-item has-title has-image\" data-col-span=\"colspan1\" data-row-span=\"rowspan1\"><div class=\"box-media image-wide\"><img decoding=\"async\" width=\"47\" height=\"44\" src=\"https:\/\/www.genesys.com\/media\/handshake.svg\"  alt=\"Partner network\" \/><\/div><div class=\"box-content\"><h4 class=\"text-18 font-weight-bold\">Entscheiden Sie sich f\u00fcr einen echten Technologiepartner statt eines beliebigen Anbieters<\/h4><p>Nicht alle Cloud-Anbieter sind gleich. Sie und Ihre Kunden verdienen einen Technologieanbieter, der investiert, damit Sie erfolgreich sind und Ihre Gesch\u00e4ftsziele erreichen. Wir sind der Partner, der Sie auf dem gesamten Weg\u00a0\u2013 vor, w\u00e4hrend und nach der Bereitstellung\u00a0\u2013 begleitet, damit Sie den Mehrwert erhalten, den Sie erwarten.<\/p>\n<\/div><\/div>\n<\/div><\/div>[\/vc_column][\/vc_row][\/vc_section][vc_section][vc_row][vc_column]<div class=\"section-grid has-title has-imageclr\" data-swidth=\"stretch\" data-column=\"grid-2x2\" data-format=\"grid-a\" data-cards=\"bgc-clear\" data-shadow=\"\" data-bgcolor=\"bgc-lgray\" data-bg-posx=\"center\" data-bg-posy=\"center\" data-text-theme=\"theme-light\"><div class=\"text-col\"><h3>Echte Vorteile jetzt und in Zukunft<\/h3><\/div><div class=\"grid-container\" ><div class=\"grid-box grid-item has-title\" data-col-span=\"colspan1\" data-row-span=\"rowspan1\"><div class=\"box-content\"><h4 class=\"text-18 font-weight-bold\">Werden Sie global und grenzenlos skalierbar: Lassen Sie sich nicht durch Gr\u00f6\u00dfe oder Geographie ausbremsen<\/h4><p>Entscheiden Sie sich f\u00fcr einen Cloud-L\u00f6sungsanbieter mit globaler Reichweite und enormer Skalierbarkeit, um weltweit konsistente, kanal\u00fcbergreifende Erfahrungen bereitzustellen, die durch globale Rechenzentren unterst\u00fctzt werden.<\/p>\n<\/div><\/div><div class=\"grid-box grid-item has-title\" data-col-span=\"colspan1\" data-row-span=\"rowspan1\"><div class=\"box-content\"><h4 class=\"text-18 font-weight-bold\">Nutzen Sie Technologie ganz nach Ihren W\u00fcnschen und ohne aufgezwungene Kompromisse<\/h4><p>Erhalten Sie die Cloud, die Sie ben\u00f6tigen\u00a0\u2013 ob \u00f6ffentlich, privat oder hybrid. Passen Sie Anwendungen an Ihre Anforderungen an und nehmen Sie schnell \u00c4nderungen vor, damit Ihr Unternehmen agil bleibt.<\/p>\n<\/div><\/div><div class=\"grid-box grid-item has-title\" data-col-span=\"colspan1\" data-row-span=\"rowspan1\"><div class=\"box-content\"><h4 class=\"text-18 font-weight-bold\">Erhalten Sie Sicherheit und Zuverl\u00e4ssigkeit der Enterprise-Klasse ohne Abstriche<\/h4><p>Profitieren Sie von erstklassiger Cloud-Sicherheit mit sicheren internen Audits, Branchenzertifizierungen, globaler Abdeckung, hoher Verf\u00fcgbarkeit und Gesch\u00e4ftskontinuit\u00e4t. Nutzen Sie ein nahtloses Failover zum Schutz Ihres Unternehmens und Ihrer Marke.<\/p>\n<\/div><\/div><div class=\"grid-box grid-item has-title\" data-col-span=\"colspan1\" data-row-span=\"rowspan1\"><div class=\"box-content\"><h4 class=\"text-18 font-weight-bold\">Nutzen Sie eine Cloud der Innovation: Lassen Sie sich nicht von der Konkurrenz abh\u00e4ngen<\/h4><p>Nutzen Sie die Vorteile einer flexiblen, zukunftssicheren Technologie mit einer fundierten Innovationsgeschichte. Seien Sie voll und ganz darauf vorbereitet, die Konvergenz von Cloud, digitaler und k\u00fcnstlicher Intelligenz zu nutzen, um bessere Gesch\u00e4ftsergebnisse zu erzielen.<\/p>\n<\/div><\/div><div class=\"grid-box grid-item\" data-col-span=\"colspan1\" data-row-span=\"rowspan1\"><div class=\"box-content\"><\/div><\/div>\n<\/div><\/div>[\/vc_column][\/vc_row][\/vc_section][vc_section][vc_row][vc_column]<div class=\"section-grid has-title has-desc\" data-swidth=\"stretch\" data-column=\"grid-3x3\" data-format=\"grid-b\" data-cards=\"bgc-clear\" data-shadow=\"\" data-bg-posx=\"center\" data-bg-posy=\"center\" data-text-theme=\"theme-light\"><div class=\"text-col\"><h3>Ihre Zukunft erwartet Sie<\/h3><p>Ihre Bed\u00fcrfnisse sind einzigartig und wir bieten Ihnen die passenden Optionen. Entscheiden Sie sich mit unserer Hilfe f\u00fcr den besten Weg nach vorn. W\u00e4hlen Sie das entsprechende Szenario aus, um mehr zu erfahren:<\/p><\/div><div class=\"grid-container\" ><div class=\"grid-box grid-item has-title has-cta has-image\" data-col-span=\"colspan1\" data-row-span=\"rowspan1\"><div class=\"box-media image-square\"><img decoding=\"async\" width=\"48\" height=\"48\" src=\"https:\/\/www.genesys.com\/media\/72fa3c9a-purecloud-technology.svg\"  alt=\"Genesys cloud technology\" \/><\/div><div class=\"box-content\"><h4 class=\"text-18 font-weight-bold\">Bestehender Genesys-Kunde<\/h4><div class=\"box-cta cta-btn\"><a role=\"button\" class=\"arrow arrow-primary\" href=\"https:\/\/www.genesys.com\/de-de\/customer-migrations\" target=\"_blank\" rel=\"\">Erfahren Sie, was die Cloud f\u00fcr Sie tun kann<\/a><\/div><\/div><\/div><div class=\"grid-box grid-item has-title has-cta has-image\" data-col-span=\"colspan1\" data-row-span=\"rowspan1\"><div class=\"box-media image-wide\"><img decoding=\"async\" width=\"48\" height=\"39\" src=\"https:\/\/www.genesys.com\/media\/90dccfa8-cloud-and-premise-orange.svg\"  alt=\"Cloud and premise orange\" \/><\/div><div class=\"box-content\"><h4 class=\"text-18 font-weight-bold\">SaaS-Contact-Center-L\u00f6sung (eines anderen Anbieters)<\/h4><div class=\"box-cta cta-btn\"><a role=\"button\" class=\"arrow arrow-primary\" href=\"https:\/\/www.genesys.com\/resources\/introducing-genesys-cloud\" target=\"_blank\" rel=\"\">Erfahren Sie mehr \u00fcber die Genesys Cloud<\/a><\/div><\/div><\/div><div class=\"grid-box grid-item has-title has-cta has-image\" data-col-span=\"colspan1\" data-row-span=\"rowspan1\"><div class=\"box-media image-square\"><img decoding=\"async\" width=\"48\" height=\"48\" src=\"https:\/\/www.genesys.com\/media\/building.svg\"  alt=\"On premise solution\" \/><\/div><div class=\"box-content\"><h4 class=\"text-18 font-weight-bold\">Lokale Call Center-L\u00f6sung (eines anderen Anbieters)<\/h4><div class=\"box-cta cta-btn\"><a role=\"button\" class=\"arrow arrow-primary\" href=\"https:\/\/www.genesys.com\/de-de\/call-center-cloud-migration\" target=\"_blank\" rel=\"\">Von Premise in die Cloud<\/a><\/div><\/div><\/div>\n<\/div><\/div>[\/vc_column][\/vc_row][\/vc_section]<\/p>\n<\/div>","protected":false},"excerpt":{"rendered":"<p>[vc_section][vc_row][vc_column][\/vc_column][\/vc_row][\/vc_section][vc_section css=&#8220;.vc_custom_1566918234999{padding-top: 0px !important;padding-bottom: 0px !important;}&#8220;][vc_row][vc_column][\/vc_column][\/vc_row][\/vc_section][vc_section][vc_row][vc_column][\/vc_column][\/vc_row][\/vc_section][vc_section][vc_row][vc_column][\/vc_column][\/vc_row][\/vc_section][vc_section][vc_row][vc_column][\/vc_column][\/vc_row][\/vc_section][vc_section][vc_row][vc_column][\/vc_column][\/vc_row][\/vc_section]<\/p>\n","protected":false},"author":1062,"featured_media":0,"parent":0,"menu_order":0,"comment_status":"closed","ping_status":"closed","template":"","meta":{"_acf_changed":false,"footnotes":""},"class_list":["post-236883","page","type-page","status-publish","hentry"],"acf":[],"_links":{"self":[{"href":"https:\/\/www.genesys.com\/de-de\/wp-json\/wp\/v2\/pages\/236883","targetHints":{"allow":["GET"]}}],"collection":[{"href":"https:\/\/www.genesys.com\/de-de\/wp-json\/wp\/v2\/pages"}],"about":[{"href":"https:\/\/www.genesys.com\/de-de\/wp-json\/wp\/v2\/types\/page"}],"author":[{"embeddable":true,"href":"https:\/\/www.genesys.com\/de-de\/wp-json\/wp\/v2\/users\/1062"}],"replies":[{"embeddable":true,"href":"https:\/\/www.genesys.com\/de-de\/wp-json\/wp\/v2\/comments?post=236883"}],"version-history":[{"count":5,"href":"https:\/\/www.genesys.com\/de-de\/wp-json\/wp\/v2\/pages\/236883\/revisions"}],"predecessor-version":[{"id":501122,"href":"https:\/\/www.genesys.com\/de-de\/wp-json\/wp\/v2\/pages\/236883\/revisions\/501122"}],"wp:attachment":[{"href":"https:\/\/www.genesys.com\/de-de\/wp-json\/wp\/v2\/media?parent=236883"}],"curies":[{"name":"wp","href":"https:\/\/api.w.org\/{rel}","templated":true}]}}