{"id":226749,"date":"2020-02-06T12:55:33","date_gmt":"2020-02-06T20:55:33","guid":{"rendered":"https:\/\/www.genesys.com\/?page_id=226749"},"modified":"2025-07-23T00:47:06","modified_gmt":"2025-07-23T07:47:06","slug":"genesys-cloud","status":"publish","type":"page","link":"https:\/\/www.genesys.com\/de-de\/genesys-cloud","title":{"rendered":"Genesys Cloud CX"},"content":{"rendered":"<div class=\"wpb-content-wrapper\"><p>[vc_section background_color=&#8220;bgc-lgray&#8220; full_width=&#8220;stretch_row&#8220; flair=&#8220;%5B%5D&#8220; vib=&#8220;enable&#8220; css=&#8220;.vc_custom_1729185748658{background-position: center !important;background-repeat: no-repeat !important;background-size: cover !important;}&#8220;][vc_row content_placement=&#8220;middle&#8220;][vc_column width=&#8220;1\/2&#8243; el_class=&#8220;img-offset-right&#8220;][vc_column_text css=&#8220;&#8220;]<\/p>\n<h1 class=\"mb-2\">Genesys Cloud CX<\/h1>\n<p class=\"text-22 font-weight-regular mb-2\">Genesys Cloud CX bietet eine Orchestrierung von Erlebnissen bei jeder Interaktion mit Kunden und Mitarbeitern<\/p>\n<p>[\/vc_column_text]<div class=\"btn-container   vc_custom_1746160337654\"><a role=\"button\"  class=\"btn btn-primary\" href=\"https:\/\/www.genesys.com\/de-de\/campaign\/genesys-cloud-guided-tour\" target=\"\" rel=\"\">An der Tour teilnehmen<\/a><a role=\"button\"  class=\"btn btn-ff-primary chevron\" href=\"\/de-de\/resources\/get-to-know-genesys-cloud-cx\" target=\"\" rel=\"\">Sehen Sie sich die Demo an<\/a><\/div>[\/vc_column][vc_column width=&#8220;1\/2&#8243;]<div class=\"genesys-image align-right play-button\"><a class=\"video-lightbox\" href=\"https:\/\/www.youtube.com\/embed\/18rNQO8A9Nw\"><img decoding=\"async\" src=\"https:\/\/www.genesys.com\/media\/Genesys-Cloud-Hero-Video-Thumbnail-threads.png\" alt=\"Genesys cloud hero video thumbnail threads\" width=\"823\" height=\"480\" class=\"rounded-xs\"\/><div class=\"video-backdrop\"><\/div><div class=\"play-btn bgc-white rounded d-flex align-items-center justify-content-center\"><div class=\"play-icon d-flex align-items-center justify-content-center\"><i class=\"fa-kit fa-play\"><\/i><\/div><div class=\"play-label ms-1\"><p class=\"mb-0 play-title\">Genesys Cloud CX<\/p><\/div><\/div><\/a><\/div>[\/vc_column][\/vc_row][\/vc_section][vc_section background_color=&#8220;bgc-lgray&#8220; full_width=&#8220;stretch_row&#8220; flair=&#8220;%5B%5D&#8220; vib=&#8220;enable&#8220; css=&#8220;.vc_custom_1729185748658{background-position: center !important;background-repeat: no-repeat !important;background-size: cover !important;}&#8220;][vc_row content_placement=&#8220;middle&#8220;][vc_column offset=&#8220;vc_col-md-offset-3 vc_col-md-6&#8243;][vc_column_text css=&#8220;&#8220;]<\/p>\n<h2 class=\"h3\" style=\"text-align: center;\">Bieten Sie personalisierte ganzheitliche Erlebnisse im gro\u00dfen Ma\u00dfstab<\/h2>\n<p style=\"text-align: center;\">Genesys Cloud CX<sup>\u00ae<\/sup> ist eine f\u00fchrende KI-gest\u00fctzte Experience\u00a0Orchestration-L\u00f6sung. Damit k\u00f6nnen Sie jeden Schritt des Kunden- und Mitarbeitererlebnisses koordinieren, indem Sie Journeys f\u00fcr entscheidende Momente gestalten.<\/p>\n<p style=\"text-align: center;\">Genesys Cloud CX wird von Unternehmen aller Gr\u00f6\u00dfenordnungen in \u00fcber 100\u00a0L\u00e4ndern als f\u00fchrende L\u00f6sung des Vertrauens f\u00fcr Kunden- und Mitarbeitererlebnisse eingesetzt. Mit dieser L\u00f6sung k\u00f6nnen Sie dank KI die Kundentreue und Mitarbeiterbindung \u00fcberall erh\u00f6hen und kanal\u00fcbergreifende Interaktionen, intelligentes Routing, integrierte Personalbindung, End-to-End-Journey-Management und vieles mehr erm\u00f6glichen. Nutzen Sie eine einzige Plattform f\u00fcr besser vernetzte, aussagekr\u00e4ftige Erlebnisse. F\u00fcr jeden\u00a0Kunden. Bei jeder Interaktion. Jederzeit.<\/p>\n<p>[\/vc_column_text][\/vc_column][\/vc_row][vc_row content_placement=&#8220;middle&#8220;][vc_column offset=&#8220;vc_col-md-offset-1 vc_col-md-10&#8243;]<div class=\"genesys-image align-center play-button\"><a class=\"video-lightbox\" href=\"https:\/\/www.youtube.com\/embed\/quM_4nkB-MI\"><img decoding=\"async\" src=\"https:\/\/www.genesys.com\/media\/genesys-cloud-cx-platform-overview-2025.jpg\" alt=\"Genesys cloud cx platform overview 2025\" width=\"1330\" height=\"720\" class=\"rounded-xs\"\/><div class=\"video-backdrop\"><\/div><div class=\"play-btn bgc-white rounded d-flex align-items-center justify-content-center\"><div class=\"play-icon d-flex align-items-center justify-content-center\"><i class=\"fa-kit fa-play\"><\/i><\/div><div class=\"play-label ms-1\"><p class=\"mb-0 play-title\">L\u00f6sungen im \u00dcberblick<\/p><\/div><\/div><\/a><\/div>[\/vc_column][\/vc_row][vc_row equal_height=&#8220;yes&#8220;][vc_column width=&#8220;1\/3&#8243;][vc_single_image image=&#8220;567918&#8243; css=&#8220;.vc_custom_1744840181720{padding-bottom: 2rem !important;}&#8220; si_max_width=&#8220;64px&#8220;][vc_column_text css=&#8220;&#8220;]<\/p>\n<h3 class=\"h5\">KI-gest\u00fctzt<\/h3>\n<p>Mit nativer KI k\u00f6nnen Sie umfassende Erkenntnisse \u00fcber Kunden und Mitarbeiter gewinnen sowie Bed\u00fcrfnisse vorhersagen, Trends erkennen und datengest\u00fctzte Entscheidungen treffen.[\/vc_column_text][\/vc_column][vc_column width=&#8220;1\/3&#8243;][vc_single_image image=&#8220;567917&#8243; css=&#8220;.vc_custom_1744840187547{padding-bottom: 2rem !important;}&#8220; si_max_width=&#8220;64px&#8220;][vc_column_text css=&#8220;&#8220;]<\/p>\n<h3 class=\"h5\">In der Cloud entwickelt<\/h3>\n<p>Mit einer nativen, offenen API-First-Cloud-Plattform k\u00f6nnen Sie Agilit\u00e4t, Skalierbarkeit und Innovationen gew\u00e4hrleisten, die der Schl\u00fcssel zu Ihrem Erfolg sind.[\/vc_column_text][\/vc_column][vc_column width=&#8220;1\/3&#8243;][vc_single_image image=&#8220;567916&#8243; css=&#8220;.vc_custom_1744840192859{padding-bottom: 2rem !important;}&#8220; si_max_width=&#8220;64px&#8220;][vc_column_text css=&#8220;&#8220;]<\/p>\n<h3 class=\"h5\">Eine Plattform mit umfassender Funktionsausstattung<\/h3>\n<p>Vereinen Sie Funktionen f\u00fcr Kundeninteraktion und Personalbindung mit Journey Management auf einer einzigen einheitlichen Plattform.[\/vc_column_text][\/vc_column][\/vc_row][\/vc_section][vc_section background_color=&#8220;bgc-white&#8220; flair=&#8220;%5B%7B%22flair_type%22%3A%22f_type_image%22%2C%22hide_mobile%22%3A%22yes%22%7D%5D&#8220; css=&#8220;.vc_custom_1744914341665{background-image: url(https:\/\/www.genesys.com\/media\/genesys-cloud-cx-bg-wave-2025.png?id=567907) !important;background-position: center !important;background-repeat: no-repeat !important;background-size: cover !important;}&#8220; el_class=&#8220;bg-cover bg-center bg-norepeat&#8220;][vc_row r_gutter_size=&#8220;gutter-small&#8220; background_color=&#8220;bgc-glass&#8220; equal_height=&#8220;yes&#8220; el_class=&#8220;py-3 px-1 px-lg-3 rounded mt-0&#8243;][vc_column offset=&#8220;vc_col-md-6&#8243;][vc_column_text css=&#8220;&#8220;]<\/p>\n<h2>Alle Tools an einem Ort<\/h2>\n<p>Koordinieren Sie jedes Erlebnis mit umfassenden Sprach-, digitalen, KI-, Journey-Analyse-, Kundeninteraktions- und Personalmanagement-Funktionen\u00a0\u2013 alles \u00fcber eine zentrale Plattform. [\/vc_column_text][\/vc_column][vc_column v_align=&#8220;flexend&#8220; elemental_order=&#8220;order-5&#8243; offset=&#8220;vc_col-md-offset-1 vc_col-md-5&#8243;]<div class=\"btn-container justify-content-lg-end justify-content-center\"><a role=\"button\"  class=\"btn chevron btn-secondary\" href=\"\/de-de\/capabilities\" target=\"\" rel=\"\">Alle Funktionen anzeigen<\/a><\/div>[\/vc_column][vc_column width=&#8220;1\/3&#8243;]<a class=\"component card w-100 bgc-glass vertical text-start nomedia  chevron-only  \" href=\"\/de-de\/capabilities\/call-center-software\" target=\"\" rel=\"\" ><div class=\"card-body\"><p class=\"h5\">Contact Center-Software<\/p>\n<p>Gestalten Sie Kunden- und Mitarbeitererlebnisse f\u00fcr die entscheidenden Momente.<\/p>\n<\/div><div class=\"card-footer text-end\"><div class=\"btn-container justify-content-end\"><div class=\"small mt-0 chevron btn btn-secondary  only\"><\/div><\/div><\/div><\/a>[\/vc_column][vc_column width=&#8220;1\/3&#8243;]<a class=\"component card w-100 bgc-glass vertical text-start nomedia  chevron-only  \" href=\"\/de-de\/capabilities\/digital\" target=\"\" rel=\"\" ><div class=\"card-body\"><p class=\"h5\">Digitale Kan\u00e4le<\/p>\n<p>Optimieren, vernetzen und personalisieren Sie Erlebnisse \u00fcber alle Kan\u00e4le hinweg.<\/p>\n<\/div><div class=\"card-footer text-end\"><div class=\"btn-container justify-content-end\"><div class=\"small mt-0 chevron btn btn-secondary  only\"><\/div><\/div><\/div><\/a>[\/vc_column][vc_column width=&#8220;1\/3&#8243;]<a class=\"component card w-100 bgc-glass vertical text-start nomedia  chevron-only  \" href=\"\/de-de\/capabilities\/ai-and-automation\" target=\"\" rel=\"\" ><div class=\"card-body\"><p class=\"h5\">KI und Automatisierung<\/p>\n<p>Bieten Sie personalisierte Erlebnisse, erhalten Sie tiefgreifende Kundeneinblicke und profitieren Sie von vielem mehr.<\/p>\n<\/div><div class=\"card-footer text-end\"><div class=\"btn-container justify-content-end\"><div class=\"small mt-0 chevron btn btn-secondary  only\"><\/div><\/div><\/div><\/a>[\/vc_column][vc_column width=&#8220;1\/3&#8243;]<a class=\"component card w-100 bgc-glass vertical text-start nomedia  chevron-only  \" href=\"\/de-de\/capabilities\/wem-workforce-engagement-management\" target=\"\" rel=\"\" ><div class=\"card-body\"><p class=\"h5\">Workforce Engagement Management<\/p>\n<p>Verbessern Sie den Wert und die Zufriedenheit Ihrer Mitarbeiter und vereinfachen Sie das Management.<\/p>\n<\/div><div class=\"card-footer text-end\"><div class=\"btn-container justify-content-end\"><div class=\"small mt-0 chevron btn btn-secondary  only\"><\/div><\/div><\/div><\/a>[\/vc_column][vc_column width=&#8220;1\/3&#8243;]<a class=\"component card w-100 bgc-glass vertical text-start nomedia  chevron-only  \" href=\"\/de-de\/capabilities\/customer-journey-management\" target=\"\" rel=\"\" ><div class=\"card-body\"><p class=\"h5\">Customer Journey-Management<\/p>\n<p>Vereinheitlichen Sie alle Daten, gewinnen Sie Erkenntnisse und orchestrieren Sie vernetzte Journeys.<\/p>\n<\/div><div class=\"card-footer text-end\"><div class=\"btn-container justify-content-end\"><div class=\"small mt-0 chevron btn btn-secondary  only\"><\/div><\/div><\/div><\/a>[\/vc_column][vc_column width=&#8220;1\/3&#8243;]<a class=\"component card w-100 bgc-glass vertical text-start nomedia  chevron-only  \" href=\"\/de-de\/capabilities\/cloud-architecture-and-open-platform\" target=\"\" rel=\"\" ><div class=\"card-body\"><p class=\"h5\">Cloud-Architektur und offene Plattform<\/p>\n<p>Vereinheitlichen Sie Ihren Tech-Stack mit einer einzigen Cloud-Architektur, die alles erledigt.<\/p>\n<\/div><div class=\"card-footer text-end\"><div class=\"btn-container justify-content-end\"><div class=\"small mt-0 chevron btn btn-secondary  only\"><\/div><\/div><\/div><\/a>[\/vc_column][\/vc_row][\/vc_section][vc_section full_width=&#8220;stretch_row&#8220;][vc_row content_placement=&#8220;middle&#8220;][vc_column offset=&#8220;vc_col-md-6&#8243;][vc_column_text css=&#8220;&#8220;]<\/p>\n<h3>Modernisieren Sie Ihr Contact Center mit einem f\u00fchrenden CCaaS-Anbieter<\/h3>\n<p>Genesys Cloud CX erm\u00f6glicht eine wahre KI-gest\u00fctzte Experience Orchestration<\/p>\n<p>[\/vc_column_text][\/vc_column][\/vc_row][vc_row r_gutter_size=&#8220;gutter-small&#8220; equal_height=&#8220;yes&#8220;][vc_column width=&#8220;1\/2&#8243;][vc_single_image image=&#8220;567927&#8243; css=&#8220;&#8220; rounded_corners=&#8220;rounded-xs&#8220; si_max_width=&#8220;540px&#8220;][\/vc_column][vc_column width=&#8220;1\/2&#8243;][vc_column_text ct_style=&#8220;list-block&#8220; css=&#8220;&#8220;]<\/p>\n<h4 class=\"h5\">Eine vielseitige, umfassende L\u00f6sung<\/h4>\n<p>Genesys Cloud CX ist eine moderne, Cloud-native L\u00f6sung. Sie bietet un\u00fcbertroffene Skalierbarkeit, benutzerfreundliche, sofort einsatzbereite Schnittstellen, ein einziges Tool f\u00fcr die Erstellung von Orchestrierungsabl\u00e4ufen und eine Ereignisdatenplattform f\u00fcr die mehrstufige Datenlebenszyklusverwaltung.[\/vc_column_text][vc_column_text ct_style=&#8220;list-block&#8220; css=&#8220;&#8220;]<\/p>\n<h4 class=\"h5\">Sicher. Zuverl\u00e4ssig. Konform.<\/h4>\n<p>Die Genesys Cloud\u2122\u00a0Plattform erf\u00fcllt und \u00fcbertrifft moderne Sicherheitsstandards mit externen Penetrationstests, Automatisierung der Angriffsabwehr sowie TLS- und AES-256-Verschl\u00fcsselung. Sie k\u00f6nnen sich darauf verlassen, dass alle Daten privat sind\u00a0\u2013 um jeden Preis.[\/vc_column_text][vc_column_text ct_style=&#8220;list-block&#8220; css=&#8220;&#8220;]<\/p>\n<h4 class=\"h5\">Flexible Preisgestaltung nach Ihren Bed\u00fcrfnissen<\/h4>\n<p>Erwerben Sie nur die Funktionen, die Sie ben\u00f6tigen. Down- oder Upgrades sind ganz einfach. Mit Genesys investieren Sie in einen bew\u00e4hrten Partner und ein vision\u00e4res Produkt.[\/vc_column_text][\/vc_column][\/vc_row][\/vc_section][vc_section background_color=&#8220;bgc-lgray&#8220; flair=&#8220;%5B%7B%22flair_type%22%3A%22f_type_image%22%2C%22hide_mobile%22%3A%22yes%22%7D%5D&#8220; css=&#8220;.vc_custom_1744842979224{background-position: center !important;background-repeat: no-repeat !important;background-size: cover !important;}&#8220;][vc_row][vc_column offset=&#8220;vc_col-md-5&#8243;][vc_column_text css=&#8220;&#8220;]<\/p>\n<h2 class=\"h3\">Transformieren Sie Kunden- und Mitarbeitererlebnisse mit Genesys Cloud CX<\/h2>\n<p>Erfahren Sie, wie Experten f\u00fcr Kreditmanagement bei Lowell Norway die Ergebnisse durch Vereinheitlichung von eingehenden, ausgehenden, IVR-, E-Mail- und Chat-Mitteilungen auf einem einzigen Mitarbeiter-Desktop verbessern konnten.[\/vc_column_text][\/vc_column][vc_column v_align=&#8220;flexend&#8220; offset=&#8220;vc_col-md-offset-1 vc_col-md-6&#8243;]<div class=\"btn-container justify-content-lg-end justify-content-center\"><a role=\"button\"  class=\"btn chevron btn-secondary\" href=\"\/customer-stories\/lowell-norway\" target=\"\" rel=\"\">Fallstudie lesen<\/a><\/div>[\/vc_column][vc_column width=&#8220;1\/3&#8243;][vc_column_text ct_style=&#8220;stat&#8220; css=&#8220;&#8220;]<\/p>\n<h3 class=\"h2\">94\u00a0%<\/h3>\n<p>durchschnittliche Antwortquoten[\/vc_column_text][\/vc_column][vc_column width=&#8220;1\/3&#8243;][vc_column_text ct_style=&#8220;stat&#8220; css=&#8220;&#8220;]<\/p>\n<h3 class=\"h2\">90\u00a0%<\/h3>\n<p>Probleml\u00f6sung beim ersten Anruf[\/vc_column_text][\/vc_column][vc_column width=&#8220;1\/3&#8243;][vc_column_text ct_style=&#8220;stat&#8220; css=&#8220;&#8220;]<\/p>\n<h3 class=\"h2\">20\u00a0%<\/h3>\n<p>h\u00f6here Mitarbeiterproduktivit\u00e4t[\/vc_column_text][\/vc_column][\/vc_row][\/vc_section][vc_section background_color=&#8220;bgc-lgray&#8220; flair=&#8220;%5B%7B%22flair_type%22%3A%22f_type_image%22%2C%22hide_mobile%22%3A%22yes%22%7D%5D&#8220;][vc_row][vc_column offset=&#8220;vc_col-md-5&#8243;][vc_column_text css=&#8220;&#8220;]<\/p>\n<h3>Erfahren Sie, warum Kunden Genesys\u00a0Cloud\u00a0CX lieben<\/h3>\n<p>[\/vc_column_text][\/vc_column][vc_column offset=&#8220;vc_col-md-offset-1 vc_col-md-6&#8243;]<div class=\"btn-container justify-content-lg-end justify-content-center\"><a role=\"button\"  class=\"btn chevron btn-secondary\" href=\"\/de-de\/customer-stories\" target=\"\" rel=\"\">Alle Kundenberichte lesen<\/a><\/div>[\/vc_column][vc_column]<div class=\"component-customer-carousel default-layout\" data-current-active=\"0\" data-layout=\"default\" data-count=\"2\"><div class=\"carousel-main-row\"><div class=\"carousel-logo-col\"><div class=\"logo-nav-item active\"><a class=\"logo-nav\" aria-label=\"View Vodafone story\" title=\"Vodafone\" href=\"#374636\"><img decoding=\"async\" class=\"company-logo\" alt=\"Vodafone germany logo x250\" src=\"https:\/\/www.genesys.com\/media\/Vodafone_Germany-Logo-x250.png\" width=\"250\" height=\"64\"><\/a><\/div><div class=\"logo-nav-item\"><a class=\"logo-nav\" aria-label=\"View Siemens Healthineers story\" title=\"Siemens Healthineers\" href=\"#407762\"><img decoding=\"async\" class=\"company-logo\" alt=\"Siemens healthineers logo x250\" src=\"https:\/\/www.genesys.com\/media\/Siemens-Healthineers-logo-x250.png\" width=\"250\" height=\"61\"><\/a><\/div><\/div><div class=\"carousel-content-col\"><button aria-label=\"Previous panel\" title=\"Previous panel\" class=\"prev-control carousel-controls hidden\"><\/button><div class=\"customer-content active\" data-href=\"374636\" data-index=\"0\"><a class=\"content-row w-100 bgc-glass\" tabindex=\"-1\" href=\"https:\/\/www.genesys.com\/de-de\/customer-stories\/vodafone-2\"><div class=\"customer-image-col\"><img decoding=\"async\" class=\"header-image\" alt=\"Vodafone hero\" src=\"https:\/\/www.genesys.com\/media\/vodafone_hero.jpg\" width=\"626\" height=\"352\"><\/div><div class=\"customer-quote-col\"><p class=\"quote-content mb-2 quote-size-lg\">\u201eDies ist das beste Contact Center, das ich mir w\u00fcnschen kann. Wir haben beim weltweiten Ranking der Contact Center von Vodafone den ersten Platz belegt. Und dank der innovativen Kan\u00e4le, die wir neu eingerichtet haben, werden wir unseren Service noch weiter verbessern.\u201c<\/p><p class=\"customer-name text-18 font-weight-bold mb-0\">J\u00f6rg Knoop Technology Digital Incubator<\/p><p class=\"customer-title\">Vodafone Germany<\/p><div class=\"btn-container\"><div class=\"btn btn-secondary small\">Kundenbericht lesen<\/div><\/div><\/div><\/a><\/div><div class=\"customer-content\" data-href=\"407762\" data-index=\"1\"><a class=\"content-row w-100 bgc-glass\" tabindex=\"-1\" href=\"https:\/\/www.genesys.com\/de-de\/customer-stories\/siemens-healthineers\"><div class=\"customer-image-col\"><img decoding=\"async\" class=\"header-image\" alt=\"Siemens healthineers hero\" src=\"https:\/\/www.genesys.com\/media\/Siemens_Healthineers-hero.jpg\" width=\"626\" height=\"361\"><\/div><div class=\"customer-quote-col\"><p class=\"quote-content mb-2 quote-size-lg\">\u201eWir haben unsere Anrufabl\u00e4ufe komplett neu gestaltet und innerhalb von nur acht Monaten eine neue globale Contact-Center-L\u00f6sung eingef\u00fchrt (f\u00fcr 2.200 Mitarbeiter in 236 Niederlassungen und 35 L\u00e4ndern). Diese bemerkenswerte Leistung w\u00e4re fr\u00fcher undenkbar gewesen.\u201c<\/p><p class=\"customer-name text-18 font-weight-bold mb-0\">Jochen Hostalka  SVP IT<\/p><p class=\"customer-title\">Siemens Healthineers<\/p><div class=\"btn-container\"><div class=\"btn btn-secondary small\">Kundenbericht lesen<\/div><\/div><\/div><\/a><\/div><button aria-label=\"Next panel\" title=\"Next panel\" class=\"next-control carousel-controls\"><\/button><\/div><\/div><\/div>[\/vc_column][\/vc_row][\/vc_section][vc_section flair=&#8220;%5B%7B%22flair_type%22%3A%22f_type_image%22%2C%22hide_mobile%22%3A%22yes%22%7D%5D&#8220; css=&#8220;.vc_custom_1744845135924{background-position: center !important;background-repeat: no-repeat !important;background-size: cover !important;}&#8220;][vc_row r_gutter_size=&#8220;gutter-small&#8220; content_placement=&#8220;middle&#8220;][vc_column][vc_column_text css=&#8220;.vc_custom_1744845242136{padding-bottom: 2rem !important;}&#8220;]<\/p>\n<h2 class=\"h3\">Erfahren Sie, was es Neues bei Genesys gibt<\/h2>\n<p>[\/vc_column_text]<a class=\"component-cta-block card w-100 h-100 bgc-lgray centered cta-text-end \"  href=\"\/resources\/genesys-cloud-cx-architecture-and-open-platform\/\" target=\"\" rel=\"\"><div class=\"row align-items-center image-stack cta-tiny-padding chevron-only card-body nospace\"><div class=\"col-image col-md-4 flex-column justify-content-center img-top-container no-offset\"><img decoding=\"async\" width=\"820\" height=\"464\" class=\"rounded\" src=\"https:\/\/www.genesys.com\/media\/cloud-architecture-2025-thumbnail.jpg\" alt=\"\" ><\/div><div class=\"col-content col-md-8 mt-1 mt-lg-0\"><div class=\"content-container\"><p class=\"assettag\">Bericht<\/p>\n<h3 class=\"h4\">Genesys Cloud-Architektur und offene Plattform<\/h3>\n<\/div><div class=\"justify-content-end btn-container mt-2\"><div class=\"btn chevron small only btn-secondary\"><\/div><\/div><\/div><\/div><\/a>[\/vc_column][vc_column width=&#8220;1\/3&#8243;]<a class=\"component card w-100 bgc-lgray vertical text-start thumbnail  chevron-only  \" href=\"\/de-de\/resources\/contact-center-buyers-guide\" target=\"\" rel=\"\" ><div class=\"thumbnail-col   thumbnail\"><img decoding=\"async\" width=\"820\" height=\"464\" class=\"card-img-top thumbnail\" src=\"https:\/\/www.genesys.com\/media\/contact-centers-buyers-guide-2025-thumbnail.jpg\" alt=\"contact-centers-buyers-guide-2025-thumbnail\" ><\/div><div class=\"card-body\"><p class=\"assettag\">Leitfaden<\/p>\n<h4 class=\"h6\">Contact\u00a0Center-Leitfaden f\u00fcr Eink\u00e4ufer<\/h4>\n<\/div><div class=\"card-footer text-end\"><div class=\"btn-container justify-content-end\"><div class=\"small mt-0 chevron btn btn-secondary  only\"><\/div><\/div><\/div><\/a>[\/vc_column][vc_column width=&#8220;1\/3&#8243;]<a class=\"component card w-100 bgc-lgray vertical text-start thumbnail  chevron-only  \" href=\"\/de-de\/resources\/five-trendsetters-in-ai-innovation\" target=\"\" rel=\"\" ><div class=\"thumbnail-col   thumbnail\"><img decoding=\"async\" width=\"820\" height=\"464\" class=\"card-img-top thumbnail\" src=\"https:\/\/www.genesys.com\/media\/five-trendsetters-2025-thumbnail.jpg\" alt=\"five-trendsetters-2025-thumbnail\" ><\/div><div class=\"card-body\"><p class=\"assettag\">E-Book<\/p>\n<h4 class=\"h6\">F\u00fcnf Trendsetter f\u00fcr innovative KI<\/h4>\n<\/div><div class=\"card-footer text-end\"><div class=\"btn-container justify-content-end\"><div class=\"small mt-0 chevron btn btn-secondary  only\"><\/div><\/div><\/div><\/a>[\/vc_column][vc_column width=&#8220;1\/3&#8243;]<a class=\"component card w-100 bgc-lgray vertical text-start thumbnail  chevron-only  \" href=\"\/de-de\/resources\/genesys-prescriptive-migration-the-art-of-simplified-migration-with-proven-roi\" target=\"\" rel=\"\" ><div class=\"thumbnail-col   thumbnail\"><img decoding=\"async\" width=\"820\" height=\"464\" class=\"card-img-top thumbnail\" src=\"https:\/\/www.genesys.com\/media\/genesys-prescriptive-migration-2025-thumbnail.jpg\" alt=\"genesys-prescriptive-migration-2025-thumbnail\" ><\/div><div class=\"card-body\"><p class=\"assettag\">E-Book<\/p>\n<h4 class=\"h6\">Pr\u00e4skriptive Migration mit Genesys<\/h4>\n<\/div><div class=\"card-footer text-end\"><div class=\"btn-container justify-content-end\"><div class=\"small mt-0 chevron btn btn-secondary  only\"><\/div><\/div><\/div><\/a>[\/vc_column][\/vc_row][\/vc_section][vc_section flair=&#8220;%5B%7B%22hide_mobile%22%3A%22yes%22%7D%5D&#8220; css=&#8220;.vc_custom_1714436749712{background-position: center !important;background-repeat: no-repeat !important;background-size: cover !important;}&#8220;][vc_row content_placement=&#8220;middle&#8220; el_class=&#8220;forced-modern&#8220;][vc_column]<a class=\"component-cta-block card w-100 h-100 bgc-glass centered cta-text-start  vc_custom_1744846593872\" role=\"button\" data-bs-toggle=\"modal\" aria-haspopup=\"true\" data-target=\"#getStartedBox\"  style=\"--ob-bg-mobile:url();\"  href=\"#getStartedBox\" target=\"\" rel=\"\"><div class=\"row align-items-center image-stack card-body\"><div class=\"col-content col-md-5\"><div class=\"content-container\"><h2 class=\"h3\">Entdecken Sie, was Sie mit Genesys Cloud CX alles tun k\u00f6nnen<\/h2>\n<p>Fordern Sie eine Demo an und erfahren Sie, wie Sie mit Genesys\u00a0Cloud\u00a0CX ein End-to-End-Erlebnis orchestrieren k\u00f6nnen, mit dem Kunden wie auch Mitarbeiter ihre Ziele schneller erreichen, und so die gew\u00fcnschten Gesch\u00e4ftsergebnisse erzielen.<\/p>\n<\/div><div class=\" btn-container mt-2\"><div class=\"btn btn-primary\">Erste Schritte<\/div><\/div><\/div><\/div><\/a><style type='text\/css'>\r .forced-modern .component-cta-block .card-body { padding: 1rem 2.5rem; } .forced-modern a { background-position: right !important; background-size: cover !important; }\r <\/style>[\/vc_column][\/vc_row][\/vc_section]<\/p>\n<\/div>","protected":false},"excerpt":{"rendered":"<p>[vc_section background_color=&#8220;bgc-lgray&#8220; full_width=&#8220;stretch_row&#8220; flair=&#8220;%5B%5D&#8220; vib=&#8220;enable&#8220; css=&#8220;.vc_custom_1729185748658{background-position: center !important;background-repeat: no-repeat !important;background-size: cover !important;}&#8220;][vc_row content_placement=&#8220;middle&#8220;][vc_column width=&#8220;1\/2&#8243; el_class=&#8220;img-offset-right&#8220;][vc_column_text css=&#8220;&#8220;] Genesys Cloud CX Genesys Cloud CX bietet eine Orchestrierung von Erlebnissen bei jeder Interaktion mit Kunden und Mitarbeitern [\/vc_column_text][\/vc_column][vc_column width=&#8220;1\/2&#8243;][\/vc_column][\/vc_row][\/vc_section][vc_section background_color=&#8220;bgc-lgray&#8220; full_width=&#8220;stretch_row&#8220; flair=&#8220;%5B%5D&#8220; vib=&#8220;enable&#8220; css=&#8220;.vc_custom_1729185748658{background-position: center !important;background-repeat: no-repeat !important;background-size: cover !important;}&#8220;][vc_row content_placement=&#8220;middle&#8220;][vc_column offset=&#8220;vc_col-md-offset-3 vc_col-md-6&#8243;][vc_column_text css=&#8220;&#8220;] Bieten Sie personalisierte ganzheitliche [&hellip;]<\/p>\n","protected":false},"author":13,"featured_media":503675,"parent":0,"menu_order":0,"comment_status":"closed","ping_status":"closed","template":"","meta":{"_acf_changed":false,"footnotes":""},"class_list":["post-226749","page","type-page","status-publish","has-post-thumbnail","hentry"],"acf":[],"_links":{"self":[{"href":"https:\/\/www.genesys.com\/de-de\/wp-json\/wp\/v2\/pages\/226749","targetHints":{"allow":["GET"]}}],"collection":[{"href":"https:\/\/www.genesys.com\/de-de\/wp-json\/wp\/v2\/pages"}],"about":[{"href":"https:\/\/www.genesys.com\/de-de\/wp-json\/wp\/v2\/types\/page"}],"author":[{"embeddable":true,"href":"https:\/\/www.genesys.com\/de-de\/wp-json\/wp\/v2\/users\/13"}],"replies":[{"embeddable":true,"href":"https:\/\/www.genesys.com\/de-de\/wp-json\/wp\/v2\/comments?post=226749"}],"version-history":[{"count":23,"href":"https:\/\/www.genesys.com\/de-de\/wp-json\/wp\/v2\/pages\/226749\/revisions"}],"predecessor-version":[{"id":584768,"href":"https:\/\/www.genesys.com\/de-de\/wp-json\/wp\/v2\/pages\/226749\/revisions\/584768"}],"wp:featuredmedia":[{"embeddable":true,"href":"https:\/\/www.genesys.com\/de-de\/wp-json\/wp\/v2\/media\/503675"}],"wp:attachment":[{"href":"https:\/\/www.genesys.com\/de-de\/wp-json\/wp\/v2\/media?parent=226749"}],"curies":[{"name":"wp","href":"https:\/\/api.w.org\/{rel}","templated":true}]}}