{"id":157566,"date":"2019-07-10T09:45:57","date_gmt":"2019-07-10T16:45:57","guid":{"rendered":"https:\/\/www.genesys.com\/?page_id=157566"},"modified":"2020-11-17T09:29:41","modified_gmt":"2020-11-17T17:29:41","slug":"genesys-cloud","status":"publish","type":"page","link":"https:\/\/www.genesys.com\/de-de\/platform\/genesys-cloud","title":{"rendered":"Genesys Cloud CX"},"content":{"rendered":"<div class=\"wpb-content-wrapper\"><p>[vc_section full_width=&#8220;stretch_row&#8220; css=&#8220;.vc_custom_1559764311930{background: #ffffff url(https:\/\/www.genesys.com\/media\/d470dff8-hero-banner.jpg?id=150857) !important;background-position: center !important;background-repeat: no-repeat !important;background-size: cover !important;}&#8220;][vc_row equal_height=&#8220;yes&#8220; content_placement=&#8220;middle&#8220;][vc_column width=&#8220;2\/3&#8243;][vc_single_image image=&#8220;319286&#8243; si_max_width=&#8220;480px&#8220; css=&#8220;.vc_custom_1559764455812{margin-bottom: 1em !important;}&#8220;][vc_column_text]<\/p>\n<h1>Entdecken Sie die erfreulich einfache<br \/>\nM\u00f6glichkeit, Ihren Kunden<br \/>\ndas zu bieten, was am wichtigsten ist<\/h1>\n<p>[\/vc_column_text][\/vc_column][vc_column width=&#8220;1\/3&#8243;][\/vc_column][\/vc_row][\/vc_section][vc_section full_width=&#8220;stretch_row&#8220; el_class=&#8220;cta-bar&#8220; css=&#8220;.vc_custom_1522458207688{padding-top: 0px !important;padding-bottom: 0px !important;}&#8220;][vc_row full_width=&#8220;stretch_row&#8220; css=&#8220;.vc_custom_1522458201976{padding-top: 0px !important;padding-bottom: 0px<br \/>\n!important;}&#8220;][vc_column][\/vc_column][\/vc_row][\/vc_section][vc_section full_width=&#8220;stretch_row&#8220;][vc_row][vc_column][vc_column_text]<\/p>\n<h2 style=\"text-align: center;\">Eine Plattform f\u00fcr vernetztere, aussagekr\u00e4ftige Erlebnisse<\/h2>\n<p>[\/vc_column_text][\/vc_column][\/vc_row][vc_row gap=&#8220;35&#8243;][vc_column width=&#8220;1\/2&#8243;][vc_single_image image=&#8220;150861&#8243; css=&#8220;.vc_custom_1559764559241{margin-left: -100px !important;}&#8220;][\/vc_column][vc_column width=&#8220;1\/2&#8243;][vc_column_text]<\/p>\n<h4 class=\"no-top-margin\">Nutzen Sie die neuesten Digital- und KI-Innovationen sofort<\/h4>\n<p>Sie erhalten schnellen Zugriff auf neue Funktionen, einschlie\u00dflich der neuesten Innovationen bei Kunden- und Mitarbeiterreisen mit KI-Technologie.<\/p>\n<h4>Vereinfachen Sie Ihr Technologiepaket f\u00fcr Plattform-<br \/>\nund betriebliche Flexibilit\u00e4t<\/h4>\n<p>Sie erhalten die besten und umfassendsten Funktionen f\u00fcr Kunden und Mitarbeiter \u00fcber eine einzige, offene Technologieplattform.<\/p>\n<h4>Lehnen Sie sich mit einer modernen SaaS-Plattform f\u00fcr Sicherheit und Ausfallsicherheit entspannt zur\u00fcck.<\/h4>\n<p>Sie erhalten eine auf Microservices basierende Mehrmandaten-Architektur, auf die Sie sich verlassen k\u00f6nnen\u00a0\u2013 mit der Skalierbarkeit, Flexibilit\u00e4t und Sicherheit, die Sie ben\u00f6tigen.[\/vc_column_text][\/vc_column][\/vc_row][\/vc_section][vc_section full_width=&#8220;stretch_row&#8220; css=&#8220;.vc_custom_1559764802197{background-color: #f3f3f3 !important;}&#8220;][vc_row][vc_column][vc_column_text]<\/p>\n<h3 style=\"text-align: center;\">Eine skalierbare Cloud-Architektur, auf die Sie sich verlassen k\u00f6nnen<\/h3>\n<p style=\"text-align: center;\">Sie k\u00f6nnen auf die branchenweit beste Cloud-Plattform z\u00e4hlen\u00a0\u2013 Genesys Cloud. Wir haben mehr als 10\u00a0Jahre damit verbracht, unsere Entwicklungsphilosophie und Plattform-Architektur zu optimieren und zu testen. Das bedeutet, dass Sie eine Plattform erhalten, die getestet und validiert ist. Jeder Service auf der Genesys Cloud-Plattform ist nach h\u00f6chsten Standards aufgebaut, damit sie garantiert die folgenden Eigenschaften aufweist:<\/p>\n<p>[\/vc_column_text][\/vc_column][\/vc_row][vc_row css=&#8220;.vc_custom_1559768614285{margin-top: 1.389em !important;}&#8220;][vc_column width=&#8220;1\/2&#8243;][vc_row_inner][vc_column_inner width=&#8220;1\/4&#8243; offset=&#8220;vc_hidden-xs&#8220;][vc_single_image image=&#8220;150851&#8243; alignment=&#8220;center&#8220; si_max_width=&#8220;79px&#8220;][\/vc_column_inner][vc_column_inner width=&#8220;3\/4&#8243;][vc_column_text]Sie ist f\u00fcr mehrere Mandaten geeignet und nutzt Microservices sowie eine Ereignisarchitektur mit kontinuierlicher Bereitstellung, um Elastizit\u00e4t, Skalierbarkeit und Effizienz zu gew\u00e4hrleisten.[\/vc_column_text][\/vc_column_inner][\/vc_row_inner][\/vc_column][vc_column width=&#8220;1\/2&#8243;][vc_row_inner][vc_column_inner width=&#8220;1\/4&#8243; offset=&#8220;vc_hidden-xs&#8220;][vc_single_image image=&#8220;150854&#8243; alignment=&#8220;center&#8220; si_max_width=&#8220;63px&#8220;][\/vc_column_inner][vc_column_inner width=&#8220;3\/4&#8243;][vc_column_text]Es wurden umfassende automatisierte Einheiten- und Integrationstests durchgef\u00fchrt, um die Leistung der einzelnen Komponenten und deren Zusammenarbeit zu pr\u00fcfen.[\/vc_column_text][\/vc_column_inner][\/vc_row_inner][\/vc_column][\/vc_row][vc_row css=&#8220;.vc_custom_1559768619018{margin-top: 1.389em !important;}&#8220;][vc_column width=&#8220;1\/2&#8243;][vc_row_inner][vc_column_inner width=&#8220;1\/4&#8243; offset=&#8220;vc_hidden-xs&#8220;][vc_single_image image=&#8220;150852&#8243; alignment=&#8220;center&#8220; si_max_width=&#8220;79px&#8220;][\/vc_column_inner][vc_column_inner width=&#8220;3\/4&#8243;][vc_column_text]Sie verf\u00fcgt \u00fcber eine intelligente Datenschicht und \u00f6ffentliche APIs, um neue Verbindungen zwischen Anwendungen zu erm\u00f6glichen, sodass Sie kritische Systeme integrieren und benutzerdefinierte L\u00f6sungen erstellen k\u00f6nnen.[\/vc_column_text][\/vc_column_inner][\/vc_row_inner][\/vc_column][vc_column width=&#8220;1\/2&#8243;][vc_row_inner][vc_column_inner width=&#8220;1\/4&#8243; offset=&#8220;vc_hidden-xs&#8220;][vc_single_image image=&#8220;150850&#8243; alignment=&#8220;center&#8220; si_max_width=&#8220;62px&#8220;][\/vc_column_inner][vc_column_inner width=&#8220;3\/4&#8243;][vc_column_text]Sie verf\u00fcgt \u00fcber eine Authentifizierung und erf\u00fcllt unsere Sicherheitsspezifikationen, um die Sicherheit Ihrer Kundendaten zu gew\u00e4hrleisten und Sicherheitsstandards einzuhalten.[\/vc_column_text][\/vc_column_inner][\/vc_row_inner][\/vc_column][\/vc_row][\/vc_section][vc_section full_width=&#8220;stretch_row&#8220;][vc_row gap=&#8220;35&#8243;][vc_column width=&#8220;1\/2&#8243;][vc_column_text]<\/p>\n<h3 style=\"text-align: left;\">Eine sichere Plattform<br \/>\ndank der Sie nachts ruhig schlafen k\u00f6nnen<\/h3>\n<p>Sie k\u00f6nnen darauf vertrauen, dass Ihre Daten sicher sind. Unser engagiertes Team aus Sicherheits- und Datenschutzexperten arbeitet hart daran, Sie vor Bedrohungen zu sch\u00fctzen. Die Genesys Cloud-Plattform verf\u00fcgt \u00fcber eine starke Verschl\u00fcsselung, logische Isolierung, strenge Mehrmandaten-Sicherheitsstandards und wichtige Branchenzertifizierungen, sodass Sie Vorschriften einhalten k\u00f6nnen\u00a0\u2013 unabh\u00e4ngig von Ihrer Branche oder Ihrem Standort.<\/p>\n<p>Unsere Zertifizierungen umfassen PCI-DSS Level\u00a01, SOC\u00a02, HIPAA und DSGVO. Aktuell bem\u00fchen wir uns zudem um die Zertifizierung f\u00fcr FedRAMP.[\/vc_column_text][\/vc_column][vc_column width=&#8220;1\/2&#8243;][vc_single_image image=&#8220;150862&#8243; alignment=&#8220;center&#8220;][\/vc_column][\/vc_row][\/vc_section][vc_section full_width=&#8220;stretch_row&#8220; css=&#8220;.vc_custom_1559764802197{background-color: #f3f3f3 !important;}&#8220;][vc_row][vc_column][vc_column_text]<\/p>\n<h3 style=\"text-align: center;\">Eine offene Plattform vereinfacht die Anpassung<\/h3>\n<p style=\"text-align: center;\">Verbinden Sie nahtlos Daten, Prozesse und Systeme oder sogar die Erstellung einer eigenen L\u00f6sung. Nutzen Sie die robusten Tools, die wir<br \/>\nbereitstellen, um auf der Genesys Cloud-Plattform aufzubauen.<\/p>\n<p>[\/vc_column_text][\/vc_column][\/vc_row][vc_row][vc_column width=&#8220;1\/6&#8243; offset=&#8220;vc_hidden-xs&#8220;][vc_single_image image=&#8220;150860&#8243; alignment=&#8220;center&#8220; si_max_width=&#8220;78px&#8220;][\/vc_column][vc_column width=&#8220;10\/12&#8243;][vc_column_text]<\/p>\n<h4 class=\"no-top-margin\">Durchsuchen Sie unseren App-Markt<\/h4>\n<p>Mehr als 280\u00a0sofort einsatzbereite Integrationen, Add-ons und Plug-ins erleichtern die Verbindung Ihrer Cloud-basierten Produkte von Genesys mit anderen gesch\u00e4ftskritischen Systemen wie CRM-Systemen, HR-Programmen, Belegschaftsmanagement, Business Intelligence-Tools, Drittanbieter-KI und mehr.[\/vc_column_text]<div class=\"btn-container justify-content-start \"><a class=\"btn small btn-secondary\" href=\"https:\/\/appfoundry.genesys.com\/\" target=\"_blank\" style=\"width:auto;\" rel=\"\" >Erkunden Sie den Marketplace ><\/a><\/div>[\/vc_column][\/vc_row][vc_row][vc_column width=&#8220;1\/6&#8243; offset=&#8220;vc_hidden-xs&#8220;][vc_single_image image=&#8220;150859&#8243; alignment=&#8220;center&#8220; si_max_width=&#8220;78px&#8220;][\/vc_column][vc_column width=&#8220;10\/12&#8243;][vc_column_text]<\/p>\n<h4 class=\"no-top-margin\">Erstellen Sie alles mit offenen APIs<\/h4>\n<p>Sie k\u00f6nnen nahezu alles in jeder Programmiersprache erstellen und dabei dieselbe vollst\u00e4ndig gesicherte und versionierte \u00f6ffentliche REST-API verwenden, die die Entwickler von Genesys nutzen. Diese erste API-native Cloud-Plattform verarbeitet monatlich mehr als 5\u00a0Milliarden API-Anforderungen und l\u00e4sst sich nahtlos skalieren, wenn<br \/>\ndas Volumen steigt.[\/vc_column_text][\/vc_column][\/vc_row][vc_row][vc_column width=&#8220;1\/6&#8243; offset=&#8220;vc_hidden-xs&#8220;][vc_single_image image=&#8220;150858&#8243; alignment=&#8220;center&#8220; si_max_width=&#8220;73px&#8220;][\/vc_column][vc_column width=&#8220;10\/12&#8243;][vc_column_text]<\/p>\n<h4 class=\"no-top-margin\">Holen Sie sich Unterst\u00fctzung ins unseren Entwickler-Ressourcen<\/h4>\n<p>Besuchen Sie f\u00fcr die ersten Schritte unser Online-Ressourcen-Center mit Tutorials, Dokumentationen und Wissensartikeln. Unsere umfangreichen und organisierten APIs, SDKs und Open Source-Projekte werden st\u00e4ndig aktualisiert, und unsere \u00f6ffentliche Entwickler-Community ist stets bem\u00fcht, Ihnen zu helfen.[\/vc_column_text]<div class=\"btn-container justify-content-start \"><a class=\"btn small btn-secondary\" href=\"https:\/\/developer.mypurecloud.com\/\" target=\"_blank\" style=\"width:auto;\" rel=\"\" >Entdecken Sie unsere Entwickler-Community ><\/a><\/div>[\/vc_column][\/vc_row][\/vc_section][vc_section full_width=&#8220;stretch_row&#8220;][vc_row][vc_column][vc_column_text]<\/p>\n<h3 style=\"text-align: center;\">Eine Plattform. Zwei leistungsstarke SaaS-Optionen.<\/h3>\n<p style=\"text-align: center;\">Ihre Anforderungen sind einzigartig. Aus diesem Grund bieten wir Ihnen die Wahlm\u00f6glichkeit zwischen Optionen. Unsere beiden grundlegenden SaaS-Produkte Genesys Cloud und Genesys basieren auf der Genesys Cloud-Plattform. Wir helfen Ihnen bei der Auswahl der f\u00fcr Ihre Ziele am besten geeigneten L\u00f6sung.<\/p>\n<p>[\/vc_column_text][\/vc_column][\/vc_row][vc_row gap=&#8220;35&#8243;][vc_column width=&#8220;1\/2&#8243; css=&#8220;.vc_custom_1559768649074{margin-top: 1em !important;}&#8220;][vc_single_image image=&#8220;150849&#8243; alignment=&#8220;center&#8220; si_max_width=&#8220;140px&#8220; css=&#8220;.vc_custom_1559767787960{margin-top: 0.7em !important;margin-bottom: 1.89em !important;}&#8220;][vc_column_text]<\/p>\n<p style=\"text-align: center;\">Die Genesys Cloud\u00ae-Anwendung wurde f\u00fcr Menschen und f\u00fcr Ver\u00e4nderungen entwickelt. Sie ist benutzerfreundlich, erfreulich einfach und schnell. Sie war die erste Customer Experience-Anwendung, die eine erste API Microservices-Architektur f\u00fcr unvergleichliche Skalierbarkeit, Zuverl\u00e4ssigkeit und Flexibilit\u00e4t f\u00fcr alle Teams verwendete.<\/p>\n<p>[\/vc_column_text]<div class=\"btn-container justify-content-center  vc_custom_1562775934860\"><a class=\"btn small btn-primary\" href=\"\/de-de\/platform\/purecloud\" target=\"\" style=\"width:auto;\" rel=\"\" >Weitere Informationen<\/a><\/div>[\/vc_column][vc_column width=&#8220;1\/2&#8243; css=&#8220;.vc_custom_1559768655537{margin-top: 1em !important;}&#8220;][vc_single_image image=&#8220;150856&#8243; alignment=&#8220;center&#8220; si_max_width=&#8220;164px&#8220; css=&#8220;.vc_custom_1559767102696{margin-bottom: 1.5em !important;}&#8220;][vc_column_text]<\/p>\n<p style=\"text-align: center;\">Die auf 30 Jahren Erfahrung aufbauende Genesys-Cloud-Anwendung wurde f\u00fcr die gr\u00f6\u00dften und anspruchsvollsten Marken entwickelt. Sie bietet die leistungsst\u00e4rkste Routing-Engine der Welt und verbindet Sie mit den besten Innovationen in KI, digitalen Technologien und Mitarbeitererfahrung \u00fcber die Genesys Cloud.<\/p>\n<p>[\/vc_column_text]<div class=\"btn-container justify-content-center  vc_custom_1562775949557\"><a class=\"btn small btn-primary\" href=\"\/de-de\/platform\/pureengage\" target=\"\" style=\"width:auto;\" rel=\"\" >Weitere Informationen<\/a><\/div>[\/vc_column][\/vc_row][\/vc_section][vc_section g_section_text=&#8220;white&#8220; full_width=&#8220;stretch_row&#8220; css=&#8220;.vc_custom_1559766806411{background-image: url(https:\/\/www.genesys.com\/media\/75db4a64-gradient-background.svg?id=150848) !important;}&#8220;][vc_row content_placement=&#8220;middle&#8220;][vc_column width=&#8220;1\/2&#8243;][vc_column_text]<\/p>\n<h3>Unsere Cloud stellt alles in den Schatten.<\/h3>\n<p>Genesys Cloud ist nicht nur irgendeine Cloud-Plattform, sondern die Beste der Branche. Erfahren Sie, warum f\u00fchrende Analysten und Kunden aller Gr\u00f6\u00dfenordnungen Genesys zu den f\u00fchrenden Anbietern von Cloud-L\u00f6sungen f\u00fcr Kontaktcenter machen.[\/vc_column_text]<div class=\"btn-container justify-content-start  vc_custom_1560197824444\"><a class=\"btn small btn-secondary\" href=\"\/campaign\/cloud-contact-center-leader\" target=\"\" style=\"width:auto;\" rel=\"\" >Sehen Sie sich an, wie wir abschneiden<\/a><\/div>[\/vc_column][vc_column width=&#8220;1\/2&#8243;][vc_single_image image=&#8220;150853&#8243; alignment=&#8220;center&#8220; si_max_width=&#8220;350px&#8220;][\/vc_column][\/vc_row][\/vc_section]<\/p>\n<\/div>","protected":false},"excerpt":{"rendered":"<p>[vc_section full_width=&#8220;stretch_row&#8220; css=&#8220;.vc_custom_1559764311930{background: #ffffff url(https:\/\/www.genesys.com\/media\/d470dff8-hero-banner.jpg?id=150857) !important;background-position: center !important;background-repeat: no-repeat !important;background-size: cover !important;}&#8220;][vc_row equal_height=&#8220;yes&#8220; content_placement=&#8220;middle&#8220;][vc_column width=&#8220;2\/3&#8243;][vc_single_image image=&#8220;319286&#8243; si_max_width=&#8220;480px&#8220; css=&#8220;.vc_custom_1559764455812{margin-bottom: 1em !important;}&#8220;][vc_column_text] Entdecken Sie die erfreulich einfache M\u00f6glichkeit, Ihren Kunden das zu bieten, was am wichtigsten ist [\/vc_column_text][\/vc_column][vc_column width=&#8220;1\/3&#8243;][\/vc_column][\/vc_row][\/vc_section][vc_section full_width=&#8220;stretch_row&#8220; el_class=&#8220;cta-bar&#8220; css=&#8220;.vc_custom_1522458207688{padding-top: 0px !important;padding-bottom: 0px !important;}&#8220;][vc_row full_width=&#8220;stretch_row&#8220; css=&#8220;.vc_custom_1522458201976{padding-top: 0px !important;padding-bottom: 0px !important;}&#8220;][vc_column][\/vc_column][\/vc_row][\/vc_section][vc_section full_width=&#8220;stretch_row&#8220;][vc_row][vc_column][vc_column_text] Eine Plattform f\u00fcr vernetztere, [&hellip;]<\/p>\n","protected":false},"author":1,"featured_media":150915,"parent":87299,"menu_order":0,"comment_status":"closed","ping_status":"closed","template":"","meta":{"_acf_changed":false,"footnotes":""},"class_list":["post-157566","page","type-page","status-publish","has-post-thumbnail","hentry"],"acf":[],"_links":{"self":[{"href":"https:\/\/www.genesys.com\/de-de\/wp-json\/wp\/v2\/pages\/157566","targetHints":{"allow":["GET"]}}],"collection":[{"href":"https:\/\/www.genesys.com\/de-de\/wp-json\/wp\/v2\/pages"}],"about":[{"href":"https:\/\/www.genesys.com\/de-de\/wp-json\/wp\/v2\/types\/page"}],"author":[{"embeddable":true,"href":"https:\/\/www.genesys.com\/de-de\/wp-json\/wp\/v2\/users\/1"}],"replies":[{"embeddable":true,"href":"https:\/\/www.genesys.com\/de-de\/wp-json\/wp\/v2\/comments?post=157566"}],"version-history":[{"count":5,"href":"https:\/\/www.genesys.com\/de-de\/wp-json\/wp\/v2\/pages\/157566\/revisions"}],"predecessor-version":[{"id":353395,"href":"https:\/\/www.genesys.com\/de-de\/wp-json\/wp\/v2\/pages\/157566\/revisions\/353395"}],"up":[{"embeddable":true,"href":"https:\/\/www.genesys.com\/de-de\/wp-json\/wp\/v2\/pages\/87299"}],"wp:featuredmedia":[{"embeddable":true,"href":"https:\/\/www.genesys.com\/de-de\/wp-json\/wp\/v2\/media\/150915"}],"wp:attachment":[{"href":"https:\/\/www.genesys.com\/de-de\/wp-json\/wp\/v2\/media?parent=157566"}],"curies":[{"name":"wp","href":"https:\/\/api.w.org\/{rel}","templated":true}]}}