{"id":157560,"date":"2019-07-10T09:47:26","date_gmt":"2019-07-10T16:47:26","guid":{"rendered":"https:\/\/www.genesys.com\/?page_id=157560"},"modified":"2021-07-21T09:23:21","modified_gmt":"2021-07-21T16:23:21","slug":"new-innovations","status":"publish","type":"page","link":"https:\/\/www.genesys.com\/de-de\/platform\/new-innovations","title":{"rendered":"Saisonale Innovationen"},"content":{"rendered":"<div class=\"wpb-content-wrapper\"><p>[vc_section g_section_text=&#8220;white&#8220; full_width=&#8220;stretch_row&#8220; content_placement=&#8220;middle&#8220; el_class=&#8220;section_header&#8220;][vc_row content_placement=&#8220;middle&#8220;][vc_column]<div class=\"section-header   format-header-a has-title has-sub_title has-cta has-imagebg\" data-swidth=\"stretch\" data-bgimg=\"https:\/\/www.genesys.com\/media\/LP-holding.png\" data-bg-posx=\"center\" data-bg-posy=\"center\" data-text-theme=\"theme-dark\"><div class=\"text-col\"><h1>Bleiben Sie auf dem Laufenden \u00fcber Genesys-Innovationen<\/h1><p>Wir leiten eine neue \u00c4ra der Technologie ein, um die besten Kundenerfahrungen der Welt zu erm\u00f6glichen. Schlie\u00dfen Sie Sich uns an.<\/p><div class=\"content-container\"><\/div><div class=\"cta-btn \"><a href=\"\/de-de\/platform\/new-innovations\/winter-innovations-2020\" target=\"\" rel=\"\">Neuerungen 2021<\/a><\/div><\/div><\/div>[\/vc_column][\/vc_row][\/vc_section][vc_section css=&#8220;.vc_custom_1540403377154{padding-top: 0px !important;padding-bottom: 0px !important;}&#8220;][vc_row][vc_column][\/vc_column][\/vc_row][vc_row][vc_column]<div class=\"section-content\" data-swidth=\"stretch\" data-bg-posx=\"center\" data-bg-posy=\"center\" data-text-theme=\"theme-light\"><div class=\"text-col\"><div class=\"content-container\"><div class=\"section-item format-content-d has-title has-sub_title\" ><div class=\"text-col\"><h2>Erhalten Sie aktuelle Informationen zu den neuesten Innovationen<\/h2><p>Willkommen zu einer neuen und einfacheren Art, auf dem Laufenden zu bleiben. Unsere saisonalen Markteinf\u00fchrungen zeigen die Neuheiten der Genesys-L\u00f6sungen. Jede Markteinf\u00fchrung hebt die besten Neuerungen bei unseren Produkten, Strategien und Visionen hervor. Au\u00dferdem erhalten Sie einen kleinen Einblick in bevorstehende Innovationen, sodass Sie wissen, worauf Sie sich in K\u00fcrze freuen k\u00f6nnen.<\/p><\/div><\/div>\n<\/div><\/div><\/div>[\/vc_column][\/vc_row][\/vc_section][vc_section full_width=&#8220;stretch_row&#8220; css=&#8220;.vc_custom_1540496974364{background-color: #f7f7f7 !important;}&#8220;][vc_row][vc_column]<div class=\"section-content\" data-swidth=\"stretch\" data-bg-posx=\"center\" data-bg-posy=\"center\" data-text-theme=\"theme-light\"><div class=\"text-col\"><div class=\"content-container\"><div class=\"section-item format-content-a1 has-title has-sub_title has-cta has-image\" ><div class=\"text-col\"><h2>Lassen Sie sich von unseren Innovations begeistern<\/h2><p>Lassen Sie nicht zu, dass Ihre CX stagniert. Erfahren Sie das Neueste aus den Bereichen KI, Apps, digitale Erlebnisse und Mitarbeiterbef\u00e4higung \u2013 und das alles \u00fcber die Cloud.<\/p><a class=\"btn btn-primary pl-2 pr-2 rounded-pill\" href=\"\/de-de\/platform\/new-innovations\/winter-innovations-2020\" target=\"\" rel=\"\">Zu den Neuerungen<\/a><\/div><div class=\"media-col image-square type-image\"><img decoding=\"async\" width=\"128\" height=\"128\" src=\"https:\/\/www.genesys.com\/media\/GCAP-loading-icon.gif\" alt=\"video thumbnail\" \/><\/div><\/div>\n<\/div><\/div><\/div>[\/vc_column][\/vc_row][\/vc_section][vc_section][vc_row][vc_column][vc_column_text]<\/p>\n<h3 style=\"text-align: center;\">Entdecken Sie unsere bisherigen Marktver\u00f6ffentlichungen<\/h3>\n<p>[\/vc_column_text][vc_row_inner equal_height=&#8220;yes&#8220; gap=&#8220;20&#8243;][vc_column_inner width=&#8220;1\/6&#8243;][\/vc_column_inner][vc_column_inner width=&#8220;1\/3&#8243;]<div class=\"gicon-container\" style=\"text-align:center;\"><\/div>[vc_column_text]<\/p>\n<h4 style=\"text-align: center;\">Innovationen f\u00fcr den Sommer<\/h4>\n<p style=\"text-align: center;\">Erfahren Sie, wie Echtzeit-Daten zur Kundenbindung, Innovationsgeschwindigkeit und einfache Nutzung gro\u00dfe Ergebnisse liefern<\/p>\n<p>[\/vc_column_text]<div class=\"btn-container justify-content-center \"><a class=\"btn small btn-primary\" href=\"https:\/\/www.genesys.com\/de-de\/platform\/new-innovations\/summer-innovations-2019\" target=\"\" style=\"width:auto;\" rel=\"\" >Weitere Informationen<\/a><\/div>[\/vc_column_inner][vc_column_inner width=&#8220;1\/3&#8243;]<div class=\"gicon-container\" style=\"text-align:center;\"><\/div>[vc_column_text]<\/p>\n<h4 style=\"text-align: center;\">Innovationen f\u00fcr den Winter<\/h4>\n<p style=\"text-align: center;\">Automation@Work geht \u00fcber die Mitarbeiteroptimierung hinaus, um KI-basierte Gesch\u00e4ftsergebnisse zu erzielen<\/p>\n<p>[\/vc_column_text]<div class=\"btn-container justify-content-center \"><a class=\"btn small btn-primary\" href=\"https:\/\/www.genesys.com\/platform\/new-innovations\/winter-innovations-2018\" target=\"\" style=\"width:auto;\" rel=\"\" >Weitere Informationen<\/a><\/div>[\/vc_column_inner][vc_column_inner width=&#8220;1\/6&#8243;][\/vc_column_inner][\/vc_row_inner][\/vc_column][\/vc_row][\/vc_section]<\/p>\n<\/div>","protected":false},"excerpt":{"rendered":"<p>[vc_section g_section_text=&#8220;white&#8220; full_width=&#8220;stretch_row&#8220; content_placement=&#8220;middle&#8220; el_class=&#8220;section_header&#8220;][vc_row content_placement=&#8220;middle&#8220;][vc_column][\/vc_column][\/vc_row][\/vc_section][vc_section css=&#8220;.vc_custom_1540403377154{padding-top: 0px !important;padding-bottom: 0px !important;}&#8220;][vc_row][vc_column][\/vc_column][\/vc_row][vc_row][vc_column][\/vc_column][\/vc_row][\/vc_section][vc_section full_width=&#8220;stretch_row&#8220; css=&#8220;.vc_custom_1540496974364{background-color: #f7f7f7 !important;}&#8220;][vc_row][vc_column][\/vc_column][\/vc_row][\/vc_section][vc_section][vc_row][vc_column][vc_column_text] Entdecken Sie unsere bisherigen Marktver\u00f6ffentlichungen [\/vc_column_text][vc_row_inner equal_height=&#8220;yes&#8220; gap=&#8220;20&#8243;][vc_column_inner width=&#8220;1\/6&#8243;][\/vc_column_inner][vc_column_inner width=&#8220;1\/3&#8243;][vc_column_text] Innovationen f\u00fcr den Sommer Erfahren Sie, wie Echtzeit-Daten zur Kundenbindung, Innovationsgeschwindigkeit und einfache Nutzung gro\u00dfe Ergebnisse liefern [\/vc_column_text][\/vc_column_inner][vc_column_inner width=&#8220;1\/3&#8243;][vc_column_text] Innovationen f\u00fcr den Winter Automation@Work geht \u00fcber die Mitarbeiteroptimierung hinaus, um [&hellip;]<\/p>\n","protected":false},"author":13,"featured_media":0,"parent":87299,"menu_order":0,"comment_status":"closed","ping_status":"closed","template":"","meta":{"_acf_changed":false,"footnotes":""},"class_list":["post-157560","page","type-page","status-publish","hentry"],"acf":[],"_links":{"self":[{"href":"https:\/\/www.genesys.com\/de-de\/wp-json\/wp\/v2\/pages\/157560","targetHints":{"allow":["GET"]}}],"collection":[{"href":"https:\/\/www.genesys.com\/de-de\/wp-json\/wp\/v2\/pages"}],"about":[{"href":"https:\/\/www.genesys.com\/de-de\/wp-json\/wp\/v2\/types\/page"}],"author":[{"embeddable":true,"href":"https:\/\/www.genesys.com\/de-de\/wp-json\/wp\/v2\/users\/13"}],"replies":[{"embeddable":true,"href":"https:\/\/www.genesys.com\/de-de\/wp-json\/wp\/v2\/comments?post=157560"}],"version-history":[{"count":5,"href":"https:\/\/www.genesys.com\/de-de\/wp-json\/wp\/v2\/pages\/157560\/revisions"}],"predecessor-version":[{"id":390082,"href":"https:\/\/www.genesys.com\/de-de\/wp-json\/wp\/v2\/pages\/157560\/revisions\/390082"}],"up":[{"embeddable":true,"href":"https:\/\/www.genesys.com\/de-de\/wp-json\/wp\/v2\/pages\/87299"}],"wp:attachment":[{"href":"https:\/\/www.genesys.com\/de-de\/wp-json\/wp\/v2\/media?parent=157560"}],"curies":[{"name":"wp","href":"https:\/\/api.w.org\/{rel}","templated":true}]}}