{"id":108897,"date":"2018-11-15T08:06:15","date_gmt":"2018-11-15T16:06:15","guid":{"rendered":"https:\/\/www.genesys.com\/?page_id=108897"},"modified":"2022-07-19T01:28:37","modified_gmt":"2022-07-19T08:28:37","slug":"wettbewerbsbedingungen-cx-heroes","status":"publish","type":"page","link":"https:\/\/www.genesys.com\/de-de\/wettbewerbsbedingungen-cx-heroes","title":{"rendered":"Wettbewerbsbedingungen CX Heroes"},"content":{"rendered":"<div class=\"wpb-content-wrapper\"><p>[vc_row][vc_column][vc_column_text]<\/p>\n<h1>Wettbewerbsbedingungen f\u00fcr CX Heroes<\/h1>\n<p>Diese Wettbewerbsbedingungen f\u00fcr CX Heroes (\u201eBedingungen\u201c) werden zwischen Ihnen und der Genesys Telecommunications Laboratories, Inc. (\u201eGenesys\u201c) vereinbart. Ihre Rolle als Vertragspartei dieser Bedingungen ist entweder die eines Einsenders\/einer Einsenderin einer Eingabe (ein\/e \u201eEinsender\/in\u201c), die eines Berechtigten\/einer Berechtigten eines Gewinns (ein\/e \u201eBerechtigte\/r\u201c) oder beides. Indem Sie auf \u201eIch akzeptiere\u201c klicken oder Ihre Eingabe f\u00fcr den Wettbewerb entsprechend den hierin gemachten Angaben anderweitig einreichen, erkl\u00e4ren Sie sich mit diesen Bedingungen einverstanden.<\/p>\n<p>&nbsp;<\/p>\n<ol>\n<li><strong>\u00dcberblick.<\/strong><br \/>\nAb November 2018 w\u00e4hlt Genesys Preistr\u00e4ger aus einem Pool der Berechtigten aufgrund au\u00dfergew\u00f6hnlicher Leistungen aus, die von Einsendern eingereicht worden sind (gem\u00e4\u00df den Anforderungen f\u00fcr eine Berechtigung\u00a0unter Punkt 2). Genesys nimmt ab 05. November 2018 Eingaben an. Der Wettbewerb l\u00e4uft kontinuierlich weiter und es werden solange regelm\u00e4\u00dfig Preistr\u00e4ger ausgew\u00e4hlt, bis Genesys diesen beendet, wobei der Zeitpunkt der Beendigung im alleinigen Ermessen von Genesys liegt.<\/li>\n<li><strong>Berechtigung.<\/strong><br \/>\nEs k\u00f6nnen s\u00e4mtliche Mitarbeiter, Partner, Kunden oder sonstiges Personal Eingaben f\u00fcr diesen CX-Heroes-Wettbewerb (der \u201eWettbewerb\u201c) machen, wenn der Einsender\/die Einsenderin zum Datum der Eingabe mindestens das 18. Lebensjahr vollendet hat. Jede Person, die mindestens 18 Jahre alt ist und ein\/e Berechtigte\/r ist, kann Preistr\u00e4ger sein.<\/li>\n<li><strong>Vertraulichkeit und \u00d6ffentlichkeit.<\/strong><br \/>\nDurch die Teilnahme erteilen Einsender und Berechtigte Genesys die Erlaubnis, ihren Namen, ihr Foto, ihre Kommentare oder Geschichten zum Zwecke der \u00d6ffentlichkeitsarbeit zu verwenden, ohne dass die Zahlung einer zus\u00e4tzlichen Gegenleistung erfolgt, au\u00dfer dort, wo dies gesetzlich verboten ist. Eine solche Ver\u00f6ffentlichung kann insbesondere die Ver\u00f6ffentlichung von Geschichten auf \u00f6ffentlichen Internetseiten oder in \u00f6ffentlichen Newslettern sein. EINSENDER UND BERECHTIGTE ERKL\u00c4REN, DASS EINGABEN KEINE INFORMATIONEN ENTHALTEN, DIE BEZ\u00dcGLICH DES EINSENDERS, BERECHTIGTEN ODER EINER ANDEREN PARTEI ALS VERTRAULICHE INFORMATIONEN GELTEN. Einsender erkl\u00e4ren weiterhin, dass alle in einer Eingabe gemachten Angaben der Wahrheit entsprechen und richtig sind. Genesys kann Eingaben ablehnen, wenn diese Eingaben im alleinigen Ermessen von Genesys vertrauliche Informationen enthalten. Der Wettbewerb unterliegt allen geltenden bundes-, einzelstaatlichen und \u00f6rtlichen Gesetzen und Vorschriften und Einsender und Berechtigte erkl\u00e4ren, dass die Eingaben keine Informationen enthalten, die die geltenden Gesetze verletzen.<\/li>\n<li><strong>Sponsoring.<\/strong><br \/>\nSponsor des Wettbewerbs ist Genesys mit Sitz in Deutschland, Joseph-Wild-Stra\u00dfe 20, 81829 M\u00fcnchen. Genesys und seine Mitarbeiter und sonstige Bevollm\u00e4chtigte sind f\u00fcr die Auswahl der Preistr\u00e4ger verantwortlich, welche im alleinigen Ermessen von Genesys liegt. Genesys wird den Wettbewerb im Wesentlichen so durchf\u00fchren, wie dies in diesen Bedingungen beschrieben ist. Genesys haftet jedoch unter keinen Umst\u00e4nden f\u00fcr eine Entscheidung, eine Eingabe als Preistr\u00e4ger\/in auszuw\u00e4hlen oder auch nicht.<\/li>\n<li><strong>Eingaben.<\/strong><br \/>\nW\u00e4hrend der Einreichefrist gehen Sie auf die Seite \u201eCX Heroes\u201c auf den Internetseiten von Genesys und befolgen die Anweisungen, wie das Einreicheformular f\u00fcr den CX-Heroes-Wettbewerb elektronisch auszuf\u00fcllen und einzureichen ist. Sie werden um die Angabe Ihrer wesentlichen Kontaktdaten gebeten, unter anderem Ihren Namen, die E-Mail-Adresse, Stra\u00dfe und Hausnummer, Telefonnummer und die Eingabe Ihrer CX-Hero-Geschichte. (HINWEIS: Sie m\u00fcssen alle Pflichtfelder des Einreicheformulars ausf\u00fcllen, und zwar mit den Daten, die zum Zeitpunkt der Ziehung g\u00fcltig sind, um berechtigt zu sein). Alle Eingaben gehen in das Eigentum von Genesys \u00fcber und werden weder best\u00e4tigt noch zur\u00fcckgesandt.<\/li>\n<li><strong>Beschr\u00e4nkungen f\u00fcr Eingaben.<\/strong><br \/>\nEinsender k\u00f6nnen eine unbegrenzte Anzahl von Eingaben f\u00fcr eine unbegrenzte Zahl von Berechtigten machen; jedoch unter der Voraussetzung, dass bei mehrfachen Eingaben f\u00fcr eine\/n einzige\/n Berechtigte\/n, diese Eingaben nicht dieselbe oder im Wesentlichen \u00e4hnliche Leistung eines Berechtigten\/einer Berechtigten beschreiben. Genesys beh\u00e4lt sich das Recht vor, alle Eingaben, die vorherigen Eingaben im Wesentlichen \u00e4hneln, im alleinigen Ermessen abzulehnen.<\/li>\n<li><strong>Gewinne.<\/strong><br \/>\nGenesys verleiht die Gewinne an eine\/n oder mehrere Berechtigte gem\u00e4\u00df der von Genesys gew\u00e4hlten Methode, die auf der Leistung der\/s Berechtigten basiert, die in der Eingabe beschrieben ist. Auf der Registrierungsseite f\u00fcr den Wettbewerb ist\/sind der\/die Gewinn(e) angegeben, der gesch\u00e4tzte Verkaufspreis, wie Eingaben gemacht werden und wann der Wettbewerb beginnt und endet. Gewinne sind nicht \u00fcbertragbar und ein Ersatz oder Gegenwert in bar ist nicht zul\u00e4ssig. Der Preistr\u00e4ger\/die Preistr\u00e4gerin ist gegebenenfalls f\u00fcr die Zahlung von bundes-, einzelstaatlichen oder \u00f6rtlichen Steuern verantwortlich. Gewinne werden \u201ewie gesehen\u201c vergeben. Genesys \u00fcbernimmt keine Gew\u00e4hrleistung oder Garantie ausdr\u00fccklicher oder gesetzlicher Art. Wenn in der Beschreibung des Gewinns nichts anderes angegeben ist, werden alle Kosten, die aufgrund oder in Verbindung mit dem Gewinn entstehen (z. B. Reisekosten), vom Preistr\u00e4ger\/von der Preistr\u00e4gerin getragen. Die Auswahl des Preistr\u00e4gers ist endg\u00fcltig, wenn von Genesys nichts anderes vereinbart ist. Im Falle der Auswahl benachrichtigt Genesys den Berechtigten\/die Berechtigte innerhalb von 72 Stunden ab Auswahl, um diesen Berechtigten\/diese Berechtigte \u00fcber den Gewinn zu benachrichtigen und Details zum Gewinn anzugeben. Wenn Genesys eine\/n Preistr\u00e4ger\/in nicht innerhalb dieses Zeitraums von 72 Stunden per E-Mail erreichen kann, dann kann dies zur Disqualifizierung des Preistr\u00e4gers\/der Preistr\u00e4gerin f\u00fchren und es kann ein\/e andere\/r Preistr\u00e4ger\/in ausgew\u00e4hlt werden.<\/li>\n<li><strong>Keine Haftung.<\/strong><br \/>\nEINSENDER UND BERECHTIGTE BEST\u00c4TIGEN, AUF EIGENES RISIKO AM WETTBEWERB TEILZUNEHMEN. SOWEIT DIES GESETZLICH ZUL\u00c4SSIG IST, HAFTET GENESYS UNTER KEINEN UMST\u00c4NDEN F\u00dcR ETWAIGE SCH\u00c4DEN, ANSPR\u00dcCHE ODER KLAGEN AUF GRUNDLAGE DIESER BEDINGUNGEN ODER DES WETTBEWERBS. WENN EINE SOLCHE EINSCHR\u00c4NKUNG NACH GELTENDEM GESETZ NICHT ZUL\u00c4SSIG IST, BESCHR\u00c4NKT SICH DIE HAFTUNG VON GENESYS AUF DEN GESETZLICH ZUL\u00c4SSIGEN MINDESTBETRAG.<\/li>\n<\/ol>\n<p>[\/vc_column_text][\/vc_column][\/vc_row]<\/p>\n<\/div>","protected":false},"excerpt":{"rendered":"<p>[vc_row][vc_column][vc_column_text] Wettbewerbsbedingungen f\u00fcr CX Heroes Diese Wettbewerbsbedingungen f\u00fcr CX Heroes (\u201eBedingungen\u201c) werden zwischen Ihnen und der Genesys Telecommunications Laboratories, Inc. (\u201eGenesys\u201c) vereinbart. Ihre Rolle als Vertragspartei dieser Bedingungen ist entweder die eines Einsenders\/einer Einsenderin einer Eingabe (ein\/e \u201eEinsender\/in\u201c), die eines Berechtigten\/einer Berechtigten eines Gewinns (ein\/e \u201eBerechtigte\/r\u201c) oder beides. Indem Sie auf \u201eIch akzeptiere\u201c klicken oder [&hellip;]<\/p>\n","protected":false},"author":47,"featured_media":0,"parent":0,"menu_order":0,"comment_status":"closed","ping_status":"closed","template":"","meta":{"_acf_changed":false,"footnotes":""},"class_list":["post-108897","page","type-page","status-publish","hentry"],"acf":[],"_links":{"self":[{"href":"https:\/\/www.genesys.com\/de-de\/wp-json\/wp\/v2\/pages\/108897","targetHints":{"allow":["GET"]}}],"collection":[{"href":"https:\/\/www.genesys.com\/de-de\/wp-json\/wp\/v2\/pages"}],"about":[{"href":"https:\/\/www.genesys.com\/de-de\/wp-json\/wp\/v2\/types\/page"}],"author":[{"embeddable":true,"href":"https:\/\/www.genesys.com\/de-de\/wp-json\/wp\/v2\/users\/47"}],"replies":[{"embeddable":true,"href":"https:\/\/www.genesys.com\/de-de\/wp-json\/wp\/v2\/comments?post=108897"}],"version-history":[{"count":5,"href":"https:\/\/www.genesys.com\/de-de\/wp-json\/wp\/v2\/pages\/108897\/revisions"}],"predecessor-version":[{"id":440823,"href":"https:\/\/www.genesys.com\/de-de\/wp-json\/wp\/v2\/pages\/108897\/revisions\/440823"}],"wp:attachment":[{"href":"https:\/\/www.genesys.com\/de-de\/wp-json\/wp\/v2\/media?parent=108897"}],"curies":[{"name":"wp","href":"https:\/\/api.w.org\/{rel}","templated":true}]}}